{"id":11348,"date":"2015-11-22T23:24:11","date_gmt":"2015-11-22T22:24:11","guid":{"rendered":"https:\/\/promech-mc.com\/developpement-de-la-conception-finale\/"},"modified":"2023-04-27T16:02:19","modified_gmt":"2023-04-27T14:02:19","slug":"developpement-de-la-conception-finale","status":"publish","type":"page","link":"https:\/\/promech-mc.com\/fr\/developpement-de-la-conception-finale\/","title":{"rendered":"D\u00c9VELOPPEMENT DE LA CONCEPTION FINALE"},"content":{"rendered":"\n<style type=\"text\/css\" data-created_by=\"avia_inline_auto\" id=\"style-css-av-ta6si-0ad9f6171b129b3e8f1d4750e8706174\">\n.flex_column.av-ta6si-0ad9f6171b129b3e8f1d4750e8706174{\n-webkit-border-radius:0px 0px 0px 0px;\n-moz-border-radius:0px 0px 0px 0px;\nborder-radius:0px 0px 0px 0px;\npadding:0px 0px 0px 0px;\n}\n<\/style>\n<div class='flex_column av-ta6si-0ad9f6171b129b3e8f1d4750e8706174 av_one_full  avia-builder-el-0  avia-builder-el-no-sibling  first flex_column_div av-zero-column-padding '     ><p>\n<style type=\"text\/css\" data-created_by=\"avia_inline_auto\" id=\"style-css-av-5wgerm-f84cfc8914c59adc9572a3e0f58a6486\">\n#top .av-special-heading.av-5wgerm-f84cfc8914c59adc9572a3e0f58a6486{\npadding-bottom:10px;\n}\nbody .av-special-heading.av-5wgerm-f84cfc8914c59adc9572a3e0f58a6486 .av-special-heading-tag .heading-char{\nfont-size:25px;\n}\n.av-special-heading.av-5wgerm-f84cfc8914c59adc9572a3e0f58a6486 .av-subheading{\nfont-size:15px;\n}\n<\/style>\n<div  class='av-special-heading av-5wgerm-f84cfc8914c59adc9572a3e0f58a6486 av-special-heading-h1  avia-builder-el-1  el_before_av_textblock  avia-builder-el-first '><h1 class='av-special-heading-tag'  itemprop=\"headline\"  >D\u00c9VELOPPEMENT DE LA CONCEPTION FINALE<\/h1><div class=\"special-heading-border\"><div class=\"special-heading-inner-border\"><\/div><\/div><\/div><br \/>\n<section  class='av_textblock_section av-4phk1e-23fa4f7db539d7e35fb7b6b53c034475'  itemscope=\"itemscope\" itemtype=\"https:\/\/schema.org\/CreativeWork\" ><div class='avia_textblock'  itemprop=\"text\" ><p><strong>L&#8217;\u00e9laboration de la conception finale<\/strong> est une <strong>phase cruciale<\/strong> au cours de laquelle la conception pr\u00e9liminaire est approfondie et d\u00e9taill\u00e9e jusqu&#8217;\u00e0 ce qu&#8217;elle devienne une conception compl\u00e8te qui peut \u00eatre <strong>utilis\u00e9e lors de la construction<\/strong> de la machine ou de l&#8217;usine. La conception m\u00e9canique d&#8217;installations et de machines exige une grande <strong>attention aux d\u00e9tails et une connaissance approfondie des processus de production et de l&#8217;automatisation<\/strong> industrielle.<\/p>\n<p>Au cours de l&#8217;\u00e9laboration du projet final, <strong>toutes les sp\u00e9cifications techniques et fonctionnelles sont d\u00e9finies et tous les composants sont pris en compte dans le projet.<\/strong> Cette phase exige un niveau \u00e9lev\u00e9 de pr\u00e9cision et d&#8217;attention aux d\u00e9tails afin de garantir <strong>une performance et une fiabilit\u00e9 maximales<\/strong> de la machine ou de l&#8217;installation.<\/p>\n<p>Il est important de souligner que l&#8217;\u00e9laboration de l&#8217;avant-projet d\u00e9finitif chevauche souvent la phase pr\u00e9c\u00e9dente, car une meilleure d\u00e9finition de l&#8217;avant-projet permet <strong>d&#8217;acc\u00e9l\u00e9rer l&#8217;ach\u00e8vement de l&#8217;avant-projet d\u00e9finitif.<\/strong> En outre, le processus de d\u00e9veloppement de la conception finale est continu et peut \u00eatre modifi\u00e9 en fonction des besoins de l&#8217;entreprise, des clients ou des processus de production.<\/p>\n<p>La conception m\u00e9canique d&#8217;installations et de machines est un processus complexe qui n\u00e9cessite une <strong>connaissance approfondie des processus, des technologies et des syst\u00e8mes.<\/strong> La phase de d\u00e9veloppement de la conception finale est cruciale pour garantir <strong>une efficacit\u00e9 et une fiabilit\u00e9 maximales de la machine ou de l&#8217;usine.<\/strong><\/p>\n<\/div><\/section><br \/>\n\n<style type=\"text\/css\" data-created_by=\"avia_inline_auto\" id=\"style-css-av-2p3gle-daa05981586455a91a164aa0c99c36c3\">\n#top .avia-gallery.av-2p3gle-daa05981586455a91a164aa0c99c36c3 .avia-gallery-thumb a{\nwidth:33.3333%;\n}\n<\/style>\n<div  class='avia-gallery av-2p3gle-daa05981586455a91a164aa0c99c36c3 avia_animate_when_visible  avia-builder-el-3  el_after_av_textblock  el_before_av_button  avia_lazyload avia-gallery-animate avia-gallery-1'  itemprop=\"image\" itemscope=\"itemscope\" itemtype=\"https:\/\/schema.org\/ImageObject\" ><meta itemprop=\"contentURL\" content=\"https:\/\/promech-mc.com\/fr\/developpement-de-la-conception-finale\/\"><div class='avia-gallery-thumb'><a href=\"https:\/\/promech-mc.com\/wp-content\/uploads\/2015\/11\/progetto_definitivo_1-1030x697.jpg\" data-srcset=\"https:\/\/promech-mc.com\/wp-content\/uploads\/2015\/11\/progetto_definitivo_1-1030x697.jpg 1030w, https:\/\/promech-mc.com\/wp-content\/uploads\/2015\/11\/progetto_definitivo_1-300x203.jpg 300w, https:\/\/promech-mc.com\/wp-content\/uploads\/2015\/11\/progetto_definitivo_1-705x477.jpg 705w, https:\/\/promech-mc.com\/wp-content\/uploads\/2015\/11\/progetto_definitivo_1-450x305.jpg 450w, https:\/\/promech-mc.com\/wp-content\/uploads\/2015\/11\/progetto_definitivo_1.jpg 1050w\" data-sizes=\"(max-width: 1030px) 100vw, 1030px\" data-rel='gallery-1' data-prev-img='https:\/\/promech-mc.com\/wp-content\/uploads\/2015\/11\/progetto_definitivo_1-495x400.jpg' class='first_thumb lightbox ' data-onclick='1' title='progetto_definitivo_1'  itemprop=\"thumbnailUrl\"  ><img loading=\"lazy\" decoding=\"async\" class=\"wp-image-10791 avia-img-lazy-loading-10791\"   src=\"https:\/\/promech-mc.com\/wp-content\/uploads\/2015\/11\/progetto_definitivo_1-495x400.jpg\" width=\"495\" height=\"400\"  title='progetto_definitivo_1' alt='progettazione macchinari e impianti1' srcset=\"https:\/\/promech-mc.com\/wp-content\/uploads\/2015\/11\/progetto_definitivo_1-495x400.jpg 495w, https:\/\/promech-mc.com\/wp-content\/uploads\/2015\/11\/progetto_definitivo_1-845x684.jpg 845w\" sizes=\"auto, (max-width: 495px) 100vw, 495px\" \/><div class='big-prev-fake'><img loading=\"lazy\" decoding=\"async\" class=\"wp-image-10791 avia-img-lazy-loading-10791\"  width=\"495\" height=\"400\" src=\"https:\/\/promech-mc.com\/wp-content\/uploads\/2015\/11\/progetto_definitivo_1-495x400.jpg\" title='progetto_definitivo_1' alt='progettazione macchinari e impianti1' srcset=\"https:\/\/promech-mc.com\/wp-content\/uploads\/2015\/11\/progetto_definitivo_1-495x400.jpg 495w, https:\/\/promech-mc.com\/wp-content\/uploads\/2015\/11\/progetto_definitivo_1-845x684.jpg 845w\" sizes=\"auto, (max-width: 495px) 100vw, 495px\" \/><\/div><\/a><a href=\"https:\/\/promech-mc.com\/wp-content\/uploads\/2015\/11\/progetto_definitivo_2-1030x791.jpg\" data-srcset=\"https:\/\/promech-mc.com\/wp-content\/uploads\/2015\/11\/progetto_definitivo_2-1030x791.jpg 1030w, https:\/\/promech-mc.com\/wp-content\/uploads\/2015\/11\/progetto_definitivo_2-300x230.jpg 300w, https:\/\/promech-mc.com\/wp-content\/uploads\/2015\/11\/progetto_definitivo_2-705x542.jpg 705w, https:\/\/promech-mc.com\/wp-content\/uploads\/2015\/11\/progetto_definitivo_2-450x346.jpg 450w, https:\/\/promech-mc.com\/wp-content\/uploads\/2015\/11\/progetto_definitivo_2.jpg 1178w\" data-sizes=\"(max-width: 1030px) 100vw, 1030px\" data-rel='gallery-1' data-prev-img='https:\/\/promech-mc.com\/wp-content\/uploads\/2015\/11\/progetto_definitivo_2-495x400.jpg' class='lightbox ' data-onclick='2' title='progetto_definitivo_2'  itemprop=\"thumbnailUrl\"  ><img loading=\"lazy\" decoding=\"async\" class=\"wp-image-10792 avia-img-lazy-loading-10792\"   src=\"https:\/\/promech-mc.com\/wp-content\/uploads\/2015\/11\/progetto_definitivo_2-495x400.jpg\" width=\"495\" height=\"400\"  title='progetto_definitivo_2' alt='progettazione macchinari e impianti2' srcset=\"https:\/\/promech-mc.com\/wp-content\/uploads\/2015\/11\/progetto_definitivo_2-495x400.jpg 495w, https:\/\/promech-mc.com\/wp-content\/uploads\/2015\/11\/progetto_definitivo_2-845x684.jpg 845w\" sizes=\"auto, (max-width: 495px) 100vw, 495px\" \/><div class='big-prev-fake'><img loading=\"lazy\" decoding=\"async\" class=\"wp-image-10792 avia-img-lazy-loading-10792\"  width=\"495\" height=\"400\" src=\"https:\/\/promech-mc.com\/wp-content\/uploads\/2015\/11\/progetto_definitivo_2-495x400.jpg\" title='progetto_definitivo_2' alt='progettazione macchinari e impianti2' srcset=\"https:\/\/promech-mc.com\/wp-content\/uploads\/2015\/11\/progetto_definitivo_2-495x400.jpg 495w, https:\/\/promech-mc.com\/wp-content\/uploads\/2015\/11\/progetto_definitivo_2-845x684.jpg 845w\" sizes=\"auto, (max-width: 495px) 100vw, 495px\" \/><\/div><\/a><a href=\"https:\/\/promech-mc.com\/wp-content\/uploads\/2015\/11\/progetto_definitivo_3.jpg\" data-srcset=\"https:\/\/promech-mc.com\/wp-content\/uploads\/2015\/11\/progetto_definitivo_3.jpg 617w, https:\/\/promech-mc.com\/wp-content\/uploads\/2015\/11\/progetto_definitivo_3-300x208.jpg 300w, https:\/\/promech-mc.com\/wp-content\/uploads\/2015\/11\/progetto_definitivo_3-450x312.jpg 450w\" data-sizes=\"(max-width: 617px) 100vw, 617px\" data-rel='gallery-1' data-prev-img='https:\/\/promech-mc.com\/wp-content\/uploads\/2015\/11\/progetto_definitivo_3-495x400.jpg' class='lightbox ' data-onclick='3' title='progetto_definitivo_3'  itemprop=\"thumbnailUrl\"  ><img loading=\"lazy\" decoding=\"async\" class=\"wp-image-10793 avia-img-lazy-loading-10793\"   src=\"https:\/\/promech-mc.com\/wp-content\/uploads\/2015\/11\/progetto_definitivo_3-495x400.jpg\" width=\"495\" height=\"400\"  title='progetto_definitivo_3' alt='progettazione macchinari e impianti3' \/><div class='big-prev-fake'><img loading=\"lazy\" decoding=\"async\" class=\"wp-image-10793 avia-img-lazy-loading-10793\"  width=\"495\" height=\"400\" src=\"https:\/\/promech-mc.com\/wp-content\/uploads\/2015\/11\/progetto_definitivo_3-495x400.jpg\" title='progetto_definitivo_3' alt='progettazione macchinari e impianti3' \/><\/div><\/a><\/div><\/div><br \/>\n<div  class='avia-button-wrap av-l59fqigd-05542d446ee644ee2e685bedc77bc71f-wrap avia-button-left  avia-builder-el-4  el_after_av_gallery  el_before_av_button '><a href='https:\/\/promech-mc.com\/fr\/verification-structurelle-avec-lanalyse-fem\/'  class='avia-button av-l59fqigd-05542d446ee644ee2e685bedc77bc71f avia-icon_select-no avia-size-small avia-position-left avia-color-theme-color'  ><span class='avia_iconbox_title' >Pr\u00e9c\u00e9dent<\/span><\/a><\/div><br \/>\n<div  class='avia-button-wrap av-l59frdla-277b4d1dffdf23393a9bfc92a57a7881-wrap avia-button-right  avia-builder-el-5  el_after_av_button  avia-builder-el-last '><a href='https:\/\/promech-mc.com\/fr\/developpement-du-design\/'  class='avia-button av-l59frdla-277b4d1dffdf23393a9bfc92a57a7881 avia-icon_select-no avia-size-small avia-position-right avia-color-theme-color'  ><span class='avia_iconbox_title' >Suivant<\/span><\/a><\/div><\/p><\/div>\n","protected":false},"excerpt":{"rendered":"","protected":false},"author":1,"featured_media":0,"parent":0,"menu_order":0,"comment_status":"closed","ping_status":"closed","template":"","meta":{"footnotes":""},"class_list":["post-11348","page","type-page","status-publish","hentry"],"_links":{"self":[{"href":"https:\/\/promech-mc.com\/fr\/wp-json\/wp\/v2\/pages\/11348","targetHints":{"allow":["GET"]}}],"collection":[{"href":"https:\/\/promech-mc.com\/fr\/wp-json\/wp\/v2\/pages"}],"about":[{"href":"https:\/\/promech-mc.com\/fr\/wp-json\/wp\/v2\/types\/page"}],"author":[{"embeddable":true,"href":"https:\/\/promech-mc.com\/fr\/wp-json\/wp\/v2\/users\/1"}],"replies":[{"embeddable":true,"href":"https:\/\/promech-mc.com\/fr\/wp-json\/wp\/v2\/comments?post=11348"}],"version-history":[{"count":8,"href":"https:\/\/promech-mc.com\/fr\/wp-json\/wp\/v2\/pages\/11348\/revisions"}],"predecessor-version":[{"id":14891,"href":"https:\/\/promech-mc.com\/fr\/wp-json\/wp\/v2\/pages\/11348\/revisions\/14891"}],"wp:attachment":[{"href":"https:\/\/promech-mc.com\/fr\/wp-json\/wp\/v2\/media?parent=11348"}],"curies":[{"name":"wp","href":"https:\/\/api.w.org\/{rel}","templated":true}]}}