{"id":11345,"date":"2015-11-22T23:26:47","date_gmt":"2015-11-22T22:26:47","guid":{"rendered":"https:\/\/promech-mc.com\/developpement-du-design\/"},"modified":"2023-04-27T15:53:17","modified_gmt":"2023-04-27T13:53:17","slug":"developpement-du-design","status":"publish","type":"page","link":"https:\/\/promech-mc.com\/fr\/developpement-du-design\/","title":{"rendered":"D\u00c9VELOPPEMENT DU DESIGN"},"content":{"rendered":"\n<style type=\"text\/css\" data-created_by=\"avia_inline_auto\" id=\"style-css-av-85xd6u-2438bb6b866ffae86024b6be43d135c6\">\n.flex_column.av-85xd6u-2438bb6b866ffae86024b6be43d135c6{\n-webkit-border-radius:0px 0px 0px 0px;\n-moz-border-radius:0px 0px 0px 0px;\nborder-radius:0px 0px 0px 0px;\npadding:0px 0px 0px 0px;\n}\n<\/style>\n<div class='flex_column av-85xd6u-2438bb6b866ffae86024b6be43d135c6 av_one_full  avia-builder-el-0  el_before_av_button  avia-builder-el-first  first flex_column_div av-zero-column-padding '     ><p>\n<style type=\"text\/css\" data-created_by=\"avia_inline_auto\" id=\"style-css-av-5g3f2e-a0beeea5516438e64e5de030f2d44b04\">\n#top .av-special-heading.av-5g3f2e-a0beeea5516438e64e5de030f2d44b04{\npadding-bottom:10px;\n}\nbody .av-special-heading.av-5g3f2e-a0beeea5516438e64e5de030f2d44b04 .av-special-heading-tag .heading-char{\nfont-size:25px;\n}\n.av-special-heading.av-5g3f2e-a0beeea5516438e64e5de030f2d44b04 .av-subheading{\nfont-size:15px;\n}\n<\/style>\n<div  class='av-special-heading av-5g3f2e-a0beeea5516438e64e5de030f2d44b04 av-special-heading-h1  avia-builder-el-1  el_before_av_textblock  avia-builder-el-first '><h1 class='av-special-heading-tag'  itemprop=\"headline\"  >D\u00c9VELOPPEMENT DU DESIGN<\/h1><div class=\"special-heading-border\"><div class=\"special-heading-inner-border\"><\/div><\/div><\/div><br \/>\n<section  class='av_textblock_section av-41bkli-9f02acec8cf0e7ab47f81dcea805b792'  itemscope=\"itemscope\" itemtype=\"https:\/\/schema.org\/CreativeWork\" ><div class='avia_textblock'  itemprop=\"text\" ><p>Le <strong>design industriel<\/strong> est devenu de plus en plus important dans un march\u00e9 concurrentiel et \u00e9largi o\u00f9 les consommateurs recherchent des produits <strong>non seulement fonctionnels mais aussi esth\u00e9tiques.<\/strong> La conception d&#8217;un produit n\u00e9cessite l&#8217;utilisation d&#8217;outils appropri\u00e9s et une approche conforme aux <strong>canons esth\u00e9tiques modernes,<\/strong>de sorte que l&#8217;impact visuel est d\u00e9j\u00e0 \u00e9valu\u00e9 au stade de la conception.<\/p>\n<p><strong>L&#8217;ing\u00e9nieur d&#8217;\u00e9tudes<\/strong> est le professionnel charg\u00e9 de concevoir des produits <strong>fonctionnels, esth\u00e9tiques et r\u00e9pondant aux besoins des consommateurs.<\/strong> Cela n\u00e9cessite une connaissance des technologies et des syst\u00e8mes avanc\u00e9s, mais aussi la capacit\u00e9 de communiquer avec les clients et de collaborer avec d&#8217;autres professionnels, tels que les ing\u00e9nieurs, les artistes et les sp\u00e9cialistes du marketing.<\/p>\n<p>En outre, la conception industrielle est un processus it\u00e9ratif qui n\u00e9cessite une r\u00e9vision et une mise \u00e0 jour constantes en fonction des besoins du march\u00e9 et des nouvelles technologies disponibles. La conception d&#8217;un produit doit tenir compte non seulement de <strong>l&#8217;esth\u00e9tique, mais aussi de la fonctionnalit\u00e9, de la fabrication, du marketing et de la facilit\u00e9 d&#8217;utilisation du produit.<\/strong> Le design industriel vise \u00e0 trouver un <strong>\u00e9quilibre entre l&#8217;esth\u00e9tique et la fonctionnalit\u00e9<\/strong>, en cr\u00e9ant des produits \u00e0 la fois pratiques et attrayants.<\/p>\n<\/div><\/section><br \/>\n\n<style type=\"text\/css\" data-created_by=\"avia_inline_auto\" id=\"style-css-av-2nediu-2eda42e801f64fd07075418407fba185\">\n#top .avia-gallery.av-2nediu-2eda42e801f64fd07075418407fba185 .avia-gallery-thumb a{\nwidth:50%;\n}\n<\/style>\n<div  class='avia-gallery av-2nediu-2eda42e801f64fd07075418407fba185 avia_animate_when_visible  avia-builder-el-3  el_after_av_textblock  avia-builder-el-last  avia_lazyload avia-gallery-animate avia-gallery-1'  itemprop=\"image\" itemscope=\"itemscope\" itemtype=\"https:\/\/schema.org\/ImageObject\" ><meta itemprop=\"contentURL\" content=\"https:\/\/promech-mc.com\/fr\/developpement-du-design\/\"><div class='avia-gallery-thumb'><a href=\"https:\/\/promech-mc.com\/wp-content\/uploads\/2015\/11\/design_1-1030x1020.jpg\" data-srcset=\"https:\/\/promech-mc.com\/wp-content\/uploads\/2015\/11\/design_1-1030x1020.jpg 1030w, https:\/\/promech-mc.com\/wp-content\/uploads\/2015\/11\/design_1-80x80.jpg 80w, https:\/\/promech-mc.com\/wp-content\/uploads\/2015\/11\/design_1-300x297.jpg 300w, https:\/\/promech-mc.com\/wp-content\/uploads\/2015\/11\/design_1-36x36.jpg 36w, https:\/\/promech-mc.com\/wp-content\/uploads\/2015\/11\/design_1-705x698.jpg 705w, https:\/\/promech-mc.com\/wp-content\/uploads\/2015\/11\/design_1-120x120.jpg 120w, https:\/\/promech-mc.com\/wp-content\/uploads\/2015\/11\/design_1-450x446.jpg 450w, https:\/\/promech-mc.com\/wp-content\/uploads\/2015\/11\/design_1.jpg 1083w\" data-sizes=\"(max-width: 1030px) 100vw, 1030px\" data-rel='gallery-1' data-prev-img='https:\/\/promech-mc.com\/wp-content\/uploads\/2015\/11\/design_1-495x400.jpg' class='first_thumb lightbox ' data-onclick='1' title='design_1'  itemprop=\"thumbnailUrl\"  ><img loading=\"lazy\" decoding=\"async\" class=\"wp-image-10794 avia-img-lazy-loading-10794\"   src=\"https:\/\/promech-mc.com\/wp-content\/uploads\/2015\/11\/design_1-495x400.jpg\" width=\"495\" height=\"400\"  title='design_1' alt='design fusore' srcset=\"https:\/\/promech-mc.com\/wp-content\/uploads\/2015\/11\/design_1-495x400.jpg 495w, https:\/\/promech-mc.com\/wp-content\/uploads\/2015\/11\/design_1-845x684.jpg 845w\" sizes=\"auto, (max-width: 495px) 100vw, 495px\" \/><div class='big-prev-fake'><img loading=\"lazy\" decoding=\"async\" class=\"wp-image-10794 avia-img-lazy-loading-10794\"  width=\"495\" height=\"400\" src=\"https:\/\/promech-mc.com\/wp-content\/uploads\/2015\/11\/design_1-495x400.jpg\" title='design_1' alt='design fusore' srcset=\"https:\/\/promech-mc.com\/wp-content\/uploads\/2015\/11\/design_1-495x400.jpg 495w, https:\/\/promech-mc.com\/wp-content\/uploads\/2015\/11\/design_1-845x684.jpg 845w\" sizes=\"auto, (max-width: 495px) 100vw, 495px\" \/><\/div><\/a><a href=\"https:\/\/promech-mc.com\/wp-content\/uploads\/2015\/11\/Immagine.jpg\" data-srcset=\"https:\/\/promech-mc.com\/wp-content\/uploads\/2015\/11\/Immagine.jpg 362w, https:\/\/promech-mc.com\/wp-content\/uploads\/2015\/11\/Immagine-300x265.jpg 300w\" data-sizes=\"(max-width: 362px) 100vw, 362px\" data-rel='gallery-1' data-prev-img='https:\/\/promech-mc.com\/wp-content\/uploads\/2015\/11\/Immagine.jpg' class='lightbox ' data-onclick='2' title='Immagine'  itemprop=\"thumbnailUrl\"  ><img loading=\"lazy\" decoding=\"async\" class=\"wp-image-10795 avia-img-lazy-loading-10795\"   src=\"https:\/\/promech-mc.com\/wp-content\/uploads\/2015\/11\/Immagine.jpg\" width=\"362\" height=\"320\"  title='Immagine' alt='studio design industriale' srcset=\"https:\/\/promech-mc.com\/wp-content\/uploads\/2015\/11\/Immagine.jpg 362w, https:\/\/promech-mc.com\/wp-content\/uploads\/2015\/11\/Immagine-300x265.jpg 300w\" sizes=\"auto, (max-width: 362px) 100vw, 362px\" \/><div class='big-prev-fake'><img loading=\"lazy\" decoding=\"async\" class=\"wp-image-10795 avia-img-lazy-loading-10795\"  width=\"362\" height=\"320\" src=\"https:\/\/promech-mc.com\/wp-content\/uploads\/2015\/11\/Immagine.jpg\" title='Immagine' alt='studio design industriale' srcset=\"https:\/\/promech-mc.com\/wp-content\/uploads\/2015\/11\/Immagine.jpg 362w, https:\/\/promech-mc.com\/wp-content\/uploads\/2015\/11\/Immagine-300x265.jpg 300w\" sizes=\"auto, (max-width: 362px) 100vw, 362px\" \/><\/div><\/a><\/div><\/div><\/p><\/div><div  class='avia-button-wrap av-l59fsdj2-5de5530f5e2dff79513a4c70403ad2e1-wrap avia-button-left  avia-builder-el-4  el_after_av_one_full  el_before_av_button '><a href='https:\/\/promech-mc.com\/fr\/developpement-de-la-conception-finale\/'  class='avia-button av-l59fsdj2-5de5530f5e2dff79513a4c70403ad2e1 avia-icon_select-no avia-size-small avia-position-left avia-color-theme-color'  ><span class='avia_iconbox_title' >Pr\u00e9c\u00e9dent<\/span><\/a><\/div><\/p>\n<div  class='avia-button-wrap av-l59fswkd-d1700d800720f1309bddab91871099e2-wrap avia-button-right  avia-builder-el-5  el_after_av_button  avia-builder-el-last '><a href='https:\/\/promech-mc.com\/fr\/redaction-de-la-documentation-technique\/'  class='avia-button av-l59fswkd-d1700d800720f1309bddab91871099e2 avia-icon_select-no avia-size-small avia-position-right avia-color-theme-color'  ><span class='avia_iconbox_title' >Suivant<\/span><\/a><\/div>\n","protected":false},"excerpt":{"rendered":"","protected":false},"author":1,"featured_media":0,"parent":0,"menu_order":0,"comment_status":"closed","ping_status":"closed","template":"","meta":{"footnotes":""},"class_list":["post-11345","page","type-page","status-publish","hentry"],"_links":{"self":[{"href":"https:\/\/promech-mc.com\/fr\/wp-json\/wp\/v2\/pages\/11345","targetHints":{"allow":["GET"]}}],"collection":[{"href":"https:\/\/promech-mc.com\/fr\/wp-json\/wp\/v2\/pages"}],"about":[{"href":"https:\/\/promech-mc.com\/fr\/wp-json\/wp\/v2\/types\/page"}],"author":[{"embeddable":true,"href":"https:\/\/promech-mc.com\/fr\/wp-json\/wp\/v2\/users\/1"}],"replies":[{"embeddable":true,"href":"https:\/\/promech-mc.com\/fr\/wp-json\/wp\/v2\/comments?post=11345"}],"version-history":[{"count":13,"href":"https:\/\/promech-mc.com\/fr\/wp-json\/wp\/v2\/pages\/11345\/revisions"}],"predecessor-version":[{"id":14885,"href":"https:\/\/promech-mc.com\/fr\/wp-json\/wp\/v2\/pages\/11345\/revisions\/14885"}],"wp:attachment":[{"href":"https:\/\/promech-mc.com\/fr\/wp-json\/wp\/v2\/media?parent=11345"}],"curies":[{"name":"wp","href":"https:\/\/api.w.org\/{rel}","templated":true}]}}