{"id":11342,"date":"2015-11-22T23:29:25","date_gmt":"2015-11-22T22:29:25","guid":{"rendered":"https:\/\/promech-mc.com\/redaction-de-la-documentation-technique\/"},"modified":"2023-04-07T12:06:07","modified_gmt":"2023-04-07T10:06:07","slug":"redaction-de-la-documentation-technique","status":"publish","type":"page","link":"https:\/\/promech-mc.com\/fr\/redaction-de-la-documentation-technique\/","title":{"rendered":"R\u00c9DACTION DE LA DOCUMENTATION TECHNIQUE"},"content":{"rendered":"\n<style type=\"text\/css\" data-created_by=\"avia_inline_auto\" id=\"style-css-av-81oz2y-9a7191cc8b57aa165a2964e75d3f0b3d\">\n.flex_column.av-81oz2y-9a7191cc8b57aa165a2964e75d3f0b3d{\n-webkit-border-radius:0px 0px 0px 0px;\n-moz-border-radius:0px 0px 0px 0px;\nborder-radius:0px 0px 0px 0px;\npadding:0px 0px 0px 0px;\n}\n<\/style>\n<div class='flex_column av-81oz2y-9a7191cc8b57aa165a2964e75d3f0b3d av_one_full  avia-builder-el-0  el_before_av_button  avia-builder-el-first  first flex_column_div av-zero-column-padding '     ><p>\n<style type=\"text\/css\" data-created_by=\"avia_inline_auto\" id=\"style-css-av-j016i-5d49c6f0669dd83b893f86966ea483ff\">\n#top .av-special-heading.av-j016i-5d49c6f0669dd83b893f86966ea483ff{\npadding-bottom:10px;\n}\nbody .av-special-heading.av-j016i-5d49c6f0669dd83b893f86966ea483ff .av-special-heading-tag .heading-char{\nfont-size:25px;\n}\n.av-special-heading.av-j016i-5d49c6f0669dd83b893f86966ea483ff .av-subheading{\nfont-size:15px;\n}\n<\/style>\n<div  class='av-special-heading av-j016i-5d49c6f0669dd83b893f86966ea483ff av-special-heading-h1  avia-builder-el-1  el_before_av_textblock  avia-builder-el-first '><h1 class='av-special-heading-tag'  itemprop=\"headline\"  >R\u00c9DACTION DE LA DOCUMENTATION TECHNIQUE<\/h1><div class=\"special-heading-border\"><div class=\"special-heading-inner-border\"><\/div><\/div><\/div><br \/>\n<section  class='av_textblock_section av-4qma3e-303ba5234497ae8cda99152542c271fb'  itemscope=\"itemscope\" itemtype=\"https:\/\/schema.org\/CreativeWork\" ><div class='avia_textblock'  itemprop=\"text\" ><p><strong>D\u00e9finition des processus de production et de la nomenclature<\/strong><\/p>\n<p>Les op\u00e9rations fondamentales pour la production de tout article manufactur\u00e9, la d\u00e9finition des processus de production et l&#8217;\u00e9laboration des nomenclatures sont plus coh\u00e9rentes si elles sont effectu\u00e9es directement par le concepteur, qui peut conna\u00eetre les aspects particuli\u00e8rement complexes du projet et les relations existant entre les \u00e9l\u00e9ments qui le constituent.<\/p>\n<hr>\n<p><strong>Production de vues \u00e9clat\u00e9es pour les op\u00e9rations de montage et les pi\u00e8ces de rechange<\/strong><\/p>\n<p>Il constitue une phase compl\u00e9mentaire au projet et, s&#8217;il est bien d\u00e9fini, il peut contribuer \u00e0 transmettre plus rapidement le savoir-faire au sein de la structure de l&#8217;entreprise ; c&#8217;est \u00e9galement une aide pr\u00e9cieuse pour la r\u00e9daction des manuels, notamment en ce qui concerne les sections relatives aux pi\u00e8ces d\u00e9tach\u00e9es.<\/p>\n<hr>\n<p><strong>Conseil dans la pr\u00e9paration du dossier technique<\/strong><\/p>\n<p>Le groupe propose ses services de conseil pour la pr\u00e9paration de la documentation n\u00e9cessaire \u00e0 la commercialisation des produits.<br \/>\nConcr\u00e8tement, il cr\u00e9e de toutes pi\u00e8ces des manuels d&#8217;utilisation et de maintenance, int\u00e8gre et met \u00e0 jour les manuels existants, indique les op\u00e9rations \u00e0 effectuer pour s\u00e9curiser les machines et les installations de production, et indique comment cr\u00e9er et appliquer les signaux de danger.<br \/>\nIl fournit \u00e9galement des indications pour la cr\u00e9ation du dossier technique, donne des indications pour la collecte des documents et, si n\u00e9cessaire, \u00e9tablit des analyses de risques et indique o\u00f9 les analyses environnementales et les essais de type peuvent \u00eatre effectu\u00e9s.<\/p>\n<\/div><\/section><br \/>\n\n<style type=\"text\/css\" data-created_by=\"avia_inline_auto\" id=\"style-css-av-1uaa1m-9b3b54c7237857fe844f08b88ffe5162\">\n#top .avia-gallery.av-1uaa1m-9b3b54c7237857fe844f08b88ffe5162 .avia-gallery-thumb a{\nwidth:50%;\n}\n<\/style>\n<div  class='avia-gallery av-1uaa1m-9b3b54c7237857fe844f08b88ffe5162 avia_animate_when_visible  avia-builder-el-3  el_after_av_textblock  avia-builder-el-last  avia_lazyload avia-gallery-animate avia-gallery-1'  itemprop=\"image\" itemscope=\"itemscope\" itemtype=\"https:\/\/schema.org\/ImageObject\" ><meta itemprop=\"contentURL\" content=\"https:\/\/promech-mc.com\/fr\/redaction-de-la-documentation-technique\/\"><div class='avia-gallery-thumb'><a href=\"https:\/\/promech-mc.com\/wp-content\/uploads\/2015\/11\/documentazione_1-1030x669.jpg\" data-srcset=\"https:\/\/promech-mc.com\/wp-content\/uploads\/2015\/11\/documentazione_1-1030x669.jpg 1030w, https:\/\/promech-mc.com\/wp-content\/uploads\/2015\/11\/documentazione_1-300x195.jpg 300w, https:\/\/promech-mc.com\/wp-content\/uploads\/2015\/11\/documentazione_1-705x458.jpg 705w, https:\/\/promech-mc.com\/wp-content\/uploads\/2015\/11\/documentazione_1-450x292.jpg 450w, https:\/\/promech-mc.com\/wp-content\/uploads\/2015\/11\/documentazione_1.jpg 1148w\" data-sizes=\"(max-width: 1030px) 100vw, 1030px\" data-rel='gallery-1' data-prev-img='https:\/\/promech-mc.com\/wp-content\/uploads\/2015\/11\/documentazione_1-495x400.jpg' class='first_thumb lightbox ' data-onclick='1' title='documentazione_1'  itemprop=\"thumbnailUrl\"  ><img loading=\"lazy\" decoding=\"async\" class=\"wp-image-10796 avia-img-lazy-loading-10796\"   src=\"https:\/\/promech-mc.com\/wp-content\/uploads\/2015\/11\/documentazione_1-495x400.jpg\" width=\"495\" height=\"400\"  title='documentazione_1' alt='' srcset=\"https:\/\/promech-mc.com\/wp-content\/uploads\/2015\/11\/documentazione_1-495x400.jpg 495w, https:\/\/promech-mc.com\/wp-content\/uploads\/2015\/11\/documentazione_1-845x684.jpg 845w\" sizes=\"auto, (max-width: 495px) 100vw, 495px\" \/><div class='big-prev-fake'><img loading=\"lazy\" decoding=\"async\" class=\"wp-image-10796 avia-img-lazy-loading-10796\"  width=\"495\" height=\"400\" src=\"https:\/\/promech-mc.com\/wp-content\/uploads\/2015\/11\/documentazione_1-495x400.jpg\" title='documentazione_1' alt='' srcset=\"https:\/\/promech-mc.com\/wp-content\/uploads\/2015\/11\/documentazione_1-495x400.jpg 495w, https:\/\/promech-mc.com\/wp-content\/uploads\/2015\/11\/documentazione_1-845x684.jpg 845w\" sizes=\"auto, (max-width: 495px) 100vw, 495px\" \/><\/div><\/a><\/div><\/div><\/p><\/div><div  class='avia-button-wrap av-l59fumqf-aac7621f0c1000a52a27dc0017ab7282-wrap avia-button-left  avia-builder-el-4  el_after_av_one_full  el_before_av_button '><a href='https:\/\/promech-mc.com\/fr\/developpement-du-design\/'  class='avia-button av-l59fumqf-aac7621f0c1000a52a27dc0017ab7282 avia-icon_select-no avia-size-small avia-position-left avia-color-theme-color'  ><span class='avia_iconbox_title' >Pr\u00e9c\u00e9dent<\/span><\/a><\/div><\/p>\n<div  class='avia-button-wrap av-lfgndwvh-3ec1eb1ba4991456d3819b97ecc222c8-wrap avia-button-right  avia-builder-el-5  el_after_av_button  avia-builder-el-last '><a href='https:\/\/promech-mc.com\/fr\/diagrammes-electriques\/'  class='avia-button av-lfgndwvh-3ec1eb1ba4991456d3819b97ecc222c8 avia-icon_select-no avia-size-small avia-position-right avia-color-theme-color'  ><span class='avia_iconbox_title' >Suivant<\/span><\/a><\/div>\n","protected":false},"excerpt":{"rendered":"","protected":false},"author":1,"featured_media":0,"parent":0,"menu_order":0,"comment_status":"closed","ping_status":"closed","template":"","meta":{"footnotes":""},"class_list":["post-11342","page","type-page","status-publish","hentry"],"_links":{"self":[{"href":"https:\/\/promech-mc.com\/fr\/wp-json\/wp\/v2\/pages\/11342","targetHints":{"allow":["GET"]}}],"collection":[{"href":"https:\/\/promech-mc.com\/fr\/wp-json\/wp\/v2\/pages"}],"about":[{"href":"https:\/\/promech-mc.com\/fr\/wp-json\/wp\/v2\/types\/page"}],"author":[{"embeddable":true,"href":"https:\/\/promech-mc.com\/fr\/wp-json\/wp\/v2\/users\/1"}],"replies":[{"embeddable":true,"href":"https:\/\/promech-mc.com\/fr\/wp-json\/wp\/v2\/comments?post=11342"}],"version-history":[{"count":17,"href":"https:\/\/promech-mc.com\/fr\/wp-json\/wp\/v2\/pages\/11342\/revisions"}],"predecessor-version":[{"id":14657,"href":"https:\/\/promech-mc.com\/fr\/wp-json\/wp\/v2\/pages\/11342\/revisions\/14657"}],"wp:attachment":[{"href":"https:\/\/promech-mc.com\/fr\/wp-json\/wp\/v2\/media?parent=11342"}],"curies":[{"name":"wp","href":"https:\/\/api.w.org\/{rel}","templated":true}]}}