{"id":11339,"date":"2015-08-01T11:29:15","date_gmt":"2015-08-01T09:29:15","guid":{"rendered":"https:\/\/promech-mc.com\/skills\/"},"modified":"2023-04-06T11:24:26","modified_gmt":"2023-04-06T09:24:26","slug":"skills","status":"publish","type":"page","link":"https:\/\/promech-mc.com\/fr\/skills\/","title":{"rendered":"Skills"},"content":{"rendered":"\n<style type=\"text\/css\" data-created_by=\"avia_inline_auto\" id=\"style-css-av-gba1xq-cd4fac83258b89e7fb50c6caeca7359a\">\n#top .av-special-heading.av-gba1xq-cd4fac83258b89e7fb50c6caeca7359a{\npadding-bottom:30px;\n}\nbody .av-special-heading.av-gba1xq-cd4fac83258b89e7fb50c6caeca7359a .av-special-heading-tag .heading-char{\nfont-size:25px;\n}\n.av-special-heading.av-gba1xq-cd4fac83258b89e7fb50c6caeca7359a .av-subheading{\nfont-size:15px;\n}\n<\/style>\n<div  class='av-special-heading av-gba1xq-cd4fac83258b89e7fb50c6caeca7359a av-special-heading-h3  avia-builder-el-0  el_before_av_one_full  avia-builder-el-first  av-thin-font'><h3 class='av-special-heading-tag'  itemprop=\"headline\"  ><strong>Skills<\/strong><\/h3><div class=\"special-heading-border\"><div class=\"special-heading-inner-border\"><\/div><\/div><\/div>\n\n<style type=\"text\/css\" data-created_by=\"avia_inline_auto\" id=\"style-css-av-egxpzy-3ee119bc5554d5028816592efb2d5855\">\n.flex_column.av-egxpzy-3ee119bc5554d5028816592efb2d5855{\n-webkit-border-radius:0px 0px 0px 0px;\n-moz-border-radius:0px 0px 0px 0px;\nborder-radius:0px 0px 0px 0px;\npadding:0px 0px 0px 0px;\n}\n<\/style>\n<div class='flex_column av-egxpzy-3ee119bc5554d5028816592efb2d5855 av_one_full  avia-builder-el-1  el_after_av_heading  avia-builder-el-last  first flex_column_div av-zero-column-padding '     ><div  class='avia-icon-list-container av-cs37z2-581522474221b578fbe6d60b529433ce  avia-builder-el-2  avia-builder-el-no-sibling '><ul class='avia-icon-list avia_animate_when_almost_visible avia-icon-list-left av-iconlist-big av-cs37z2-581522474221b578fbe6d60b529433ce avia-iconlist-animate'>\n<li><div class='iconlist_icon av-adbajy-e1be582664b3d8d77c6028d6f1d803b6 avia-font-entypo-fontello'><span class='iconlist-char' aria-hidden='true' data-av_icon='\ue855' data-av_iconfont='entypo-fontello'><\/span><\/div><article class=\"article-icon-entry av-iconlist-empty\"  itemscope=\"itemscope\" itemtype=\"https:\/\/schema.org\/CreativeWork\" ><div class=\"iconlist_content_wrap\"><header class=\"entry-content-header\"><h4 class='av_iconlist_title iconlist_title  '  itemprop=\"headline\" ><a href='https:\/\/promech-mc.com\/fr\/developpement-preliminaire-du-projet\/' title='D\u00c9VELOPPEMENT PR\u00c9LIMINAIRE DU PROJET'>D\u00c9VELOPPEMENT PR\u00c9LIMINAIRE DU PROJET<\/a><\/h4><\/header><div class='iconlist_content '  itemprop=\"text\" ><\/div><\/div><footer class=\"entry-footer\"><\/footer><\/article><div class=\"iconlist-timeline\"><\/div><\/li>\n<li><div class='iconlist_icon av-8v527y-ef4c518cfe556eba22cf3f3887c311f5 avia-font-entypo-fontello'><span class='iconlist-char' aria-hidden='true' data-av_icon='\ue855' data-av_iconfont='entypo-fontello'><\/span><\/div><article class=\"article-icon-entry av-iconlist-empty\"  itemscope=\"itemscope\" itemtype=\"https:\/\/schema.org\/CreativeWork\" ><div class=\"iconlist_content_wrap\"><header class=\"entry-content-header\"><h4 class='av_iconlist_title iconlist_title  '  itemprop=\"headline\" ><a href='https:\/\/promech-mc.com\/fr\/etude-de-la-cinematique\/' title='\u00c9TUDE DE LA CIN\u00c9MATIQUE'>\u00c9TUDE DE LA CIN\u00c9MATIQUE<\/a><\/h4><\/header><div class='iconlist_content '  itemprop=\"text\" ><\/div><\/div><footer class=\"entry-footer\"><\/footer><\/article><div class=\"iconlist-timeline\"><\/div><\/li>\n<li><div class='iconlist_icon av-7llm5q-29fe40021b12be8911d67980af1c3062 avia-font-entypo-fontello'><span class='iconlist-char' aria-hidden='true' data-av_icon='\ue855' data-av_iconfont='entypo-fontello'><\/span><\/div><article class=\"article-icon-entry av-iconlist-empty\"  itemscope=\"itemscope\" itemtype=\"https:\/\/schema.org\/CreativeWork\" ><div class=\"iconlist_content_wrap\"><header class=\"entry-content-header\"><h4 class='av_iconlist_title iconlist_title  '  itemprop=\"headline\" ><a href='https:\/\/promech-mc.com\/fr\/verification-structurelle-avec-lanalyse-fem\/' title='V\u00c9RIFICATION STRUCTURELLE AVEC L\u2019ANALYSE FEM'>V\u00c9RIFICATION STRUCTURELLE AVEC L\u2019ANALYSE FEM<\/a><\/h4><\/header><div class='iconlist_content '  itemprop=\"text\" ><\/div><\/div><footer class=\"entry-footer\"><\/footer><\/article><div class=\"iconlist-timeline\"><\/div><\/li>\n<li><div class='iconlist_icon av-n2mim-a49262d93ef58472bfb724b8c5189b94 avia-font-entypo-fontello'><span class='iconlist-char' aria-hidden='true' data-av_icon='\ue855' data-av_iconfont='entypo-fontello'><\/span><\/div><article class=\"article-icon-entry av-iconlist-empty\"  itemscope=\"itemscope\" itemtype=\"https:\/\/schema.org\/CreativeWork\" ><div class=\"iconlist_content_wrap\"><header class=\"entry-content-header\"><h4 class='av_iconlist_title iconlist_title  '  itemprop=\"headline\" ><a href='https:\/\/promech-mc.com\/fr\/developpement-de-la-conception-finale\/' title='D\u00c9VELOPPEMENT DE LA CONCEPTION FINALE'>D\u00c9VELOPPEMENT DE LA CONCEPTION FINALE<\/a><\/h4><\/header><div class='iconlist_content '  itemprop=\"text\" ><\/div><\/div><footer class=\"entry-footer\"><\/footer><\/article><div class=\"iconlist-timeline\"><\/div><\/li>\n<li><div class='iconlist_icon av-3vmfwe-b6d33611b584967006a7a486bcdafbe4 avia-font-entypo-fontello'><span class='iconlist-char' aria-hidden='true' data-av_icon='\ue855' data-av_iconfont='entypo-fontello'><\/span><\/div><article class=\"article-icon-entry av-iconlist-empty\"  itemscope=\"itemscope\" itemtype=\"https:\/\/schema.org\/CreativeWork\" ><div class=\"iconlist_content_wrap\"><header class=\"entry-content-header\"><h4 class='av_iconlist_title iconlist_title  '  itemprop=\"headline\" ><a href='https:\/\/promech-mc.com\/fr\/developpement-du-design\/' title='D\u00c9VELOPPEMENT DU DESIGN'>D\u00c9VELOPPEMENT DU DESIGN<\/a><\/h4><\/header><div class='iconlist_content '  itemprop=\"text\" ><\/div><\/div><footer class=\"entry-footer\"><\/footer><\/article><div class=\"iconlist-timeline\"><\/div><\/li>\n<li><div class='iconlist_icon av-970em-bd94a3cc8a0ab180e29f2f609a351f62 avia-font-entypo-fontello'><span class='iconlist-char' aria-hidden='true' data-av_icon='\ue855' data-av_iconfont='entypo-fontello'><\/span><\/div><article class=\"article-icon-entry av-iconlist-empty\"  itemscope=\"itemscope\" itemtype=\"https:\/\/schema.org\/CreativeWork\" ><div class=\"iconlist_content_wrap\"><header class=\"entry-content-header\"><h4 class='av_iconlist_title iconlist_title  '  itemprop=\"headline\" ><a href='https:\/\/promech-mc.com\/fr\/redaction-de-la-documentation-technique\/' title='R\u00c9DACTION DE LA DOCUMENTATION TECHNIQUE'>R\u00c9DACTION DE LA DOCUMENTATION TECHNIQUE<\/a><\/h4><\/header><div class='iconlist_content '  itemprop=\"text\" ><\/div><\/div><footer class=\"entry-footer\"><\/footer><\/article><div class=\"iconlist-timeline\"><\/div><\/li>\n<li><div class='iconlist_icon av-lfgn735x-8ef94d301f6eb0b84100b0ce0eda5f08 avia-font-entypo-fontello'><span class='iconlist-char' aria-hidden='true' data-av_icon='\ue855' data-av_iconfont='entypo-fontello'><\/span><\/div><article class=\"article-icon-entry av-iconlist-empty\"  itemscope=\"itemscope\" itemtype=\"https:\/\/schema.org\/CreativeWork\" ><div class=\"iconlist_content_wrap\"><header class=\"entry-content-header\"><h4 class='av_iconlist_title iconlist_title  '  itemprop=\"headline\" ><a href='https:\/\/promech-mc.com\/fr\/diagrammes-electriques' title='CONCEPTION D\u2019INSTALLATIONS \u00c9LECTRIQUES'>CONCEPTION D\u2019INSTALLATIONS \u00c9LECTRIQUES<\/a><\/h4><\/header><div class='iconlist_content '  itemprop=\"text\" ><\/div><\/div><footer class=\"entry-footer\"><\/footer><\/article><div class=\"iconlist-timeline\"><\/div><\/li>\n<\/ul><\/div><\/div>\n","protected":false},"excerpt":{"rendered":"","protected":false},"author":1,"featured_media":0,"parent":0,"menu_order":0,"comment_status":"open","ping_status":"open","template":"","meta":{"footnotes":""},"class_list":["post-11339","page","type-page","status-publish","hentry"],"_links":{"self":[{"href":"https:\/\/promech-mc.com\/fr\/wp-json\/wp\/v2\/pages\/11339","targetHints":{"allow":["GET"]}}],"collection":[{"href":"https:\/\/promech-mc.com\/fr\/wp-json\/wp\/v2\/pages"}],"about":[{"href":"https:\/\/promech-mc.com\/fr\/wp-json\/wp\/v2\/types\/page"}],"author":[{"embeddable":true,"href":"https:\/\/promech-mc.com\/fr\/wp-json\/wp\/v2\/users\/1"}],"replies":[{"embeddable":true,"href":"https:\/\/promech-mc.com\/fr\/wp-json\/wp\/v2\/comments?post=11339"}],"version-history":[{"count":13,"href":"https:\/\/promech-mc.com\/fr\/wp-json\/wp\/v2\/pages\/11339\/revisions"}],"predecessor-version":[{"id":14268,"href":"https:\/\/promech-mc.com\/fr\/wp-json\/wp\/v2\/pages\/11339\/revisions\/14268"}],"wp:attachment":[{"href":"https:\/\/promech-mc.com\/fr\/wp-json\/wp\/v2\/media?parent=11339"}],"curies":[{"name":"wp","href":"https:\/\/api.w.org\/{rel}","templated":true}]}}