{"id":11337,"date":"2015-07-31T17:58:28","date_gmt":"2015-07-31T15:58:28","guid":{"rendered":"https:\/\/promech-mc.com\/contact\/"},"modified":"2022-07-26T10:23:06","modified_gmt":"2022-07-26T08:23:06","slug":"contact","status":"publish","type":"page","link":"https:\/\/promech-mc.com\/fr\/contact\/","title":{"rendered":"Contact"},"content":{"rendered":"\n<style type=\"text\/css\" data-created_by=\"avia_inline_auto\" id=\"style-css-av-2npajo-8b2890d6b4f1d07e6d60ea8adbea2601\">\n#top .av-special-heading.av-2npajo-8b2890d6b4f1d07e6d60ea8adbea2601{\npadding-bottom:30px;\n}\nbody .av-special-heading.av-2npajo-8b2890d6b4f1d07e6d60ea8adbea2601 .av-special-heading-tag .heading-char{\nfont-size:25px;\n}\n.av-special-heading.av-2npajo-8b2890d6b4f1d07e6d60ea8adbea2601 .av-subheading{\nfont-size:15px;\n}\n<\/style>\n<div  class='av-special-heading av-2npajo-8b2890d6b4f1d07e6d60ea8adbea2601 av-special-heading-h3  avia-builder-el-0  el_before_av_two_fifth  avia-builder-el-first  av-thin-font'><h3 class='av-special-heading-tag'  itemprop=\"headline\"  ><strong>Contact<\/strong><\/h3><div class=\"special-heading-border\"><div class=\"special-heading-inner-border\"><\/div><\/div><\/div>\n\n<style type=\"text\/css\" data-created_by=\"avia_inline_auto\" id=\"style-css-av-k9g5f8-f977e79b048e83b517d0b86361b75f55\">\n.flex_column.av-k9g5f8-f977e79b048e83b517d0b86361b75f55{\n-webkit-border-radius:0px 0px 0px 0px;\n-moz-border-radius:0px 0px 0px 0px;\nborder-radius:0px 0px 0px 0px;\npadding:0px 0px 0px 0px;\n}\n<\/style>\n<div class='flex_column av-k9g5f8-f977e79b048e83b517d0b86361b75f55 av_two_fifth  avia-builder-el-1  el_after_av_heading  el_before_av_three_fifth  first flex_column_div av-zero-column-padding '     ><form action=\"https:\/\/promech-mc.com\/fr\/contact\/\" method=\"post\"  class=\"avia_ajax_form av-form-labels-visible   avia-builder-el-2  avia-builder-el-no-sibling   \" data-avia-form-id=\"1\" data-avia-redirect='' ><h3 class=''>Demande d\u2019informations<\/h3><fieldset><p class='  first_form  form_element form_fullwidth' id='element_avia_1_1'><label for=\"avia_1_1\">Nom et pr\u00e9nom <abbr class=\"required\" title=\"requis(e)\">*<\/abbr><\/label> <input name=\"avia_1_1\" class=\"text_input is_empty\" type=\"text\" id=\"avia_1_1\" value=\"\" \/><\/p><p class='  first_form  form_element form_fullwidth' id='element_avia_2_1'><label for=\"avia_2_1\">L\u2019entreprise<\/label> <input name=\"avia_2_1\" class=\"text_input \" type=\"text\" id=\"avia_2_1\" value=\"\" \/><\/p><p class='  first_form  form_element form_fullwidth' id='element_avia_3_1'><label for=\"avia_3_1\">E-Mail <abbr class=\"required\" title=\"requis(e)\">*<\/abbr><\/label> <input name=\"avia_3_1\" class=\"text_input is_email\" type=\"text\" id=\"avia_3_1\" value=\"\" \/><\/p><p class='  first_form  form_element form_fullwidth' id='element_avia_4_1'><label for=\"avia_4_1\">T\u00e9l\u00e9phone <abbr class=\"required\" title=\"requis(e)\">*<\/abbr><\/label> <input name=\"avia_4_1\" class=\"text_input is_number\" type=\"text\" id=\"avia_4_1\" value=\"\" \/><\/p><p class='  first_form  form_element form_fullwidth' id='element_avia_5_1'><label for=\"avia_5_1\" class=\"textare_label hidden textare_label_avia_5_1\">Message <abbr class=\"required\" title=\"requis(e)\">*<\/abbr><\/label><textarea  name=\"avia_5_1\" class=\"text_area is_empty\" cols=\"40\" rows=\"7\" id=\"avia_5_1\" ><\/textarea><\/p><p class=\"hidden\"><input type=\"text\" name=\"avia_6_1\" class=\"hidden \" id=\"avia_6_1\" value=\"\" \/><\/p><div id='avia_7_1' class='av-recaptcha-area  first_form  form_element form_fullwidth av-last-visible-form-element '  data-container_class=\"\" data-custom_class=\"\" data-context=\"av_contact_form\" data-token_input=\"av_recaptcha_token\" data-version=\"avia_recaptcha_v2\" data-theme=\"light\" data-size=\"normal\" data-score=\"0.5\" data-text_to_preview=\"\" data-value=\"\"><div class=\"av-google-badge-message hidden\">Ce site est prot\u00e9g\u00e9 par reCAPTCHA et la <a href=\"https:\/\/policies.google.com\/privacy\">politique de confidentialit\u00e9<\/a> de Google et <a href=\"https:\/\/policies.google.com\/terms\">leur conditions d\u2019utilisation<\/a> s\u2019appliquent.<\/div><\/div><p class=' av_form_privacy_check av_contact_privacy_check first_form  form_element form_fullwidth' id='element_avia_8_1'><input  name=\"avia_8_1\" class=\"input_checkbox is_empty\" type=\"checkbox\" id=\"avia_8_1\" value=\"true\"\/><label class=\"input_checkbox_label\" for=\"avia_8_1\">I agree to the terms and conditions laid out in the <a href='https:\/\/promech-mc.com\/privacy-policy\/' target='_blank' rel=\"noopener\">Privacy Policy<\/a> <abbr class=\"required\" title=\"requis(e)\">*<\/abbr><\/label><\/p><p class=\"form_element \"><input type=\"hidden\" value=\"1\" name=\"avia_generated_form1\" \/><input type=\"submit\" value=\"Envoyer\" class=\"button\"  data-sending-label=\"Envoi\"\/><\/p><\/fieldset><div class=\"avia-disabled-form\">Ce formulaire est d\u00e9sactiv\u00e9 dans la mesure o\u00f9 vous refusez d\u2019accepter le service Google reCAPTCHA n\u00e9cessaire pour valider toute exp\u00e9dition de message depuis celui-ci.<\/div><\/form><div id=\"ajaxresponse_1\" class=\"ajaxresponse ajaxresponse_1 hidden\"><\/div><\/div>\n<style type=\"text\/css\" data-created_by=\"avia_inline_auto\" id=\"style-css-av-9qy1as-6b152efda44c639331d453437b7f57be\">\n.flex_column.av-9qy1as-6b152efda44c639331d453437b7f57be{\n-webkit-border-radius:0px 0px 0px 0px;\n-moz-border-radius:0px 0px 0px 0px;\nborder-radius:0px 0px 0px 0px;\npadding:0px 0px 0px 0px;\n}\n<\/style>\n<div class='flex_column av-9qy1as-6b152efda44c639331d453437b7f57be av_three_fifth  avia-builder-el-3  el_after_av_two_fifth  avia-builder-el-last  flex_column_div av-zero-column-padding '     ><p>\n<style type=\"text\/css\" data-created_by=\"avia_inline_auto\" id=\"style-css-av-856ch0-746eb06032b877edf57e0dca3ee3ace8\">\n#top .av-special-heading.av-856ch0-746eb06032b877edf57e0dca3ee3ace8{\npadding-bottom:10px;\n}\nbody .av-special-heading.av-856ch0-746eb06032b877edf57e0dca3ee3ace8 .av-special-heading-tag .heading-char{\nfont-size:25px;\n}\n.av-special-heading.av-856ch0-746eb06032b877edf57e0dca3ee3ace8 .av-subheading{\nfont-size:15px;\n}\n<\/style>\n<div  class='av-special-heading av-856ch0-746eb06032b877edf57e0dca3ee3ace8 av-special-heading-h3 blockquote modern-quote  avia-builder-el-4  el_before_av_textblock  avia-builder-el-first  av-thin-font'><h3 class='av-special-heading-tag'  itemprop=\"headline\"  ><strong>Bureau Promech-mc s.r.l.s.<\/strong><\/h3><div class=\"special-heading-border\"><div class=\"special-heading-inner-border\"><\/div><\/div><\/div><br \/>\n<section  class='av_textblock_section av-6lc3n8-2a2fe01bac1a0eafcb018d3cac035666'  itemscope=\"itemscope\" itemtype=\"https:\/\/schema.org\/CreativeWork\" ><div class='avia_textblock'  itemprop=\"text\" ><p>Via XXV Aprile 1945, 38<br \/>\n24050 Zanica (BG)<\/p>\n<p><strong>CONTACT:<\/strong><br \/>\nT\u00e9l\u00e9phone: +39 0350383879<br \/>\nFax: +39 035 670203<br \/>\nMail: info@promech-mc.com<\/p>\n<p>C.F. et P.IVA : 03960410169<br \/>\nNum\u00e9ro REA: BG \u2013 42338902933850162<\/p>\n<\/div><\/section><br \/>\n<div  class='av_gmaps_sc_main_wrap av_gmaps_main_wrap '><div id='av_gmap_0' class='avia-google-map-container avia-google-map-sc av_gmaps_show_unconditionally av-no-fallback-img ' data-mapid='av_gmap_0'  style='height: 400px;'><a class=\"av_gmaps_browser_disabled av_text_confirm_link av_text_confirm_link_visible\" href=\"https:\/\/www.google.com\/maps\/search\/?api=1&#038;query=Via%20XXV%20aprile%201945%20%20Zanica%20%20Italie\" target=\"_blank\" rel=\"noopener\">Les cartes ont \u00e9t\u00e9 d\u00e9sactiv\u00e9es par le visiteur sur ce site. Cliquer pour ouvrir la carte dans une nouvelle fen\u00eatre.<\/a><\/div><\/div><\/p><\/div><\/p>\n","protected":false},"excerpt":{"rendered":"","protected":false},"author":1,"featured_media":0,"parent":0,"menu_order":0,"comment_status":"open","ping_status":"open","template":"","meta":{"footnotes":""},"class_list":["post-11337","page","type-page","status-publish","hentry"],"_links":{"self":[{"href":"https:\/\/promech-mc.com\/fr\/wp-json\/wp\/v2\/pages\/11337","targetHints":{"allow":["GET"]}}],"collection":[{"href":"https:\/\/promech-mc.com\/fr\/wp-json\/wp\/v2\/pages"}],"about":[{"href":"https:\/\/promech-mc.com\/fr\/wp-json\/wp\/v2\/types\/page"}],"author":[{"embeddable":true,"href":"https:\/\/promech-mc.com\/fr\/wp-json\/wp\/v2\/users\/1"}],"replies":[{"embeddable":true,"href":"https:\/\/promech-mc.com\/fr\/wp-json\/wp\/v2\/comments?post=11337"}],"version-history":[{"count":1,"href":"https:\/\/promech-mc.com\/fr\/wp-json\/wp\/v2\/pages\/11337\/revisions"}],"predecessor-version":[{"id":11338,"href":"https:\/\/promech-mc.com\/fr\/wp-json\/wp\/v2\/pages\/11337\/revisions\/11338"}],"wp:attachment":[{"href":"https:\/\/promech-mc.com\/fr\/wp-json\/wp\/v2\/media?parent=11337"}],"curies":[{"name":"wp","href":"https:\/\/api.w.org\/{rel}","templated":true}]}}