{"id":11331,"date":"2015-11-22T23:21:31","date_gmt":"2015-11-22T22:21:31","guid":{"rendered":"https:\/\/promech-mc.com\/verification-structurelle-avec-lanalyse-fem\/"},"modified":"2023-04-27T16:18:36","modified_gmt":"2023-04-27T14:18:36","slug":"verification-structurelle-avec-lanalyse-fem","status":"publish","type":"page","link":"https:\/\/promech-mc.com\/fr\/verification-structurelle-avec-lanalyse-fem\/","title":{"rendered":"V\u00c9RIFICATION STRUCTURELLE AVEC L&#8217;ANALYSE FEM"},"content":{"rendered":"\n<style type=\"text\/css\" data-created_by=\"avia_inline_auto\" id=\"style-css-av-7sjyxq-de7c5e8c21dc038e02ee497a3f8fd752\">\n.flex_column.av-7sjyxq-de7c5e8c21dc038e02ee497a3f8fd752{\n-webkit-border-radius:0px 0px 0px 0px;\n-moz-border-radius:0px 0px 0px 0px;\nborder-radius:0px 0px 0px 0px;\npadding:0px 0px 0px 0px;\n}\n<\/style>\n<div class='flex_column av-7sjyxq-de7c5e8c21dc038e02ee497a3f8fd752 av_one_full  avia-builder-el-0  el_before_av_button  avia-builder-el-first  first flex_column_div av-zero-column-padding '     ><p>\n<style type=\"text\/css\" data-created_by=\"avia_inline_auto\" id=\"style-css-av-6gu2su-823e46d372a367c65d312d451b622dc8\">\n#top .av-special-heading.av-6gu2su-823e46d372a367c65d312d451b622dc8{\npadding-bottom:10px;\n}\nbody .av-special-heading.av-6gu2su-823e46d372a367c65d312d451b622dc8 .av-special-heading-tag .heading-char{\nfont-size:25px;\n}\n.av-special-heading.av-6gu2su-823e46d372a367c65d312d451b622dc8 .av-subheading{\nfont-size:15px;\n}\n<\/style>\n<div  class='av-special-heading av-6gu2su-823e46d372a367c65d312d451b622dc8 av-special-heading-h1  avia-builder-el-1  el_before_av_textblock  avia-builder-el-first '><h1 class='av-special-heading-tag'  itemprop=\"headline\"  >V\u00c9RIFICATION STRUCTURELLE AVEC L\u2019ANALYSE FEM<\/h1><div class=\"special-heading-border\"><div class=\"special-heading-inner-border\"><\/div><\/div><\/div><br \/>\n<section  class='av_textblock_section av-4mq3se-ff8caa71675654afd017cf0f82c73823'  itemscope=\"itemscope\" itemtype=\"https:\/\/schema.org\/CreativeWork\" ><div class='avia_textblock'  itemprop=\"text\" ><p><strong>L&#8217;analyse structurelle par la m\u00e9thode des \u00e9l\u00e9ments finis (FEM)<\/strong> est un outil fondamental pour la conception m\u00e9canique et pour <strong>aborder et r\u00e9soudre les probl\u00e8mes<\/strong> de construction de machines et de m\u00e9canique structurelle. Il est r\u00e9alis\u00e9 afin de v\u00e9rifier, d\u00e8s la phase de conception, le respect des exigences et d&#8217;\u00e9valuer <strong>la r\u00e9sistance et la stabilit\u00e9<\/strong> d&#8217;un composant, d&#8217;une machine ou d&#8217;une usine enti\u00e8re.<\/p>\n<p>La <strong>s\u00e9curit\u00e9 et la fiabilit\u00e9<\/strong> sont des <strong>pr\u00e9occupations majeures<\/strong> dans la conception et le d\u00e9veloppement des machines.<\/p>\n<p>Pour les pi\u00e8ces particuli\u00e8rement sollicit\u00e9es et les grandes structures dont la d\u00e9faillance pourrait causer de graves dommages, les calculs structurels sont effectu\u00e9s \u00e0 l&#8217;aide de programmes bas\u00e9s sur la <strong>m\u00e9thodologie de l&#8217;analyse par \u00e9l\u00e9ments finis (FEM).<\/strong> Cette m\u00e9thodologie permet de comprendre en d\u00e9tail le <strong>comportement de la structure<\/strong>, m\u00eame sous des charges extr\u00eames ou inattendues, et de <strong>supprimer tout risque<\/strong> en agissant sur les sections les plus sollicit\u00e9es ou, si cela pose probl\u00e8me, en <strong>proposant des solutions alternatives.<\/strong><\/p>\n<p>Les calculs structurels permettent de d\u00e9tecter les vuln\u00e9rabilit\u00e9s d&#8217;un composant ou d&#8217;un syst\u00e8me et d&#8217;\u00e9valuer le degr\u00e9 de s\u00e9curit\u00e9 et de fiabilit\u00e9. Pour garantir le respect de ces principes, les calculs structurels doivent \u00eatre effectu\u00e9s avec pr\u00e9cision et tenir compte des processus de production, des technologies et des syst\u00e8mes utilis\u00e9s.<\/p>\n<p>En outre, l&#8217;analyse structurelle permet d&#8217;\u00e9valuer les d\u00e9formations et les contraintes auxquelles est soumis un composant ou un syst\u00e8me afin d&#8217;en assurer <strong>l&#8217;efficacit\u00e9 et la durabilit\u00e9<\/strong> maximales. C&#8217;est pourquoi il s&#8217;agit d&#8217;une \u00e9tape cruciale dans la conception m\u00e9canique des machines et des installations.<\/p>\n<p>Enfin, les calculs structurels sont \u00e9galement essentiels pour <strong>l&#8217;\u00e9valuation des risques et des dangers<\/strong> li\u00e9s \u00e0 l&#8217;utilisation des machines et des installations. La <strong>s\u00e9curit\u00e9 est donc une priorit\u00e9<\/strong> dans la conception et le d\u00e9veloppement des machines, et l&#8217;analyse structurelle est l&#8217;un des principaux outils permettant de garantir la fiabilit\u00e9 et la s\u00e9curit\u00e9.<\/p>\n<\/div><\/section><br \/>\n\n<style type=\"text\/css\" data-created_by=\"avia_inline_auto\" id=\"style-css-av-2wwgby-b48177db62ed8b6a9d87d45db65997a4\">\n#top .avia-gallery.av-2wwgby-b48177db62ed8b6a9d87d45db65997a4 .avia-gallery-thumb a{\nwidth:50%;\n}\n<\/style>\n<div  class='avia-gallery av-2wwgby-b48177db62ed8b6a9d87d45db65997a4 avia_animate_when_visible  avia-builder-el-3  el_after_av_textblock  avia-builder-el-last  avia_lazyload avia-gallery-animate avia-gallery-1'  itemprop=\"image\" itemscope=\"itemscope\" itemtype=\"https:\/\/schema.org\/ImageObject\" ><meta itemprop=\"contentURL\" content=\"https:\/\/promech-mc.com\/fr\/verification-structurelle-avec-lanalyse-fem\/\"><div class='avia-gallery-thumb'><a href=\"https:\/\/promech-mc.com\/wp-content\/uploads\/2015\/11\/verifica_strutturale_3.jpg\" data-srcset=\"https:\/\/promech-mc.com\/wp-content\/uploads\/2015\/11\/verifica_strutturale_3.jpg 489w, https:\/\/promech-mc.com\/wp-content\/uploads\/2015\/11\/verifica_strutturale_3-195x300.jpg 195w, https:\/\/promech-mc.com\/wp-content\/uploads\/2015\/11\/verifica_strutturale_3-459x705.jpg 459w, https:\/\/promech-mc.com\/wp-content\/uploads\/2015\/11\/verifica_strutturale_3-450x691.jpg 450w\" data-sizes=\"(max-width: 489px) 100vw, 489px\" data-rel='gallery-1' data-prev-img='https:\/\/promech-mc.com\/wp-content\/uploads\/2015\/11\/verifica_strutturale_3-489x400.jpg' class='first_thumb lightbox ' data-onclick='1' title='verifica_strutturale_3'  itemprop=\"thumbnailUrl\"  ><img loading=\"lazy\" decoding=\"async\" class=\"wp-image-10789 avia-img-lazy-loading-10789\"   src=\"https:\/\/promech-mc.com\/wp-content\/uploads\/2015\/11\/verifica_strutturale_3-489x400.jpg\" width=\"489\" height=\"400\"  title='verifica_strutturale_3' alt='verifica_strutturale_3' \/><div class='big-prev-fake'><img loading=\"lazy\" decoding=\"async\" class=\"wp-image-10789 avia-img-lazy-loading-10789\"  width=\"489\" height=\"400\" src=\"https:\/\/promech-mc.com\/wp-content\/uploads\/2015\/11\/verifica_strutturale_3-489x400.jpg\" title='verifica_strutturale_3' alt='verifica_strutturale_3' \/><\/div><\/a><a href=\"https:\/\/promech-mc.com\/wp-content\/uploads\/2015\/11\/verifica_strutturale_4.jpg\" data-srcset=\"https:\/\/promech-mc.com\/wp-content\/uploads\/2015\/11\/verifica_strutturale_4.jpg 446w, https:\/\/promech-mc.com\/wp-content\/uploads\/2015\/11\/verifica_strutturale_4-185x300.jpg 185w, https:\/\/promech-mc.com\/wp-content\/uploads\/2015\/11\/verifica_strutturale_4-435x705.jpg 435w\" data-sizes=\"(max-width: 446px) 100vw, 446px\" data-rel='gallery-1' data-prev-img='https:\/\/promech-mc.com\/wp-content\/uploads\/2015\/11\/verifica_strutturale_4-446x400.jpg' class='lightbox ' data-onclick='2' title='verifica_strutturale_4'  itemprop=\"thumbnailUrl\"  ><img loading=\"lazy\" decoding=\"async\" class=\"wp-image-10790 avia-img-lazy-loading-10790\"   src=\"https:\/\/promech-mc.com\/wp-content\/uploads\/2015\/11\/verifica_strutturale_4-446x400.jpg\" width=\"446\" height=\"400\"  title='verifica_strutturale_4' alt='verifica_strutturale_4' \/><div class='big-prev-fake'><img loading=\"lazy\" decoding=\"async\" class=\"wp-image-10790 avia-img-lazy-loading-10790\"  width=\"446\" height=\"400\" src=\"https:\/\/promech-mc.com\/wp-content\/uploads\/2015\/11\/verifica_strutturale_4-446x400.jpg\" title='verifica_strutturale_4' alt='verifica_strutturale_4' \/><\/div><\/a><\/div><\/div><\/p><\/div><div  class='avia-button-wrap av-l59foolx-717d0ca0fbc5d9c117329bc261a72d0d-wrap avia-button-left  avia-builder-el-4  el_after_av_one_full  el_before_av_button '><a href='https:\/\/promech-mc.com\/fr\/etude-de-la-cinematique\/'  class='avia-button av-l59foolx-717d0ca0fbc5d9c117329bc261a72d0d avia-icon_select-no avia-size-small avia-position-left avia-color-theme-color'  ><span class='avia_iconbox_title' >Pr\u00e9c\u00e9dent<\/span><\/a><\/div><\/p>\n<div  class='avia-button-wrap av-l59fp9hy-7a53931fe8277ebcc95685b0dea218a3-wrap avia-button-right  avia-builder-el-5  el_after_av_button  avia-builder-el-last '><a href='https:\/\/promech-mc.com\/fr\/developpement-de-la-conception-finale\/'  class='avia-button av-l59fp9hy-7a53931fe8277ebcc95685b0dea218a3 avia-icon_select-no avia-size-small avia-position-right avia-color-theme-color'  ><span class='avia_iconbox_title' >Suivant<\/span><\/a><\/div>\n","protected":false},"excerpt":{"rendered":"","protected":false},"author":1,"featured_media":0,"parent":0,"menu_order":0,"comment_status":"closed","ping_status":"closed","template":"","meta":{"footnotes":""},"class_list":["post-11331","page","type-page","status-publish","hentry"],"_links":{"self":[{"href":"https:\/\/promech-mc.com\/fr\/wp-json\/wp\/v2\/pages\/11331","targetHints":{"allow":["GET"]}}],"collection":[{"href":"https:\/\/promech-mc.com\/fr\/wp-json\/wp\/v2\/pages"}],"about":[{"href":"https:\/\/promech-mc.com\/fr\/wp-json\/wp\/v2\/types\/page"}],"author":[{"embeddable":true,"href":"https:\/\/promech-mc.com\/fr\/wp-json\/wp\/v2\/users\/1"}],"replies":[{"embeddable":true,"href":"https:\/\/promech-mc.com\/fr\/wp-json\/wp\/v2\/comments?post=11331"}],"version-history":[{"count":10,"href":"https:\/\/promech-mc.com\/fr\/wp-json\/wp\/v2\/pages\/11331\/revisions"}],"predecessor-version":[{"id":14903,"href":"https:\/\/promech-mc.com\/fr\/wp-json\/wp\/v2\/pages\/11331\/revisions\/14903"}],"wp:attachment":[{"href":"https:\/\/promech-mc.com\/fr\/wp-json\/wp\/v2\/media?parent=11331"}],"curies":[{"name":"wp","href":"https:\/\/api.w.org\/{rel}","templated":true}]}}