{"id":11328,"date":"2015-11-22T23:19:36","date_gmt":"2015-11-22T22:19:36","guid":{"rendered":"https:\/\/promech-mc.com\/etude-de-la-cinematique\/"},"modified":"2023-04-27T15:42:02","modified_gmt":"2023-04-27T13:42:02","slug":"etude-de-la-cinematique","status":"publish","type":"page","link":"https:\/\/promech-mc.com\/fr\/etude-de-la-cinematique\/","title":{"rendered":"\u00c9TUDE DE LA CIN\u00c9MATIQUE"},"content":{"rendered":"\n<style type=\"text\/css\" data-created_by=\"avia_inline_auto\" id=\"style-css-av-7f9kpm-969f8839b5d44261b8528aa0c5d24a8b\">\n.flex_column.av-7f9kpm-969f8839b5d44261b8528aa0c5d24a8b{\n-webkit-border-radius:0px 0px 0px 0px;\n-moz-border-radius:0px 0px 0px 0px;\nborder-radius:0px 0px 0px 0px;\npadding:0px 0px 0px 0px;\n}\n<\/style>\n<div class='flex_column av-7f9kpm-969f8839b5d44261b8528aa0c5d24a8b av_one_full  avia-builder-el-0  avia-builder-el-no-sibling  first flex_column_div av-zero-column-padding '     ><p>\n<style type=\"text\/css\" data-created_by=\"avia_inline_auto\" id=\"style-css-av-kvc0a-ac047a7e39e5f6ed300ce6fa4a3ba473\">\n#top .av-special-heading.av-kvc0a-ac047a7e39e5f6ed300ce6fa4a3ba473{\npadding-bottom:10px;\n}\nbody .av-special-heading.av-kvc0a-ac047a7e39e5f6ed300ce6fa4a3ba473 .av-special-heading-tag .heading-char{\nfont-size:25px;\n}\n.av-special-heading.av-kvc0a-ac047a7e39e5f6ed300ce6fa4a3ba473 .av-subheading{\nfont-size:15px;\n}\n<\/style>\n<div  class='av-special-heading av-kvc0a-ac047a7e39e5f6ed300ce6fa4a3ba473 av-special-heading-h1  avia-builder-el-1  el_before_av_textblock  avia-builder-el-first '><h1 class='av-special-heading-tag'  itemprop=\"headline\"  >\u00c9TUDE DE LA CIN\u00c9MATIQUE<\/h1><div class=\"special-heading-border\"><div class=\"special-heading-inner-border\"><\/div><\/div><\/div><br \/>\n<section  class='av_textblock_section av-3yd9fe-8e42abd13bd8ff1a306cacfb44eca901'  itemscope=\"itemscope\" itemtype=\"https:\/\/schema.org\/CreativeWork\" ><div class='avia_textblock'  itemprop=\"text\" ><p>La conception de m\u00e9canismes et d&#8217;installations n\u00e9cessite une <strong>\u00e9tude approfondie<\/strong> <strong>de la cin\u00e9matique<\/strong> afin d&#8217;assurer le bon <strong>fonctionnement et la s\u00e9curit\u00e9<\/strong> des machines. La cin\u00e9matique est d&#8217;une importance fondamentale dans la conception fonctionnelle car elle permet de pr\u00e9voir les <strong>mouvements des m\u00e9canismes<\/strong> et d&#8217;\u00e9viter les collisions et les dommages.<\/p>\n<p>Lors de la phase de conception m\u00e9canique, le concepteur d\u00e9finit la forme des composants du m\u00e9canisme afin qu&#8217;ils puissent effectuer la <strong>trajectoire requise par les exigences de fonctionnement<\/strong>. Cette \u00e9tape est cruciale pour garantir la pr\u00e9cision et la fiabilit\u00e9 de la machine ou de l&#8217;installation.<\/p>\n<p>Le concepteur d\u00e9termine \u00e9galement <strong>la force et l&#8217;\u00e9nergie<\/strong> n\u00e9cessaires pour d\u00e9placer chaque \u00e9l\u00e9ment le long de la trajectoire requise, afin de choisir le type de <strong>mat\u00e9riau le plus appropri\u00e9 et la masse \u00e0 ajouter<\/strong>. L&#8217;objectif final est de cr\u00e9er une structure optimale pour remplir un <strong>objectif donn\u00e9 de mani\u00e8re pr\u00e9cise et fiable.<\/strong><\/p>\n<p>En r\u00e9sum\u00e9, l&#8217;\u00e9tude de la cin\u00e9matique dans la conception des m\u00e9canismes et des installations est une \u00e9tape cruciale pour garantir une efficacit\u00e9 et une fiabilit\u00e9 maximales de la machine ou de l&#8217;installation. La conception fonctionnelle est essentielle pour d\u00e9finir la forme des composants et pr\u00e9voir les mouvements des m\u00e9canismes, en \u00e9vitant les collisions et les dommages.<\/p>\n<\/div><\/section><br \/>\n\n<style type=\"text\/css\" data-created_by=\"avia_inline_auto\" id=\"style-css-av-2yxr7u-7080f9886fe63c495b3f608f1256df74\">\n#top .avia-gallery.av-2yxr7u-7080f9886fe63c495b3f608f1256df74 .avia-gallery-thumb a{\nwidth:16.6667%;\n}\n<\/style>\n<div  class='avia-gallery av-2yxr7u-7080f9886fe63c495b3f608f1256df74 avia_animate_when_visible  avia-builder-el-3  el_after_av_textblock  el_before_av_button  avia_lazyload avia-gallery-animate avia-gallery-1'  itemprop=\"image\" itemscope=\"itemscope\" itemtype=\"https:\/\/schema.org\/ImageObject\" ><meta itemprop=\"contentURL\" content=\"https:\/\/promech-mc.com\/fr\/etude-de-la-cinematique\/\"><div class='avia-gallery-thumb'><a href=\"https:\/\/promech-mc.com\/wp-content\/uploads\/2015\/11\/studio_cinematica_1.jpg\" data-srcset=\"https:\/\/promech-mc.com\/wp-content\/uploads\/2015\/11\/studio_cinematica_1.jpg 564w, https:\/\/promech-mc.com\/wp-content\/uploads\/2015\/11\/studio_cinematica_1-300x233.jpg 300w, https:\/\/promech-mc.com\/wp-content\/uploads\/2015\/11\/studio_cinematica_1-450x349.jpg 450w\" data-sizes=\"(max-width: 564px) 100vw, 564px\" data-rel='gallery-1' data-prev-img='https:\/\/promech-mc.com\/wp-content\/uploads\/2015\/11\/studio_cinematica_1-495x400.jpg' class='first_thumb lightbox ' data-onclick='1' title='studio_cinematica_1'  itemprop=\"thumbnailUrl\"  ><img loading=\"lazy\" decoding=\"async\" class=\"wp-image-10783 avia-img-lazy-loading-10783\"   src=\"https:\/\/promech-mc.com\/wp-content\/uploads\/2015\/11\/studio_cinematica_1-495x400.jpg\" width=\"495\" height=\"400\"  title='studio_cinematica_1' alt='studio_cinematica_macchinario1' \/><div class='big-prev-fake'><img loading=\"lazy\" decoding=\"async\" class=\"wp-image-10783 avia-img-lazy-loading-10783\"  width=\"495\" height=\"400\" src=\"https:\/\/promech-mc.com\/wp-content\/uploads\/2015\/11\/studio_cinematica_1-495x400.jpg\" title='studio_cinematica_1' alt='studio_cinematica_macchinario1' \/><\/div><\/a><a href=\"https:\/\/promech-mc.com\/wp-content\/uploads\/2015\/11\/studio_cinematica_2.jpg\" data-srcset=\"https:\/\/promech-mc.com\/wp-content\/uploads\/2015\/11\/studio_cinematica_2.jpg 324w, https:\/\/promech-mc.com\/wp-content\/uploads\/2015\/11\/studio_cinematica_2-187x300.jpg 187w\" data-sizes=\"(max-width: 324px) 100vw, 324px\" data-rel='gallery-1' data-prev-img='https:\/\/promech-mc.com\/wp-content\/uploads\/2015\/11\/studio_cinematica_2-324x400.jpg' class='lightbox ' data-onclick='2' title='studio_cinematica_2'  itemprop=\"thumbnailUrl\"  ><img loading=\"lazy\" decoding=\"async\" class=\"wp-image-10784 avia-img-lazy-loading-10784\"   src=\"https:\/\/promech-mc.com\/wp-content\/uploads\/2015\/11\/studio_cinematica_2-324x400.jpg\" width=\"324\" height=\"400\"  title='studio_cinematica_2' alt='studio_cinematica_macchinario2' \/><div class='big-prev-fake'><img loading=\"lazy\" decoding=\"async\" class=\"wp-image-10784 avia-img-lazy-loading-10784\"  width=\"324\" height=\"400\" src=\"https:\/\/promech-mc.com\/wp-content\/uploads\/2015\/11\/studio_cinematica_2-324x400.jpg\" title='studio_cinematica_2' alt='studio_cinematica_macchinario2' \/><\/div><\/a><a href=\"https:\/\/promech-mc.com\/wp-content\/uploads\/2015\/11\/studio_cinematica_3.jpg\" data-srcset=\"https:\/\/promech-mc.com\/wp-content\/uploads\/2015\/11\/studio_cinematica_3.jpg 611w, https:\/\/promech-mc.com\/wp-content\/uploads\/2015\/11\/studio_cinematica_3-228x300.jpg 228w, https:\/\/promech-mc.com\/wp-content\/uploads\/2015\/11\/studio_cinematica_3-535x705.jpg 535w, https:\/\/promech-mc.com\/wp-content\/uploads\/2015\/11\/studio_cinematica_3-450x593.jpg 450w\" data-sizes=\"(max-width: 611px) 100vw, 611px\" data-rel='gallery-1' data-prev-img='https:\/\/promech-mc.com\/wp-content\/uploads\/2015\/11\/studio_cinematica_3-495x400.jpg' class='lightbox ' data-onclick='3' title='studio_cinematica_3'  itemprop=\"thumbnailUrl\"  ><img loading=\"lazy\" decoding=\"async\" class=\"wp-image-10785 avia-img-lazy-loading-10785\"   src=\"https:\/\/promech-mc.com\/wp-content\/uploads\/2015\/11\/studio_cinematica_3-495x400.jpg\" width=\"495\" height=\"400\"  title='studio_cinematica_3' alt='studio_cinematica_macchinario3' \/><div class='big-prev-fake'><img loading=\"lazy\" decoding=\"async\" class=\"wp-image-10785 avia-img-lazy-loading-10785\"  width=\"495\" height=\"400\" src=\"https:\/\/promech-mc.com\/wp-content\/uploads\/2015\/11\/studio_cinematica_3-495x400.jpg\" title='studio_cinematica_3' alt='studio_cinematica_macchinario3' \/><\/div><\/a><a href=\"https:\/\/promech-mc.com\/wp-content\/uploads\/2015\/11\/studio_cinematica_4-1030x589.jpg\" data-srcset=\"https:\/\/promech-mc.com\/wp-content\/uploads\/2015\/11\/studio_cinematica_4-1030x589.jpg 1030w, https:\/\/promech-mc.com\/wp-content\/uploads\/2015\/11\/studio_cinematica_4-300x172.jpg 300w, https:\/\/promech-mc.com\/wp-content\/uploads\/2015\/11\/studio_cinematica_4-705x403.jpg 705w, https:\/\/promech-mc.com\/wp-content\/uploads\/2015\/11\/studio_cinematica_4-450x258.jpg 450w, https:\/\/promech-mc.com\/wp-content\/uploads\/2015\/11\/studio_cinematica_4.jpg 1169w\" data-sizes=\"(max-width: 1030px) 100vw, 1030px\" data-rel='gallery-1' data-prev-img='https:\/\/promech-mc.com\/wp-content\/uploads\/2015\/11\/studio_cinematica_4-495x400.jpg' class='lightbox ' data-onclick='4' title='studio_cinematica_4'  itemprop=\"thumbnailUrl\"  ><img loading=\"lazy\" decoding=\"async\" class=\"wp-image-10786 avia-img-lazy-loading-10786\"   src=\"https:\/\/promech-mc.com\/wp-content\/uploads\/2015\/11\/studio_cinematica_4-495x400.jpg\" width=\"495\" height=\"400\"  title='studio_cinematica_4' alt='studio_cinematica_macchinario4' \/><div class='big-prev-fake'><img loading=\"lazy\" decoding=\"async\" class=\"wp-image-10786 avia-img-lazy-loading-10786\"  width=\"495\" height=\"400\" src=\"https:\/\/promech-mc.com\/wp-content\/uploads\/2015\/11\/studio_cinematica_4-495x400.jpg\" title='studio_cinematica_4' alt='studio_cinematica_macchinario4' \/><\/div><\/a><a href=\"https:\/\/promech-mc.com\/wp-content\/uploads\/2015\/11\/studio_cinematica_5.jpg\" data-srcset=\"https:\/\/promech-mc.com\/wp-content\/uploads\/2015\/11\/studio_cinematica_5.jpg 568w, https:\/\/promech-mc.com\/wp-content\/uploads\/2015\/11\/studio_cinematica_5-275x300.jpg 275w, https:\/\/promech-mc.com\/wp-content\/uploads\/2015\/11\/studio_cinematica_5-450x490.jpg 450w\" data-sizes=\"(max-width: 568px) 100vw, 568px\" data-rel='gallery-1' data-prev-img='https:\/\/promech-mc.com\/wp-content\/uploads\/2015\/11\/studio_cinematica_5-495x400.jpg' class='lightbox ' data-onclick='5' title='studio_cinematica_5'  itemprop=\"thumbnailUrl\"  ><img loading=\"lazy\" decoding=\"async\" class=\"wp-image-10787 avia-img-lazy-loading-10787\"   src=\"https:\/\/promech-mc.com\/wp-content\/uploads\/2015\/11\/studio_cinematica_5-495x400.jpg\" width=\"495\" height=\"400\"  title='studio_cinematica_5' alt='studio_cinematica_macchinario5' \/><div class='big-prev-fake'><img loading=\"lazy\" decoding=\"async\" class=\"wp-image-10787 avia-img-lazy-loading-10787\"  width=\"495\" height=\"400\" src=\"https:\/\/promech-mc.com\/wp-content\/uploads\/2015\/11\/studio_cinematica_5-495x400.jpg\" title='studio_cinematica_5' alt='studio_cinematica_macchinario5' \/><\/div><\/a><a href=\"https:\/\/promech-mc.com\/wp-content\/uploads\/2015\/11\/studio_cinematica_6-1030x591.jpg\" data-srcset=\"https:\/\/promech-mc.com\/wp-content\/uploads\/2015\/11\/studio_cinematica_6-1030x591.jpg 1030w, https:\/\/promech-mc.com\/wp-content\/uploads\/2015\/11\/studio_cinematica_6-300x172.jpg 300w, https:\/\/promech-mc.com\/wp-content\/uploads\/2015\/11\/studio_cinematica_6-705x404.jpg 705w, https:\/\/promech-mc.com\/wp-content\/uploads\/2015\/11\/studio_cinematica_6-450x258.jpg 450w, https:\/\/promech-mc.com\/wp-content\/uploads\/2015\/11\/studio_cinematica_6.jpg 1316w\" data-sizes=\"(max-width: 1030px) 100vw, 1030px\" data-rel='gallery-1' data-prev-img='https:\/\/promech-mc.com\/wp-content\/uploads\/2015\/11\/studio_cinematica_6-495x400.jpg' class='lightbox ' data-onclick='6' title='studio_cinematica_6'  itemprop=\"thumbnailUrl\"  ><img loading=\"lazy\" decoding=\"async\" class=\"wp-image-10788 avia-img-lazy-loading-10788\"   src=\"https:\/\/promech-mc.com\/wp-content\/uploads\/2015\/11\/studio_cinematica_6-495x400.jpg\" width=\"495\" height=\"400\"  title='studio_cinematica_6' alt='studio_cinematica_macchinario6' srcset=\"https:\/\/promech-mc.com\/wp-content\/uploads\/2015\/11\/studio_cinematica_6-495x400.jpg 495w, https:\/\/promech-mc.com\/wp-content\/uploads\/2015\/11\/studio_cinematica_6-845x684.jpg 845w\" sizes=\"auto, (max-width: 495px) 100vw, 495px\" \/><div class='big-prev-fake'><img loading=\"lazy\" decoding=\"async\" class=\"wp-image-10788 avia-img-lazy-loading-10788\"  width=\"495\" height=\"400\" src=\"https:\/\/promech-mc.com\/wp-content\/uploads\/2015\/11\/studio_cinematica_6-495x400.jpg\" title='studio_cinematica_6' alt='studio_cinematica_macchinario6' srcset=\"https:\/\/promech-mc.com\/wp-content\/uploads\/2015\/11\/studio_cinematica_6-495x400.jpg 495w, https:\/\/promech-mc.com\/wp-content\/uploads\/2015\/11\/studio_cinematica_6-845x684.jpg 845w\" sizes=\"auto, (max-width: 495px) 100vw, 495px\" \/><\/div><\/a><\/div><\/div><br \/>\n<div  class='avia-button-wrap av-l59fl2z3-a250e543d61dbab95184e85e48a3e954-wrap avia-button-left  avia-builder-el-4  el_after_av_gallery  el_before_av_button '><a href='https:\/\/promech-mc.com\/fr\/developpement-preliminaire-du-projet\/'  class='avia-button av-l59fl2z3-a250e543d61dbab95184e85e48a3e954 avia-icon_select-no avia-size-small avia-position-left avia-color-theme-color'  ><span class='avia_iconbox_title' >Pr\u00e9c\u00e9dent<\/span><\/a><\/div><br \/>\n<div  class='avia-button-wrap av-l59flg2t-82103430c5057c6a1eeda0327ef200fb-wrap avia-button-right  avia-builder-el-5  el_after_av_button  avia-builder-el-last '><a href='https:\/\/promech-mc.com\/fr\/verification-structurelle-avec-lanalyse-fem\/'  class='avia-button av-l59flg2t-82103430c5057c6a1eeda0327ef200fb avia-icon_select-no avia-size-small avia-position-right avia-color-theme-color'  ><span class='avia_iconbox_title' >Suivant<\/span><\/a><\/div><\/p><\/div>\n","protected":false},"excerpt":{"rendered":"","protected":false},"author":1,"featured_media":0,"parent":0,"menu_order":0,"comment_status":"closed","ping_status":"closed","template":"","meta":{"footnotes":""},"class_list":["post-11328","page","type-page","status-publish","hentry"],"_links":{"self":[{"href":"https:\/\/promech-mc.com\/fr\/wp-json\/wp\/v2\/pages\/11328","targetHints":{"allow":["GET"]}}],"collection":[{"href":"https:\/\/promech-mc.com\/fr\/wp-json\/wp\/v2\/pages"}],"about":[{"href":"https:\/\/promech-mc.com\/fr\/wp-json\/wp\/v2\/types\/page"}],"author":[{"embeddable":true,"href":"https:\/\/promech-mc.com\/fr\/wp-json\/wp\/v2\/users\/1"}],"replies":[{"embeddable":true,"href":"https:\/\/promech-mc.com\/fr\/wp-json\/wp\/v2\/comments?post=11328"}],"version-history":[{"count":10,"href":"https:\/\/promech-mc.com\/fr\/wp-json\/wp\/v2\/pages\/11328\/revisions"}],"predecessor-version":[{"id":14875,"href":"https:\/\/promech-mc.com\/fr\/wp-json\/wp\/v2\/pages\/11328\/revisions\/14875"}],"wp:attachment":[{"href":"https:\/\/promech-mc.com\/fr\/wp-json\/wp\/v2\/media?parent=11328"}],"curies":[{"name":"wp","href":"https:\/\/api.w.org\/{rel}","templated":true}]}}