{"id":11325,"date":"2015-11-22T23:18:56","date_gmt":"2015-11-22T22:18:56","guid":{"rendered":"https:\/\/promech-mc.com\/developpement-preliminaire-du-projet\/"},"modified":"2023-04-27T16:09:58","modified_gmt":"2023-04-27T14:09:58","slug":"developpement-preliminaire-du-projet","status":"publish","type":"page","link":"https:\/\/promech-mc.com\/fr\/developpement-preliminaire-du-projet\/","title":{"rendered":"D\u00c9VELOPPEMENT PR\u00c9LIMINAIRE DU PROJET"},"content":{"rendered":"\n<style type=\"text\/css\" data-created_by=\"avia_inline_auto\" id=\"style-css-av-6u41l3-1af1b040e554843fd05bbbf9f486bfee\">\n.flex_column.av-6u41l3-1af1b040e554843fd05bbbf9f486bfee{\n-webkit-border-radius:0px 0px 0px 0px;\n-moz-border-radius:0px 0px 0px 0px;\nborder-radius:0px 0px 0px 0px;\npadding:0px 0px 0px 0px;\n}\n<\/style>\n<div class='flex_column av-6u41l3-1af1b040e554843fd05bbbf9f486bfee av_one_full  avia-builder-el-0  avia-builder-el-no-sibling  first flex_column_div av-zero-column-padding '     ><p>\n<style type=\"text\/css\" data-created_by=\"avia_inline_auto\" id=\"style-css-av-5s50mf-f53821ed445f9f590565e0064e3c440a\">\n#top .av-special-heading.av-5s50mf-f53821ed445f9f590565e0064e3c440a{\npadding-bottom:10px;\n}\nbody .av-special-heading.av-5s50mf-f53821ed445f9f590565e0064e3c440a .av-special-heading-tag .heading-char{\nfont-size:25px;\n}\n.av-special-heading.av-5s50mf-f53821ed445f9f590565e0064e3c440a .av-subheading{\nfont-size:15px;\n}\n<\/style>\n<div  class='av-special-heading av-5s50mf-f53821ed445f9f590565e0064e3c440a av-special-heading-h1  avia-builder-el-1  el_before_av_textblock  avia-builder-el-first '><h1 class='av-special-heading-tag'  itemprop=\"headline\"  >D\u00c9VELOPPEMENT PR\u00c9LIMINAIRE DU PROJET<\/h1><div class=\"special-heading-border\"><div class=\"special-heading-inner-border\"><\/div><\/div><\/div><br \/>\n<section  class='av_textblock_section av-3lrq9j-234fcdcc1b6026bddab68c1bdaceb6f8'  itemscope=\"itemscope\" itemtype=\"https:\/\/schema.org\/CreativeWork\" ><div class='avia_textblock'  itemprop=\"text\" ><p>La <strong>phase de conception pr\u00e9liminaire<\/strong> est fondamentale dans la conception m\u00e9canique des installations et des machines. Au cours de cette phase, le concepteur travaille en \u00e9troite collaboration avec le client pour comprendre <strong>ses priorit\u00e9s et ses exigences, les conditions environnementales et les limitations techniques.<\/strong><\/p>\n<p>En outre, au cours de cette phase, les <strong>objectifs<\/strong> sont fix\u00e9s et la <strong>faisabilit\u00e9<\/strong> du projet est d\u00e9finie en fonction des sp\u00e9cifications et de l&#8217;objectif de co\u00fbt d\u00e9finis avec le client. Une bonne planification \u00e0 ce stade permet <strong>d&#8217;\u00e9viter les retards et les probl\u00e8mes<\/strong> au cours des \u00e9tapes ult\u00e9rieures du projet.<\/p>\n<p>Une fois la phase de conception pr\u00e9liminaire achev\u00e9e, le concepteur sera en mesure de d\u00e9crire <strong>les caract\u00e9ristiques des groupes fonctionnels<\/strong> et d&#8217;identifier les <strong>principaux composants<\/strong>, en d\u00e9finissant <strong>leurs dimensions globales, leurs fonctions sp\u00e9cifiques<\/strong> et en d\u00e9taillant les <strong>connexions \u00e9lectriques, pneumatiques, hydrauliques et m\u00e9caniques<\/strong>. Cette \u00e9tape est cruciale pour la d\u00e9finition de la conception finale et la phase ult\u00e9rieure de d\u00e9veloppement du projet.<\/p>\n<p>La phase de conception pr\u00e9liminaire est une \u00e9tape cruciale dans la conception m\u00e9canique des installations et des machines. Une bonne planification \u00e0 ce stade permet d&#8217;\u00e9viter les retards et les probl\u00e8mes au cours des phases ult\u00e9rieures du projet, garantissant ainsi une efficacit\u00e9 et une fiabilit\u00e9 maximales de la machine ou de l&#8217;installation.<\/p>\n<\/div><\/section><br \/>\n\n<style type=\"text\/css\" data-created_by=\"avia_inline_auto\" id=\"style-css-av-2ckaav-6e2336f9cdddb33090aa04a9a7780f47\">\n#top .avia-gallery.av-2ckaav-6e2336f9cdddb33090aa04a9a7780f47 .avia-gallery-thumb a{\nwidth:50%;\n}\n<\/style>\n<div  class='avia-gallery av-2ckaav-6e2336f9cdddb33090aa04a9a7780f47 avia_animate_when_visible  avia-builder-el-3  el_after_av_textblock  el_before_av_button  avia_lazyload avia-gallery-animate avia-gallery-1'  itemprop=\"image\" itemscope=\"itemscope\" itemtype=\"https:\/\/schema.org\/ImageObject\" ><meta itemprop=\"contentURL\" content=\"https:\/\/promech-mc.com\/fr\/developpement-preliminaire-du-projet\/\"><div class='avia-gallery-thumb'><a href=\"https:\/\/promech-mc.com\/wp-content\/uploads\/2015\/11\/progetto_preliminare_1-1030x671.jpg\" data-srcset=\"https:\/\/promech-mc.com\/wp-content\/uploads\/2015\/11\/progetto_preliminare_1-1030x671.jpg 1030w, https:\/\/promech-mc.com\/wp-content\/uploads\/2015\/11\/progetto_preliminare_1-300x195.jpg 300w, https:\/\/promech-mc.com\/wp-content\/uploads\/2015\/11\/progetto_preliminare_1-705x459.jpg 705w, https:\/\/promech-mc.com\/wp-content\/uploads\/2015\/11\/progetto_preliminare_1-450x293.jpg 450w, https:\/\/promech-mc.com\/wp-content\/uploads\/2015\/11\/progetto_preliminare_1.jpg 1219w\" data-sizes=\"(max-width: 1030px) 100vw, 1030px\" data-rel='gallery-1' data-prev-img='https:\/\/promech-mc.com\/wp-content\/uploads\/2015\/11\/progetto_preliminare_1-495x400.jpg' class='first_thumb lightbox ' data-onclick='1' title='progetto_preliminare_1'  itemprop=\"thumbnailUrl\"  ><img loading=\"lazy\" decoding=\"async\" class=\"wp-image-10781 avia-img-lazy-loading-10781\"   src=\"https:\/\/promech-mc.com\/wp-content\/uploads\/2015\/11\/progetto_preliminare_1-495x400.jpg\" width=\"495\" height=\"400\"  title='progetto_preliminare_1' alt='progetto_preliminare_1' srcset=\"https:\/\/promech-mc.com\/wp-content\/uploads\/2015\/11\/progetto_preliminare_1-495x400.jpg 495w, https:\/\/promech-mc.com\/wp-content\/uploads\/2015\/11\/progetto_preliminare_1-845x684.jpg 845w\" sizes=\"auto, (max-width: 495px) 100vw, 495px\" \/><div class='big-prev-fake'><img loading=\"lazy\" decoding=\"async\" class=\"wp-image-10781 avia-img-lazy-loading-10781\"  width=\"495\" height=\"400\" src=\"https:\/\/promech-mc.com\/wp-content\/uploads\/2015\/11\/progetto_preliminare_1-495x400.jpg\" title='progetto_preliminare_1' alt='progetto_preliminare_1' srcset=\"https:\/\/promech-mc.com\/wp-content\/uploads\/2015\/11\/progetto_preliminare_1-495x400.jpg 495w, https:\/\/promech-mc.com\/wp-content\/uploads\/2015\/11\/progetto_preliminare_1-845x684.jpg 845w\" sizes=\"auto, (max-width: 495px) 100vw, 495px\" \/><\/div><\/a><a href=\"https:\/\/promech-mc.com\/wp-content\/uploads\/2015\/11\/progetto_preliminare_2.jpg\" data-srcset=\"https:\/\/promech-mc.com\/wp-content\/uploads\/2015\/11\/progetto_preliminare_2.jpg 801w, https:\/\/promech-mc.com\/wp-content\/uploads\/2015\/11\/progetto_preliminare_2-300x255.jpg 300w, https:\/\/promech-mc.com\/wp-content\/uploads\/2015\/11\/progetto_preliminare_2-705x599.jpg 705w, https:\/\/promech-mc.com\/wp-content\/uploads\/2015\/11\/progetto_preliminare_2-450x383.jpg 450w\" data-sizes=\"(max-width: 801px) 100vw, 801px\" data-rel='gallery-1' data-prev-img='https:\/\/promech-mc.com\/wp-content\/uploads\/2015\/11\/progetto_preliminare_2-495x400.jpg' class='lightbox ' data-onclick='2' title='progetto_preliminare_2'  itemprop=\"thumbnailUrl\"  ><img loading=\"lazy\" decoding=\"async\" class=\"wp-image-10782 avia-img-lazy-loading-10782\"   src=\"https:\/\/promech-mc.com\/wp-content\/uploads\/2015\/11\/progetto_preliminare_2-495x400.jpg\" width=\"495\" height=\"400\"  title='progetto_preliminare_2' alt='progetto_preliminare_2' \/><div class='big-prev-fake'><img loading=\"lazy\" decoding=\"async\" class=\"wp-image-10782 avia-img-lazy-loading-10782\"  width=\"495\" height=\"400\" src=\"https:\/\/promech-mc.com\/wp-content\/uploads\/2015\/11\/progetto_preliminare_2-495x400.jpg\" title='progetto_preliminare_2' alt='progetto_preliminare_2' \/><\/div><\/a><\/div><\/div><br \/>\n<div  class='avia-button-wrap av-l59fb0q5-3d67b9cfd9c98dbeafe06bb0fa44308f-wrap avia-button-right  avia-builder-el-4  el_after_av_gallery  avia-builder-el-last '><a href='https:\/\/promech-mc.com\/fr\/etude-de-la-cinematique\/'  class='avia-button av-l59fb0q5-3d67b9cfd9c98dbeafe06bb0fa44308f avia-icon_select-no avia-size-small avia-position-right avia-color-theme-color'  ><span class='avia_iconbox_title' >Suivant<\/span><\/a><\/div><\/p><\/div>\n","protected":false},"excerpt":{"rendered":"","protected":false},"author":1,"featured_media":0,"parent":0,"menu_order":0,"comment_status":"closed","ping_status":"closed","template":"","meta":{"footnotes":""},"class_list":["post-11325","page","type-page","status-publish","hentry"],"_links":{"self":[{"href":"https:\/\/promech-mc.com\/fr\/wp-json\/wp\/v2\/pages\/11325","targetHints":{"allow":["GET"]}}],"collection":[{"href":"https:\/\/promech-mc.com\/fr\/wp-json\/wp\/v2\/pages"}],"about":[{"href":"https:\/\/promech-mc.com\/fr\/wp-json\/wp\/v2\/types\/page"}],"author":[{"embeddable":true,"href":"https:\/\/promech-mc.com\/fr\/wp-json\/wp\/v2\/users\/1"}],"replies":[{"embeddable":true,"href":"https:\/\/promech-mc.com\/fr\/wp-json\/wp\/v2\/comments?post=11325"}],"version-history":[{"count":15,"href":"https:\/\/promech-mc.com\/fr\/wp-json\/wp\/v2\/pages\/11325\/revisions"}],"predecessor-version":[{"id":14897,"href":"https:\/\/promech-mc.com\/fr\/wp-json\/wp\/v2\/pages\/11325\/revisions\/14897"}],"wp:attachment":[{"href":"https:\/\/promech-mc.com\/fr\/wp-json\/wp\/v2\/media?parent=11325"}],"curies":[{"name":"wp","href":"https:\/\/api.w.org\/{rel}","templated":true}]}}