{"id":11322,"date":"2015-11-22T23:07:35","date_gmt":"2015-11-22T22:07:35","guid":{"rendered":"https:\/\/promech-mc.com\/machines-pharmaceutiques\/"},"modified":"2024-06-06T13:31:27","modified_gmt":"2024-06-06T11:31:27","slug":"machines-pharmaceutiques","status":"publish","type":"page","link":"https:\/\/promech-mc.com\/fr\/machines-pharmaceutiques\/","title":{"rendered":"Machines pharmaceutiques"},"content":{"rendered":"\n<style type=\"text\/css\" data-created_by=\"avia_inline_auto\" id=\"style-css-av-5eg1pf-ce48ac289b868cc6897a8a60d72bbb1a\">\n.flex_column.av-5eg1pf-ce48ac289b868cc6897a8a60d72bbb1a{\n-webkit-border-radius:0px 0px 0px 0px;\n-moz-border-radius:0px 0px 0px 0px;\nborder-radius:0px 0px 0px 0px;\npadding:0px 0px 0px 0px;\n}\n<\/style>\n<div class='flex_column av-5eg1pf-ce48ac289b868cc6897a8a60d72bbb1a av_one_full  avia-builder-el-0  avia-builder-el-no-sibling  first flex_column_div av-zero-column-padding '     ><p>\n<style type=\"text\/css\" data-created_by=\"avia_inline_auto\" id=\"style-css-av-4nnywz-a82ae259e1fbde586e26efd6b2d60d84\">\n#top .av-special-heading.av-4nnywz-a82ae259e1fbde586e26efd6b2d60d84{\npadding-bottom:10px;\n}\nbody .av-special-heading.av-4nnywz-a82ae259e1fbde586e26efd6b2d60d84 .av-special-heading-tag .heading-char{\nfont-size:25px;\n}\n.av-special-heading.av-4nnywz-a82ae259e1fbde586e26efd6b2d60d84 .av-subheading{\nfont-size:15px;\n}\n<\/style>\n<div  class='av-special-heading av-4nnywz-a82ae259e1fbde586e26efd6b2d60d84 av-special-heading-h1  avia-builder-el-1  el_before_av_textblock  avia-builder-el-first '><h1 class='av-special-heading-tag'  itemprop=\"headline\"  >Machines \u00e0 haute productivit\u00e9 pour les industries pharmaceutiques et cosm\u00e9tiques<\/h1><div class=\"special-heading-border\"><div class=\"special-heading-inner-border\"><\/div><\/div><\/div><br \/>\n<section  class='av_textblock_section av-1yhdub-34e3cf7004b8748e43faf50e147fe5c1'  itemscope=\"itemscope\" itemtype=\"https:\/\/schema.org\/CreativeWork\" ><div class='avia_textblock'  itemprop=\"text\" ><p>Notre exp\u00e9rience dans le domaine des machines pour le secteur pharmaceutique a commenc\u00e9 en 1998, pour des entreprises importantes de la zone de production locale.<\/p>\n<p>Nous nous sommes occup\u00e9s de la conception de remplisseuses de tubes semi-automatiques et automatiques \u00e0 1 ou plusieurs couleurs, simples et doubles, nous avons d\u00e9velopp\u00e9 des syst\u00e8mes de remplissage de diff\u00e9rents types et diff\u00e9rentes solutions de buses pour les p\u00e2tes, les liquides et les cr\u00e8mes.<\/p>\n<p>Dans le m\u00eame domaine, nous avons particip\u00e9 \u00e0 la conception de groupes fonctionnels pour les machines \u00e0 carton.<\/p>\n<p>Nous avons con\u00e7u des lignes de remplissage, de bouchage et de conditionnement de r\u00e9cipients de cr\u00e8me, et d\u00e9velopp\u00e9 des syst\u00e8mes de m\u00e9lange et de transfert avec diff\u00e9rentes technologies de pompage.<\/p>\n<p>Nous avons d\u00e9velopp\u00e9 des machines de formage d&#8217;ampoules, de cartouches et de bouteilles, des unit\u00e9s fonctionnelles pour la manipulation et le traitement des produits form\u00e9s, des syst\u00e8mes de transfert de r\u00e9cipients en verre, des unit\u00e9s de distension, d&#8217;impression, d&#8217;inspection visuelle, de st\u00e9rilisation, de lavage, de siliconage et d&#8217;inspection de seringues.<\/p>\n<p>Nous avons travaill\u00e9 sur des machines pour la conification de r\u00e9cipients en aluminium et en acier, des machines \u00e0 haute productivit\u00e9 pour la production de bouteilles m\u00e9talliques fa\u00e7onn\u00e9es ou de r\u00e9cipients utilis\u00e9s principalement pour les boissons et les cosm\u00e9tiques.<\/p>\n<\/div><\/section><br \/>\n\n<style type=\"text\/css\" data-created_by=\"avia_inline_auto\" id=\"style-css-av-l5gmc1c3-42698c5eda6f95ec651e7aeae4ecffb3\">\n#top .avia-gallery.av-l5gmc1c3-42698c5eda6f95ec651e7aeae4ecffb3 .avia-gallery-thumb a{\nwidth:25%;\n}\n<\/style>\n<div  class='avia-gallery av-l5gmc1c3-42698c5eda6f95ec651e7aeae4ecffb3 avia_animate_when_visible  avia-builder-el-3  el_after_av_textblock  avia-builder-el-last  avia_lazyload avia-gallery-animate avia-gallery-1'  itemprop=\"image\" itemscope=\"itemscope\" itemtype=\"https:\/\/schema.org\/ImageObject\" ><meta itemprop=\"contentURL\" content=\"https:\/\/promech-mc.com\/fr\/machines-pharmaceutiques\/\"><div class='avia-gallery-thumb'><a href=\"https:\/\/promech-mc.com\/wp-content\/uploads\/2022\/07\/Cattura-l.jpg\" data-srcset=\"https:\/\/promech-mc.com\/wp-content\/uploads\/2022\/07\/Cattura-l.jpg 578w, https:\/\/promech-mc.com\/wp-content\/uploads\/2022\/07\/Cattura-l-300x226.jpg 300w\" data-sizes=\"(max-width: 578px) 100vw, 578px\" data-rel='gallery-1' data-prev-img='https:\/\/promech-mc.com\/wp-content\/uploads\/2022\/07\/Cattura-l-495x400.jpg' class='first_thumb lightbox ' data-onclick='1' title='Syringes Shaping Machine'  itemprop=\"thumbnailUrl\"  ><img loading=\"lazy\" decoding=\"async\" class=\"wp-image-11269 avia-img-lazy-loading-11269\"  data-avia-tooltip='Syringes Shaping Machine' src=\"https:\/\/promech-mc.com\/wp-content\/uploads\/2022\/07\/Cattura-l-495x400.jpg\" width=\"495\" height=\"400\"  title='farma_1' alt='macchinari farmaceutici' \/><div class='big-prev-fake'><img loading=\"lazy\" decoding=\"async\" class=\"wp-image-11269 avia-img-lazy-loading-11269\"  width=\"495\" height=\"400\" src=\"https:\/\/promech-mc.com\/wp-content\/uploads\/2022\/07\/Cattura-l-495x400.jpg\" title='farma_1' alt='macchinari farmaceutici' \/><\/div><\/a><a href=\"https:\/\/promech-mc.com\/wp-content\/uploads\/2022\/07\/siliconatrice-25-01-15-1030x586.jpg\" data-srcset=\"https:\/\/promech-mc.com\/wp-content\/uploads\/2022\/07\/siliconatrice-25-01-15-1030x586.jpg 1030w, https:\/\/promech-mc.com\/wp-content\/uploads\/2022\/07\/siliconatrice-25-01-15-300x171.jpg 300w, https:\/\/promech-mc.com\/wp-content\/uploads\/2022\/07\/siliconatrice-25-01-15-768x437.jpg 768w, https:\/\/promech-mc.com\/wp-content\/uploads\/2022\/07\/siliconatrice-25-01-15-1536x874.jpg 1536w, https:\/\/promech-mc.com\/wp-content\/uploads\/2022\/07\/siliconatrice-25-01-15-1500x854.jpg 1500w, https:\/\/promech-mc.com\/wp-content\/uploads\/2022\/07\/siliconatrice-25-01-15-705x401.jpg 705w, https:\/\/promech-mc.com\/wp-content\/uploads\/2022\/07\/siliconatrice-25-01-15.jpg 1608w\" data-sizes=\"(max-width: 1030px) 100vw, 1030px\" data-rel='gallery-1' data-prev-img='https:\/\/promech-mc.com\/wp-content\/uploads\/2022\/07\/siliconatrice-25-01-15-495x400.jpg' class='lightbox ' data-onclick='2' title='Siliconising Machine'  itemprop=\"thumbnailUrl\"  ><img loading=\"lazy\" decoding=\"async\" class=\"wp-image-11270 avia-img-lazy-loading-11270\"  data-avia-tooltip='Siliconising Machine' src=\"https:\/\/promech-mc.com\/wp-content\/uploads\/2022\/07\/siliconatrice-25-01-15-495x400.jpg\" width=\"495\" height=\"400\"  title='siliconatrice' alt='progettazione macchinari farmaceutici' srcset=\"https:\/\/promech-mc.com\/wp-content\/uploads\/2022\/07\/siliconatrice-25-01-15-495x400.jpg 495w, https:\/\/promech-mc.com\/wp-content\/uploads\/2022\/07\/siliconatrice-25-01-15-845x684.jpg 845w\" sizes=\"auto, (max-width: 495px) 100vw, 495px\" \/><div class='big-prev-fake'><img loading=\"lazy\" decoding=\"async\" class=\"wp-image-11270 avia-img-lazy-loading-11270\"  width=\"495\" height=\"400\" src=\"https:\/\/promech-mc.com\/wp-content\/uploads\/2022\/07\/siliconatrice-25-01-15-495x400.jpg\" title='siliconatrice' alt='progettazione macchinari farmaceutici' srcset=\"https:\/\/promech-mc.com\/wp-content\/uploads\/2022\/07\/siliconatrice-25-01-15-495x400.jpg 495w, https:\/\/promech-mc.com\/wp-content\/uploads\/2022\/07\/siliconatrice-25-01-15-845x684.jpg 845w\" sizes=\"auto, (max-width: 495px) 100vw, 495px\" \/><\/div><\/a><a href=\"https:\/\/promech-mc.com\/wp-content\/uploads\/2024\/06\/controllo-dimesionamento6.png\" data-srcset=\"https:\/\/promech-mc.com\/wp-content\/uploads\/2024\/06\/controllo-dimesionamento6.png 473w, https:\/\/promech-mc.com\/wp-content\/uploads\/2024\/06\/controllo-dimesionamento6-300x218.png 300w\" data-sizes=\"(max-width: 473px) 100vw, 473px\" data-rel='gallery-1' data-prev-img='https:\/\/promech-mc.com\/wp-content\/uploads\/2024\/06\/controllo-dimesionamento6.png' class='lightbox ' data-onclick='3' title='Dimensional Control Line'  itemprop=\"thumbnailUrl\"  ><img loading=\"lazy\" decoding=\"async\" class=\"wp-image-15306 avia-img-lazy-loading-15306\"  data-avia-tooltip='Dimensional Control Line' src=\"https:\/\/promech-mc.com\/wp-content\/uploads\/2024\/06\/controllo-dimesionamento6.png\" width=\"473\" height=\"344\"  title='controllo dimesionamento6' alt='' srcset=\"https:\/\/promech-mc.com\/wp-content\/uploads\/2024\/06\/controllo-dimesionamento6.png 473w, https:\/\/promech-mc.com\/wp-content\/uploads\/2024\/06\/controllo-dimesionamento6-300x218.png 300w\" sizes=\"auto, (max-width: 473px) 100vw, 473px\" \/><div class='big-prev-fake'><img loading=\"lazy\" decoding=\"async\" class=\"wp-image-15306 avia-img-lazy-loading-15306\"  width=\"473\" height=\"344\" src=\"https:\/\/promech-mc.com\/wp-content\/uploads\/2024\/06\/controllo-dimesionamento6.png\" title='controllo dimesionamento6' alt='' srcset=\"https:\/\/promech-mc.com\/wp-content\/uploads\/2024\/06\/controllo-dimesionamento6.png 473w, https:\/\/promech-mc.com\/wp-content\/uploads\/2024\/06\/controllo-dimesionamento6-300x218.png 300w\" sizes=\"auto, (max-width: 473px) 100vw, 473px\" \/><\/div><\/a><a href=\"https:\/\/promech-mc.com\/wp-content\/uploads\/2024\/06\/controllo-dimensioni.png\" data-srcset=\"https:\/\/promech-mc.com\/wp-content\/uploads\/2024\/06\/controllo-dimensioni.png 550w, https:\/\/promech-mc.com\/wp-content\/uploads\/2024\/06\/controllo-dimensioni-300x190.png 300w\" data-sizes=\"(max-width: 550px) 100vw, 550px\" data-rel='gallery-1' data-prev-img='https:\/\/promech-mc.com\/wp-content\/uploads\/2024\/06\/controllo-dimensioni-495x349.png' class='lightbox ' data-onclick='4' title='Dimensional Control Line'  itemprop=\"thumbnailUrl\"  ><img loading=\"lazy\" decoding=\"async\" class=\"wp-image-15310 avia-img-lazy-loading-15310\"  data-avia-tooltip='Dimensional Control Line' src=\"https:\/\/promech-mc.com\/wp-content\/uploads\/2024\/06\/controllo-dimensioni-495x349.png\" width=\"495\" height=\"349\"  title='controllo dimensioni' alt='' \/><div class='big-prev-fake'><img loading=\"lazy\" decoding=\"async\" class=\"wp-image-15310 avia-img-lazy-loading-15310\"  width=\"495\" height=\"349\" src=\"https:\/\/promech-mc.com\/wp-content\/uploads\/2024\/06\/controllo-dimensioni-495x349.png\" title='controllo dimensioni' alt='' \/><\/div><\/a><\/div><\/div><\/p><\/div>\n","protected":false},"excerpt":{"rendered":"","protected":false},"author":1,"featured_media":0,"parent":0,"menu_order":0,"comment_status":"closed","ping_status":"closed","template":"","meta":{"footnotes":""},"class_list":["post-11322","page","type-page","status-publish","hentry"],"_links":{"self":[{"href":"https:\/\/promech-mc.com\/fr\/wp-json\/wp\/v2\/pages\/11322","targetHints":{"allow":["GET"]}}],"collection":[{"href":"https:\/\/promech-mc.com\/fr\/wp-json\/wp\/v2\/pages"}],"about":[{"href":"https:\/\/promech-mc.com\/fr\/wp-json\/wp\/v2\/types\/page"}],"author":[{"embeddable":true,"href":"https:\/\/promech-mc.com\/fr\/wp-json\/wp\/v2\/users\/1"}],"replies":[{"embeddable":true,"href":"https:\/\/promech-mc.com\/fr\/wp-json\/wp\/v2\/comments?post=11322"}],"version-history":[{"count":10,"href":"https:\/\/promech-mc.com\/fr\/wp-json\/wp\/v2\/pages\/11322\/revisions"}],"predecessor-version":[{"id":15319,"href":"https:\/\/promech-mc.com\/fr\/wp-json\/wp\/v2\/pages\/11322\/revisions\/15319"}],"wp:attachment":[{"href":"https:\/\/promech-mc.com\/fr\/wp-json\/wp\/v2\/media?parent=11322"}],"curies":[{"name":"wp","href":"https:\/\/api.w.org\/{rel}","templated":true}]}}