{"id":11319,"date":"2015-11-22T23:03:59","date_gmt":"2015-11-22T22:03:59","guid":{"rendered":"https:\/\/promech-mc.com\/machines-medicales\/"},"modified":"2023-04-27T15:20:12","modified_gmt":"2023-04-27T13:20:12","slug":"machines-medicales","status":"publish","type":"page","link":"https:\/\/promech-mc.com\/fr\/machines-medicales\/","title":{"rendered":"Machines m\u00e9dicales"},"content":{"rendered":"\n<style type=\"text\/css\" data-created_by=\"avia_inline_auto\" id=\"style-css-av-5sq8i7-08d6923df30300cbe8e0b225c0541f24\">\n.flex_column.av-5sq8i7-08d6923df30300cbe8e0b225c0541f24{\n-webkit-border-radius:0px 0px 0px 0px;\n-moz-border-radius:0px 0px 0px 0px;\nborder-radius:0px 0px 0px 0px;\npadding:0px 0px 0px 0px;\n}\n<\/style>\n<div class='flex_column av-5sq8i7-08d6923df30300cbe8e0b225c0541f24 av_one_full  avia-builder-el-0  avia-builder-el-no-sibling  first flex_column_div av-zero-column-padding '     ><p>\n<style type=\"text\/css\" data-created_by=\"avia_inline_auto\" id=\"style-css-av-435su7-2a63478a7a3c2561dae06f151d6d194e\">\n#top .av-special-heading.av-435su7-2a63478a7a3c2561dae06f151d6d194e{\npadding-bottom:10px;\n}\nbody .av-special-heading.av-435su7-2a63478a7a3c2561dae06f151d6d194e .av-special-heading-tag .heading-char{\nfont-size:25px;\n}\n.av-special-heading.av-435su7-2a63478a7a3c2561dae06f151d6d194e .av-subheading{\nfont-size:15px;\n}\n<\/style>\n<div  class='av-special-heading av-435su7-2a63478a7a3c2561dae06f151d6d194e av-special-heading-h1  avia-builder-el-1  el_before_av_textblock  avia-builder-el-first '><h1 class='av-special-heading-tag'  itemprop=\"headline\"  >Machines m\u00e9dicales<\/h1><div class=\"special-heading-border\"><div class=\"special-heading-inner-border\"><\/div><\/div><\/div><br \/>\n<section  class='av_textblock_section av-9rta7-fe7d2009e74450f104be0d3badd8531e'  itemscope=\"itemscope\" itemtype=\"https:\/\/schema.org\/CreativeWork\" ><div class='avia_textblock'  itemprop=\"text\" ><p>Au fil des ans, notre soci\u00e9t\u00e9 a \u00e9tabli des collaborations importantes avec plusieurs entreprises actives dans le secteur m\u00e9dical. Gr\u00e2ce \u00e0 notre exp\u00e9rience dans la conception de machines m\u00e9dicales, nous avons pu concevoir diff\u00e9rents dispositifs m\u00e9dicaux qui r\u00e9pondent aux besoins des professionnels et des institutions de sant\u00e9.<\/p>\n<p>Nous nous sommes concentr\u00e9s sur le d\u00e9veloppement de syst\u00e8mes manuels et automatiques pour le traitement rapide des tissus, en utilisant des syst\u00e8mes conventionnels et \u00e0 micro-ondes. Notre \u00e9quipe a con\u00e7u avec succ\u00e8s des machines de traitement des tissus avec cong\u00e9lation ultra-rapide, des machines de coloration et des machines de traitement des lames, qui ont acquis une grande popularit\u00e9 dans l&#8217;industrie.<\/p>\n<p>En outre, nous avons cr\u00e9\u00e9 des machines, des appareils et des zones de travail id\u00e9aux pour le traitement pr\u00e9-analytique des tissus. Nos syst\u00e8mes sont con\u00e7us pour assurer un scellage sous vide pr\u00e9cis des \u00e9chantillons, avec ou sans distribution de fixateur.<br \/>\nPour enrichir notre offre, nous avons \u00e9galement d\u00e9velopp\u00e9 des syst\u00e8mes d&#8217;acquisition de donn\u00e9es et d&#8217;images adapt\u00e9s aux applications m\u00e9dicales et am\u00e9nag\u00e9 des espaces de travail pour la pr\u00e9paration des \u00e9chantillons et l&#8217;acquisition des images. Nous avons \u00e9galement con\u00e7u des \u00e9quipements pour la manipulation des cassettes de biopsie et des groupes fonctionnels d&#8217;unit\u00e9s mobiles de radiologie.<\/p>\n<p>L&#8217;attention constante que nous portons \u00e0 la conception de machines m\u00e9dicales nous a permis de devenir un partenaire de confiance pour les prestataires de soins de sant\u00e9. Nous restons d\u00e9termin\u00e9s \u00e0 fournir des solutions qui r\u00e9pondent aux besoins \u00e9volutifs du secteur m\u00e9dical.<\/p>\n<\/div><\/section><br \/>\n\n<style type=\"text\/css\" data-created_by=\"avia_inline_auto\" id=\"style-css-av-l59kgxj6-1278cd81917acfc3fd7b9eb3d72a63e3\">\n#top .avia-gallery.av-l59kgxj6-1278cd81917acfc3fd7b9eb3d72a63e3 .avia-gallery-thumb a{\nwidth:25%;\n}\n<\/style>\n<div  class='avia-gallery av-l59kgxj6-1278cd81917acfc3fd7b9eb3d72a63e3 avia_animate_when_visible  avia-builder-el-3  el_after_av_textblock  avia-builder-el-last  avia_lazyload avia-gallery-animate avia-gallery-1'  itemprop=\"image\" itemscope=\"itemscope\" itemtype=\"https:\/\/schema.org\/ImageObject\" ><meta itemprop=\"contentURL\" content=\"https:\/\/promech-mc.com\/fr\/machines-medicales\/\"><div class='avia-gallery-thumb'><a href=\"https:\/\/promech-mc.com\/wp-content\/uploads\/2022\/07\/rx.jpg\" data-srcset=\"https:\/\/promech-mc.com\/wp-content\/uploads\/2022\/07\/rx.jpg 597w, https:\/\/promech-mc.com\/wp-content\/uploads\/2022\/07\/rx-251x300.jpg 251w, https:\/\/promech-mc.com\/wp-content\/uploads\/2022\/07\/rx-589x705.jpg 589w\" data-sizes=\"(max-width: 597px) 100vw, 597px\" data-rel='gallery-1' data-prev-img='https:\/\/promech-mc.com\/wp-content\/uploads\/2022\/07\/rx-495x400.jpg' class='first_thumb lightbox ' data-onclick='1' title='C-Arm for Radiography'  itemprop=\"thumbnailUrl\"  ><img loading=\"lazy\" decoding=\"async\" class=\"wp-image-11273 avia-img-lazy-loading-11273\"  data-avia-tooltip='C-Arm for Radiography' src=\"https:\/\/promech-mc.com\/wp-content\/uploads\/2022\/07\/rx-495x400.jpg\" width=\"495\" height=\"400\"  title='Medicale_3' alt='braccio radiografia' \/><div class='big-prev-fake'><img loading=\"lazy\" decoding=\"async\" class=\"wp-image-11273 avia-img-lazy-loading-11273\"  width=\"495\" height=\"400\" src=\"https:\/\/promech-mc.com\/wp-content\/uploads\/2022\/07\/rx-495x400.jpg\" title='Medicale_3' alt='braccio radiografia' \/><\/div><\/a><a href=\"https:\/\/promech-mc.com\/wp-content\/uploads\/2022\/07\/image-1.jpg\" data-srcset=\"https:\/\/promech-mc.com\/wp-content\/uploads\/2022\/07\/image-1.jpg 430w, https:\/\/promech-mc.com\/wp-content\/uploads\/2022\/07\/image-1-300x290.jpg 300w, https:\/\/promech-mc.com\/wp-content\/uploads\/2022\/07\/image-1-36x36.jpg 36w\" data-sizes=\"(max-width: 430px) 100vw, 430px\" data-rel='gallery-1' data-prev-img='https:\/\/promech-mc.com\/wp-content\/uploads\/2022\/07\/image-1-430x400.jpg' class='lightbox ' data-onclick='2' title='settore medico'  itemprop=\"thumbnailUrl\"  ><img loading=\"lazy\" decoding=\"async\" class=\"wp-image-11282 avia-img-lazy-loading-11282\"   src=\"https:\/\/promech-mc.com\/wp-content\/uploads\/2022\/07\/image-1-430x400.jpg\" width=\"430\" height=\"400\"  title='settore medico' alt='settore medico' \/><div class='big-prev-fake'><img loading=\"lazy\" decoding=\"async\" class=\"wp-image-11282 avia-img-lazy-loading-11282\"  width=\"430\" height=\"400\" src=\"https:\/\/promech-mc.com\/wp-content\/uploads\/2022\/07\/image-1-430x400.jpg\" title='settore medico' alt='settore medico' \/><\/div><\/a><a href=\"https:\/\/promech-mc.com\/wp-content\/uploads\/2022\/07\/image-2-1.jpg\" data-srcset=\"https:\/\/promech-mc.com\/wp-content\/uploads\/2022\/07\/image-2-1.jpg 256w, https:\/\/promech-mc.com\/wp-content\/uploads\/2022\/07\/image-2-1-176x300.jpg 176w\" data-sizes=\"(max-width: 256px) 100vw, 256px\" data-rel='gallery-1' data-prev-img='https:\/\/promech-mc.com\/wp-content\/uploads\/2022\/07\/image-2-1-256x400.jpg' class='lightbox ' data-onclick='3' title='Automatic Histological Processor'  itemprop=\"thumbnailUrl\"  ><img loading=\"lazy\" decoding=\"async\" class=\"wp-image-11287 avia-img-lazy-loading-11287\"  data-avia-tooltip='Automatic Histological Processor' src=\"https:\/\/promech-mc.com\/wp-content\/uploads\/2022\/07\/image-2-1-256x400.jpg\" width=\"256\" height=\"400\"  title='settore medico 2' alt='macchinari settore medico' \/><div class='big-prev-fake'><img loading=\"lazy\" decoding=\"async\" class=\"wp-image-11287 avia-img-lazy-loading-11287\"  width=\"256\" height=\"400\" src=\"https:\/\/promech-mc.com\/wp-content\/uploads\/2022\/07\/image-2-1-256x400.jpg\" title='settore medico 2' alt='macchinari settore medico' \/><\/div><\/a><a href=\"https:\/\/promech-mc.com\/wp-content\/uploads\/2022\/07\/image-3.jpg\" data-srcset=\"https:\/\/promech-mc.com\/wp-content\/uploads\/2022\/07\/image-3.jpg 319w, https:\/\/promech-mc.com\/wp-content\/uploads\/2022\/07\/image-3-187x300.jpg 187w\" data-sizes=\"(max-width: 319px) 100vw, 319px\" data-rel='gallery-1' data-prev-img='https:\/\/promech-mc.com\/wp-content\/uploads\/2022\/07\/image-3-319x400.jpg' class='lightbox ' data-onclick='4' title='Automatic Histological Processor'  itemprop=\"thumbnailUrl\"  ><img loading=\"lazy\" decoding=\"async\" class=\"wp-image-11288 avia-img-lazy-loading-11288\"  data-avia-tooltip='Automatic Histological Processor' src=\"https:\/\/promech-mc.com\/wp-content\/uploads\/2022\/07\/image-3-319x400.jpg\" width=\"319\" height=\"400\"  title='Settore medico 3' alt='progettazione macchinari settore medico' \/><div class='big-prev-fake'><img loading=\"lazy\" decoding=\"async\" class=\"wp-image-11288 avia-img-lazy-loading-11288\"  width=\"319\" height=\"400\" src=\"https:\/\/promech-mc.com\/wp-content\/uploads\/2022\/07\/image-3-319x400.jpg\" title='Settore medico 3' alt='progettazione macchinari settore medico' \/><\/div><\/a><\/div><\/div><\/p><\/div>\n","protected":false},"excerpt":{"rendered":"","protected":false},"author":1,"featured_media":0,"parent":0,"menu_order":0,"comment_status":"closed","ping_status":"closed","template":"","meta":{"footnotes":""},"class_list":["post-11319","page","type-page","status-publish","hentry"],"_links":{"self":[{"href":"https:\/\/promech-mc.com\/fr\/wp-json\/wp\/v2\/pages\/11319","targetHints":{"allow":["GET"]}}],"collection":[{"href":"https:\/\/promech-mc.com\/fr\/wp-json\/wp\/v2\/pages"}],"about":[{"href":"https:\/\/promech-mc.com\/fr\/wp-json\/wp\/v2\/types\/page"}],"author":[{"embeddable":true,"href":"https:\/\/promech-mc.com\/fr\/wp-json\/wp\/v2\/users\/1"}],"replies":[{"embeddable":true,"href":"https:\/\/promech-mc.com\/fr\/wp-json\/wp\/v2\/comments?post=11319"}],"version-history":[{"count":10,"href":"https:\/\/promech-mc.com\/fr\/wp-json\/wp\/v2\/pages\/11319\/revisions"}],"predecessor-version":[{"id":14863,"href":"https:\/\/promech-mc.com\/fr\/wp-json\/wp\/v2\/pages\/11319\/revisions\/14863"}],"wp:attachment":[{"href":"https:\/\/promech-mc.com\/fr\/wp-json\/wp\/v2\/media?parent=11319"}],"curies":[{"name":"wp","href":"https:\/\/api.w.org\/{rel}","templated":true}]}}