{"id":11316,"date":"2015-11-22T23:02:03","date_gmt":"2015-11-22T22:02:03","guid":{"rendered":"https:\/\/promech-mc.com\/energie-et-installations\/"},"modified":"2023-04-27T14:55:31","modified_gmt":"2023-04-27T12:55:31","slug":"energie-et-installations","status":"publish","type":"page","link":"https:\/\/promech-mc.com\/fr\/energie-et-installations\/","title":{"rendered":"\u00c9nergie et installations"},"content":{"rendered":"\n<style type=\"text\/css\" data-created_by=\"avia_inline_auto\" id=\"style-css-av-5tcb97-1067e493d5559aaa95cebbe0c28a7fcd\">\n.flex_column.av-5tcb97-1067e493d5559aaa95cebbe0c28a7fcd{\n-webkit-border-radius:0px 0px 0px 0px;\n-moz-border-radius:0px 0px 0px 0px;\nborder-radius:0px 0px 0px 0px;\npadding:0px 0px 0px 0px;\n}\n<\/style>\n<div class='flex_column av-5tcb97-1067e493d5559aaa95cebbe0c28a7fcd av_one_full  avia-builder-el-0  el_before_av_textblock  avia-builder-el-first  first flex_column_div av-zero-column-padding '     ><style type=\"text\/css\" data-created_by=\"avia_inline_auto\" id=\"style-css-av-3y5rcr-08b731059de725a779999c7b9422b27d\">\n#top .av-special-heading.av-3y5rcr-08b731059de725a779999c7b9422b27d{\npadding-bottom:10px;\n}\nbody .av-special-heading.av-3y5rcr-08b731059de725a779999c7b9422b27d .av-special-heading-tag .heading-char{\nfont-size:25px;\n}\n.av-special-heading.av-3y5rcr-08b731059de725a779999c7b9422b27d .av-subheading{\nfont-size:15px;\n}\n<\/style>\n<div  class='av-special-heading av-3y5rcr-08b731059de725a779999c7b9422b27d av-special-heading-h1  avia-builder-el-1  avia-builder-el-no-sibling '><h1 class='av-special-heading-tag'  itemprop=\"headline\"  >\u00c9nergie et installations<\/h1><div class=\"special-heading-border\"><div class=\"special-heading-inner-border\"><\/div><\/div><\/div><\/div>\n<section  class='av_textblock_section av-31i4tn-80d4d2729aee569ffe65ec2b0f146ac5'  itemscope=\"itemscope\" itemtype=\"https:\/\/schema.org\/CreativeWork\" ><div class='avia_textblock'  itemprop=\"text\" ><p>Promech MC a de l&#8217;exp\u00e9rience dans la conception de diverses applications pour le secteur de l&#8217;\u00e9nergie, les installations p\u00e9troli\u00e8res et gazi\u00e8res, les machines \u00e0 creuser des tranch\u00e9es pour la pose de c\u00e2bles et de tuyaux, et les machines pour la pose de c\u00e2bles \u00e0 haute tension.<\/p>\n<h3 class=\"western\">Installations p\u00e9troli\u00e8res et gazi\u00e8res<\/h3>\n<p align=\"LEFT\">Au fil des ans, notre exp\u00e9rience dans la conception de skids pour les applications p\u00e9troli\u00e8res et gazi\u00e8res offshore et onshore s&#8217;est consid\u00e9rablement accrue. Notre \u00e9quipe a con\u00e7u et mis en \u0153uvre avec succ\u00e8s de nombreux skids qui font partie int\u00e9grante du bon fonctionnement des installations p\u00e9troli\u00e8res et gazi\u00e8res.<\/p>\n<p align=\"LEFT\">Ces skids peuvent \u00eatre utilis\u00e9s \u00e0 des fins tr\u00e8s diverses, notamment pour le traitement, la filtration et l&#8217;\u00e9chantillonnage de milieux gazeux et liquides. Nos skids sont con\u00e7us en fonction des besoins sp\u00e9cifiques de nos clients et nous veillons \u00e0 ce que chaque patin soit adapt\u00e9 \u00e0 leurs exigences particuli\u00e8res. Notre exp\u00e9rience et nos connaissances dans ce domaine nous permettent de concevoir des patins non seulement efficaces, mais aussi rentables.<\/p>\n<p align=\"LEFT\">En mettant l&#8217;accent sur la s\u00e9curit\u00e9 et la fiabilit\u00e9, nous travaillons en \u00e9troite collaboration avec nos clients pour nous assurer que chaque patin est con\u00e7u selon les normes les plus strictes. Notre \u00e9quipe d&#8217;experts utilise les derni\u00e8res technologies et les meilleures pratiques pour s&#8217;assurer que nos patins sont con\u00e7us pour r\u00e9sister aux environnements les plus difficiles.<\/p>\n<p align=\"LEFT\">Qu&#8217;il s&#8217;agisse d&#8217;un nouveau skid ou de la modification d&#8217;un skid existant, notre \u00e9quipe de professionnels qualifi\u00e9s peut concevoir des skids qui r\u00e9pondent aux normes les plus strictes en mati\u00e8re de qualit\u00e9 et de fiabilit\u00e9. Notre engagement en faveur de l&#8217;innovation et de l&#8217;excellence nous distingue en tant que leader dans le domaine de la conception de patins pour les installations p\u00e9troli\u00e8res et gazi\u00e8res.<\/p>\n<h3 class=\"western\">Cordage des c\u00e2bles<\/h3>\n<p>Une partie importante des ressources de notre entreprise est consacr\u00e9e \u00e0 la conception m\u00e9canique de machines pour le tirage de c\u00e2bles \u00e0 haute tension. Notre \u00e9quipe a particip\u00e9 activement \u00e0 la conception et au d\u00e9veloppement de diverses machines, assemblages et installations qui facilitent le tirage de c\u00e2bles \u00e0 haute tension.<br \/>\nNous avons d\u00e9velopp\u00e9 une large gamme d&#8217;\u00e9quipements, y compris des treuils, des freins, des dispositifs statiques et autopropuls\u00e9s, tous con\u00e7us pour r\u00e9pondre aux exigences uniques de l&#8217;industrie. Notre contribution \u00e0 la construction de wagons \u00e9quip\u00e9s pour l&#8217;\u00e9lectrification des lignes ferroviaires t\u00e9moigne de notre engagement en faveur de l&#8217;innovation et de l&#8217;excellence dans la conception m\u00e9canique.<br \/>\nNotre \u00e9quipe d&#8217;experts poss\u00e8de les connaissances et l&#8217;exp\u00e9rience n\u00e9cessaires pour fournir des solutions de pointe aux d\u00e9fis les plus complexes dans le domaine des machines pour c\u00e2bles \u00e0 haute tension. Notre d\u00e9vouement constant \u00e0 cette industrie a fait de nous un partenaire fiable pour nos clients et nous continuons \u00e0 investir dans la recherche et le d\u00e9veloppement pour rester \u00e0 la pointe du progr\u00e8s.<\/p>\n<h3 class=\"western\">Trencher<\/h3>\n<p>Nous avons con\u00e7u et particip\u00e9 au d\u00e9veloppement d&#8217;unit\u00e9s de tranchage pour l&#8217;excavation de tranch\u00e9es ; nous avons d\u00e9velopp\u00e9 plusieurs unit\u00e9s de tranchage, des accessoires et des bandes transporteuses pour les mat\u00e9riaux r\u00e9cup\u00e9r\u00e9s.<br \/>\nNous avons particip\u00e9 au d\u00e9veloppement de conduits de refoulement pour les turbog\u00e9n\u00e9rateurs.<\/p>\n<\/div><\/section>\n\n<style type=\"text\/css\" data-created_by=\"avia_inline_auto\" id=\"style-css-av-l59kcow1-b7b6436cd20b369a229a9ec4a6baea7c\">\n#top .avia-gallery.av-l59kcow1-b7b6436cd20b369a229a9ec4a6baea7c .avia-gallery-thumb a{\nwidth:25%;\n}\n<\/style>\n<div  class='avia-gallery av-l59kcow1-b7b6436cd20b369a229a9ec4a6baea7c avia_animate_when_visible  avia-builder-el-3  el_after_av_textblock  avia-builder-el-last  avia_lazyload avia-gallery-animate avia-gallery-1'  itemprop=\"image\" itemscope=\"itemscope\" itemtype=\"https:\/\/schema.org\/ImageObject\" ><meta itemprop=\"contentURL\" content=\"https:\/\/promech-mc.com\/fr\/energie-et-installations\/\"><div class='avia-gallery-thumb'><a href=\"https:\/\/promech-mc.com\/wp-content\/uploads\/2022\/07\/Skia-040020-1030x457.jpg\" data-srcset=\"https:\/\/promech-mc.com\/wp-content\/uploads\/2022\/07\/Skia-040020-1030x457.jpg 1030w, https:\/\/promech-mc.com\/wp-content\/uploads\/2022\/07\/Skia-040020-300x133.jpg 300w, https:\/\/promech-mc.com\/wp-content\/uploads\/2022\/07\/Skia-040020-768x341.jpg 768w, https:\/\/promech-mc.com\/wp-content\/uploads\/2022\/07\/Skia-040020-1536x681.jpg 1536w, https:\/\/promech-mc.com\/wp-content\/uploads\/2022\/07\/Skia-040020-1500x665.jpg 1500w, https:\/\/promech-mc.com\/wp-content\/uploads\/2022\/07\/Skia-040020-705x313.jpg 705w, https:\/\/promech-mc.com\/wp-content\/uploads\/2022\/07\/Skia-040020.jpg 1862w\" data-sizes=\"(max-width: 1030px) 100vw, 1030px\" data-rel='gallery-1' data-prev-img='https:\/\/promech-mc.com\/wp-content\/uploads\/2022\/07\/Skia-040020-495x400.jpg' class='first_thumb lightbox ' data-onclick='1' title='Skid '  itemprop=\"thumbnailUrl\"  ><img loading=\"lazy\" decoding=\"async\" class=\"wp-image-11267 avia-img-lazy-loading-11267\"  data-avia-tooltip='Skid ' src=\"https:\/\/promech-mc.com\/wp-content\/uploads\/2022\/07\/Skia-040020-495x400.jpg\" width=\"495\" height=\"400\"  title='Energia_3' alt='skid oil &amp; gas' srcset=\"https:\/\/promech-mc.com\/wp-content\/uploads\/2022\/07\/Skia-040020-495x400.jpg 495w, https:\/\/promech-mc.com\/wp-content\/uploads\/2022\/07\/Skia-040020-845x684.jpg 845w\" sizes=\"auto, (max-width: 495px) 100vw, 495px\" \/><div class='big-prev-fake'><img loading=\"lazy\" decoding=\"async\" class=\"wp-image-11267 avia-img-lazy-loading-11267\"  width=\"495\" height=\"400\" src=\"https:\/\/promech-mc.com\/wp-content\/uploads\/2022\/07\/Skia-040020-495x400.jpg\" title='Energia_3' alt='skid oil &amp; gas' srcset=\"https:\/\/promech-mc.com\/wp-content\/uploads\/2022\/07\/Skia-040020-495x400.jpg 495w, https:\/\/promech-mc.com\/wp-content\/uploads\/2022\/07\/Skia-040020-845x684.jpg 845w\" sizes=\"auto, (max-width: 495px) 100vw, 495px\" \/><\/div><\/a><a href=\"https:\/\/promech-mc.com\/wp-content\/uploads\/2022\/07\/Gruppo-compressore-skia-055.20.png\" data-srcset=\"https:\/\/promech-mc.com\/wp-content\/uploads\/2022\/07\/Gruppo-compressore-skia-055.20.png 660w, https:\/\/promech-mc.com\/wp-content\/uploads\/2022\/07\/Gruppo-compressore-skia-055.20-300x297.png 300w, https:\/\/promech-mc.com\/wp-content\/uploads\/2022\/07\/Gruppo-compressore-skia-055.20-80x80.png 80w, https:\/\/promech-mc.com\/wp-content\/uploads\/2022\/07\/Gruppo-compressore-skia-055.20-36x36.png 36w\" data-sizes=\"(max-width: 660px) 100vw, 660px\" data-rel='gallery-1' data-prev-img='https:\/\/promech-mc.com\/wp-content\/uploads\/2022\/07\/Gruppo-compressore-skia-055.20-495x400.png' class='lightbox ' data-onclick='2' title='Skid Compressor'  itemprop=\"thumbnailUrl\"  ><img loading=\"lazy\" decoding=\"async\" class=\"wp-image-11266 avia-img-lazy-loading-11266\"  data-avia-tooltip='Skid Compressor' src=\"https:\/\/promech-mc.com\/wp-content\/uploads\/2022\/07\/Gruppo-compressore-skia-055.20-495x400.png\" width=\"495\" height=\"400\"  title='Energia_2' alt='Gruppo compressore skid' \/><div class='big-prev-fake'><img loading=\"lazy\" decoding=\"async\" class=\"wp-image-11266 avia-img-lazy-loading-11266\"  width=\"495\" height=\"400\" src=\"https:\/\/promech-mc.com\/wp-content\/uploads\/2022\/07\/Gruppo-compressore-skia-055.20-495x400.png\" title='Energia_2' alt='Gruppo compressore skid' \/><\/div><\/a><a href=\"https:\/\/promech-mc.com\/wp-content\/uploads\/2022\/07\/image.jpg\" data-srcset=\"https:\/\/promech-mc.com\/wp-content\/uploads\/2022\/07\/image.jpg 447w, https:\/\/promech-mc.com\/wp-content\/uploads\/2022\/07\/image-300x237.jpg 300w\" data-sizes=\"(max-width: 447px) 100vw, 447px\" data-rel='gallery-1' data-prev-img='https:\/\/promech-mc.com\/wp-content\/uploads\/2022\/07\/image.jpg' class='lightbox ' data-onclick='3' title='Skid Compressor'  itemprop=\"thumbnailUrl\"  ><img loading=\"lazy\" decoding=\"async\" class=\"wp-image-11283 avia-img-lazy-loading-11283\"  data-avia-tooltip='Skid Compressor' src=\"https:\/\/promech-mc.com\/wp-content\/uploads\/2022\/07\/image.jpg\" width=\"447\" height=\"353\"  title='settore energetico' alt='impianti oli &amp; gas' srcset=\"https:\/\/promech-mc.com\/wp-content\/uploads\/2022\/07\/image.jpg 447w, https:\/\/promech-mc.com\/wp-content\/uploads\/2022\/07\/image-300x237.jpg 300w\" sizes=\"auto, (max-width: 447px) 100vw, 447px\" \/><div class='big-prev-fake'><img loading=\"lazy\" decoding=\"async\" class=\"wp-image-11283 avia-img-lazy-loading-11283\"  width=\"447\" height=\"353\" src=\"https:\/\/promech-mc.com\/wp-content\/uploads\/2022\/07\/image.jpg\" title='settore energetico' alt='impianti oli &amp; gas' srcset=\"https:\/\/promech-mc.com\/wp-content\/uploads\/2022\/07\/image.jpg 447w, https:\/\/promech-mc.com\/wp-content\/uploads\/2022\/07\/image-300x237.jpg 300w\" sizes=\"auto, (max-width: 447px) 100vw, 447px\" \/><\/div><\/a><a href=\"https:\/\/promech-mc.com\/wp-content\/uploads\/2022\/07\/image-1-2.jpg\" data-srcset=\"https:\/\/promech-mc.com\/wp-content\/uploads\/2022\/07\/image-1-2.jpg 565w, https:\/\/promech-mc.com\/wp-content\/uploads\/2022\/07\/image-1-2-300x199.jpg 300w\" data-sizes=\"(max-width: 565px) 100vw, 565px\" data-rel='gallery-1' data-prev-img='https:\/\/promech-mc.com\/wp-content\/uploads\/2022\/07\/image-1-2-495x374.jpg' class='lightbox ' data-onclick='4' title='Skid Compressor'  itemprop=\"thumbnailUrl\"  ><img loading=\"lazy\" decoding=\"async\" class=\"wp-image-11285 avia-img-lazy-loading-11285\"  data-avia-tooltip='Skid Compressor' src=\"https:\/\/promech-mc.com\/wp-content\/uploads\/2022\/07\/image-1-2-495x374.jpg\" width=\"495\" height=\"374\"  title='settore energia 2' alt='impianti oil &amp; gas' \/><div class='big-prev-fake'><img loading=\"lazy\" decoding=\"async\" class=\"wp-image-11285 avia-img-lazy-loading-11285\"  width=\"495\" height=\"374\" src=\"https:\/\/promech-mc.com\/wp-content\/uploads\/2022\/07\/image-1-2-495x374.jpg\" title='settore energia 2' alt='impianti oil &amp; gas' \/><\/div><\/a><\/div><\/div>\n","protected":false},"excerpt":{"rendered":"","protected":false},"author":1,"featured_media":0,"parent":0,"menu_order":0,"comment_status":"closed","ping_status":"closed","template":"","meta":{"footnotes":""},"class_list":["post-11316","page","type-page","status-publish","hentry"],"_links":{"self":[{"href":"https:\/\/promech-mc.com\/fr\/wp-json\/wp\/v2\/pages\/11316","targetHints":{"allow":["GET"]}}],"collection":[{"href":"https:\/\/promech-mc.com\/fr\/wp-json\/wp\/v2\/pages"}],"about":[{"href":"https:\/\/promech-mc.com\/fr\/wp-json\/wp\/v2\/types\/page"}],"author":[{"embeddable":true,"href":"https:\/\/promech-mc.com\/fr\/wp-json\/wp\/v2\/users\/1"}],"replies":[{"embeddable":true,"href":"https:\/\/promech-mc.com\/fr\/wp-json\/wp\/v2\/comments?post=11316"}],"version-history":[{"count":7,"href":"https:\/\/promech-mc.com\/fr\/wp-json\/wp\/v2\/pages\/11316\/revisions"}],"predecessor-version":[{"id":14818,"href":"https:\/\/promech-mc.com\/fr\/wp-json\/wp\/v2\/pages\/11316\/revisions\/14818"}],"wp:attachment":[{"href":"https:\/\/promech-mc.com\/fr\/wp-json\/wp\/v2\/media?parent=11316"}],"curies":[{"name":"wp","href":"https:\/\/api.w.org\/{rel}","templated":true}]}}