{"id":11313,"date":"2015-11-22T22:53:33","date_gmt":"2015-11-22T21:53:33","guid":{"rendered":"https:\/\/promech-mc.com\/collage\/"},"modified":"2023-04-27T15:04:58","modified_gmt":"2023-04-27T13:04:58","slug":"collage","status":"publish","type":"page","link":"https:\/\/promech-mc.com\/fr\/collage\/","title":{"rendered":"Collage"},"content":{"rendered":"\n<style type=\"text\/css\" data-created_by=\"avia_inline_auto\" id=\"style-css-av-57x4wm-5080b0e99de924aeb67d7824f33f8e0a\">\n.flex_column.av-57x4wm-5080b0e99de924aeb67d7824f33f8e0a{\n-webkit-border-radius:0px 0px 0px 0px;\n-moz-border-radius:0px 0px 0px 0px;\nborder-radius:0px 0px 0px 0px;\npadding:0px 0px 0px 0px;\n}\n<\/style>\n<div class='flex_column av-57x4wm-5080b0e99de924aeb67d7824f33f8e0a av_one_full  avia-builder-el-0  avia-builder-el-no-sibling  first flex_column_div av-zero-column-padding '     ><p>\n<style type=\"text\/css\" data-created_by=\"avia_inline_auto\" id=\"style-css-av-4wmr9y-b12f35aa51e678c4d14e15052a51d521\">\n#top .av-special-heading.av-4wmr9y-b12f35aa51e678c4d14e15052a51d521{\npadding-bottom:10px;\n}\nbody .av-special-heading.av-4wmr9y-b12f35aa51e678c4d14e15052a51d521 .av-special-heading-tag .heading-char{\nfont-size:25px;\n}\n.av-special-heading.av-4wmr9y-b12f35aa51e678c4d14e15052a51d521 .av-subheading{\nfont-size:15px;\n}\n<\/style>\n<div  class='av-special-heading av-4wmr9y-b12f35aa51e678c4d14e15052a51d521 av-special-heading-h1  avia-builder-el-1  el_before_av_textblock  avia-builder-el-first '><h1 class='av-special-heading-tag'  itemprop=\"headline\"  >Collage<\/h1><div class=\"special-heading-border\"><div class=\"special-heading-inner-border\"><\/div><\/div><\/div><br \/>\n<section  class='av_textblock_section av-31l4ue-76343f975d2dea0dc7f9792e0ebc448b'  itemscope=\"itemscope\" itemtype=\"https:\/\/schema.org\/CreativeWork\" ><div class='avia_textblock'  itemprop=\"text\" ><p><span style=\"font-family: Times New Roman, serif;\"><span style=\"font-size: medium;\">Il s&#8217;agit d&#8217;un secteur dans lequel nous sommes pr\u00e9sents de mani\u00e8re continue depuis 2003, et nous avons d\u00e9velopp\u00e9 des syst\u00e8mes pour les secteurs de l&#8217;automobile, du bois, du papier, du linol\u00e9um, des mat\u00e9riaux composites, de l&#8217;emballage, du textile et de la pharmacie, en utilisant une grande vari\u00e9t\u00e9 de colles \u00e0 chaud et \u00e0 froid.<\/span><\/span><\/p>\n<h3 class=\"western\">Fondoirs de r\u00e9servoir<\/h3>\n<p>Nous avons con\u00e7u des fondoirs de r\u00e9servoirs de diff\u00e9rentes capacit\u00e9s : 2 kg, 5 kg, 20 kg, 50 kg, 100 kg, 200 kg, 250 kg et 300 kg. Nous avons con\u00e7u des fondoirs \u00e0 plaques pour des f\u00fbts de 20 kg et de 200 kg, avec des pompes \u00e0 engrenages et des pompes \u00e0 piston. Le choix d&#8217;une pompe d\u00e9pend des exigences de l&#8217;application sp\u00e9cifique. Les pompes \u00e0 engrenages sont con\u00e7ues pour transf\u00e9rer des fluides \u00e0 haute viscosit\u00e9, tandis que les pompes \u00e0 piston conviennent mieux aux fluides \u00e0 faible viscosit\u00e9.<\/p>\n<h3 class=\"western\">Syst\u00e8mes de distribution et de dosage pour les adh\u00e9sifs \u00e0 deux composants<\/h3>\n<ul>\n<li>Syst\u00e8mes de r\u00e9servoirs de 1 \u00e0 100 litres, avec agitateurs, chauffage, refroidissement, syst\u00e8me de remplissage automatique, syst\u00e8mes de dosage avec pompes \u00e0 engrenages, \u00e0 piston, \u00e0 seringue ou \u00e0 membrane.<\/li>\n<li>Syst\u00e8mes de distribution de plaques de pression:<br \/>\nsyst\u00e8mes pour f\u00fbts de 20 kg et f\u00fbts de 200 kg, syst\u00e8mes \u00e0 double ou quadruple f\u00fbts permettant de g\u00e9rer le changement de f\u00fbts sans temps d&#8217;arr\u00eat, syst\u00e8mes avec cabines climatis\u00e9es.<\/li>\n<\/ul>\n<h3 class=\"western\">T\u00eates de buse et unit\u00e9s de rev\u00eatement<\/h3>\n<p>Nous avons produit des t\u00eates d&#8217;enduction hot-melt, des t\u00eates pour bandes, pour points, avec des buses profil\u00e9es pour la copie de profil, des t\u00eates d&#8217;enduction avec des largeurs variables de 70 mm \u00e0 3000 mm, des rouleaux avec des racles,<br \/>\nM\u00e9langeurs statiques et dynamiques, t\u00eates de pulv\u00e9risation pour m\u00e9langeurs statiques et dynamiques, poign\u00e9es pour pistolets de distribution, t\u00eates de peigne pour distribution sur panneaux.<br \/>\nMachines de rev\u00eatement \u00e0 rouleaux de diff\u00e9rents types, de diff\u00e9rentes tailles et de diff\u00e9rents syst\u00e8mes de chauffage des rouleaux.<\/p>\n<h3 class=\"western\">Automatisation de lignes et d&#8217;installations<\/h3>\n<p>Nous avons r\u00e9alis\u00e9 de nombreux automatismes pour la manipulation des t\u00eates et des produits \u00e0 coller:<\/p>\n<ul>\n<li>Lignes d&#8217;adh\u00e9sifs pour panneaux sandwich, panneaux \u00e0 stratifier, rouleaux de transport, portiques de distribution;<\/li>\n<li>avec des robots anthropomorphes pour diff\u00e9rents types de perles;<\/li>\n<li>Syst\u00e8mes cart\u00e9siens avec 2-3 axes interpol\u00e9s;<\/li>\n<li>des machines \u00e0 carrousel pour la distribution et l&#8217;assemblage;<\/li>\n<li>bras mobiles, \u00e9quipements manuels, bancs et convoyeurs \u00e0 rouleaux, lignes de matelas;<\/li>\n<li>Lignes de laminage de papier avec adh\u00e9sif chaud, adh\u00e9sif froid avec rouleaux et avec t\u00eates de pulv\u00e9risation.<\/li>\n<li>Lignes de mise en bo\u00eete semi-automatiques.<\/li>\n<li>Machines et installations pour la production de diff\u00e9rents types de filtres.<\/li>\n<\/ul>\n<\/div><\/section><br \/>\n\n<style type=\"text\/css\" data-created_by=\"avia_inline_auto\" id=\"style-css-av-l59kdr0g-993299f0ecc40009c9b4462194d1c1ae\">\n#top .avia-gallery.av-l59kdr0g-993299f0ecc40009c9b4462194d1c1ae .avia-gallery-thumb a{\nwidth:33.3333%;\n}\n<\/style>\n<div  class='avia-gallery av-l59kdr0g-993299f0ecc40009c9b4462194d1c1ae avia_animate_when_visible  avia-builder-el-3  el_after_av_textblock  avia-builder-el-last  avia_lazyload avia-gallery-animate avia-gallery-1'  itemprop=\"image\" itemscope=\"itemscope\" itemtype=\"https:\/\/schema.org\/ImageObject\" ><meta itemprop=\"contentURL\" content=\"https:\/\/promech-mc.com\/fr\/collage\/\"><div class='avia-gallery-thumb'><a href=\"https:\/\/promech-mc.com\/wp-content\/uploads\/2022\/07\/pp20.jpg\" data-srcset=\"https:\/\/promech-mc.com\/wp-content\/uploads\/2022\/07\/pp20.jpg 210w, https:\/\/promech-mc.com\/wp-content\/uploads\/2022\/07\/pp20-199x300.jpg 199w\" data-sizes=\"(max-width: 210px) 100vw, 210px\" data-rel='gallery-1' data-prev-img='https:\/\/promech-mc.com\/wp-content\/uploads\/2022\/07\/pp20.jpg' class='first_thumb lightbox ' data-onclick='1' title='Incollaggio_1'  itemprop=\"thumbnailUrl\"  ><img loading=\"lazy\" decoding=\"async\" class=\"wp-image-11263 avia-img-lazy-loading-11263\"   src=\"https:\/\/promech-mc.com\/wp-content\/uploads\/2022\/07\/pp20.jpg\" width=\"210\" height=\"316\"  title='Incollaggio_1' alt='' srcset=\"https:\/\/promech-mc.com\/wp-content\/uploads\/2022\/07\/pp20.jpg 210w, https:\/\/promech-mc.com\/wp-content\/uploads\/2022\/07\/pp20-199x300.jpg 199w\" sizes=\"auto, (max-width: 210px) 100vw, 210px\" \/><div class='big-prev-fake'><img loading=\"lazy\" decoding=\"async\" class=\"wp-image-11263 avia-img-lazy-loading-11263\"  width=\"210\" height=\"316\" src=\"https:\/\/promech-mc.com\/wp-content\/uploads\/2022\/07\/pp20.jpg\" title='Incollaggio_1' alt='' srcset=\"https:\/\/promech-mc.com\/wp-content\/uploads\/2022\/07\/pp20.jpg 210w, https:\/\/promech-mc.com\/wp-content\/uploads\/2022\/07\/pp20-199x300.jpg 199w\" sizes=\"auto, (max-width: 210px) 100vw, 210px\" \/><\/div><\/a><a href=\"https:\/\/promech-mc.com\/wp-content\/uploads\/2022\/07\/image-1-1.jpg\" data-srcset=\"https:\/\/promech-mc.com\/wp-content\/uploads\/2022\/07\/image-1-1.jpg 666w, https:\/\/promech-mc.com\/wp-content\/uploads\/2022\/07\/image-1-1-300x233.jpg 300w\" data-sizes=\"(max-width: 666px) 100vw, 666px\" data-rel='gallery-1' data-prev-img='https:\/\/promech-mc.com\/wp-content\/uploads\/2022\/07\/image-1-1-495x400.jpg' class='lightbox ' data-onclick='2' title='Adhesive dispensing and coupling'  itemprop=\"thumbnailUrl\"  ><img loading=\"lazy\" decoding=\"async\" class=\"wp-image-11284 avia-img-lazy-loading-11284\"  data-avia-tooltip='Adhesive dispensing and coupling' src=\"https:\/\/promech-mc.com\/wp-content\/uploads\/2022\/07\/image-1-1-495x400.jpg\" width=\"495\" height=\"400\"  title='Settore incollaggio' alt='' \/><div class='big-prev-fake'><img loading=\"lazy\" decoding=\"async\" class=\"wp-image-11284 avia-img-lazy-loading-11284\"  width=\"495\" height=\"400\" src=\"https:\/\/promech-mc.com\/wp-content\/uploads\/2022\/07\/image-1-1-495x400.jpg\" title='Settore incollaggio' alt='' \/><\/div><\/a><a href=\"https:\/\/promech-mc.com\/wp-content\/uploads\/2022\/07\/image-2.jpg\" data-srcset=\"https:\/\/promech-mc.com\/wp-content\/uploads\/2022\/07\/image-2.jpg 626w, https:\/\/promech-mc.com\/wp-content\/uploads\/2022\/07\/image-2-300x185.jpg 300w\" data-sizes=\"(max-width: 626px) 100vw, 626px\" data-rel='gallery-1' data-prev-img='https:\/\/promech-mc.com\/wp-content\/uploads\/2022\/07\/image-2-495x385.jpg' class='lightbox ' data-onclick='3' title='settore incollaggio 2'  itemprop=\"thumbnailUrl\"  ><img loading=\"lazy\" decoding=\"async\" class=\"wp-image-11286 avia-img-lazy-loading-11286\"   src=\"https:\/\/promech-mc.com\/wp-content\/uploads\/2022\/07\/image-2-495x385.jpg\" width=\"495\" height=\"385\"  title='settore incollaggio 2' alt='' \/><div class='big-prev-fake'><img loading=\"lazy\" decoding=\"async\" class=\"wp-image-11286 avia-img-lazy-loading-11286\"  width=\"495\" height=\"385\" src=\"https:\/\/promech-mc.com\/wp-content\/uploads\/2022\/07\/image-2-495x385.jpg\" title='settore incollaggio 2' alt='' \/><\/div><\/a><\/div><\/div><\/p><\/div>\n","protected":false},"excerpt":{"rendered":"","protected":false},"author":1,"featured_media":0,"parent":0,"menu_order":0,"comment_status":"closed","ping_status":"closed","template":"","meta":{"footnotes":""},"class_list":["post-11313","page","type-page","status-publish","hentry"],"_links":{"self":[{"href":"https:\/\/promech-mc.com\/fr\/wp-json\/wp\/v2\/pages\/11313","targetHints":{"allow":["GET"]}}],"collection":[{"href":"https:\/\/promech-mc.com\/fr\/wp-json\/wp\/v2\/pages"}],"about":[{"href":"https:\/\/promech-mc.com\/fr\/wp-json\/wp\/v2\/types\/page"}],"author":[{"embeddable":true,"href":"https:\/\/promech-mc.com\/fr\/wp-json\/wp\/v2\/users\/1"}],"replies":[{"embeddable":true,"href":"https:\/\/promech-mc.com\/fr\/wp-json\/wp\/v2\/comments?post=11313"}],"version-history":[{"count":9,"href":"https:\/\/promech-mc.com\/fr\/wp-json\/wp\/v2\/pages\/11313\/revisions"}],"predecessor-version":[{"id":14843,"href":"https:\/\/promech-mc.com\/fr\/wp-json\/wp\/v2\/pages\/11313\/revisions\/14843"}],"wp:attachment":[{"href":"https:\/\/promech-mc.com\/fr\/wp-json\/wp\/v2\/media?parent=11313"}],"curies":[{"name":"wp","href":"https:\/\/api.w.org\/{rel}","templated":true}]}}