{"id":11307,"date":"2017-11-10T11:10:43","date_gmt":"2017-11-10T10:10:43","guid":{"rendered":"https:\/\/promech-mc.com\/conditions-generales-dapprovisionnement\/"},"modified":"2022-07-26T09:33:48","modified_gmt":"2022-07-26T07:33:48","slug":"conditions-generales-dapprovisionnement","status":"publish","type":"page","link":"https:\/\/promech-mc.com\/fr\/conditions-generales-dapprovisionnement\/","title":{"rendered":"Conditions g\u00e9n\u00e9rales d&#8217;approvisionnement"},"content":{"rendered":"\n<style type=\"text\/css\" data-created_by=\"avia_inline_auto\" id=\"style-css-av-6fr2is-a275f7f6838f83b091ad323ac68088d8\">\n.flex_column.av-6fr2is-a275f7f6838f83b091ad323ac68088d8{\n-webkit-border-radius:0px 0px 0px 0px;\n-moz-border-radius:0px 0px 0px 0px;\nborder-radius:0px 0px 0px 0px;\npadding:0px 0px 0px 0px;\n}\n<\/style>\n<div class='flex_column av-6fr2is-a275f7f6838f83b091ad323ac68088d8 av_one_full  avia-builder-el-0  avia-builder-el-no-sibling  first flex_column_div av-zero-column-padding '     ><p>\n<style type=\"text\/css\" data-created_by=\"avia_inline_auto\" id=\"style-css-av-3sz2qc-f0a6830a3098fc115b1bec4d2bdc1522\">\n#top .av-special-heading.av-3sz2qc-f0a6830a3098fc115b1bec4d2bdc1522{\npadding-bottom:40px;\n}\nbody .av-special-heading.av-3sz2qc-f0a6830a3098fc115b1bec4d2bdc1522 .av-special-heading-tag .heading-char{\nfont-size:25px;\n}\n.av-special-heading.av-3sz2qc-f0a6830a3098fc115b1bec4d2bdc1522 .av-subheading{\nfont-size:15px;\n}\n<\/style>\n<div  class='av-special-heading av-3sz2qc-f0a6830a3098fc115b1bec4d2bdc1522 av-special-heading-h3  avia-builder-el-1  el_before_av_textblock  avia-builder-el-first '><h3 class='av-special-heading-tag'  itemprop=\"headline\"  >Conditions g\u00e9n\u00e9rales d\u2019approvisionnement<\/h3><div class=\"special-heading-border\"><div class=\"special-heading-inner-border\"><\/div><\/div><\/div><br \/>\n<section  class='av_textblock_section av-2hg984-fe37e2328c175d6e59b18108bae85192'  itemscope=\"itemscope\" itemtype=\"https:\/\/schema.org\/CreativeWork\" ><div class='avia_textblock'  itemprop=\"text\" ><h4><strong>1 &#8211; G\u00e9n\u00e9ral:<\/strong><\/h4>\n<p>L&#8217;objectif de ce document est de finaliser les conditions de mise en \u0153uvre et de traitement d&#8217;un bon de commande.<br \/>\nCe document doit \u00eatre consid\u00e9r\u00e9 comme faisant partie int\u00e9grante de l&#8217;offre, l&#8217;acceptation de l&#8217;offre implique l&#8217;acceptation de ce document, sauf accord contraire et explicite dans l&#8217;offre.<\/p>\n<h4><strong>2 &#8211; Commande:<\/strong><\/h4>\n<p>Le bon de commande est constitu\u00e9 par la commande reprenant int\u00e9gralement les \u00e9l\u00e9ments et conditions de l&#8217;offre et\/ou faisant explicitement r\u00e9f\u00e9rence au num\u00e9ro de l&#8217;offre.<br \/>\nToute pi\u00e8ce jointe d\u00e9crivant la fourniture.<br \/>\nLa commande re\u00e7ue sera consid\u00e9r\u00e9e comme accept\u00e9e par Promech-mc s.r.l.s en l&#8217;absence de communication contraire<br \/>\nenvoy\u00e9 par \u00e9crit dans les 10 jours suivant la r\u00e9ception de la commande.<\/p>\n<h4><strong>3 &#8211; Prix:<\/strong><\/h4>\n<p>Les prix indiqu\u00e9s ne comprennent pas la TVA et se r\u00e9f\u00e8rent \u00e0 la fourniture telle qu&#8217;elle est d\u00e9crite, \u00e0 l&#8217;exclusion de tout ce qui n&#8217;est pas mentionn\u00e9 et, sauf accord contraire, sont pr\u00e9vus Ex Works (EXW).<\/p>\n<h4><strong>4 &#8211; Conditions de livraison:<\/strong><\/h4>\n<p>Les conditions de livraison indiqu\u00e9es dans l&#8217;offre doivent \u00eatre respect\u00e9es dans la mesure du possible, mais doivent \u00eatre comprises comme indicatives et non contraignantes.<br \/>\nPar cons\u00e9quent, Promech-mc s.r.l.s n&#8217;accepte aucune responsabilit\u00e9 pour les dommages r\u00e9sultant d&#8217;\u00e9ventuels retards et se r\u00e9serve le droit de prolonger le d\u00e9lai de livraison ou de r\u00e9silier le contrat sans obligation de verser une indemnit\u00e9 dans les cas suivants:<\/p>\n<p>a) Force majeure : gr\u00e8ves, boycotts, lock-out, incendies, guerres, \u00e9meutes et r\u00e9volutions, dommages caus\u00e9s par des catastrophes naturelles \u00e0 nos usines ou \u00e0 celles de nos fournisseurs, r\u00e9quisitions, embargos, coupures de courant, retards dans la livraison de composants ou de mati\u00e8res premi\u00e8res, pertes et\/ou destructions pendant le transport.<br \/>\nb) Erreurs ou retards de la part du client dans la transmission des informations n\u00e9cessaires \u00e0 l&#8217;ex\u00e9cution de la commande.<br \/>\nc) Non-respect des conditions de paiement par le client.<br \/>\nd) Les modifications et\/ou compl\u00e9ments apport\u00e9s \u00e0 la commande apr\u00e8s sa r\u00e9ception.<br \/>\nLa livraison est r\u00e9put\u00e9e effectu\u00e9e lorsqu&#8217;elle est mise \u00e0 la disposition du client.<\/p>\n<h4><strong>5 &#8211; Transport:<\/strong><\/h4>\n<p>La livraison des marchandises est toujours consid\u00e9r\u00e9e comme EXW, sauf accord contraire et mentionn\u00e9 dans la commande.<br \/>\nLe transport s&#8217;effectue aux frais et aux risques du Client. Les \u00e9ventuelles r\u00e9clamations relatives \u00e0 l&#8217;\u00e9tat de l&#8217;emballage, \u00e0 la quantit\u00e9, au nombre ou aux caract\u00e9ristiques ext\u00e9rieures des produits (d\u00e9fauts apparents) doivent toujours \u00eatre signal\u00e9es imm\u00e9diatement apr\u00e8s la r\u00e9ception de la marchandise au transporteur\/chauffeur, indiqu\u00e9es sur le document d&#8217;accompagnement (re\u00e7u avec r\u00e9serve) et contresign\u00e9es par ce dernier.<br \/>\nToute r\u00e9clamation concernant des non-conformit\u00e9s et\/ou des d\u00e9fauts non d\u00e9tectables au moment de la livraison (vices cach\u00e9s) doit \u00eatre notifi\u00e9e par \u00e9crit dans un d\u00e9lai de 8 (huit) jours \u00e0 compter de la date de r\u00e9ception.<br \/>\nIl est entendu que toute r\u00e9clamation ou contestation n&#8217;autorise pas le client \u00e0 suspendre ou en tout cas \u00e0 retarder le paiement des marchandises ou autres fournitures contest\u00e9es.<\/p>\n<h4><strong>6 &#8211; Paiement:<\/strong><\/h4>\n<p>Les conditions de paiement convenues entre les parties sont consid\u00e9r\u00e9es comme essentielles, contraignantes et p\u00e9remptoires.<br \/>\nEn cas de retard de paiement par rapport \u00e0 la date convenue, le Client devra payer des int\u00e9r\u00eats moratoires \u00e9gaux au taux d&#8217;escompte officiel en vigueur plus trois points de pourcentage.<br \/>\nEn cas de non-paiement ou de retard de paiement, Promech-mc s.r.l.s se r\u00e9serve le droit de suspendre toutes les livraisons ult\u00e9rieures sans besoin de pr\u00e9avis, en consid\u00e9rant comme annul\u00e9e la commande en cours non encore livr\u00e9e ou partiellement livr\u00e9e.<br \/>\nTout retard de paiement, non promptement motiv\u00e9 par des objections sp\u00e9cifiques du Client accept\u00e9es par Promech-mc s.r.l.s, entra\u00eenera en tout cas l&#8217;extinction des clauses de garantie en faveur du Client et Promech-mc s.r.l.s sera exempt\u00e9e de toute ex\u00e9cution \u00e0 sa charge, et en particulier de ses obligations d&#8217;ach\u00e8vement, de mise en route, de formation et d&#8217;entretien.<\/p>\n<h4><strong>7 &#8211; Garantie:<\/strong><\/h4>\n<p>Les travaux de garantie peuvent \u00eatre effectu\u00e9s sur des dessins et mod\u00e8les d\u00e9j\u00e0 livr\u00e9s, \u00e0 condition que les exigences suivantes soient respect\u00e9es:<\/p>\n<p>a) Que les d\u00e9fauts constat\u00e9s soient signal\u00e9s par \u00e9crit, en indiquant le type de produit et la commande et\/ou l&#8217;ordre concern\u00e9(e)<br \/>\nb) qu&#8217;aucune modification, intervention ou alt\u00e9ration n&#8217;a \u00e9t\u00e9 effectu\u00e9e par des tiers ou par le client sur le mod\u00e8le original fourni par Promech-mc s.r.l.s.<br \/>\nc) Que l&#8217;installation a \u00e9t\u00e9 correctement r\u00e9alis\u00e9e;<br \/>\nd) Que toute op\u00e9ration a \u00e9t\u00e9 effectu\u00e9e dans les limites de sa comp\u00e9tence et par du personnel qualifi\u00e9;<br \/>\ne) Que tout dysfonctionnement soit r\u00e9p\u00e9titif et clairement document\u00e9 par \u00e9crit;<br \/>\nf) que le client est \u00e0 jour dans ses paiements.<br \/>\nLa garantie ne comprend pas : les services qui ne rel\u00e8vent pas des exigences ci-dessus, le d\u00e9montage et le remontage des composants, les frais de transport, les frais de d\u00e9placement.<br \/>\nLes travaux de garantie sur le produit ne prolongent pas les conditions normales de garantie mentionn\u00e9es ci-dessus.<\/p>\n<h4><strong>8 &#8211; Suspension ou annulation de la commande:<\/strong><\/h4>\n<p>La commande en cours peut \u00eatre suspendue ou annul\u00e9e par le Client sur notification \u00e9crite par courrier certifi\u00e9 ou recommand\u00e9 avec accus\u00e9 de r\u00e9ception avec un pr\u00e9avis de 10 jours.<br \/>\nEn cas d&#8217;annulation de la commande, les obligations d\u00e9coulant de la commande elle-m\u00eame, \u00e0 l&#8217;exception du secret et de la protection de la propri\u00e9t\u00e9 intellectuelle, sont r\u00e9put\u00e9es annul\u00e9es.<br \/>\nAu moment de l&#8217;annulation, le Client devra payer \u00e0 Promech-mc s.r.l.s les frais encourus jusqu&#8217;\u00e0 ce moment, plus les frais de subsistance d\u00e9coulant de l&#8217;annulation tels que les frais de d\u00e9placement, de mobilisation et de d\u00e9mobilisation, etc. encourus par Promech-mc s.r.l.s et\/ou ses collaborateurs ou sous-traitants.<br \/>\nLes conditions de paiement sont celles pr\u00e9vues dans la commande.<\/p>\n<h4><strong>9 &#8211; Confidentialit\u00e9 et propri\u00e9t\u00e9 intellectuelle:<\/strong><\/h4>\n<p>Les dessins, la documentation, les donn\u00e9es et les informations fournis par les parties et n\u00e9cessaires \u00e0 l&#8217;ex\u00e9cution de la commande restent confidentiels et ne peuvent \u00eatre utilis\u00e9s \u00e0 d&#8217;autres fins que l&#8217;ex\u00e9cution de la commande.<br \/>\nAucune des parties ne peut divulguer ce qui pr\u00e9c\u00e8de \u00e0 un tiers sans obtenir le consentement \u00e9crit de l&#8217;autre partie.<br \/>\nCette obligation dure pendant une p\u00e9riode de dix (10) ans \u00e0 compter de la date de l&#8217;ordonnance.<br \/>\nLa documentation technique et les dessins faisant partie de la fourniture deviennent la propri\u00e9t\u00e9 du Client, qui s&#8217;engage \u00e0 maintenir ses obligations de secret et de non-divulgation de ceux-ci, tandis que le logiciel et les caract\u00e9ristiques de conception du syst\u00e8me objet de la fourniture sont et resteront la propri\u00e9t\u00e9 des fabricants d&#8217;origine et de Promech-mc s.r.l.s dans la mesure de ses comp\u00e9tences.<\/p>\n<h4><strong>10 &#8211; R\u00e8glement des litiges:<\/strong><\/h4>\n<p>En cas de litige entre les parties concernant l&#8217;ex\u00e9cution, l&#8217;interpr\u00e9tation ou la cessation de l&#8217;ordonnance, les parties s&#8217;engagent \u00e0 tenter une m\u00e9diation conform\u00e9ment au d\u00e9cret l\u00e9gislatif n\u00b0 28 du 4 mars 2010.<br \/>\nSi cela n&#8217;est pas possible, le lieu de juridiction exclusif sera Bergame (Italie).<br \/>\nLe droit de Promech-mc s.r.l.s d&#8217;intenter une action en justice pour obtenir le paiement des factures \u00e9mises ne sera en aucun cas affect\u00e9 si le client n&#8217;a pas envoy\u00e9 au fournisseur, par courrier recommand\u00e9 avec accus\u00e9 de r\u00e9ception, et que ce dernier a accept\u00e9, des objections \u00e9crites et sp\u00e9cifiques concernant la fourniture ou la partie de la fourniture couverte par les factures impay\u00e9es.<br \/>\nSi tel est le cas, le client ne peut soulever aucune objection ou contestation, m\u00eame devant un tribunal, avant<br \/>\nque avoir pay\u00e9 int\u00e9gralement les factures et les frais connexes, tels que, sans limitation, les int\u00e9r\u00eats de retard et les co\u00fbts des \u00e9ventuelles proc\u00e9dures de contr\u00f4le.<\/p>\n<p>Le pr\u00e9sent contrat est r\u00e9gi par la loi italienne<\/p>\n<\/div><\/section><\/p><\/div>\n","protected":false},"excerpt":{"rendered":"","protected":false},"author":1,"featured_media":0,"parent":0,"menu_order":0,"comment_status":"closed","ping_status":"closed","template":"","meta":{"footnotes":""},"class_list":["post-11307","page","type-page","status-publish","hentry"],"_links":{"self":[{"href":"https:\/\/promech-mc.com\/fr\/wp-json\/wp\/v2\/pages\/11307","targetHints":{"allow":["GET"]}}],"collection":[{"href":"https:\/\/promech-mc.com\/fr\/wp-json\/wp\/v2\/pages"}],"about":[{"href":"https:\/\/promech-mc.com\/fr\/wp-json\/wp\/v2\/types\/page"}],"author":[{"embeddable":true,"href":"https:\/\/promech-mc.com\/fr\/wp-json\/wp\/v2\/users\/1"}],"replies":[{"embeddable":true,"href":"https:\/\/promech-mc.com\/fr\/wp-json\/wp\/v2\/comments?post=11307"}],"version-history":[{"count":2,"href":"https:\/\/promech-mc.com\/fr\/wp-json\/wp\/v2\/pages\/11307\/revisions"}],"predecessor-version":[{"id":11309,"href":"https:\/\/promech-mc.com\/fr\/wp-json\/wp\/v2\/pages\/11307\/revisions\/11309"}],"wp:attachment":[{"href":"https:\/\/promech-mc.com\/fr\/wp-json\/wp\/v2\/media?parent=11307"}],"curies":[{"name":"wp","href":"https:\/\/api.w.org\/{rel}","templated":true}]}}