{"id":11301,"date":"2015-08-04T10:03:23","date_gmt":"2015-08-04T08:03:23","guid":{"rendered":"https:\/\/promech-mc.com\/lentreprise\/"},"modified":"2023-04-07T12:43:58","modified_gmt":"2023-04-07T10:43:58","slug":"lentreprise","status":"publish","type":"page","link":"https:\/\/promech-mc.com\/fr\/lentreprise\/","title":{"rendered":"L&#8217;entreprise"},"content":{"rendered":"\n<style type=\"text\/css\" data-created_by=\"avia_inline_auto\" id=\"style-css-av-1x6v6m-1fa727f1e24749cdb97704b864aae48f\">\n#top .av-special-heading.av-1x6v6m-1fa727f1e24749cdb97704b864aae48f{\npadding-bottom:30px;\n}\nbody .av-special-heading.av-1x6v6m-1fa727f1e24749cdb97704b864aae48f .av-special-heading-tag .heading-char{\nfont-size:25px;\n}\n.av-special-heading.av-1x6v6m-1fa727f1e24749cdb97704b864aae48f .av-subheading{\nfont-size:15px;\n}\n<\/style>\n<div  class='av-special-heading av-1x6v6m-1fa727f1e24749cdb97704b864aae48f av-special-heading-h1  avia-builder-el-0  el_before_av_hr  avia-builder-el-first  av-thin-font'><h1 class='av-special-heading-tag'  itemprop=\"headline\"  ><strong>Promech-mc<\/strong> Studio de Conception M\u00e9canique<\/h1><div class=\"special-heading-border\"><div class=\"special-heading-inner-border\"><\/div><\/div><\/div>\n\n<style type=\"text\/css\" data-created_by=\"avia_inline_auto\" id=\"style-css-av-lg6ezx24-b11b6ac3e71654339e47c9f0b07e6096\">\n#top .hr.av-lg6ezx24-b11b6ac3e71654339e47c9f0b07e6096{\nmargin-top:5px;\nmargin-bottom:5px;\n}\n.hr.av-lg6ezx24-b11b6ac3e71654339e47c9f0b07e6096 .hr-inner{\nwidth:100%;\n}\n<\/style>\n<div  class='hr av-lg6ezx24-b11b6ac3e71654339e47c9f0b07e6096 hr-custom  avia-builder-el-1  el_after_av_heading  el_before_av_one_full  hr-center hr-icon-no'><span class='hr-inner inner-border-av-border-thin'><span class=\"hr-inner-style\"><\/span><\/span><\/div>\n\n<style type=\"text\/css\" data-created_by=\"avia_inline_auto\" id=\"style-css-av-b7tz66-e047133ddf342a7140f3a5aef3181e01\">\n.flex_column.av-b7tz66-e047133ddf342a7140f3a5aef3181e01{\n-webkit-border-radius:0px 0px 0px 0px;\n-moz-border-radius:0px 0px 0px 0px;\nborder-radius:0px 0px 0px 0px;\npadding:0px 0px 0px 0px;\n}\n<\/style>\n<div class='flex_column av-b7tz66-e047133ddf342a7140f3a5aef3181e01 av_one_full  avia-builder-el-2  el_after_av_hr  el_before_av_one_full  first flex_column_div av-zero-column-padding '     ><style type=\"text\/css\" data-created_by=\"avia_inline_auto\" id=\"style-css-av-9cchr2-b18066f5f71e7d671f1d018e6e541b4e\">\n.avia-image-container.av-9cchr2-b18066f5f71e7d671f1d018e6e541b4e img.avia_image{\nbox-shadow:none;\n}\n.avia-image-container.av-9cchr2-b18066f5f71e7d671f1d018e6e541b4e .av-image-caption-overlay-center{\ncolor:#ffffff;\n}\n<\/style>\n<div  class='avia-image-container av-9cchr2-b18066f5f71e7d671f1d018e6e541b4e av-styling- av-hover-grow avia-align-left  avia-builder-el-3  avia-builder-el-no-sibling '   itemprop=\"image\" itemscope=\"itemscope\" itemtype=\"https:\/\/schema.org\/ImageObject\" ><div class=\"avia-image-container-inner\"><div class=\"avia-image-overlay-wrap\"><img decoding=\"async\" class='wp-image-10807 avia-img-lazy-loading-not-10807 avia_image ' src=\"https:\/\/promech-mc.com\/wp-content\/uploads\/2021\/02\/studio_progettazione_meccanica-1500x666.jpg\" alt='' title='studio progettazione meccanica'  height=\"666\" width=\"1500\"  itemprop=\"thumbnailUrl\" srcset=\"https:\/\/promech-mc.com\/wp-content\/uploads\/2021\/02\/studio_progettazione_meccanica-1500x666.jpg 1500w, https:\/\/promech-mc.com\/wp-content\/uploads\/2021\/02\/studio_progettazione_meccanica-300x133.jpg 300w, https:\/\/promech-mc.com\/wp-content\/uploads\/2021\/02\/studio_progettazione_meccanica-1030x457.jpg 1030w, https:\/\/promech-mc.com\/wp-content\/uploads\/2021\/02\/studio_progettazione_meccanica-768x341.jpg 768w, https:\/\/promech-mc.com\/wp-content\/uploads\/2021\/02\/studio_progettazione_meccanica-1536x682.jpg 1536w, https:\/\/promech-mc.com\/wp-content\/uploads\/2021\/02\/studio_progettazione_meccanica-705x313.jpg 705w, https:\/\/promech-mc.com\/wp-content\/uploads\/2021\/02\/studio_progettazione_meccanica.jpg 1600w\" sizes=\"(max-width: 1500px) 100vw, 1500px\" \/><\/div><\/div><\/div><\/div>\n\n<style type=\"text\/css\" data-created_by=\"avia_inline_auto\" id=\"style-css-av-7umju6-8e6dc5ede435fcb4656eb9ac6c03e1b8\">\n.flex_column.av-7umju6-8e6dc5ede435fcb4656eb9ac6c03e1b8{\n-webkit-border-radius:0px 0px 0px 0px;\n-moz-border-radius:0px 0px 0px 0px;\nborder-radius:0px 0px 0px 0px;\npadding:0px 0px 0px 0px;\n}\n<\/style>\n<div class='flex_column av-7umju6-8e6dc5ede435fcb4656eb9ac6c03e1b8 av_one_full  avia-builder-el-4  el_after_av_one_full  avia-builder-el-last  first flex_column_div av-zero-column-padding column-top-margin'     ><section  class='av_textblock_section av-5l8lfy-f42cce037ad2692d9c831d92c5ea0722'  itemscope=\"itemscope\" itemtype=\"https:\/\/schema.org\/CreativeWork\" ><div class='avia_textblock'  itemprop=\"text\" ><h2>Promech MC Srls<\/h2>\n<p><strong>Promech MC Srls a \u00e9t\u00e9 fond\u00e9e en 2014<\/strong> \u00e0 Bergame avec le d\u00e9sir de r\u00e9pondre de mani\u00e8re ad\u00e9quate aux demandes croissantes de <strong>conception m\u00e9canique<\/strong>, d\u00e9velopp\u00e9es selon les <strong>derni\u00e8res technologies<\/strong>.<\/p>\n<p>Notre activit\u00e9 principale est <strong>l&#8217;ing\u00e9nierie m\u00e9canique et l&#8217;automatisation de machines et d&#8217;installations industrielles<\/strong>, avec une expertise particuli\u00e8re dans les secteurs de l&#8217;emballage, du p\u00e9trole et du gaz, du collage, de l&#8217;industrie m\u00e9dicale, pharmaceutique et cosm\u00e9tique.<\/p>\n<p>Notre <strong>bureau d&#8217;\u00e9tudes m\u00e9caniques<\/strong> est compos\u00e9 d&#8217;une \u00e9quipe <strong>d&#8217;ing\u00e9nieurs, de techniciens, de concepteurs et de dessinateurs<\/strong> qui poss\u00e8dent une expertise verticale et sont en mesure de r\u00e9pondre aux exigences les plus complexes et aux besoins de recherche et d\u00e9veloppement dans les domaines m\u00e9caniques et industriels.<\/p>\n<p>Les services propos\u00e9s sont la solution id\u00e9ale pour la gestion des pointes de travail, l&#8217;externalisation du travail du d\u00e9partement technique et le conseil technique et d&#8217;ing\u00e9nierie.<\/p>\n<p>L&#8217;objectif principal est de pr\u00eater une attention particuli\u00e8re aux besoins r\u00e9els du client dans <strong>le d\u00e9veloppement de nouvelles machines et installations, tout en accordant une attention maximale \u00e0 la <\/strong><strong>planification du temps et au respect du budget<\/strong>.<br \/>\nL&#8217;entreprise est organis\u00e9e de mani\u00e8re \u00e0 soutenir l&#8217;utilisateur <strong>tout au long du processus de conception industrielle, de l&#8217;\u00e9tude de faisabilit\u00e9 \u00e0 la r\u00e9alisation.<\/strong><\/p>\n<\/div><\/section><br \/>\n<div  class='avia-button-wrap av-lg576tt0-5045ae033a50bc091282fdb0b49752ac-wrap avia-button-center  avia-builder-el-6  el_after_av_textblock  el_before_av_hr '>\n<style type=\"text\/css\" data-created_by=\"avia_inline_auto\" id=\"style-css-av-lg576tt0-5045ae033a50bc091282fdb0b49752ac\">\n#top #wrap_all .avia-button.av-lg576tt0-5045ae033a50bc091282fdb0b49752ac{\nfont-size:16px;\nborder-style:none;\n-webkit-transition:all 0.4s ease-in-out;\n-moz-transition:all 0.4s ease-in-out;\n-ms-transition:all 0.4s ease-in-out;\n-o-transition:all 0.4s ease-in-out;\ntransition:all 0.4s ease-in-out;\n}\n<\/style>\n<a href='https:\/\/promech-mc.com\/fr\/skills\/'  class='avia-button av-lg576tt0-5045ae033a50bc091282fdb0b49752ac avia-icon_select-yes-left-icon avia-size-medium avia-position-center avia-color-theme-color'  ><span class='avia_button_icon avia_button_icon_left' aria-hidden='true' data-av_icon='\ue855' data-av_iconfont='entypo-fontello'><\/span><span class='avia_iconbox_title' >Nos services<\/span><\/a><\/div><br \/>\n<div  class='hr av-3jempq-ea2f3fdde2eb3789a0d366f19374564e hr-default  avia-builder-el-7  el_after_av_button  el_before_av_textblock '><span class='hr-inner '><span class=\"hr-inner-style\"><\/span><\/span><\/div><br \/>\n\n<style type=\"text\/css\" data-created_by=\"avia_inline_auto\" id=\"style-css-av-33rcxq-bd42917044449d1e6905eecea22e990b\">\n#top .av_textblock_section.av-33rcxq-bd42917044449d1e6905eecea22e990b .avia_textblock{\nfont-size:14px;\n}\n<\/style>\n<section  class='av_textblock_section av-33rcxq-bd42917044449d1e6905eecea22e990b'  itemscope=\"itemscope\" itemtype=\"https:\/\/schema.org\/CreativeWork\" ><div class='avia_textblock'  itemprop=\"text\" ><p><strong><a href=\"https:\/\/promech-mc.com\/fr\/conditions-generales-dapprovisionnement\/\">Conditions g\u00e9n\u00e9rales d&#8217;approvisionnement<\/a><\/strong><\/p>\n<\/div><\/section><\/p><\/div>\n","protected":false},"excerpt":{"rendered":"","protected":false},"author":1,"featured_media":0,"parent":0,"menu_order":0,"comment_status":"closed","ping_status":"open","template":"","meta":{"footnotes":""},"class_list":["post-11301","page","type-page","status-publish","hentry"],"_links":{"self":[{"href":"https:\/\/promech-mc.com\/fr\/wp-json\/wp\/v2\/pages\/11301","targetHints":{"allow":["GET"]}}],"collection":[{"href":"https:\/\/promech-mc.com\/fr\/wp-json\/wp\/v2\/pages"}],"about":[{"href":"https:\/\/promech-mc.com\/fr\/wp-json\/wp\/v2\/types\/page"}],"author":[{"embeddable":true,"href":"https:\/\/promech-mc.com\/fr\/wp-json\/wp\/v2\/users\/1"}],"replies":[{"embeddable":true,"href":"https:\/\/promech-mc.com\/fr\/wp-json\/wp\/v2\/comments?post=11301"}],"version-history":[{"count":17,"href":"https:\/\/promech-mc.com\/fr\/wp-json\/wp\/v2\/pages\/11301\/revisions"}],"predecessor-version":[{"id":14738,"href":"https:\/\/promech-mc.com\/fr\/wp-json\/wp\/v2\/pages\/11301\/revisions\/14738"}],"wp:attachment":[{"href":"https:\/\/promech-mc.com\/fr\/wp-json\/wp\/v2\/media?parent=11301"}],"curies":[{"name":"wp","href":"https:\/\/api.w.org\/{rel}","templated":true}]}}