{"id":14049,"date":"2023-03-20T10:49:08","date_gmt":"2023-03-20T09:49:08","guid":{"rendered":"https:\/\/promech-mc.com\/?page_id=14049"},"modified":"2023-04-27T15:31:51","modified_gmt":"2023-04-27T13:31:51","slug":"elektrischen-anlagen","status":"publish","type":"page","link":"https:\/\/promech-mc.com\/de\/elektrischen-anlagen\/","title":{"rendered":"PLANUNG VON INDUSTRIELLEN ELEKTRISCHEN ANLAGEN"},"content":{"rendered":"<div class='flex_column av-l0fisw-15c75a305dad50846faebbd6a892f383 av_one_full  avia-builder-el-0  el_before_av_button  avia-builder-el-first  first flex_column_div '     ><p>\n<style type=\"text\/css\" data-created_by=\"avia_inline_auto\" id=\"style-css-av-ley2t57j-7180fad1bdd03ad4b60d03e5be8471ec\">\n#top .av-special-heading.av-ley2t57j-7180fad1bdd03ad4b60d03e5be8471ec{\npadding-bottom:10px;\n}\nbody .av-special-heading.av-ley2t57j-7180fad1bdd03ad4b60d03e5be8471ec .av-special-heading-tag .heading-char{\nfont-size:25px;\n}\n.av-special-heading.av-ley2t57j-7180fad1bdd03ad4b60d03e5be8471ec .av-subheading{\nfont-size:15px;\n}\n<\/style>\n<div  class='av-special-heading av-ley2t57j-7180fad1bdd03ad4b60d03e5be8471ec av-special-heading-h1  avia-builder-el-1  el_before_av_hr  avia-builder-el-first '><h1 class='av-special-heading-tag'  itemprop=\"headline\"  >PLANUNG VON INDUSTRIELLEN ELEKTRISCHEN ANLAGEN<\/h1><div class=\"special-heading-border\"><div class=\"special-heading-inner-border\"><\/div><\/div><\/div><br \/>\n\n<style type=\"text\/css\" data-created_by=\"avia_inline_auto\" id=\"style-css-av-lg67lld2-4e4abaab8c08f23b19937dc3925c6873\">\n#top .hr.av-lg67lld2-4e4abaab8c08f23b19937dc3925c6873{\nmargin-top:5px;\nmargin-bottom:5px;\n}\n.hr.av-lg67lld2-4e4abaab8c08f23b19937dc3925c6873 .hr-inner{\nwidth:100%;\n}\n<\/style>\n<div  class='hr av-lg67lld2-4e4abaab8c08f23b19937dc3925c6873 hr-custom  avia-builder-el-2  el_after_av_heading  el_before_av_textblock  hr-center hr-icon-no'><span class='hr-inner inner-border-av-border-thin'><span class=\"hr-inner-style\"><\/span><\/span><\/div><br \/>\n<section  class='av_textblock_section av-ley385ge-f164187d7c74ad216ad6a1a23e714e56'  itemscope=\"itemscope\" itemtype=\"https:\/\/schema.org\/CreativeWork\" ><div class='avia_textblock'  itemprop=\"text\" ><p>Um ein umfassenderes Angebot zu gew\u00e4hrleisten, erstellt Promech-MC die <strong>Elektropl\u00e4ne f\u00fcr Industrieanlagen und Maschinen<\/strong>, die f\u00fcr den Bau und die Instandhaltung von Elektroinstallationen erforderlich sind.<\/p>\n<p>Die f\u00fcr die Planung von elektrischen Anlagen verwendete Software ist <strong>SPAC Automation<\/strong>.<\/p>\n<p>Die Erstellung von Schaltpl\u00e4nen erfordert ein <strong>hohes Ma\u00df an Pr\u00e4zision und Detailgenauigkeit<\/strong>, da ein Fehler bei der Erstellung von Schaltpl\u00e4nen zu schwerwiegenden Sch\u00e4den an der elektrischen Anlage, den beteiligten Personen und sogar der Umgebung f\u00fchren kann. Der Entwurf von Schaltpl\u00e4nen ist daher ein Prozess, der technisches Fachwissen und gr\u00fcndliche Kenntnisse der <strong>Sicherheitsvorschriften und Konstruktionsnormen erfordert.<\/strong><\/p>\n<p>Elektrische Schaltpl\u00e4ne k\u00f6nnen verschiedene Informationen enthalten, wie z.B. Leistungsaufnahme, Versorgungsspannung, Polarit\u00e4t, Schutzvorrichtungen und Sicherheitgrenzen.<\/p>\n<p>Dar\u00fcber hinaus erfordert die Erstellung von Schaltpl\u00e4nen f\u00fcr gro\u00dfe Anlagen einen <strong>strukturierten und methodischen Ansatz<\/strong>, der alle Aspekte des elektrischen Systems ber\u00fccksichtigt, z. B. die Stromverteilung, die Planung der Kabelwege, die Auswahl der Komponenten und die Wahl der Schutzsysteme. Die Erstellung von Elektropl\u00e4nen erfordert auch die Zusammenarbeit verschiedener Fachleute, wie <strong>Elektroingenieure, Elektrotechniker und Bauzeichner<\/strong>, die zusammenarbeiten, um eine vollst\u00e4ndige und genaue Dokumentation der Elektroinstallation zu erstellen.<\/p>\n<p>Die Erstellung von Stromlaufpl\u00e4nen ist ein Prozess, der eine <strong>st\u00e4ndige \u00dcberarbeitung und Aktualisierung erfordert<\/strong>, um sich an die Bed\u00fcrfnisse und Ver\u00e4nderungen des elektrischen Systems anzupassen. Die Verf\u00fcgbarkeit <strong>fortschrittlicher Software f\u00fcr die Elektroplanung<\/strong> hat den Prozess der Erstellung von Elektropl\u00e4nen vereinfacht, aber das Fachwissen und die Erfahrung von Fachleuten sind nach wie vor entscheidend, um die Effizienz und Sicherheit der Elektroinstallation zu gew\u00e4hrleisten. Dar\u00fcber hinaus muss der Entwurf elektrischer Schaltpl\u00e4ne stets in \u00dcbereinstimmung mit den geltenden Sicherheitsvorschriften und Konstruktionsnormen erfolgen, um eine sichere und zuverl\u00e4ssige Installation und den Betrieb des elektrischen Systems zu gew\u00e4hrleisten.<\/p>\n<\/div><\/section><br \/>\n\n<style type=\"text\/css\" data-created_by=\"avia_inline_auto\" id=\"style-css-av-lg4ykcfz-6d35b58fb379c62ad653eb03e4a07271\">\n#top .avia-gallery.av-lg4ykcfz-6d35b58fb379c62ad653eb03e4a07271 .avia-gallery-thumb a{\nwidth:20%;\n}\n<\/style>\n<div  class='avia-gallery av-lg4ykcfz-6d35b58fb379c62ad653eb03e4a07271 avia_animate_when_visible  avia-builder-el-4  el_after_av_textblock  avia-builder-el-last  avia_lazyload avia-gallery-animate avia-gallery-1'  itemprop=\"image\" itemscope=\"itemscope\" itemtype=\"https:\/\/schema.org\/ImageObject\" ><meta itemprop=\"contentURL\" content=\"https:\/\/promech-mc.com\/de\/elektrischen-anlagen\/\"><div class='avia-gallery-thumb'><a href=\"https:\/\/promech-mc.com\/wp-content\/uploads\/2023\/04\/schemi-elettrici-1-1030x707.webp\" data-srcset=\"https:\/\/promech-mc.com\/wp-content\/uploads\/2023\/04\/schemi-elettrici-1-1030x707.webp 1030w, https:\/\/promech-mc.com\/wp-content\/uploads\/2023\/04\/schemi-elettrici-1-300x206.webp 300w, https:\/\/promech-mc.com\/wp-content\/uploads\/2023\/04\/schemi-elettrici-1-768x527.webp 768w, https:\/\/promech-mc.com\/wp-content\/uploads\/2023\/04\/schemi-elettrici-1-705x484.webp 705w, https:\/\/promech-mc.com\/wp-content\/uploads\/2023\/04\/schemi-elettrici-1.webp 1226w\" data-sizes=\"(max-width: 1030px) 100vw, 1030px\" data-rel='gallery-1' data-prev-img='https:\/\/promech-mc.com\/wp-content\/uploads\/2023\/04\/schemi-elettrici-1-495x400.webp' class='first_thumb lightbox ' data-onclick='1' title='schemi elettrici 1'  itemprop=\"thumbnailUrl\"  ><img loading=\"lazy\" decoding=\"async\" class=\"wp-image-14292 avia-img-lazy-loading-14292\"   src=\"https:\/\/promech-mc.com\/wp-content\/uploads\/2023\/04\/schemi-elettrici-1-495x400.webp\" width=\"495\" height=\"400\"  title='schemi elettrici 1' alt='Schema elettrico' srcset=\"https:\/\/promech-mc.com\/wp-content\/uploads\/2023\/04\/schemi-elettrici-1-495x400.webp 495w, https:\/\/promech-mc.com\/wp-content\/uploads\/2023\/04\/schemi-elettrici-1-845x684.webp 845w\" sizes=\"auto, (max-width: 495px) 100vw, 495px\" \/><div class='big-prev-fake'><img loading=\"lazy\" decoding=\"async\" class=\"wp-image-14292 avia-img-lazy-loading-14292\"  width=\"495\" height=\"400\" src=\"https:\/\/promech-mc.com\/wp-content\/uploads\/2023\/04\/schemi-elettrici-1-495x400.webp\" title='schemi elettrici 1' alt='Schema elettrico' srcset=\"https:\/\/promech-mc.com\/wp-content\/uploads\/2023\/04\/schemi-elettrici-1-495x400.webp 495w, https:\/\/promech-mc.com\/wp-content\/uploads\/2023\/04\/schemi-elettrici-1-845x684.webp 845w\" sizes=\"auto, (max-width: 495px) 100vw, 495px\" \/><\/div><\/a><a href=\"https:\/\/promech-mc.com\/wp-content\/uploads\/2023\/04\/schemi-elettrici-2-1030x700.webp\" data-srcset=\"https:\/\/promech-mc.com\/wp-content\/uploads\/2023\/04\/schemi-elettrici-2-1030x700.webp 1030w, https:\/\/promech-mc.com\/wp-content\/uploads\/2023\/04\/schemi-elettrici-2-300x204.webp 300w, https:\/\/promech-mc.com\/wp-content\/uploads\/2023\/04\/schemi-elettrici-2-768x522.webp 768w, https:\/\/promech-mc.com\/wp-content\/uploads\/2023\/04\/schemi-elettrici-2-705x479.webp 705w, https:\/\/promech-mc.com\/wp-content\/uploads\/2023\/04\/schemi-elettrici-2.webp 1225w\" data-sizes=\"(max-width: 1030px) 100vw, 1030px\" data-rel='gallery-1' data-prev-img='https:\/\/promech-mc.com\/wp-content\/uploads\/2023\/04\/schemi-elettrici-2-495x400.webp' class='lightbox ' data-onclick='2' title='schemi elettrici 2'  itemprop=\"thumbnailUrl\"  ><img loading=\"lazy\" decoding=\"async\" class=\"wp-image-14296 avia-img-lazy-loading-14296\"   src=\"https:\/\/promech-mc.com\/wp-content\/uploads\/2023\/04\/schemi-elettrici-2-495x400.webp\" width=\"495\" height=\"400\"  title='schemi elettrici 2' alt='schema impianto elettrico' srcset=\"https:\/\/promech-mc.com\/wp-content\/uploads\/2023\/04\/schemi-elettrici-2-495x400.webp 495w, https:\/\/promech-mc.com\/wp-content\/uploads\/2023\/04\/schemi-elettrici-2-845x684.webp 845w\" sizes=\"auto, (max-width: 495px) 100vw, 495px\" \/><div class='big-prev-fake'><img loading=\"lazy\" decoding=\"async\" class=\"wp-image-14296 avia-img-lazy-loading-14296\"  width=\"495\" height=\"400\" src=\"https:\/\/promech-mc.com\/wp-content\/uploads\/2023\/04\/schemi-elettrici-2-495x400.webp\" title='schemi elettrici 2' alt='schema impianto elettrico' srcset=\"https:\/\/promech-mc.com\/wp-content\/uploads\/2023\/04\/schemi-elettrici-2-495x400.webp 495w, https:\/\/promech-mc.com\/wp-content\/uploads\/2023\/04\/schemi-elettrici-2-845x684.webp 845w\" sizes=\"auto, (max-width: 495px) 100vw, 495px\" \/><\/div><\/a><a href=\"https:\/\/promech-mc.com\/wp-content\/uploads\/2023\/04\/schemi-elettrici-3-1030x729.webp\" data-srcset=\"https:\/\/promech-mc.com\/wp-content\/uploads\/2023\/04\/schemi-elettrici-3-1030x729.webp 1030w, https:\/\/promech-mc.com\/wp-content\/uploads\/2023\/04\/schemi-elettrici-3-300x212.webp 300w, https:\/\/promech-mc.com\/wp-content\/uploads\/2023\/04\/schemi-elettrici-3-768x543.webp 768w, https:\/\/promech-mc.com\/wp-content\/uploads\/2023\/04\/schemi-elettrici-3-260x185.webp 260w, https:\/\/promech-mc.com\/wp-content\/uploads\/2023\/04\/schemi-elettrici-3-705x499.webp 705w, https:\/\/promech-mc.com\/wp-content\/uploads\/2023\/04\/schemi-elettrici-3.webp 1286w\" data-sizes=\"(max-width: 1030px) 100vw, 1030px\" data-rel='gallery-1' data-prev-img='https:\/\/promech-mc.com\/wp-content\/uploads\/2023\/04\/schemi-elettrici-3-495x400.webp' class='lightbox ' data-onclick='3' title='schemi elettrici 3'  itemprop=\"thumbnailUrl\"  ><img loading=\"lazy\" decoding=\"async\" class=\"wp-image-14300 avia-img-lazy-loading-14300\"   src=\"https:\/\/promech-mc.com\/wp-content\/uploads\/2023\/04\/schemi-elettrici-3-495x400.webp\" width=\"495\" height=\"400\"  title='schemi elettrici 3' alt='schema impianto elettrico' srcset=\"https:\/\/promech-mc.com\/wp-content\/uploads\/2023\/04\/schemi-elettrici-3-495x400.webp 495w, https:\/\/promech-mc.com\/wp-content\/uploads\/2023\/04\/schemi-elettrici-3-845x684.webp 845w\" sizes=\"auto, (max-width: 495px) 100vw, 495px\" \/><div class='big-prev-fake'><img loading=\"lazy\" decoding=\"async\" class=\"wp-image-14300 avia-img-lazy-loading-14300\"  width=\"495\" height=\"400\" src=\"https:\/\/promech-mc.com\/wp-content\/uploads\/2023\/04\/schemi-elettrici-3-495x400.webp\" title='schemi elettrici 3' alt='schema impianto elettrico' srcset=\"https:\/\/promech-mc.com\/wp-content\/uploads\/2023\/04\/schemi-elettrici-3-495x400.webp 495w, https:\/\/promech-mc.com\/wp-content\/uploads\/2023\/04\/schemi-elettrici-3-845x684.webp 845w\" sizes=\"auto, (max-width: 495px) 100vw, 495px\" \/><\/div><\/a><a href=\"https:\/\/promech-mc.com\/wp-content\/uploads\/2023\/04\/schemi-elettrici-4-1030x730.webp\" data-srcset=\"https:\/\/promech-mc.com\/wp-content\/uploads\/2023\/04\/schemi-elettrici-4-1030x730.webp 1030w, https:\/\/promech-mc.com\/wp-content\/uploads\/2023\/04\/schemi-elettrici-4-300x213.webp 300w, https:\/\/promech-mc.com\/wp-content\/uploads\/2023\/04\/schemi-elettrici-4-768x544.webp 768w, https:\/\/promech-mc.com\/wp-content\/uploads\/2023\/04\/schemi-elettrici-4-260x185.webp 260w, https:\/\/promech-mc.com\/wp-content\/uploads\/2023\/04\/schemi-elettrici-4-705x500.webp 705w, https:\/\/promech-mc.com\/wp-content\/uploads\/2023\/04\/schemi-elettrici-4.webp 1287w\" data-sizes=\"(max-width: 1030px) 100vw, 1030px\" data-rel='gallery-1' data-prev-img='https:\/\/promech-mc.com\/wp-content\/uploads\/2023\/04\/schemi-elettrici-4-495x400.webp' class='lightbox ' data-onclick='4' title='schemi elettrici 4'  itemprop=\"thumbnailUrl\"  ><img loading=\"lazy\" decoding=\"async\" class=\"wp-image-14304 avia-img-lazy-loading-14304\"   src=\"https:\/\/promech-mc.com\/wp-content\/uploads\/2023\/04\/schemi-elettrici-4-495x400.webp\" width=\"495\" height=\"400\"  title='schemi elettrici 4' alt='schema elettrico' srcset=\"https:\/\/promech-mc.com\/wp-content\/uploads\/2023\/04\/schemi-elettrici-4-495x400.webp 495w, https:\/\/promech-mc.com\/wp-content\/uploads\/2023\/04\/schemi-elettrici-4-845x684.webp 845w\" sizes=\"auto, (max-width: 495px) 100vw, 495px\" \/><div class='big-prev-fake'><img loading=\"lazy\" decoding=\"async\" class=\"wp-image-14304 avia-img-lazy-loading-14304\"  width=\"495\" height=\"400\" src=\"https:\/\/promech-mc.com\/wp-content\/uploads\/2023\/04\/schemi-elettrici-4-495x400.webp\" title='schemi elettrici 4' alt='schema elettrico' srcset=\"https:\/\/promech-mc.com\/wp-content\/uploads\/2023\/04\/schemi-elettrici-4-495x400.webp 495w, https:\/\/promech-mc.com\/wp-content\/uploads\/2023\/04\/schemi-elettrici-4-845x684.webp 845w\" sizes=\"auto, (max-width: 495px) 100vw, 495px\" \/><\/div><\/a><a href=\"https:\/\/promech-mc.com\/wp-content\/uploads\/2023\/04\/image-1030x557.webp\" data-srcset=\"https:\/\/promech-mc.com\/wp-content\/uploads\/2023\/04\/image-1030x557.webp 1030w, https:\/\/promech-mc.com\/wp-content\/uploads\/2023\/04\/image-300x162.webp 300w, https:\/\/promech-mc.com\/wp-content\/uploads\/2023\/04\/image-768x415.webp 768w, https:\/\/promech-mc.com\/wp-content\/uploads\/2023\/04\/image-1536x830.webp 1536w, https:\/\/promech-mc.com\/wp-content\/uploads\/2023\/04\/image-1500x811.webp 1500w, https:\/\/promech-mc.com\/wp-content\/uploads\/2023\/04\/image-705x381.webp 705w, https:\/\/promech-mc.com\/wp-content\/uploads\/2023\/04\/image.webp 1920w\" data-sizes=\"(max-width: 1030px) 100vw, 1030px\" data-rel='gallery-1' data-prev-img='https:\/\/promech-mc.com\/wp-content\/uploads\/2023\/04\/image-495x400.webp' class='lightbox ' data-onclick='5' title='image'  itemprop=\"thumbnailUrl\"  ><img loading=\"lazy\" decoding=\"async\" class=\"wp-image-14316 avia-img-lazy-loading-14316\"   src=\"https:\/\/promech-mc.com\/wp-content\/uploads\/2023\/04\/image-495x400.webp\" width=\"495\" height=\"400\"  title='image' alt='progettazione schemi elettrici' srcset=\"https:\/\/promech-mc.com\/wp-content\/uploads\/2023\/04\/image-495x400.webp 495w, https:\/\/promech-mc.com\/wp-content\/uploads\/2023\/04\/image-845x684.webp 845w\" sizes=\"auto, (max-width: 495px) 100vw, 495px\" \/><div class='big-prev-fake'><img loading=\"lazy\" decoding=\"async\" class=\"wp-image-14316 avia-img-lazy-loading-14316\"  width=\"495\" height=\"400\" src=\"https:\/\/promech-mc.com\/wp-content\/uploads\/2023\/04\/image-495x400.webp\" title='image' alt='progettazione schemi elettrici' srcset=\"https:\/\/promech-mc.com\/wp-content\/uploads\/2023\/04\/image-495x400.webp 495w, https:\/\/promech-mc.com\/wp-content\/uploads\/2023\/04\/image-845x684.webp 845w\" sizes=\"auto, (max-width: 495px) 100vw, 495px\" \/><\/div><\/a><a href=\"https:\/\/promech-mc.com\/wp-content\/uploads\/2023\/04\/schema-elettrico-spac-1030x556.webp\" data-srcset=\"https:\/\/promech-mc.com\/wp-content\/uploads\/2023\/04\/schema-elettrico-spac-1030x556.webp 1030w, https:\/\/promech-mc.com\/wp-content\/uploads\/2023\/04\/schema-elettrico-spac-300x162.webp 300w, https:\/\/promech-mc.com\/wp-content\/uploads\/2023\/04\/schema-elettrico-spac-768x415.webp 768w, https:\/\/promech-mc.com\/wp-content\/uploads\/2023\/04\/schema-elettrico-spac-1536x830.webp 1536w, https:\/\/promech-mc.com\/wp-content\/uploads\/2023\/04\/schema-elettrico-spac-1500x810.webp 1500w, https:\/\/promech-mc.com\/wp-content\/uploads\/2023\/04\/schema-elettrico-spac-705x381.webp 705w, https:\/\/promech-mc.com\/wp-content\/uploads\/2023\/04\/schema-elettrico-spac.webp 1920w\" data-sizes=\"(max-width: 1030px) 100vw, 1030px\" data-rel='gallery-1' data-prev-img='https:\/\/promech-mc.com\/wp-content\/uploads\/2023\/04\/schema-elettrico-spac-495x400.webp' class='first_thumb lightbox ' data-onclick='6' title='schema elettrico spac'  itemprop=\"thumbnailUrl\"  ><img loading=\"lazy\" decoding=\"async\" class=\"wp-image-14320 avia-img-lazy-loading-14320\"   src=\"https:\/\/promech-mc.com\/wp-content\/uploads\/2023\/04\/schema-elettrico-spac-495x400.webp\" width=\"495\" height=\"400\"  title='schema elettrico spac' alt='schema elettrico spac automazione' srcset=\"https:\/\/promech-mc.com\/wp-content\/uploads\/2023\/04\/schema-elettrico-spac-495x400.webp 495w, https:\/\/promech-mc.com\/wp-content\/uploads\/2023\/04\/schema-elettrico-spac-845x684.webp 845w\" sizes=\"auto, (max-width: 495px) 100vw, 495px\" \/><div class='big-prev-fake'><img loading=\"lazy\" decoding=\"async\" class=\"wp-image-14320 avia-img-lazy-loading-14320\"  width=\"495\" height=\"400\" src=\"https:\/\/promech-mc.com\/wp-content\/uploads\/2023\/04\/schema-elettrico-spac-495x400.webp\" title='schema elettrico spac' alt='schema elettrico spac automazione' srcset=\"https:\/\/promech-mc.com\/wp-content\/uploads\/2023\/04\/schema-elettrico-spac-495x400.webp 495w, https:\/\/promech-mc.com\/wp-content\/uploads\/2023\/04\/schema-elettrico-spac-845x684.webp 845w\" sizes=\"auto, (max-width: 495px) 100vw, 495px\" \/><\/div><\/a><\/div><\/div><\/p><\/div><div  class='avia-button-wrap av-lfgneyrg-822aa2789c3613192aa13be9d6acea92-wrap avia-button-left  avia-builder-el-5  el_after_av_one_full  avia-builder-el-last '><a href='https:\/\/promech-mc.com\/de\/erstellung-der-technischen-dokumentation\/'  class='avia-button av-lfgneyrg-822aa2789c3613192aa13be9d6acea92 avia-icon_select-no avia-size-small avia-position-left avia-color-theme-color'  ><span class='avia_iconbox_title' >Vorherige<\/span><\/a><\/div><\/p>\n","protected":false},"excerpt":{"rendered":"","protected":false},"author":9,"featured_media":0,"parent":0,"menu_order":0,"comment_status":"closed","ping_status":"closed","template":"","meta":{"footnotes":""},"class_list":["post-14049","page","type-page","status-publish","hentry"],"_links":{"self":[{"href":"https:\/\/promech-mc.com\/de\/wp-json\/wp\/v2\/pages\/14049","targetHints":{"allow":["GET"]}}],"collection":[{"href":"https:\/\/promech-mc.com\/de\/wp-json\/wp\/v2\/pages"}],"about":[{"href":"https:\/\/promech-mc.com\/de\/wp-json\/wp\/v2\/types\/page"}],"author":[{"embeddable":true,"href":"https:\/\/promech-mc.com\/de\/wp-json\/wp\/v2\/users\/9"}],"replies":[{"embeddable":true,"href":"https:\/\/promech-mc.com\/de\/wp-json\/wp\/v2\/comments?post=14049"}],"version-history":[{"count":32,"href":"https:\/\/promech-mc.com\/de\/wp-json\/wp\/v2\/pages\/14049\/revisions"}],"predecessor-version":[{"id":14871,"href":"https:\/\/promech-mc.com\/de\/wp-json\/wp\/v2\/pages\/14049\/revisions\/14871"}],"wp:attachment":[{"href":"https:\/\/promech-mc.com\/de\/wp-json\/wp\/v2\/media?parent=14049"}],"curies":[{"name":"wp","href":"https:\/\/api.w.org\/{rel}","templated":true}]}}