{"id":10198,"date":"2015-11-22T23:21:31","date_gmt":"2015-11-22T22:21:31","guid":{"rendered":"https:\/\/promech-mc.com\/strukturelle-ueberpruefung-mit-fem-analyse\/"},"modified":"2023-04-27T16:21:20","modified_gmt":"2023-04-27T14:21:20","slug":"strukturelle-ueberpruefung-mit-fem-analyse","status":"publish","type":"page","link":"https:\/\/promech-mc.com\/de\/strukturelle-ueberpruefung-mit-fem-analyse\/","title":{"rendered":"STRUKTURELLE \u00dcBERPR\u00dcFUNG MIT FEM-ANALYSE"},"content":{"rendered":"\n<style type=\"text\/css\" data-created_by=\"avia_inline_auto\" id=\"style-css-av-7sjyxq-de7c5e8c21dc038e02ee497a3f8fd752\">\n.flex_column.av-7sjyxq-de7c5e8c21dc038e02ee497a3f8fd752{\n-webkit-border-radius:0px 0px 0px 0px;\n-moz-border-radius:0px 0px 0px 0px;\nborder-radius:0px 0px 0px 0px;\npadding:0px 0px 0px 0px;\n}\n<\/style>\n<div class='flex_column av-7sjyxq-de7c5e8c21dc038e02ee497a3f8fd752 av_one_full  avia-builder-el-0  el_before_av_button  avia-builder-el-first  first flex_column_div av-zero-column-padding '     ><p>\n<style type=\"text\/css\" data-created_by=\"avia_inline_auto\" id=\"style-css-av-6gu2su-a80d6a41a65af88b622ba38bbea41535\">\n#top .av-special-heading.av-6gu2su-a80d6a41a65af88b622ba38bbea41535{\npadding-bottom:10px;\n}\nbody .av-special-heading.av-6gu2su-a80d6a41a65af88b622ba38bbea41535 .av-special-heading-tag .heading-char{\nfont-size:25px;\n}\n.av-special-heading.av-6gu2su-a80d6a41a65af88b622ba38bbea41535 .av-subheading{\nfont-size:15px;\n}\n<\/style>\n<div  class='av-special-heading av-6gu2su-a80d6a41a65af88b622ba38bbea41535 av-special-heading-h1  avia-builder-el-1  el_before_av_textblock  avia-builder-el-first '><h1 class='av-special-heading-tag'  itemprop=\"headline\"  >STRUKTURELLE \u00dcBERPR\u00dcFUNG MIT FEM-ANALYSE<\/h1><div class=\"special-heading-border\"><div class=\"special-heading-inner-border\"><\/div><\/div><\/div><br \/>\n<section  class='av_textblock_section av-4mq3se-ff8caa71675654afd017cf0f82c73823'  itemscope=\"itemscope\" itemtype=\"https:\/\/schema.org\/CreativeWork\" ><div class='avia_textblock'  itemprop=\"text\" ><p><strong>Die FEM-Strukturanalyse<\/strong> ist ein grundlegendes Werkzeug f\u00fcr die mechanische Konstruktion und f\u00fcr die <strong>Bearbeitung und L\u00f6sung von Problemen<\/strong> im Maschinenbau und in der Strukturmechanik. Sie wird durchgef\u00fchrt, um bereits in der Konstruktionsphase die Erf\u00fcllung der Anforderungen zu \u00fcberpr\u00fcfen und die <strong>Festigkeit und Stabilit\u00e4t<\/strong> eines Bauteils oder einer ganzen Maschine oder Anlage zu beurteilen.<\/p>\n<p><strong>Sicherheit und Zuverl\u00e4ssigkeit<\/strong> sind <strong>wichtige Aspekte<\/strong> bei der Konstruktion und Entwicklung von Maschinen.<\/p>\n<p>F\u00fcr besonders beanspruchte Teile und gro\u00dfe Strukturen, deren Versagen schwere Sch\u00e4den verursachen k\u00f6nnte, werden Strukturberechnungen mit Programmen durchgef\u00fchrt, die auf der <strong>Methode der Finiten-Elemente-Analyse (FEM)<\/strong> basieren. Diese Methode erm\u00f6glicht ein detailliertes Verst\u00e4ndnis des <strong>Strukturverhaltens<\/strong>, auch bei extremen oder unerwarteten Belastungen, und die <strong>Beseitigung von Risiken<\/strong>, indem auf die am st\u00e4rksten belasteten Abschnitte eingewirkt wird oder, wenn dies problematisch ist, <strong>alternative L\u00f6sungen vorgeschlagen werden<\/strong>.<\/p>\n<p>Strukturelle Berechnungen sind in der Lage, die Schwachstellen einer Komponente oder eines Systems zu erkennen und den Grad der Sicherheit und Zuverl\u00e4ssigkeit zu bewerten. Um die Einhaltung dieser Grunds\u00e4tze zu gew\u00e4hrleisten, m\u00fcssen die statischen Berechnungen genau durchgef\u00fchrt werden und die verwendeten Produktionsverfahren, Technologien und Systeme ber\u00fccksichtigen.<\/p>\n<p>Dar\u00fcber hinaus erm\u00f6glicht die Strukturanalyse die Bewertung der Verformungen und Spannungen, denen ein Bauteil oder System ausgesetzt ist, um eine maximale <strong>Effizienz und Haltbarkeit<\/strong> zu gew\u00e4hrleisten. Aus diesem Grund ist sie ein entscheidender Schritt bei der mechanischen Konstruktion von Maschinen und Anlagen.<\/p>\n<p>Schlie\u00dflich sind statische Berechnungen auch f\u00fcr die <strong>Beurteilung von Risiken und Gefahren<\/strong> im Zusammenhang mit dem Einsatz von Maschinen und Anlagen von entscheidender Bedeutung. <strong>Sicherheit ist daher eine Priorit\u00e4t<\/strong> bei der Konstruktion und Entwicklung von Maschinen, und die Strukturanalyse ist eines der wichtigsten Instrumente zur Gew\u00e4hrleistung von Zuverl\u00e4ssigkeit und Sicherheit.<\/p>\n<\/div><\/section><br \/>\n\n<style type=\"text\/css\" data-created_by=\"avia_inline_auto\" id=\"style-css-av-2wwgby-b48177db62ed8b6a9d87d45db65997a4\">\n#top .avia-gallery.av-2wwgby-b48177db62ed8b6a9d87d45db65997a4 .avia-gallery-thumb a{\nwidth:50%;\n}\n<\/style>\n<div  class='avia-gallery av-2wwgby-b48177db62ed8b6a9d87d45db65997a4 avia_animate_when_visible  avia-builder-el-3  el_after_av_textblock  avia-builder-el-last  avia_lazyload avia-gallery-animate avia-gallery-1'  itemprop=\"image\" itemscope=\"itemscope\" itemtype=\"https:\/\/schema.org\/ImageObject\" ><meta itemprop=\"contentURL\" content=\"https:\/\/promech-mc.com\/de\/strukturelle-ueberpruefung-mit-fem-analyse\/\"><div class='avia-gallery-thumb'><a href=\"https:\/\/promech-mc.com\/wp-content\/uploads\/2015\/11\/verifica_strutturale_3.jpg\" data-srcset=\"https:\/\/promech-mc.com\/wp-content\/uploads\/2015\/11\/verifica_strutturale_3.jpg 489w, https:\/\/promech-mc.com\/wp-content\/uploads\/2015\/11\/verifica_strutturale_3-195x300.jpg 195w, https:\/\/promech-mc.com\/wp-content\/uploads\/2015\/11\/verifica_strutturale_3-459x705.jpg 459w, https:\/\/promech-mc.com\/wp-content\/uploads\/2015\/11\/verifica_strutturale_3-450x691.jpg 450w\" data-sizes=\"(max-width: 489px) 100vw, 489px\" data-rel='gallery-1' data-prev-img='https:\/\/promech-mc.com\/wp-content\/uploads\/2015\/11\/verifica_strutturale_3-489x400.jpg' class='first_thumb lightbox ' data-onclick='1' title='verifica_strutturale_3'  itemprop=\"thumbnailUrl\"  ><img loading=\"lazy\" decoding=\"async\" class=\"wp-image-10031 avia-img-lazy-loading-10031\"   src=\"https:\/\/promech-mc.com\/wp-content\/uploads\/2015\/11\/verifica_strutturale_3-489x400.jpg\" width=\"489\" height=\"400\"  title='verifica_strutturale_3' alt='verifica_strutturale_3' \/><div class='big-prev-fake'><img loading=\"lazy\" decoding=\"async\" class=\"wp-image-10031 avia-img-lazy-loading-10031\"  width=\"489\" height=\"400\" src=\"https:\/\/promech-mc.com\/wp-content\/uploads\/2015\/11\/verifica_strutturale_3-489x400.jpg\" title='verifica_strutturale_3' alt='verifica_strutturale_3' \/><\/div><\/a><a href=\"https:\/\/promech-mc.com\/wp-content\/uploads\/2015\/11\/verifica_strutturale_4.jpg\" data-srcset=\"https:\/\/promech-mc.com\/wp-content\/uploads\/2015\/11\/verifica_strutturale_4.jpg 446w, https:\/\/promech-mc.com\/wp-content\/uploads\/2015\/11\/verifica_strutturale_4-185x300.jpg 185w, https:\/\/promech-mc.com\/wp-content\/uploads\/2015\/11\/verifica_strutturale_4-435x705.jpg 435w\" data-sizes=\"(max-width: 446px) 100vw, 446px\" data-rel='gallery-1' data-prev-img='https:\/\/promech-mc.com\/wp-content\/uploads\/2015\/11\/verifica_strutturale_4-446x400.jpg' class='lightbox ' data-onclick='2' title='verifica_strutturale_4'  itemprop=\"thumbnailUrl\"  ><img loading=\"lazy\" decoding=\"async\" class=\"wp-image-10033 avia-img-lazy-loading-10033\"   src=\"https:\/\/promech-mc.com\/wp-content\/uploads\/2015\/11\/verifica_strutturale_4-446x400.jpg\" width=\"446\" height=\"400\"  title='verifica_strutturale_4' alt='verifica_strutturale_4' \/><div class='big-prev-fake'><img loading=\"lazy\" decoding=\"async\" class=\"wp-image-10033 avia-img-lazy-loading-10033\"  width=\"446\" height=\"400\" src=\"https:\/\/promech-mc.com\/wp-content\/uploads\/2015\/11\/verifica_strutturale_4-446x400.jpg\" title='verifica_strutturale_4' alt='verifica_strutturale_4' \/><\/div><\/a><\/div><\/div><\/p><\/div><div  class='avia-button-wrap av-l59foolx-f0a0b974a2ff63757167ab81cc1cc7c2-wrap avia-button-left  avia-builder-el-4  el_after_av_one_full  el_before_av_button '><a href='https:\/\/promech-mc.com\/de\/untersuchung-der-kinematik\/'  class='avia-button av-l59foolx-f0a0b974a2ff63757167ab81cc1cc7c2 avia-icon_select-no avia-size-small avia-position-left avia-color-theme-color'  ><span class='avia_iconbox_title' >Vorherige<\/span><\/a><\/div><\/p>\n<div  class='avia-button-wrap av-l59fp9hy-332e241ec9f92ea013cc0792d415f772-wrap avia-button-right  avia-builder-el-5  el_after_av_button  avia-builder-el-last '><a href='https:\/\/promech-mc.com\/de\/finale-designentwicklung\/'  class='avia-button av-l59fp9hy-332e241ec9f92ea013cc0792d415f772 avia-icon_select-no avia-size-small avia-position-right avia-color-theme-color'  ><span class='avia_iconbox_title' >N\u00e4chste<\/span><\/a><\/div>\n","protected":false},"excerpt":{"rendered":"","protected":false},"author":1,"featured_media":0,"parent":0,"menu_order":0,"comment_status":"closed","ping_status":"closed","template":"","meta":{"footnotes":""},"class_list":["post-10198","page","type-page","status-publish","hentry"],"_links":{"self":[{"href":"https:\/\/promech-mc.com\/de\/wp-json\/wp\/v2\/pages\/10198","targetHints":{"allow":["GET"]}}],"collection":[{"href":"https:\/\/promech-mc.com\/de\/wp-json\/wp\/v2\/pages"}],"about":[{"href":"https:\/\/promech-mc.com\/de\/wp-json\/wp\/v2\/types\/page"}],"author":[{"embeddable":true,"href":"https:\/\/promech-mc.com\/de\/wp-json\/wp\/v2\/users\/1"}],"replies":[{"embeddable":true,"href":"https:\/\/promech-mc.com\/de\/wp-json\/wp\/v2\/comments?post=10198"}],"version-history":[{"count":23,"href":"https:\/\/promech-mc.com\/de\/wp-json\/wp\/v2\/pages\/10198\/revisions"}],"predecessor-version":[{"id":14905,"href":"https:\/\/promech-mc.com\/de\/wp-json\/wp\/v2\/pages\/10198\/revisions\/14905"}],"wp:attachment":[{"href":"https:\/\/promech-mc.com\/de\/wp-json\/wp\/v2\/media?parent=10198"}],"curies":[{"name":"wp","href":"https:\/\/api.w.org\/{rel}","templated":true}]}}