{"id":10185,"date":"2015-11-22T23:18:56","date_gmt":"2015-11-22T22:18:56","guid":{"rendered":"https:\/\/promech-mc.com\/vorlaeufige-designentwicklung\/"},"modified":"2023-04-27T16:12:17","modified_gmt":"2023-04-27T14:12:17","slug":"vorlaeufige-designentwicklung","status":"publish","type":"page","link":"https:\/\/promech-mc.com\/de\/vorlaeufige-designentwicklung\/","title":{"rendered":"VORL\u00c4UFIGE DESIGNENTWICKLUNG"},"content":{"rendered":"\n<style type=\"text\/css\" data-created_by=\"avia_inline_auto\" id=\"style-css-av-6u41l3-1af1b040e554843fd05bbbf9f486bfee\">\n.flex_column.av-6u41l3-1af1b040e554843fd05bbbf9f486bfee{\n-webkit-border-radius:0px 0px 0px 0px;\n-moz-border-radius:0px 0px 0px 0px;\nborder-radius:0px 0px 0px 0px;\npadding:0px 0px 0px 0px;\n}\n<\/style>\n<div class='flex_column av-6u41l3-1af1b040e554843fd05bbbf9f486bfee av_one_full  avia-builder-el-0  avia-builder-el-no-sibling  first flex_column_div av-zero-column-padding '     ><p>\n<style type=\"text\/css\" data-created_by=\"avia_inline_auto\" id=\"style-css-av-5s50mf-2684d15e085d1fee6975e7c7bd217730\">\n#top .av-special-heading.av-5s50mf-2684d15e085d1fee6975e7c7bd217730{\npadding-bottom:10px;\n}\nbody .av-special-heading.av-5s50mf-2684d15e085d1fee6975e7c7bd217730 .av-special-heading-tag .heading-char{\nfont-size:25px;\n}\n.av-special-heading.av-5s50mf-2684d15e085d1fee6975e7c7bd217730 .av-subheading{\nfont-size:15px;\n}\n<\/style>\n<div  class='av-special-heading av-5s50mf-2684d15e085d1fee6975e7c7bd217730 av-special-heading-h1  avia-builder-el-1  el_before_av_textblock  avia-builder-el-first '><h1 class='av-special-heading-tag'  itemprop=\"headline\"  >VORL\u00c4UFIGE DESIGNENTWICKLUNG<\/h1><div class=\"special-heading-border\"><div class=\"special-heading-inner-border\"><\/div><\/div><\/div><br \/>\n<section  class='av_textblock_section av-3lrq9j-234fcdcc1b6026bddab68c1bdaceb6f8'  itemscope=\"itemscope\" itemtype=\"https:\/\/schema.org\/CreativeWork\" ><div class='avia_textblock'  itemprop=\"text\" ><p>Die <strong>Vorentwurfsphase<\/strong> ist von grundlegender Bedeutung f\u00fcr die mechanische Konstruktion von Anlagen und Maschinen. In dieser Phase arbeitet der Designer eng mit dem Kunden zusammen, um <strong>dessen Priorit\u00e4ten und Anforderungen, Umweltbedingungen und technische Einschr\u00e4nkungen zu verstehen.<\/strong><\/p>\n<p>Au\u00dferdem werden in dieser Phase die <strong>Ziele<\/strong> festgelegt und die <strong>Durchf\u00fchrbarkeit<\/strong> des Projekts anhand der mit dem Kunden festgelegten Spezifikationen und Kostenvorgaben definiert. Eine gute Planung in dieser Phase <strong>vermeidet<\/strong> Verz\u00f6gerungen und Probleme in den sp\u00e4teren Phasen des Projekts.<\/p>\n<p>Nach Abschluss der Vorentwurfsphase ist der Konstrukteur in der Lage, die <strong>Merkmale der Funktionsgruppen<\/strong> zu beschreiben und die <strong>Hauptkomponenten<\/strong> zu identifizieren, indem er ihre <strong>Gesamtabmessungen und spezifischen Funktionen<\/strong> festlegt und alle <strong>elektrischen, pneumatischen, hydraulischen und mechanischen Verbindungen<\/strong> detailliert beschreibt. Dieser Schritt ist entscheidend f\u00fcr die Festlegung des endg\u00fcltigen Entwurfs und die anschlie\u00dfende Projektentwicklungsphase.<\/p>\n<p>Die Vorentwurfsphase ist ein entscheidender Schritt bei der mechanischen Konstruktion von Maschinen und Anlagen. Durch eine sorgf\u00e4ltige Planung in dieser Phase k\u00f6nnen Verz\u00f6gerungen und Probleme in den nachfolgenden Projektphasen vermieden werden, so dass eine maximale Effizienz und Zuverl\u00e4ssigkeit der Maschinen oder Anlagen gew\u00e4hrleistet ist.<\/p>\n<\/div><\/section><br \/>\n\n<style type=\"text\/css\" data-created_by=\"avia_inline_auto\" id=\"style-css-av-2ckaav-6e2336f9cdddb33090aa04a9a7780f47\">\n#top .avia-gallery.av-2ckaav-6e2336f9cdddb33090aa04a9a7780f47 .avia-gallery-thumb a{\nwidth:50%;\n}\n<\/style>\n<div  class='avia-gallery av-2ckaav-6e2336f9cdddb33090aa04a9a7780f47 avia_animate_when_visible  avia-builder-el-3  el_after_av_textblock  el_before_av_button  avia_lazyload avia-gallery-animate avia-gallery-1'  itemprop=\"image\" itemscope=\"itemscope\" itemtype=\"https:\/\/schema.org\/ImageObject\" ><meta itemprop=\"contentURL\" content=\"https:\/\/promech-mc.com\/de\/vorlaeufige-designentwicklung\/\"><div class='avia-gallery-thumb'><a href=\"https:\/\/promech-mc.com\/wp-content\/uploads\/2015\/11\/progetto_preliminare_1-1030x671.jpg\" data-srcset=\"https:\/\/promech-mc.com\/wp-content\/uploads\/2015\/11\/progetto_preliminare_1-1030x671.jpg 1030w, https:\/\/promech-mc.com\/wp-content\/uploads\/2015\/11\/progetto_preliminare_1-300x195.jpg 300w, https:\/\/promech-mc.com\/wp-content\/uploads\/2015\/11\/progetto_preliminare_1-705x459.jpg 705w, https:\/\/promech-mc.com\/wp-content\/uploads\/2015\/11\/progetto_preliminare_1-450x293.jpg 450w, https:\/\/promech-mc.com\/wp-content\/uploads\/2015\/11\/progetto_preliminare_1.jpg 1219w\" data-sizes=\"(max-width: 1030px) 100vw, 1030px\" data-rel='gallery-1' data-prev-img='https:\/\/promech-mc.com\/wp-content\/uploads\/2015\/11\/progetto_preliminare_1-495x400.jpg' class='first_thumb lightbox ' data-onclick='1' title='progetto_preliminare_1'  itemprop=\"thumbnailUrl\"  ><img loading=\"lazy\" decoding=\"async\" class=\"wp-image-10015 avia-img-lazy-loading-10015\"   src=\"https:\/\/promech-mc.com\/wp-content\/uploads\/2015\/11\/progetto_preliminare_1-495x400.jpg\" width=\"495\" height=\"400\"  title='progetto_preliminare_1' alt='progetto_preliminare_1' srcset=\"https:\/\/promech-mc.com\/wp-content\/uploads\/2015\/11\/progetto_preliminare_1-495x400.jpg 495w, https:\/\/promech-mc.com\/wp-content\/uploads\/2015\/11\/progetto_preliminare_1-845x684.jpg 845w\" sizes=\"auto, (max-width: 495px) 100vw, 495px\" \/><div class='big-prev-fake'><img loading=\"lazy\" decoding=\"async\" class=\"wp-image-10015 avia-img-lazy-loading-10015\"  width=\"495\" height=\"400\" src=\"https:\/\/promech-mc.com\/wp-content\/uploads\/2015\/11\/progetto_preliminare_1-495x400.jpg\" title='progetto_preliminare_1' alt='progetto_preliminare_1' srcset=\"https:\/\/promech-mc.com\/wp-content\/uploads\/2015\/11\/progetto_preliminare_1-495x400.jpg 495w, https:\/\/promech-mc.com\/wp-content\/uploads\/2015\/11\/progetto_preliminare_1-845x684.jpg 845w\" sizes=\"auto, (max-width: 495px) 100vw, 495px\" \/><\/div><\/a><a href=\"https:\/\/promech-mc.com\/wp-content\/uploads\/2015\/11\/progetto_preliminare_2.jpg\" data-srcset=\"https:\/\/promech-mc.com\/wp-content\/uploads\/2015\/11\/progetto_preliminare_2.jpg 801w, https:\/\/promech-mc.com\/wp-content\/uploads\/2015\/11\/progetto_preliminare_2-300x255.jpg 300w, https:\/\/promech-mc.com\/wp-content\/uploads\/2015\/11\/progetto_preliminare_2-705x599.jpg 705w, https:\/\/promech-mc.com\/wp-content\/uploads\/2015\/11\/progetto_preliminare_2-450x383.jpg 450w\" data-sizes=\"(max-width: 801px) 100vw, 801px\" data-rel='gallery-1' data-prev-img='https:\/\/promech-mc.com\/wp-content\/uploads\/2015\/11\/progetto_preliminare_2-495x400.jpg' class='lightbox ' data-onclick='2' title='progetto_preliminare_2'  itemprop=\"thumbnailUrl\"  ><img loading=\"lazy\" decoding=\"async\" class=\"wp-image-10017 avia-img-lazy-loading-10017\"   src=\"https:\/\/promech-mc.com\/wp-content\/uploads\/2015\/11\/progetto_preliminare_2-495x400.jpg\" width=\"495\" height=\"400\"  title='progetto_preliminare_2' alt='progetto_preliminare_2' \/><div class='big-prev-fake'><img loading=\"lazy\" decoding=\"async\" class=\"wp-image-10017 avia-img-lazy-loading-10017\"  width=\"495\" height=\"400\" src=\"https:\/\/promech-mc.com\/wp-content\/uploads\/2015\/11\/progetto_preliminare_2-495x400.jpg\" title='progetto_preliminare_2' alt='progetto_preliminare_2' \/><\/div><\/a><\/div><\/div><br \/>\n<div  class='avia-button-wrap av-l59fb0q5-bb44f99579998d6d055e82bc2f006827-wrap avia-button-right  avia-builder-el-4  el_after_av_gallery  avia-builder-el-last '><a href='https:\/\/promech-mc.com\/de\/untersuchung-der-kinematik\/'  class='avia-button av-l59fb0q5-bb44f99579998d6d055e82bc2f006827 avia-icon_select-no avia-size-small avia-position-right avia-color-theme-color'  ><span class='avia_iconbox_title' >N\u00e4chste<\/span><\/a><\/div><\/p><\/div>\n","protected":false},"excerpt":{"rendered":"","protected":false},"author":1,"featured_media":0,"parent":0,"menu_order":0,"comment_status":"closed","ping_status":"closed","template":"","meta":{"footnotes":""},"class_list":["post-10185","page","type-page","status-publish","hentry"],"_links":{"self":[{"href":"https:\/\/promech-mc.com\/de\/wp-json\/wp\/v2\/pages\/10185","targetHints":{"allow":["GET"]}}],"collection":[{"href":"https:\/\/promech-mc.com\/de\/wp-json\/wp\/v2\/pages"}],"about":[{"href":"https:\/\/promech-mc.com\/de\/wp-json\/wp\/v2\/types\/page"}],"author":[{"embeddable":true,"href":"https:\/\/promech-mc.com\/de\/wp-json\/wp\/v2\/users\/1"}],"replies":[{"embeddable":true,"href":"https:\/\/promech-mc.com\/de\/wp-json\/wp\/v2\/comments?post=10185"}],"version-history":[{"count":30,"href":"https:\/\/promech-mc.com\/de\/wp-json\/wp\/v2\/pages\/10185\/revisions"}],"predecessor-version":[{"id":14899,"href":"https:\/\/promech-mc.com\/de\/wp-json\/wp\/v2\/pages\/10185\/revisions\/14899"}],"wp:attachment":[{"href":"https:\/\/promech-mc.com\/de\/wp-json\/wp\/v2\/media?parent=10185"}],"curies":[{"name":"wp","href":"https:\/\/api.w.org\/{rel}","templated":true}]}}