{"id":10174,"date":"2015-11-22T23:24:11","date_gmt":"2015-11-22T22:24:11","guid":{"rendered":"https:\/\/promech-mc.com\/finale-designentwicklung\/"},"modified":"2023-04-27T16:05:13","modified_gmt":"2023-04-27T14:05:13","slug":"finale-designentwicklung","status":"publish","type":"page","link":"https:\/\/promech-mc.com\/de\/finale-designentwicklung\/","title":{"rendered":"FINALE DESIGNENTWICKLUNG"},"content":{"rendered":"\n<style type=\"text\/css\" data-created_by=\"avia_inline_auto\" id=\"style-css-av-ta6si-0ad9f6171b129b3e8f1d4750e8706174\">\n.flex_column.av-ta6si-0ad9f6171b129b3e8f1d4750e8706174{\n-webkit-border-radius:0px 0px 0px 0px;\n-moz-border-radius:0px 0px 0px 0px;\nborder-radius:0px 0px 0px 0px;\npadding:0px 0px 0px 0px;\n}\n<\/style>\n<div class='flex_column av-ta6si-0ad9f6171b129b3e8f1d4750e8706174 av_one_full  avia-builder-el-0  avia-builder-el-no-sibling  first flex_column_div av-zero-column-padding '     ><p>\n<style type=\"text\/css\" data-created_by=\"avia_inline_auto\" id=\"style-css-av-5wgerm-fc13f2fbe6e8f6734f11672983e2b897\">\n#top .av-special-heading.av-5wgerm-fc13f2fbe6e8f6734f11672983e2b897{\npadding-bottom:10px;\n}\nbody .av-special-heading.av-5wgerm-fc13f2fbe6e8f6734f11672983e2b897 .av-special-heading-tag .heading-char{\nfont-size:25px;\n}\n.av-special-heading.av-5wgerm-fc13f2fbe6e8f6734f11672983e2b897 .av-subheading{\nfont-size:15px;\n}\n<\/style>\n<div  class='av-special-heading av-5wgerm-fc13f2fbe6e8f6734f11672983e2b897 av-special-heading-h1  avia-builder-el-1  el_before_av_textblock  avia-builder-el-first '><h1 class='av-special-heading-tag'  itemprop=\"headline\"  >FINALE DESIGNENTWICKLUNG<\/h1><div class=\"special-heading-border\"><div class=\"special-heading-inner-border\"><\/div><\/div><\/div><br \/>\n<section  class='av_textblock_section av-4phk1e-23fa4f7db539d7e35fb7b6b53c034475'  itemscope=\"itemscope\" itemtype=\"https:\/\/schema.org\/CreativeWork\" ><div class='avia_textblock'  itemprop=\"text\" ><p>Die <strong>Entwicklung des endg\u00fcltigen Entwurfs<\/strong> ist eine <strong>entscheidende Phase<\/strong>, in der der Vorentwurf vertieft und detailliert wird, bis er zu einem vollst\u00e4ndigen Entwurf wird, der <strong>beim Bau der Maschine oder Anlage verwendet werden kann<\/strong>. Die mechanische Konstruktion von Maschinen und Anlagen erfordert viel <strong>Liebe zum Detail und ein umfassendes Wissen \u00fcber Produktionsprozesse und industrielle Automatisierung.<\/strong><\/p>\n<p>W\u00e4hrend der Entwicklung des endg\u00fcltigen Entwurfs werden <strong>alle technischen und funktionalen Spezifikationen festgelegt und alle Komponenten im Entwurf ber\u00fccksichtigt.<\/strong> Diese Phase erfordert ein hohes Ma\u00df an Pr\u00e4zision und Liebe zum Detail, um die <strong>maximale Leistung und Zuverl\u00e4ssigkeit<\/strong> der Maschine oder Anlage zu gew\u00e4hrleisten.<\/p>\n<p>Es ist wichtig zu betonen, dass sich die Entwicklung des endg\u00fcltigen Entwurfs h\u00e4ufig mit der vorhergehenden Phase \u00fcberschneidet, da eine bessere Definition des Vorentwurfs die Fertigstellung des endg\u00fcltigen Entwurfs <strong>beschleunigt<\/strong>. Dar\u00fcber hinaus ist die Entwicklung des endg\u00fcltigen Designs ein kontinuierlicher Prozess, der je nach den Bed\u00fcrfnissen des Unternehmens, der Kunden oder der Produktionsprozesse ge\u00e4ndert werden kann.<\/p>\n<p>Die mechanische Konstruktion von Maschinen und Anlagen ist ein komplexer Prozess, der <strong>umfassende Kenntnisse \u00fcber Prozesse, Technologien und Systeme erfordert.<\/strong> Die Entwicklungsphase des endg\u00fcltigen Entwurfs ist entscheidend, um eine maximale <strong>Effizienz und Zuverl\u00e4ssigkeit der Maschine oder Anlage zu gew\u00e4hrleisten.<\/strong><\/p>\n<\/div><\/section><br \/>\n\n<style type=\"text\/css\" data-created_by=\"avia_inline_auto\" id=\"style-css-av-2p3gle-daa05981586455a91a164aa0c99c36c3\">\n#top .avia-gallery.av-2p3gle-daa05981586455a91a164aa0c99c36c3 .avia-gallery-thumb a{\nwidth:33.3333%;\n}\n<\/style>\n<div  class='avia-gallery av-2p3gle-daa05981586455a91a164aa0c99c36c3 avia_animate_when_visible  avia-builder-el-3  el_after_av_textblock  el_before_av_button  avia_lazyload avia-gallery-animate avia-gallery-1'  itemprop=\"image\" itemscope=\"itemscope\" itemtype=\"https:\/\/schema.org\/ImageObject\" ><meta itemprop=\"contentURL\" content=\"https:\/\/promech-mc.com\/de\/finale-designentwicklung\/\"><div class='avia-gallery-thumb'><a href=\"https:\/\/promech-mc.com\/wp-content\/uploads\/2015\/11\/progetto_definitivo_1-1030x697.jpg\" data-srcset=\"https:\/\/promech-mc.com\/wp-content\/uploads\/2015\/11\/progetto_definitivo_1-1030x697.jpg 1030w, https:\/\/promech-mc.com\/wp-content\/uploads\/2015\/11\/progetto_definitivo_1-300x203.jpg 300w, https:\/\/promech-mc.com\/wp-content\/uploads\/2015\/11\/progetto_definitivo_1-705x477.jpg 705w, https:\/\/promech-mc.com\/wp-content\/uploads\/2015\/11\/progetto_definitivo_1-450x305.jpg 450w, https:\/\/promech-mc.com\/wp-content\/uploads\/2015\/11\/progetto_definitivo_1.jpg 1050w\" data-sizes=\"(max-width: 1030px) 100vw, 1030px\" data-rel='gallery-1' data-prev-img='https:\/\/promech-mc.com\/wp-content\/uploads\/2015\/11\/progetto_definitivo_1-495x400.jpg' class='first_thumb lightbox ' data-onclick='1' title='progetto_definitivo_1'  itemprop=\"thumbnailUrl\"  ><img loading=\"lazy\" decoding=\"async\" class=\"wp-image-10035 avia-img-lazy-loading-10035\"   src=\"https:\/\/promech-mc.com\/wp-content\/uploads\/2015\/11\/progetto_definitivo_1-495x400.jpg\" width=\"495\" height=\"400\"  title='progetto_definitivo_1' alt='progettazione macchinari e impianti1' srcset=\"https:\/\/promech-mc.com\/wp-content\/uploads\/2015\/11\/progetto_definitivo_1-495x400.jpg 495w, https:\/\/promech-mc.com\/wp-content\/uploads\/2015\/11\/progetto_definitivo_1-845x684.jpg 845w\" sizes=\"auto, (max-width: 495px) 100vw, 495px\" \/><div class='big-prev-fake'><img loading=\"lazy\" decoding=\"async\" class=\"wp-image-10035 avia-img-lazy-loading-10035\"  width=\"495\" height=\"400\" src=\"https:\/\/promech-mc.com\/wp-content\/uploads\/2015\/11\/progetto_definitivo_1-495x400.jpg\" title='progetto_definitivo_1' alt='progettazione macchinari e impianti1' srcset=\"https:\/\/promech-mc.com\/wp-content\/uploads\/2015\/11\/progetto_definitivo_1-495x400.jpg 495w, https:\/\/promech-mc.com\/wp-content\/uploads\/2015\/11\/progetto_definitivo_1-845x684.jpg 845w\" sizes=\"auto, (max-width: 495px) 100vw, 495px\" \/><\/div><\/a><a href=\"https:\/\/promech-mc.com\/wp-content\/uploads\/2015\/11\/progetto_definitivo_2-1030x791.jpg\" data-srcset=\"https:\/\/promech-mc.com\/wp-content\/uploads\/2015\/11\/progetto_definitivo_2-1030x791.jpg 1030w, https:\/\/promech-mc.com\/wp-content\/uploads\/2015\/11\/progetto_definitivo_2-300x230.jpg 300w, https:\/\/promech-mc.com\/wp-content\/uploads\/2015\/11\/progetto_definitivo_2-705x542.jpg 705w, https:\/\/promech-mc.com\/wp-content\/uploads\/2015\/11\/progetto_definitivo_2-450x346.jpg 450w, https:\/\/promech-mc.com\/wp-content\/uploads\/2015\/11\/progetto_definitivo_2.jpg 1178w\" data-sizes=\"(max-width: 1030px) 100vw, 1030px\" data-rel='gallery-1' data-prev-img='https:\/\/promech-mc.com\/wp-content\/uploads\/2015\/11\/progetto_definitivo_2-495x400.jpg' class='lightbox ' data-onclick='2' title='progetto_definitivo_2'  itemprop=\"thumbnailUrl\"  ><img loading=\"lazy\" decoding=\"async\" class=\"wp-image-10037 avia-img-lazy-loading-10037\"   src=\"https:\/\/promech-mc.com\/wp-content\/uploads\/2015\/11\/progetto_definitivo_2-495x400.jpg\" width=\"495\" height=\"400\"  title='progetto_definitivo_2' alt='progettazione macchinari e impianti2' srcset=\"https:\/\/promech-mc.com\/wp-content\/uploads\/2015\/11\/progetto_definitivo_2-495x400.jpg 495w, https:\/\/promech-mc.com\/wp-content\/uploads\/2015\/11\/progetto_definitivo_2-845x684.jpg 845w\" sizes=\"auto, (max-width: 495px) 100vw, 495px\" \/><div class='big-prev-fake'><img loading=\"lazy\" decoding=\"async\" class=\"wp-image-10037 avia-img-lazy-loading-10037\"  width=\"495\" height=\"400\" src=\"https:\/\/promech-mc.com\/wp-content\/uploads\/2015\/11\/progetto_definitivo_2-495x400.jpg\" title='progetto_definitivo_2' alt='progettazione macchinari e impianti2' srcset=\"https:\/\/promech-mc.com\/wp-content\/uploads\/2015\/11\/progetto_definitivo_2-495x400.jpg 495w, https:\/\/promech-mc.com\/wp-content\/uploads\/2015\/11\/progetto_definitivo_2-845x684.jpg 845w\" sizes=\"auto, (max-width: 495px) 100vw, 495px\" \/><\/div><\/a><a href=\"https:\/\/promech-mc.com\/wp-content\/uploads\/2015\/11\/progetto_definitivo_3.jpg\" data-srcset=\"https:\/\/promech-mc.com\/wp-content\/uploads\/2015\/11\/progetto_definitivo_3.jpg 617w, https:\/\/promech-mc.com\/wp-content\/uploads\/2015\/11\/progetto_definitivo_3-300x208.jpg 300w, https:\/\/promech-mc.com\/wp-content\/uploads\/2015\/11\/progetto_definitivo_3-450x312.jpg 450w\" data-sizes=\"(max-width: 617px) 100vw, 617px\" data-rel='gallery-1' data-prev-img='https:\/\/promech-mc.com\/wp-content\/uploads\/2015\/11\/progetto_definitivo_3-495x400.jpg' class='lightbox ' data-onclick='3' title='progetto_definitivo_3'  itemprop=\"thumbnailUrl\"  ><img loading=\"lazy\" decoding=\"async\" class=\"wp-image-10039 avia-img-lazy-loading-10039\"   src=\"https:\/\/promech-mc.com\/wp-content\/uploads\/2015\/11\/progetto_definitivo_3-495x400.jpg\" width=\"495\" height=\"400\"  title='progetto_definitivo_3' alt='progettazione macchinari e impianti3' \/><div class='big-prev-fake'><img loading=\"lazy\" decoding=\"async\" class=\"wp-image-10039 avia-img-lazy-loading-10039\"  width=\"495\" height=\"400\" src=\"https:\/\/promech-mc.com\/wp-content\/uploads\/2015\/11\/progetto_definitivo_3-495x400.jpg\" title='progetto_definitivo_3' alt='progettazione macchinari e impianti3' \/><\/div><\/a><\/div><\/div><br \/>\n<div  class='avia-button-wrap av-l59fqigd-3aa77dd0f9f6eaef0b0afdb002208505-wrap avia-button-left  avia-builder-el-4  el_after_av_gallery  el_before_av_button '><a href='https:\/\/promech-mc.com\/de\/strukturelle-ueberpruefung-mit-fem-analyse\/'  class='avia-button av-l59fqigd-3aa77dd0f9f6eaef0b0afdb002208505 avia-icon_select-no avia-size-small avia-position-left avia-color-theme-color'  ><span class='avia_iconbox_title' >Vorherige<\/span><\/a><\/div><br \/>\n<div  class='avia-button-wrap av-l59frdla-9394413567d8e410a5bfd97990cf3929-wrap avia-button-right  avia-builder-el-5  el_after_av_button  avia-builder-el-last '><a href='https:\/\/promech-mc.com\/de\/designstudie\/'  class='avia-button av-l59frdla-9394413567d8e410a5bfd97990cf3929 avia-icon_select-no avia-size-small avia-position-right avia-color-theme-color'  ><span class='avia_iconbox_title' >N\u00e4chste<\/span><\/a><\/div><\/p><\/div>\n","protected":false},"excerpt":{"rendered":"","protected":false},"author":1,"featured_media":0,"parent":0,"menu_order":0,"comment_status":"closed","ping_status":"closed","template":"","meta":{"footnotes":""},"class_list":["post-10174","page","type-page","status-publish","hentry"],"_links":{"self":[{"href":"https:\/\/promech-mc.com\/de\/wp-json\/wp\/v2\/pages\/10174","targetHints":{"allow":["GET"]}}],"collection":[{"href":"https:\/\/promech-mc.com\/de\/wp-json\/wp\/v2\/pages"}],"about":[{"href":"https:\/\/promech-mc.com\/de\/wp-json\/wp\/v2\/types\/page"}],"author":[{"embeddable":true,"href":"https:\/\/promech-mc.com\/de\/wp-json\/wp\/v2\/users\/1"}],"replies":[{"embeddable":true,"href":"https:\/\/promech-mc.com\/de\/wp-json\/wp\/v2\/comments?post=10174"}],"version-history":[{"count":19,"href":"https:\/\/promech-mc.com\/de\/wp-json\/wp\/v2\/pages\/10174\/revisions"}],"predecessor-version":[{"id":14893,"href":"https:\/\/promech-mc.com\/de\/wp-json\/wp\/v2\/pages\/10174\/revisions\/14893"}],"wp:attachment":[{"href":"https:\/\/promech-mc.com\/de\/wp-json\/wp\/v2\/media?parent=10174"}],"curies":[{"name":"wp","href":"https:\/\/api.w.org\/{rel}","templated":true}]}}