{"id":10161,"date":"2015-11-22T23:26:47","date_gmt":"2015-11-22T22:26:47","guid":{"rendered":"https:\/\/promech-mc.com\/designstudie\/"},"modified":"2023-04-27T15:58:22","modified_gmt":"2023-04-27T13:58:22","slug":"designstudie","status":"publish","type":"page","link":"https:\/\/promech-mc.com\/de\/designstudie\/","title":{"rendered":"DESIGN-STUDIE"},"content":{"rendered":"\n<style type=\"text\/css\" data-created_by=\"avia_inline_auto\" id=\"style-css-av-85xd6u-2438bb6b866ffae86024b6be43d135c6\">\n.flex_column.av-85xd6u-2438bb6b866ffae86024b6be43d135c6{\n-webkit-border-radius:0px 0px 0px 0px;\n-moz-border-radius:0px 0px 0px 0px;\nborder-radius:0px 0px 0px 0px;\npadding:0px 0px 0px 0px;\n}\n<\/style>\n<div class='flex_column av-85xd6u-2438bb6b866ffae86024b6be43d135c6 av_one_full  avia-builder-el-0  el_before_av_button  avia-builder-el-first  first flex_column_div av-zero-column-padding '     ><p>\n<style type=\"text\/css\" data-created_by=\"avia_inline_auto\" id=\"style-css-av-5g3f2e-5007e51ea48f84d0b361d13c649f42a4\">\n#top .av-special-heading.av-5g3f2e-5007e51ea48f84d0b361d13c649f42a4{\npadding-bottom:10px;\n}\nbody .av-special-heading.av-5g3f2e-5007e51ea48f84d0b361d13c649f42a4 .av-special-heading-tag .heading-char{\nfont-size:25px;\n}\n.av-special-heading.av-5g3f2e-5007e51ea48f84d0b361d13c649f42a4 .av-subheading{\nfont-size:15px;\n}\n<\/style>\n<div  class='av-special-heading av-5g3f2e-5007e51ea48f84d0b361d13c649f42a4 av-special-heading-h1  avia-builder-el-1  el_before_av_textblock  avia-builder-el-first '><h1 class='av-special-heading-tag'  itemprop=\"headline\"  >DESIGN-STUDIE<\/h1><div class=\"special-heading-border\"><div class=\"special-heading-inner-border\"><\/div><\/div><\/div><br \/>\n<section  class='av_textblock_section av-41bkli-9f02acec8cf0e7ab47f81dcea805b792'  itemscope=\"itemscope\" itemtype=\"https:\/\/schema.org\/CreativeWork\" ><div class='avia_textblock'  itemprop=\"text\" ><p>. <strong>Industriedesign<\/strong> gewinnt in einem vom Wettbewerb gepr\u00e4gten und erweiterten Markt, in dem die Verbraucher nach Produkten suchen, <strong>die nicht nur funktional, sondern auch \u00e4sthetisch ansprechend sind, immer mehr an Bedeutung.<\/strong> Die Gestaltung eines Produkts erfordert den Einsatz geeigneter Instrumente und eine Herangehensweise nach <strong>modernen \u00e4sthetischen Ma\u00dfst\u00e4ben,<\/strong>so dass die visuelle Wirkung bereits in der Entwurfsphase bewertet wird.<\/p>\n<p><strong>Der Design-Ingenieur<\/strong> ist der Fachmann, der f\u00fcr die Gestaltung von Produkten verantwortlich ist, <strong>die funktional und sch\u00f6n sind und den Bed\u00fcrfnissen der Verbraucher entsprechen.<\/strong> Dies erfordert Kenntnisse \u00fcber fortschrittliche Technologien und Systeme, aber auch die F\u00e4higkeit, mit Kunden zu kommunizieren und mit anderen Fachleuten wie Ingenieuren, K\u00fcnstlern und Marketingfachleuten zusammenzuarbeiten.<\/p>\n<p>Dar\u00fcber hinaus ist das Industriedesign ein iterativer Prozess, der eine st\u00e4ndige \u00dcberarbeitung und Aktualisierung entsprechend den Marktbed\u00fcrfnissen und neuen verf\u00fcgbaren Technologien erfordert. Das Produktdesign muss nicht nur <strong>die \u00c4sthetik, sondern auch die Funktionalit\u00e4t, die Herstellung, das Marketing und die Benutzerfreundlichkeit<\/strong> des Produkts ber\u00fccksichtigen. Industriedesign zielt darauf ab, <strong>ein Gleichgewicht zwischen \u00c4sthetik und Funktionalit\u00e4t<\/strong> zu finden und Produkte zu schaffen, die praktisch und attraktiv zugleich sind.<\/p>\n<\/div><\/section><br \/>\n\n<style type=\"text\/css\" data-created_by=\"avia_inline_auto\" id=\"style-css-av-2nediu-2eda42e801f64fd07075418407fba185\">\n#top .avia-gallery.av-2nediu-2eda42e801f64fd07075418407fba185 .avia-gallery-thumb a{\nwidth:50%;\n}\n<\/style>\n<div  class='avia-gallery av-2nediu-2eda42e801f64fd07075418407fba185 avia_animate_when_visible  avia-builder-el-3  el_after_av_textblock  avia-builder-el-last  avia_lazyload avia-gallery-animate avia-gallery-1'  itemprop=\"image\" itemscope=\"itemscope\" itemtype=\"https:\/\/schema.org\/ImageObject\" ><meta itemprop=\"contentURL\" content=\"https:\/\/promech-mc.com\/de\/designstudie\/\"><div class='avia-gallery-thumb'><a href=\"https:\/\/promech-mc.com\/wp-content\/uploads\/2015\/11\/design_1-1030x1020.jpg\" data-srcset=\"https:\/\/promech-mc.com\/wp-content\/uploads\/2015\/11\/design_1-1030x1020.jpg 1030w, https:\/\/promech-mc.com\/wp-content\/uploads\/2015\/11\/design_1-80x80.jpg 80w, https:\/\/promech-mc.com\/wp-content\/uploads\/2015\/11\/design_1-300x297.jpg 300w, https:\/\/promech-mc.com\/wp-content\/uploads\/2015\/11\/design_1-36x36.jpg 36w, https:\/\/promech-mc.com\/wp-content\/uploads\/2015\/11\/design_1-705x698.jpg 705w, https:\/\/promech-mc.com\/wp-content\/uploads\/2015\/11\/design_1-120x120.jpg 120w, https:\/\/promech-mc.com\/wp-content\/uploads\/2015\/11\/design_1-450x446.jpg 450w, https:\/\/promech-mc.com\/wp-content\/uploads\/2015\/11\/design_1.jpg 1083w\" data-sizes=\"(max-width: 1030px) 100vw, 1030px\" data-rel='gallery-1' data-prev-img='https:\/\/promech-mc.com\/wp-content\/uploads\/2015\/11\/design_1-495x400.jpg' class='first_thumb lightbox ' data-onclick='1' title='design_1'  itemprop=\"thumbnailUrl\"  ><img loading=\"lazy\" decoding=\"async\" class=\"wp-image-10041 avia-img-lazy-loading-10041\"   src=\"https:\/\/promech-mc.com\/wp-content\/uploads\/2015\/11\/design_1-495x400.jpg\" width=\"495\" height=\"400\"  title='design_1' alt='design fusore' srcset=\"https:\/\/promech-mc.com\/wp-content\/uploads\/2015\/11\/design_1-495x400.jpg 495w, https:\/\/promech-mc.com\/wp-content\/uploads\/2015\/11\/design_1-845x684.jpg 845w\" sizes=\"auto, (max-width: 495px) 100vw, 495px\" \/><div class='big-prev-fake'><img loading=\"lazy\" decoding=\"async\" class=\"wp-image-10041 avia-img-lazy-loading-10041\"  width=\"495\" height=\"400\" src=\"https:\/\/promech-mc.com\/wp-content\/uploads\/2015\/11\/design_1-495x400.jpg\" title='design_1' alt='design fusore' srcset=\"https:\/\/promech-mc.com\/wp-content\/uploads\/2015\/11\/design_1-495x400.jpg 495w, https:\/\/promech-mc.com\/wp-content\/uploads\/2015\/11\/design_1-845x684.jpg 845w\" sizes=\"auto, (max-width: 495px) 100vw, 495px\" \/><\/div><\/a><a href=\"https:\/\/promech-mc.com\/wp-content\/uploads\/2015\/11\/Immagine.jpg\" data-srcset=\"https:\/\/promech-mc.com\/wp-content\/uploads\/2015\/11\/Immagine.jpg 362w, https:\/\/promech-mc.com\/wp-content\/uploads\/2015\/11\/Immagine-300x265.jpg 300w\" data-sizes=\"(max-width: 362px) 100vw, 362px\" data-rel='gallery-1' data-prev-img='https:\/\/promech-mc.com\/wp-content\/uploads\/2015\/11\/Immagine.jpg' class='lightbox ' data-onclick='2' title='Immagine'  itemprop=\"thumbnailUrl\"  ><img loading=\"lazy\" decoding=\"async\" class=\"wp-image-10043 avia-img-lazy-loading-10043\"   src=\"https:\/\/promech-mc.com\/wp-content\/uploads\/2015\/11\/Immagine.jpg\" width=\"362\" height=\"320\"  title='Immagine' alt='studio design industriale' srcset=\"https:\/\/promech-mc.com\/wp-content\/uploads\/2015\/11\/Immagine.jpg 362w, https:\/\/promech-mc.com\/wp-content\/uploads\/2015\/11\/Immagine-300x265.jpg 300w\" sizes=\"auto, (max-width: 362px) 100vw, 362px\" \/><div class='big-prev-fake'><img loading=\"lazy\" decoding=\"async\" class=\"wp-image-10043 avia-img-lazy-loading-10043\"  width=\"362\" height=\"320\" src=\"https:\/\/promech-mc.com\/wp-content\/uploads\/2015\/11\/Immagine.jpg\" title='Immagine' alt='studio design industriale' srcset=\"https:\/\/promech-mc.com\/wp-content\/uploads\/2015\/11\/Immagine.jpg 362w, https:\/\/promech-mc.com\/wp-content\/uploads\/2015\/11\/Immagine-300x265.jpg 300w\" sizes=\"auto, (max-width: 362px) 100vw, 362px\" \/><\/div><\/a><\/div><\/div><\/p><\/div><div  class='avia-button-wrap av-l59fsdj2-3de09f02b5eacfce55498999c8e51dde-wrap avia-button-left  avia-builder-el-4  el_after_av_one_full  el_before_av_button '><a href='https:\/\/promech-mc.com\/de\/finale-designentwicklung\/'  class='avia-button av-l59fsdj2-3de09f02b5eacfce55498999c8e51dde avia-icon_select-no avia-size-small avia-position-left avia-color-theme-color'  ><span class='avia_iconbox_title' >Vorherige<\/span><\/a><\/div><\/p>\n<div  class='avia-button-wrap av-l59fswkd-9f45380ab8652be3c2816e3e04fb97d4-wrap avia-button-right  avia-builder-el-5  el_after_av_button  avia-builder-el-last '><a href='https:\/\/promech-mc.com\/de\/erstellung-der-technischen-dokumentation\/'  class='avia-button av-l59fswkd-9f45380ab8652be3c2816e3e04fb97d4 avia-icon_select-no avia-size-small avia-position-right avia-color-theme-color'  ><span class='avia_iconbox_title' >N\u00e4chste<\/span><\/a><\/div>\n","protected":false},"excerpt":{"rendered":"","protected":false},"author":1,"featured_media":0,"parent":0,"menu_order":0,"comment_status":"closed","ping_status":"closed","template":"","meta":{"footnotes":""},"class_list":["post-10161","page","type-page","status-publish","hentry"],"_links":{"self":[{"href":"https:\/\/promech-mc.com\/de\/wp-json\/wp\/v2\/pages\/10161","targetHints":{"allow":["GET"]}}],"collection":[{"href":"https:\/\/promech-mc.com\/de\/wp-json\/wp\/v2\/pages"}],"about":[{"href":"https:\/\/promech-mc.com\/de\/wp-json\/wp\/v2\/types\/page"}],"author":[{"embeddable":true,"href":"https:\/\/promech-mc.com\/de\/wp-json\/wp\/v2\/users\/1"}],"replies":[{"embeddable":true,"href":"https:\/\/promech-mc.com\/de\/wp-json\/wp\/v2\/comments?post=10161"}],"version-history":[{"count":22,"href":"https:\/\/promech-mc.com\/de\/wp-json\/wp\/v2\/pages\/10161\/revisions"}],"predecessor-version":[{"id":14887,"href":"https:\/\/promech-mc.com\/de\/wp-json\/wp\/v2\/pages\/10161\/revisions\/14887"}],"wp:attachment":[{"href":"https:\/\/promech-mc.com\/de\/wp-json\/wp\/v2\/media?parent=10161"}],"curies":[{"name":"wp","href":"https:\/\/api.w.org\/{rel}","templated":true}]}}