{"id":10152,"date":"2015-11-22T23:19:36","date_gmt":"2015-11-22T22:19:36","guid":{"rendered":"https:\/\/promech-mc.com\/untersuchung-der-kinematik\/"},"modified":"2023-04-27T15:43:59","modified_gmt":"2023-04-27T13:43:59","slug":"untersuchung-der-kinematik","status":"publish","type":"page","link":"https:\/\/promech-mc.com\/de\/untersuchung-der-kinematik\/","title":{"rendered":"UNTERSUCHUNG DER KINEMATIK"},"content":{"rendered":"\n<style type=\"text\/css\" data-created_by=\"avia_inline_auto\" id=\"style-css-av-7f9kpm-969f8839b5d44261b8528aa0c5d24a8b\">\n.flex_column.av-7f9kpm-969f8839b5d44261b8528aa0c5d24a8b{\n-webkit-border-radius:0px 0px 0px 0px;\n-moz-border-radius:0px 0px 0px 0px;\nborder-radius:0px 0px 0px 0px;\npadding:0px 0px 0px 0px;\n}\n<\/style>\n<div class='flex_column av-7f9kpm-969f8839b5d44261b8528aa0c5d24a8b av_one_full  avia-builder-el-0  avia-builder-el-no-sibling  first flex_column_div av-zero-column-padding '     ><p>\n<style type=\"text\/css\" data-created_by=\"avia_inline_auto\" id=\"style-css-av-kvc0a-c6d2fd78d0c25ab0e4243b3071e42801\">\n#top .av-special-heading.av-kvc0a-c6d2fd78d0c25ab0e4243b3071e42801{\npadding-bottom:10px;\n}\nbody .av-special-heading.av-kvc0a-c6d2fd78d0c25ab0e4243b3071e42801 .av-special-heading-tag .heading-char{\nfont-size:25px;\n}\n.av-special-heading.av-kvc0a-c6d2fd78d0c25ab0e4243b3071e42801 .av-subheading{\nfont-size:15px;\n}\n<\/style>\n<div  class='av-special-heading av-kvc0a-c6d2fd78d0c25ab0e4243b3071e42801 av-special-heading-h1  avia-builder-el-1  el_before_av_textblock  avia-builder-el-first '><h1 class='av-special-heading-tag'  itemprop=\"headline\"  >UNTERSUCHUNG DER KINEMATIK<\/h1><div class=\"special-heading-border\"><div class=\"special-heading-inner-border\"><\/div><\/div><\/div><br \/>\n<section  class='av_textblock_section av-3yd9fe-8e42abd13bd8ff1a306cacfb44eca901'  itemscope=\"itemscope\" itemtype=\"https:\/\/schema.org\/CreativeWork\" ><div class='avia_textblock'  itemprop=\"text\" ><p>Die Konstruktion von Mechanismen und Anlagen erfordert ein <strong>eingehendes Studium<\/strong> <strong>der Kinematik<\/strong>, um das <strong>ordnungsgem\u00e4\u00dfe Funktionieren und die Sicherheit<\/strong> der Maschinen zu gew\u00e4hrleisten. Die Kinematik ist von grundlegender Bedeutung f\u00fcr das funktionale Design, da sie hilft, die <strong>Bewegungen von Mechanismen<\/strong> vorherzusagen und Kollisionen und Sch\u00e4den zu vermeiden.<\/p>\n<p>In der Phase des mechanischen Entwurfs legt der Konstrukteur die Form der Bauteile des Mechanismus fest, damit sie die von den <strong>Betriebsanforderungen geforderte Flugbahn ausf\u00fchren k\u00f6nnen<\/strong>. Dieser Schritt ist wichtig, um die Pr\u00e4zision und Zuverl\u00e4ssigkeit der Maschine oder Anlage zu gew\u00e4hrleisten.<\/p>\n<p>Der Konstrukteur bestimmt auch <strong>die Kraft und die Energie<\/strong>, die erforderlich sind, um jedes Element entlang des gew\u00fcnschten Weges zu bewegen, um den am besten geeigneten <strong>Materialtyp und die hinzuzuf\u00fcgende Masse zu w\u00e4hlen<\/strong>. Oberstes Ziel ist es, eine optimale Struktur zu schaffen, um einen bestimmten Zweck auf <strong>pr\u00e4zise und zuverl\u00e4ssige Weise zu erf\u00fcllen.<\/strong><\/p>\n<p>Zusammenfassend l\u00e4sst sich sagen, dass die Untersuchung der Kinematik bei der Konstruktion von Mechanismen und Anlagen ein entscheidender Schritt ist, um eine maximale Effizienz und Zuverl\u00e4ssigkeit der Maschine oder Anlage zu gew\u00e4hrleisten. Das funktionale Design ist wichtig, um die Form der Komponenten zu definieren und die Bewegungen der Mechanismen vorherzusagen, um Kollisionen und Sch\u00e4den zu vermeiden.<\/p>\n<\/div><\/section><br \/>\n\n<style type=\"text\/css\" data-created_by=\"avia_inline_auto\" id=\"style-css-av-2yxr7u-7080f9886fe63c495b3f608f1256df74\">\n#top .avia-gallery.av-2yxr7u-7080f9886fe63c495b3f608f1256df74 .avia-gallery-thumb a{\nwidth:16.6667%;\n}\n<\/style>\n<div  class='avia-gallery av-2yxr7u-7080f9886fe63c495b3f608f1256df74 avia_animate_when_visible  avia-builder-el-3  el_after_av_textblock  el_before_av_button  avia_lazyload avia-gallery-animate avia-gallery-1'  itemprop=\"image\" itemscope=\"itemscope\" itemtype=\"https:\/\/schema.org\/ImageObject\" ><meta itemprop=\"contentURL\" content=\"https:\/\/promech-mc.com\/de\/untersuchung-der-kinematik\/\"><div class='avia-gallery-thumb'><a href=\"https:\/\/promech-mc.com\/wp-content\/uploads\/2015\/11\/studio_cinematica_1.jpg\" data-srcset=\"https:\/\/promech-mc.com\/wp-content\/uploads\/2015\/11\/studio_cinematica_1.jpg 564w, https:\/\/promech-mc.com\/wp-content\/uploads\/2015\/11\/studio_cinematica_1-300x233.jpg 300w, https:\/\/promech-mc.com\/wp-content\/uploads\/2015\/11\/studio_cinematica_1-450x349.jpg 450w\" data-sizes=\"(max-width: 564px) 100vw, 564px\" data-rel='gallery-1' data-prev-img='https:\/\/promech-mc.com\/wp-content\/uploads\/2015\/11\/studio_cinematica_1-495x400.jpg' class='first_thumb lightbox ' data-onclick='1' title='studio_cinematica_1'  itemprop=\"thumbnailUrl\"  ><img loading=\"lazy\" decoding=\"async\" class=\"wp-image-10019 avia-img-lazy-loading-10019\"   src=\"https:\/\/promech-mc.com\/wp-content\/uploads\/2015\/11\/studio_cinematica_1-495x400.jpg\" width=\"495\" height=\"400\"  title='studio_cinematica_1' alt='studio_cinematica_macchinario1' \/><div class='big-prev-fake'><img loading=\"lazy\" decoding=\"async\" class=\"wp-image-10019 avia-img-lazy-loading-10019\"  width=\"495\" height=\"400\" src=\"https:\/\/promech-mc.com\/wp-content\/uploads\/2015\/11\/studio_cinematica_1-495x400.jpg\" title='studio_cinematica_1' alt='studio_cinematica_macchinario1' \/><\/div><\/a><a href=\"https:\/\/promech-mc.com\/wp-content\/uploads\/2015\/11\/studio_cinematica_2.jpg\" data-srcset=\"https:\/\/promech-mc.com\/wp-content\/uploads\/2015\/11\/studio_cinematica_2.jpg 324w, https:\/\/promech-mc.com\/wp-content\/uploads\/2015\/11\/studio_cinematica_2-187x300.jpg 187w\" data-sizes=\"(max-width: 324px) 100vw, 324px\" data-rel='gallery-1' data-prev-img='https:\/\/promech-mc.com\/wp-content\/uploads\/2015\/11\/studio_cinematica_2-324x400.jpg' class='lightbox ' data-onclick='2' title='studio_cinematica_2'  itemprop=\"thumbnailUrl\"  ><img loading=\"lazy\" decoding=\"async\" class=\"wp-image-10021 avia-img-lazy-loading-10021\"   src=\"https:\/\/promech-mc.com\/wp-content\/uploads\/2015\/11\/studio_cinematica_2-324x400.jpg\" width=\"324\" height=\"400\"  title='studio_cinematica_2' alt='studio_cinematica_macchinario2' \/><div class='big-prev-fake'><img loading=\"lazy\" decoding=\"async\" class=\"wp-image-10021 avia-img-lazy-loading-10021\"  width=\"324\" height=\"400\" src=\"https:\/\/promech-mc.com\/wp-content\/uploads\/2015\/11\/studio_cinematica_2-324x400.jpg\" title='studio_cinematica_2' alt='studio_cinematica_macchinario2' \/><\/div><\/a><a href=\"https:\/\/promech-mc.com\/wp-content\/uploads\/2015\/11\/studio_cinematica_3.jpg\" data-srcset=\"https:\/\/promech-mc.com\/wp-content\/uploads\/2015\/11\/studio_cinematica_3.jpg 611w, https:\/\/promech-mc.com\/wp-content\/uploads\/2015\/11\/studio_cinematica_3-228x300.jpg 228w, https:\/\/promech-mc.com\/wp-content\/uploads\/2015\/11\/studio_cinematica_3-535x705.jpg 535w, https:\/\/promech-mc.com\/wp-content\/uploads\/2015\/11\/studio_cinematica_3-450x593.jpg 450w\" data-sizes=\"(max-width: 611px) 100vw, 611px\" data-rel='gallery-1' data-prev-img='https:\/\/promech-mc.com\/wp-content\/uploads\/2015\/11\/studio_cinematica_3-495x400.jpg' class='lightbox ' data-onclick='3' title='studio_cinematica_3'  itemprop=\"thumbnailUrl\"  ><img loading=\"lazy\" decoding=\"async\" class=\"wp-image-10023 avia-img-lazy-loading-10023\"   src=\"https:\/\/promech-mc.com\/wp-content\/uploads\/2015\/11\/studio_cinematica_3-495x400.jpg\" width=\"495\" height=\"400\"  title='studio_cinematica_3' alt='studio_cinematica_macchinario3' \/><div class='big-prev-fake'><img loading=\"lazy\" decoding=\"async\" class=\"wp-image-10023 avia-img-lazy-loading-10023\"  width=\"495\" height=\"400\" src=\"https:\/\/promech-mc.com\/wp-content\/uploads\/2015\/11\/studio_cinematica_3-495x400.jpg\" title='studio_cinematica_3' alt='studio_cinematica_macchinario3' \/><\/div><\/a><a href=\"https:\/\/promech-mc.com\/wp-content\/uploads\/2015\/11\/studio_cinematica_4-1030x589.jpg\" data-srcset=\"https:\/\/promech-mc.com\/wp-content\/uploads\/2015\/11\/studio_cinematica_4-1030x589.jpg 1030w, https:\/\/promech-mc.com\/wp-content\/uploads\/2015\/11\/studio_cinematica_4-300x172.jpg 300w, https:\/\/promech-mc.com\/wp-content\/uploads\/2015\/11\/studio_cinematica_4-705x403.jpg 705w, https:\/\/promech-mc.com\/wp-content\/uploads\/2015\/11\/studio_cinematica_4-450x258.jpg 450w, https:\/\/promech-mc.com\/wp-content\/uploads\/2015\/11\/studio_cinematica_4.jpg 1169w\" data-sizes=\"(max-width: 1030px) 100vw, 1030px\" data-rel='gallery-1' data-prev-img='https:\/\/promech-mc.com\/wp-content\/uploads\/2015\/11\/studio_cinematica_4-495x400.jpg' class='lightbox ' data-onclick='4' title='studio_cinematica_4'  itemprop=\"thumbnailUrl\"  ><img loading=\"lazy\" decoding=\"async\" class=\"wp-image-10025 avia-img-lazy-loading-10025\"   src=\"https:\/\/promech-mc.com\/wp-content\/uploads\/2015\/11\/studio_cinematica_4-495x400.jpg\" width=\"495\" height=\"400\"  title='studio_cinematica_4' alt='studio_cinematica_macchinario4' \/><div class='big-prev-fake'><img loading=\"lazy\" decoding=\"async\" class=\"wp-image-10025 avia-img-lazy-loading-10025\"  width=\"495\" height=\"400\" src=\"https:\/\/promech-mc.com\/wp-content\/uploads\/2015\/11\/studio_cinematica_4-495x400.jpg\" title='studio_cinematica_4' alt='studio_cinematica_macchinario4' \/><\/div><\/a><a href=\"https:\/\/promech-mc.com\/wp-content\/uploads\/2015\/11\/studio_cinematica_5.jpg\" data-srcset=\"https:\/\/promech-mc.com\/wp-content\/uploads\/2015\/11\/studio_cinematica_5.jpg 568w, https:\/\/promech-mc.com\/wp-content\/uploads\/2015\/11\/studio_cinematica_5-275x300.jpg 275w, https:\/\/promech-mc.com\/wp-content\/uploads\/2015\/11\/studio_cinematica_5-450x490.jpg 450w\" data-sizes=\"(max-width: 568px) 100vw, 568px\" data-rel='gallery-1' data-prev-img='https:\/\/promech-mc.com\/wp-content\/uploads\/2015\/11\/studio_cinematica_5-495x400.jpg' class='lightbox ' data-onclick='5' title='studio_cinematica_5'  itemprop=\"thumbnailUrl\"  ><img loading=\"lazy\" decoding=\"async\" class=\"wp-image-10027 avia-img-lazy-loading-10027\"   src=\"https:\/\/promech-mc.com\/wp-content\/uploads\/2015\/11\/studio_cinematica_5-495x400.jpg\" width=\"495\" height=\"400\"  title='studio_cinematica_5' alt='studio_cinematica_macchinario5' \/><div class='big-prev-fake'><img loading=\"lazy\" decoding=\"async\" class=\"wp-image-10027 avia-img-lazy-loading-10027\"  width=\"495\" height=\"400\" src=\"https:\/\/promech-mc.com\/wp-content\/uploads\/2015\/11\/studio_cinematica_5-495x400.jpg\" title='studio_cinematica_5' alt='studio_cinematica_macchinario5' \/><\/div><\/a><a href=\"https:\/\/promech-mc.com\/wp-content\/uploads\/2015\/11\/studio_cinematica_6-1030x591.jpg\" data-srcset=\"https:\/\/promech-mc.com\/wp-content\/uploads\/2015\/11\/studio_cinematica_6-1030x591.jpg 1030w, https:\/\/promech-mc.com\/wp-content\/uploads\/2015\/11\/studio_cinematica_6-300x172.jpg 300w, https:\/\/promech-mc.com\/wp-content\/uploads\/2015\/11\/studio_cinematica_6-705x404.jpg 705w, https:\/\/promech-mc.com\/wp-content\/uploads\/2015\/11\/studio_cinematica_6-450x258.jpg 450w, https:\/\/promech-mc.com\/wp-content\/uploads\/2015\/11\/studio_cinematica_6.jpg 1316w\" data-sizes=\"(max-width: 1030px) 100vw, 1030px\" data-rel='gallery-1' data-prev-img='https:\/\/promech-mc.com\/wp-content\/uploads\/2015\/11\/studio_cinematica_6-495x400.jpg' class='lightbox ' data-onclick='6' title='studio_cinematica_6'  itemprop=\"thumbnailUrl\"  ><img loading=\"lazy\" decoding=\"async\" class=\"wp-image-10029 avia-img-lazy-loading-10029\"   src=\"https:\/\/promech-mc.com\/wp-content\/uploads\/2015\/11\/studio_cinematica_6-495x400.jpg\" width=\"495\" height=\"400\"  title='studio_cinematica_6' alt='studio_cinematica_macchinario6' srcset=\"https:\/\/promech-mc.com\/wp-content\/uploads\/2015\/11\/studio_cinematica_6-495x400.jpg 495w, https:\/\/promech-mc.com\/wp-content\/uploads\/2015\/11\/studio_cinematica_6-845x684.jpg 845w\" sizes=\"auto, (max-width: 495px) 100vw, 495px\" \/><div class='big-prev-fake'><img loading=\"lazy\" decoding=\"async\" class=\"wp-image-10029 avia-img-lazy-loading-10029\"  width=\"495\" height=\"400\" src=\"https:\/\/promech-mc.com\/wp-content\/uploads\/2015\/11\/studio_cinematica_6-495x400.jpg\" title='studio_cinematica_6' alt='studio_cinematica_macchinario6' srcset=\"https:\/\/promech-mc.com\/wp-content\/uploads\/2015\/11\/studio_cinematica_6-495x400.jpg 495w, https:\/\/promech-mc.com\/wp-content\/uploads\/2015\/11\/studio_cinematica_6-845x684.jpg 845w\" sizes=\"auto, (max-width: 495px) 100vw, 495px\" \/><\/div><\/a><\/div><\/div><br \/>\n<div  class='avia-button-wrap av-l59fl2z3-fddc0efa7f3b9e77517bc4912c48a213-wrap avia-button-left  avia-builder-el-4  el_after_av_gallery  el_before_av_button '><a href='https:\/\/promech-mc.com\/de\/vorlaeufige-designentwicklung\/'  class='avia-button av-l59fl2z3-fddc0efa7f3b9e77517bc4912c48a213 avia-icon_select-no avia-size-small avia-position-left avia-color-theme-color'  ><span class='avia_iconbox_title' >Vorherige<\/span><\/a><\/div><br \/>\n<div  class='avia-button-wrap av-l59flg2t-67d91277bee7ec0b36d9676c6141faf2-wrap avia-button-right  avia-builder-el-5  el_after_av_button  avia-builder-el-last '><a href='https:\/\/promech-mc.com\/de\/strukturelle-ueberpruefung-mit-fem-analyse\/'  class='avia-button av-l59flg2t-67d91277bee7ec0b36d9676c6141faf2 avia-icon_select-no avia-size-small avia-position-right avia-color-theme-color'  ><span class='avia_iconbox_title' >N\u00e4chste<\/span><\/a><\/div><\/p><\/div>\n","protected":false},"excerpt":{"rendered":"","protected":false},"author":1,"featured_media":0,"parent":0,"menu_order":0,"comment_status":"closed","ping_status":"closed","template":"","meta":{"footnotes":""},"class_list":["post-10152","page","type-page","status-publish","hentry"],"_links":{"self":[{"href":"https:\/\/promech-mc.com\/de\/wp-json\/wp\/v2\/pages\/10152","targetHints":{"allow":["GET"]}}],"collection":[{"href":"https:\/\/promech-mc.com\/de\/wp-json\/wp\/v2\/pages"}],"about":[{"href":"https:\/\/promech-mc.com\/de\/wp-json\/wp\/v2\/types\/page"}],"author":[{"embeddable":true,"href":"https:\/\/promech-mc.com\/de\/wp-json\/wp\/v2\/users\/1"}],"replies":[{"embeddable":true,"href":"https:\/\/promech-mc.com\/de\/wp-json\/wp\/v2\/comments?post=10152"}],"version-history":[{"count":21,"href":"https:\/\/promech-mc.com\/de\/wp-json\/wp\/v2\/pages\/10152\/revisions"}],"predecessor-version":[{"id":14877,"href":"https:\/\/promech-mc.com\/de\/wp-json\/wp\/v2\/pages\/10152\/revisions\/14877"}],"wp:attachment":[{"href":"https:\/\/promech-mc.com\/de\/wp-json\/wp\/v2\/media?parent=10152"}],"curies":[{"name":"wp","href":"https:\/\/api.w.org\/{rel}","templated":true}]}}