{"id":10143,"date":"2015-11-22T23:29:25","date_gmt":"2015-11-22T22:29:25","guid":{"rendered":"https:\/\/promech-mc.com\/erstellung-der-technischen-dokumentation\/"},"modified":"2023-04-07T12:06:07","modified_gmt":"2023-04-07T10:06:07","slug":"erstellung-der-technischen-dokumentation","status":"publish","type":"page","link":"https:\/\/promech-mc.com\/de\/erstellung-der-technischen-dokumentation\/","title":{"rendered":"ERSTELLUNG DER TECHNISCHEN DOKUMENTATION"},"content":{"rendered":"\n<style type=\"text\/css\" data-created_by=\"avia_inline_auto\" id=\"style-css-av-81oz2y-9a7191cc8b57aa165a2964e75d3f0b3d\">\n.flex_column.av-81oz2y-9a7191cc8b57aa165a2964e75d3f0b3d{\n-webkit-border-radius:0px 0px 0px 0px;\n-moz-border-radius:0px 0px 0px 0px;\nborder-radius:0px 0px 0px 0px;\npadding:0px 0px 0px 0px;\n}\n<\/style>\n<div class='flex_column av-81oz2y-9a7191cc8b57aa165a2964e75d3f0b3d av_one_full  avia-builder-el-0  el_before_av_button  avia-builder-el-first  first flex_column_div av-zero-column-padding '     ><p>\n<style type=\"text\/css\" data-created_by=\"avia_inline_auto\" id=\"style-css-av-j016i-ca0950cd7d524d074e1903125ca031c0\">\n#top .av-special-heading.av-j016i-ca0950cd7d524d074e1903125ca031c0{\npadding-bottom:10px;\n}\nbody .av-special-heading.av-j016i-ca0950cd7d524d074e1903125ca031c0 .av-special-heading-tag .heading-char{\nfont-size:25px;\n}\n.av-special-heading.av-j016i-ca0950cd7d524d074e1903125ca031c0 .av-subheading{\nfont-size:15px;\n}\n<\/style>\n<div  class='av-special-heading av-j016i-ca0950cd7d524d074e1903125ca031c0 av-special-heading-h1  avia-builder-el-1  el_before_av_textblock  avia-builder-el-first '><h1 class='av-special-heading-tag'  itemprop=\"headline\"  >ERSTELLUNG DER TECHNISCHEN DOKUMENTATION<\/h1><div class=\"special-heading-border\"><div class=\"special-heading-inner-border\"><\/div><\/div><\/div><br \/>\n<section  class='av_textblock_section av-4qma3e-303ba5234497ae8cda99152542c271fb'  itemscope=\"itemscope\" itemtype=\"https:\/\/schema.org\/CreativeWork\" ><div class='avia_textblock'  itemprop=\"text\" ><p><strong>Definition von Produktionsprozessen und St\u00fccklisten<\/strong><\/p>\n<p>Die grundlegenden Vorg\u00e4nge f\u00fcr die Herstellung eines beliebigen Artefakts, die Definition der Produktionsprozesse und die Erstellung von St\u00fccklisten sind koh\u00e4renter, wenn sie direkt vom Designer durchgef\u00fchrt werden, der mit den besonders komplexen Aspekten des Projekts und den Beziehungen zwischen seinen Bestandteilen vertraut ist.<\/p>\n<hr>\n<p><strong>Erstellung von Explosionszeichnungen f\u00fcr Montagevorg\u00e4nge und Ersatzteile<\/strong><\/p>\n<p>Sie stellt eine erg\u00e4nzende Phase des Projekts dar und kann, wenn sie gut definiert ist, zu einer schnelleren Weitergabe von Know-how innerhalb der Unternehmensstruktur beitragen; ausserdem ist sie eine wertvolle Hilfe bei der Erstellung von Handb\u00fcchern, insbesondere bei den Abschnitten \u00fcber Ersatzteile.<\/p>\n<hr>\n<p><strong>Beratung bei der Erstellung des technischen Dossiers<\/strong><\/p>\n<p>Wir beraten Sie bei der Erstellung der erforderlichen Unterlagen f\u00fcr die Vermarktung des Produkts.<br \/>\nKonkret erstellen wir Bedienungs- und Wartungshandb\u00fccher von Grund auf, erg\u00e4nzen und aktualisieren bestehende Handb\u00fccher, geben an, welche massnahmen f\u00fcr die Sicherheit von Maschinen und Produktionsanlagen zu ergreifen sind, und zeigen auf, wie Gefahrenschilder erstekkt und angebracht werden sollten.<br \/>\nWir geben auch Hilfestellung bei der Zusammenstellung der technischen Unterlagen, leiten die Sammlung von Dokumenten an, erstellen gegebenenfalls die Risikoanalyse und zeigen auf, wo Umweltanalysen und Baumusterpr\u00fcfungen durchgef\u00fchrt werden k\u00f6nnen.<\/p>\n<\/div><\/section><br \/>\n\n<style type=\"text\/css\" data-created_by=\"avia_inline_auto\" id=\"style-css-av-1uaa1m-9b3b54c7237857fe844f08b88ffe5162\">\n#top .avia-gallery.av-1uaa1m-9b3b54c7237857fe844f08b88ffe5162 .avia-gallery-thumb a{\nwidth:50%;\n}\n<\/style>\n<div  class='avia-gallery av-1uaa1m-9b3b54c7237857fe844f08b88ffe5162 avia_animate_when_visible  avia-builder-el-3  el_after_av_textblock  avia-builder-el-last  avia_lazyload avia-gallery-animate avia-gallery-1'  itemprop=\"image\" itemscope=\"itemscope\" itemtype=\"https:\/\/schema.org\/ImageObject\" ><meta itemprop=\"contentURL\" content=\"https:\/\/promech-mc.com\/de\/erstellung-der-technischen-dokumentation\/\"><div class='avia-gallery-thumb'><a href=\"https:\/\/promech-mc.com\/wp-content\/uploads\/2015\/11\/documentazione_1-1030x669.jpg\" data-srcset=\"https:\/\/promech-mc.com\/wp-content\/uploads\/2015\/11\/documentazione_1-1030x669.jpg 1030w, https:\/\/promech-mc.com\/wp-content\/uploads\/2015\/11\/documentazione_1-300x195.jpg 300w, https:\/\/promech-mc.com\/wp-content\/uploads\/2015\/11\/documentazione_1-705x458.jpg 705w, https:\/\/promech-mc.com\/wp-content\/uploads\/2015\/11\/documentazione_1-450x292.jpg 450w, https:\/\/promech-mc.com\/wp-content\/uploads\/2015\/11\/documentazione_1.jpg 1148w\" data-sizes=\"(max-width: 1030px) 100vw, 1030px\" data-rel='gallery-1' data-prev-img='https:\/\/promech-mc.com\/wp-content\/uploads\/2015\/11\/documentazione_1-495x400.jpg' class='first_thumb lightbox ' data-onclick='1' title='documentazione_1'  itemprop=\"thumbnailUrl\"  ><img loading=\"lazy\" decoding=\"async\" class=\"wp-image-10045 avia-img-lazy-loading-10045\"   src=\"https:\/\/promech-mc.com\/wp-content\/uploads\/2015\/11\/documentazione_1-495x400.jpg\" width=\"495\" height=\"400\"  title='documentazione_1' alt='' srcset=\"https:\/\/promech-mc.com\/wp-content\/uploads\/2015\/11\/documentazione_1-495x400.jpg 495w, https:\/\/promech-mc.com\/wp-content\/uploads\/2015\/11\/documentazione_1-845x684.jpg 845w\" sizes=\"auto, (max-width: 495px) 100vw, 495px\" \/><div class='big-prev-fake'><img loading=\"lazy\" decoding=\"async\" class=\"wp-image-10045 avia-img-lazy-loading-10045\"  width=\"495\" height=\"400\" src=\"https:\/\/promech-mc.com\/wp-content\/uploads\/2015\/11\/documentazione_1-495x400.jpg\" title='documentazione_1' alt='' srcset=\"https:\/\/promech-mc.com\/wp-content\/uploads\/2015\/11\/documentazione_1-495x400.jpg 495w, https:\/\/promech-mc.com\/wp-content\/uploads\/2015\/11\/documentazione_1-845x684.jpg 845w\" sizes=\"auto, (max-width: 495px) 100vw, 495px\" \/><\/div><\/a><\/div><\/div><\/p><\/div><div  class='avia-button-wrap av-l59fumqf-3cc3ec6f937e094dd44266fc24b84fcd-wrap avia-button-left  avia-builder-el-4  el_after_av_one_full  el_before_av_button '><a href='https:\/\/promech-mc.com\/de\/designstudie\/'  class='avia-button av-l59fumqf-3cc3ec6f937e094dd44266fc24b84fcd avia-icon_select-no avia-size-small avia-position-left avia-color-theme-color'  ><span class='avia_iconbox_title' >Vorherige<\/span><\/a><\/div><\/p>\n<div  class='avia-button-wrap av-lfgndwvh-4c9420bd3e2773a9b430055be4020e34-wrap avia-button-right  avia-builder-el-5  el_after_av_button  avia-builder-el-last '><a href='https:\/\/promech-mc.com\/de\/elektrischen-anlagen\/'  class='avia-button av-lfgndwvh-4c9420bd3e2773a9b430055be4020e34 avia-icon_select-no avia-size-small avia-position-right avia-color-theme-color'  ><span class='avia_iconbox_title' >N\u00e4chste<\/span><\/a><\/div>\n","protected":false},"excerpt":{"rendered":"","protected":false},"author":1,"featured_media":0,"parent":0,"menu_order":0,"comment_status":"closed","ping_status":"closed","template":"","meta":{"footnotes":""},"class_list":["post-10143","page","type-page","status-publish","hentry"],"_links":{"self":[{"href":"https:\/\/promech-mc.com\/de\/wp-json\/wp\/v2\/pages\/10143","targetHints":{"allow":["GET"]}}],"collection":[{"href":"https:\/\/promech-mc.com\/de\/wp-json\/wp\/v2\/pages"}],"about":[{"href":"https:\/\/promech-mc.com\/de\/wp-json\/wp\/v2\/types\/page"}],"author":[{"embeddable":true,"href":"https:\/\/promech-mc.com\/de\/wp-json\/wp\/v2\/users\/1"}],"replies":[{"embeddable":true,"href":"https:\/\/promech-mc.com\/de\/wp-json\/wp\/v2\/comments?post=10143"}],"version-history":[{"count":19,"href":"https:\/\/promech-mc.com\/de\/wp-json\/wp\/v2\/pages\/10143\/revisions"}],"predecessor-version":[{"id":14655,"href":"https:\/\/promech-mc.com\/de\/wp-json\/wp\/v2\/pages\/10143\/revisions\/14655"}],"wp:attachment":[{"href":"https:\/\/promech-mc.com\/de\/wp-json\/wp\/v2\/media?parent=10143"}],"curies":[{"name":"wp","href":"https:\/\/api.w.org\/{rel}","templated":true}]}}