{"id":10137,"date":"2015-08-01T11:29:15","date_gmt":"2015-08-01T09:29:15","guid":{"rendered":"https:\/\/promech-mc.com\/skills\/"},"modified":"2024-06-10T17:00:58","modified_gmt":"2024-06-10T15:00:58","slug":"skills","status":"publish","type":"page","link":"https:\/\/promech-mc.com\/de\/skills\/","title":{"rendered":"Skills"},"content":{"rendered":"\n<style type=\"text\/css\" data-created_by=\"avia_inline_auto\" id=\"style-css-av-gba1xq-cd4fac83258b89e7fb50c6caeca7359a\">\n#top .av-special-heading.av-gba1xq-cd4fac83258b89e7fb50c6caeca7359a{\npadding-bottom:30px;\n}\nbody .av-special-heading.av-gba1xq-cd4fac83258b89e7fb50c6caeca7359a .av-special-heading-tag .heading-char{\nfont-size:25px;\n}\n.av-special-heading.av-gba1xq-cd4fac83258b89e7fb50c6caeca7359a .av-subheading{\nfont-size:15px;\n}\n<\/style>\n<div  class='av-special-heading av-gba1xq-cd4fac83258b89e7fb50c6caeca7359a av-special-heading-h3  avia-builder-el-0  el_before_av_one_full  avia-builder-el-first  av-thin-font'><h3 class='av-special-heading-tag'  itemprop=\"headline\"  ><strong>Skills<\/strong><\/h3><div class=\"special-heading-border\"><div class=\"special-heading-inner-border\"><\/div><\/div><\/div>\n\n<style type=\"text\/css\" data-created_by=\"avia_inline_auto\" id=\"style-css-av-egxpzy-3ee119bc5554d5028816592efb2d5855\">\n.flex_column.av-egxpzy-3ee119bc5554d5028816592efb2d5855{\n-webkit-border-radius:0px 0px 0px 0px;\n-moz-border-radius:0px 0px 0px 0px;\nborder-radius:0px 0px 0px 0px;\npadding:0px 0px 0px 0px;\n}\n<\/style>\n<div class='flex_column av-egxpzy-3ee119bc5554d5028816592efb2d5855 av_one_full  avia-builder-el-1  el_after_av_heading  el_before_av_two_third  first flex_column_div av-zero-column-padding '     ><div  class='avia-icon-list-container av-cs37z2-581522474221b578fbe6d60b529433ce  avia-builder-el-2  avia-builder-el-no-sibling '><ul class='avia-icon-list avia_animate_when_almost_visible avia-icon-list-left av-iconlist-big av-cs37z2-581522474221b578fbe6d60b529433ce avia-iconlist-animate'>\n<li><div class='iconlist_icon av-adbajy-7495485bfea97b966765497ea1e20890 avia-font-entypo-fontello'><span class='iconlist-char' aria-hidden='true' data-av_icon='\ue855' data-av_iconfont='entypo-fontello'><\/span><\/div><article class=\"article-icon-entry av-iconlist-empty\"  itemscope=\"itemscope\" itemtype=\"https:\/\/schema.org\/CreativeWork\" ><div class=\"iconlist_content_wrap\"><header class=\"entry-content-header\"><h4 class='av_iconlist_title iconlist_title  '  itemprop=\"headline\" ><a href='https:\/\/promech-mc.com\/de\/vorlaeufige-designentwicklung\/' title='VORL\u00c4UFIGE DESIGNENTWICKLUNG'>VORL\u00c4UFIGE DESIGNENTWICKLUNG<\/a><\/h4><\/header><div class='iconlist_content '  itemprop=\"text\" ><\/div><\/div><footer class=\"entry-footer\"><\/footer><\/article><div class=\"iconlist-timeline\"><\/div><\/li>\n<li><div class='iconlist_icon av-8v527y-e569473e795abb5d5df8ca7b7afc4df8 avia-font-entypo-fontello'><span class='iconlist-char' aria-hidden='true' data-av_icon='\ue855' data-av_iconfont='entypo-fontello'><\/span><\/div><article class=\"article-icon-entry av-iconlist-empty\"  itemscope=\"itemscope\" itemtype=\"https:\/\/schema.org\/CreativeWork\" ><div class=\"iconlist_content_wrap\"><header class=\"entry-content-header\"><h4 class='av_iconlist_title iconlist_title  '  itemprop=\"headline\" ><a href='https:\/\/promech-mc.com\/de\/untersuchung-der-kinematik\/' title='UNTERSUCHUNG DER KINEMATIK'>UNTERSUCHUNG DER KINEMATIK<\/a><\/h4><\/header><div class='iconlist_content '  itemprop=\"text\" ><\/div><\/div><footer class=\"entry-footer\"><\/footer><\/article><div class=\"iconlist-timeline\"><\/div><\/li>\n<li><div class='iconlist_icon av-7llm5q-b3e3db20301b9c05d6a6094fa0d4732d avia-font-entypo-fontello'><span class='iconlist-char' aria-hidden='true' data-av_icon='\ue855' data-av_iconfont='entypo-fontello'><\/span><\/div><article class=\"article-icon-entry av-iconlist-empty\"  itemscope=\"itemscope\" itemtype=\"https:\/\/schema.org\/CreativeWork\" ><div class=\"iconlist_content_wrap\"><header class=\"entry-content-header\"><h4 class='av_iconlist_title iconlist_title  '  itemprop=\"headline\" ><a href='https:\/\/promech-mc.com\/de\/strukturelle-ueberpruefung-mit-fem-analyse\/' title='STRUKTURELLE \u00dcBERPR\u00dcFUNG MIT FEM-ANALYSE'>STRUKTURELLE \u00dcBERPR\u00dcFUNG MIT FEM-ANALYSE<\/a><\/h4><\/header><div class='iconlist_content '  itemprop=\"text\" ><\/div><\/div><footer class=\"entry-footer\"><\/footer><\/article><div class=\"iconlist-timeline\"><\/div><\/li>\n<li><div class='iconlist_icon av-n2mim-d9e89cd7160a2ac447d156c375ff404f avia-font-entypo-fontello'><span class='iconlist-char' aria-hidden='true' data-av_icon='\ue855' data-av_iconfont='entypo-fontello'><\/span><\/div><article class=\"article-icon-entry av-iconlist-empty\"  itemscope=\"itemscope\" itemtype=\"https:\/\/schema.org\/CreativeWork\" ><div class=\"iconlist_content_wrap\"><header class=\"entry-content-header\"><h4 class='av_iconlist_title iconlist_title  '  itemprop=\"headline\" ><a href='https:\/\/promech-mc.com\/de\/finale-designentwicklung\/' title='FINALE DESIGNENTWICKLUNG'>FINALE DESIGNENTWICKLUNG<\/a><\/h4><\/header><div class='iconlist_content '  itemprop=\"text\" ><\/div><\/div><footer class=\"entry-footer\"><\/footer><\/article><div class=\"iconlist-timeline\"><\/div><\/li>\n<li><div class='iconlist_icon av-3vmfwe-a359aed3af2fff8020502eae6c723d73 avia-font-entypo-fontello'><span class='iconlist-char' aria-hidden='true' data-av_icon='\ue855' data-av_iconfont='entypo-fontello'><\/span><\/div><article class=\"article-icon-entry av-iconlist-empty\"  itemscope=\"itemscope\" itemtype=\"https:\/\/schema.org\/CreativeWork\" ><div class=\"iconlist_content_wrap\"><header class=\"entry-content-header\"><h4 class='av_iconlist_title iconlist_title  '  itemprop=\"headline\" ><a href='https:\/\/promech-mc.com\/de\/designstudie\/' title='DESIGN-STUDIE'>DESIGN-STUDIE<\/a><\/h4><\/header><div class='iconlist_content '  itemprop=\"text\" ><\/div><\/div><footer class=\"entry-footer\"><\/footer><\/article><div class=\"iconlist-timeline\"><\/div><\/li>\n<li><div class='iconlist_icon av-970em-9bd3a799617ab4a7008d5720286a8101 avia-font-entypo-fontello'><span class='iconlist-char' aria-hidden='true' data-av_icon='\ue855' data-av_iconfont='entypo-fontello'><\/span><\/div><article class=\"article-icon-entry av-iconlist-empty\"  itemscope=\"itemscope\" itemtype=\"https:\/\/schema.org\/CreativeWork\" ><div class=\"iconlist_content_wrap\"><header class=\"entry-content-header\"><h4 class='av_iconlist_title iconlist_title  '  itemprop=\"headline\" ><a href='https:\/\/promech-mc.com\/de\/erstellung-der-technischen-dokumentation\/' title='ERSTELLUNG DER TECHNISCHEN DOKUMENTATION'>ERSTELLUNG DER TECHNISCHEN DOKUMENTATION<\/a><\/h4><\/header><div class='iconlist_content '  itemprop=\"text\" ><\/div><\/div><footer class=\"entry-footer\"><\/footer><\/article><div class=\"iconlist-timeline\"><\/div><\/li>\n<li><div class='iconlist_icon av-lfgn735x-ebef2c84a1267b3640d7292f1b82a03b avia-font-entypo-fontello'><span class='iconlist-char' aria-hidden='true' data-av_icon='\ue855' data-av_iconfont='entypo-fontello'><\/span><\/div><article class=\"article-icon-entry av-iconlist-empty\"  itemscope=\"itemscope\" itemtype=\"https:\/\/schema.org\/CreativeWork\" ><div class=\"iconlist_content_wrap\"><header class=\"entry-content-header\"><h4 class='av_iconlist_title iconlist_title  '  itemprop=\"headline\" ><a href='https:\/\/promech-mc.com\/de\/elektrischen-anlagen\/' title='PLANUNG VON ELEKTRISCHEN ANLAGEN'>PLANUNG VON ELEKTRISCHEN ANLAGEN<\/a><\/h4><\/header><div class='iconlist_content '  itemprop=\"text\" ><\/div><\/div><footer class=\"entry-footer\"><\/footer><\/article><div class=\"iconlist-timeline\"><\/div><\/li>\n<\/ul><\/div><\/div>\n<div class='flex_column av-pnm8zy-ff5dcbe7460bacb0abffc15c94e2af0d av_two_third  avia-builder-el-3  el_after_av_one_full  el_before_av_one_third  first flex_column_div column-top-margin'     ><section  class='av_textblock_section av-lix64p1f-d02c31292f0ae1790a62c01b8c4f6281'  itemscope=\"itemscope\" itemtype=\"https:\/\/schema.org\/CreativeWork\" ><div class='avia_textblock'  itemprop=\"text\" ><h2><a href=\"https:\/\/promech-mc.com\/de\/vorlaeufige-designentwicklung\/\">VORL\u00c4UFIGE DESIGNENTWICKLUNG<\/a><\/h2>\n<p>Diese Phase ist wichtig, um die Priorit\u00e4ten und Anforderungen des Kunden, die Umweltbedingungen und die technischen Grenzen zu verstehen.<\/p>\n<\/div><\/section><\/div><div class='flex_column av-ohsz6m-4541678dcfec15fd07e73257e1b3727d av_one_third  avia-builder-el-5  el_after_av_two_third  el_before_av_one_third  flex_column_div column-top-margin'     ><style type=\"text\/css\" data-created_by=\"avia_inline_auto\" id=\"style-css-av-lix8ed8o-f58292bf007fc6b4a4374f72384d7fac\">\n.avia-image-container.av-lix8ed8o-f58292bf007fc6b4a4374f72384d7fac img.avia_image{\nbox-shadow:none;\n}\n.avia-image-container.av-lix8ed8o-f58292bf007fc6b4a4374f72384d7fac .av-image-caption-overlay-center{\ncolor:#ffffff;\n}\n<\/style>\n<div  class='avia-image-container av-lix8ed8o-f58292bf007fc6b4a4374f72384d7fac av-styling- avia-align-center  avia-builder-el-6  avia-builder-el-no-sibling '   itemprop=\"image\" itemscope=\"itemscope\" itemtype=\"https:\/\/schema.org\/ImageObject\" ><div class=\"avia-image-container-inner\"><div class=\"avia-image-overlay-wrap\"><img loading=\"lazy\" decoding=\"async\" class='wp-image-10017 avia-img-lazy-loading-10017 avia_image ' src=\"https:\/\/promech-mc.com\/wp-content\/uploads\/2015\/11\/progetto_preliminare_2-300x255.jpg\" alt='progetto_preliminare_2' title='progetto_preliminare_2'  height=\"255\" width=\"300\"  itemprop=\"thumbnailUrl\" srcset=\"https:\/\/promech-mc.com\/wp-content\/uploads\/2015\/11\/progetto_preliminare_2-300x255.jpg 300w, https:\/\/promech-mc.com\/wp-content\/uploads\/2015\/11\/progetto_preliminare_2-705x599.jpg 705w, https:\/\/promech-mc.com\/wp-content\/uploads\/2015\/11\/progetto_preliminare_2-450x383.jpg 450w, https:\/\/promech-mc.com\/wp-content\/uploads\/2015\/11\/progetto_preliminare_2.jpg 801w\" sizes=\"auto, (max-width: 300px) 100vw, 300px\" \/><\/div><\/div><\/div><\/div><div class='flex_column av-m3k4hq-1e669b0aa813dc124b2ca798a9c30bf8 av_one_third  avia-builder-el-7  el_after_av_one_third  el_before_av_two_third  first flex_column_div column-top-margin'     ><style type=\"text\/css\" data-created_by=\"avia_inline_auto\" id=\"style-css-av-lix8eobh-90e409babeae7214b7d8420f9c5dd502\">\n.avia-image-container.av-lix8eobh-90e409babeae7214b7d8420f9c5dd502 img.avia_image{\nbox-shadow:none;\n}\n.avia-image-container.av-lix8eobh-90e409babeae7214b7d8420f9c5dd502 .av-image-caption-overlay-center{\ncolor:#ffffff;\n}\n<\/style>\n<div  class='avia-image-container av-lix8eobh-90e409babeae7214b7d8420f9c5dd502 av-styling- avia-align-center  avia-builder-el-8  avia-builder-el-no-sibling '   itemprop=\"image\" itemscope=\"itemscope\" itemtype=\"https:\/\/schema.org\/ImageObject\" ><div class=\"avia-image-container-inner\"><div class=\"avia-image-overlay-wrap\"><img loading=\"lazy\" decoding=\"async\" class='wp-image-10021 avia-img-lazy-loading-10021 avia_image ' src=\"https:\/\/promech-mc.com\/wp-content\/uploads\/2015\/11\/studio_cinematica_2-187x300.jpg\" alt='studio_cinematica_macchinario2' title='studio_cinematica_2'  height=\"300\" width=\"187\"  itemprop=\"thumbnailUrl\" srcset=\"https:\/\/promech-mc.com\/wp-content\/uploads\/2015\/11\/studio_cinematica_2-187x300.jpg 187w, https:\/\/promech-mc.com\/wp-content\/uploads\/2015\/11\/studio_cinematica_2.jpg 324w\" sizes=\"auto, (max-width: 187px) 100vw, 187px\" \/><\/div><\/div><\/div><\/div><div class='flex_column av-lgsq1a-960be19e573d6574714b40f2ee342489 av_two_third  avia-builder-el-9  el_after_av_one_third  el_before_av_two_third  flex_column_div column-top-margin'     ><section  class='av_textblock_section av-lix667la-64eda433533ccb4d81f52728854da8e4'  itemscope=\"itemscope\" itemtype=\"https:\/\/schema.org\/CreativeWork\" ><div class='avia_textblock'  itemprop=\"text\" ><h2><a href=\"https:\/\/promech-mc.com\/de\/untersuchung-der-kinematik\/\">UNTERSUCHUNG DER KINEMATIK<\/a><\/h2>\n<p>Die Bauteile des Mechanismus sind so konstruiert, dass sie den durch die betrieblichen Anforderungen vorgegebenen Bahnen folgen und den Betrieb und die Sicherheit der Maschine gew\u00e4hrleisten.<\/p>\n<\/div><\/section><\/div><div class='flex_column av-ifdoha-d272935acaca9d46297070ccc84ce580 av_two_third  avia-builder-el-11  el_after_av_two_third  el_before_av_one_third  first flex_column_div column-top-margin'     ><section  class='av_textblock_section av-lix6e0p4-357f5caf52ed049836eadb80a1b18df8'  itemscope=\"itemscope\" itemtype=\"https:\/\/schema.org\/CreativeWork\" ><div class='avia_textblock'  itemprop=\"text\" ><h2><a href=\"https:\/\/promech-mc.com\/de\/strukturelle-ueberpruefung-mit-fem-analyse\/\">STRUKTURELLE \u00dcBERPR\u00dcFUNG MIT FEM-ANALYSE<\/a><\/h2>\n<p>Die Strukturanalyse wird durchgef\u00fchrt, um die Festigkeit und Stabilit\u00e4t eines Bauteils oder einer ganzen Maschine oder Anlage zu \u00fcberpr\u00fcfen und zu bewerten.<\/p>\n<\/div><\/section><\/div><div class='flex_column av-h6cnzy-c5b164f81284677d61b23515e19a1a4b av_one_third  avia-builder-el-13  el_after_av_two_third  el_before_av_one_third  flex_column_div column-top-margin'     ><style type=\"text\/css\" data-created_by=\"avia_inline_auto\" id=\"style-css-av-lix8f20c-61365226580c946edaf5e9d84fab99a4\">\n.avia-image-container.av-lix8f20c-61365226580c946edaf5e9d84fab99a4 img.avia_image{\nbox-shadow:none;\n}\n.avia-image-container.av-lix8f20c-61365226580c946edaf5e9d84fab99a4 .av-image-caption-overlay-center{\ncolor:#ffffff;\n}\n<\/style>\n<div  class='avia-image-container av-lix8f20c-61365226580c946edaf5e9d84fab99a4 av-styling- avia-align-center  avia-builder-el-14  avia-builder-el-no-sibling '   itemprop=\"image\" itemscope=\"itemscope\" itemtype=\"https:\/\/schema.org\/ImageObject\" ><div class=\"avia-image-container-inner\"><div class=\"avia-image-overlay-wrap\"><img loading=\"lazy\" decoding=\"async\" class='wp-image-10033 avia-img-lazy-loading-10033 avia_image ' src=\"https:\/\/promech-mc.com\/wp-content\/uploads\/2015\/11\/verifica_strutturale_4-185x300.jpg\" alt='verifica_strutturale_4' title='verifica_strutturale_4'  height=\"300\" width=\"185\"  itemprop=\"thumbnailUrl\" srcset=\"https:\/\/promech-mc.com\/wp-content\/uploads\/2015\/11\/verifica_strutturale_4-185x300.jpg 185w, https:\/\/promech-mc.com\/wp-content\/uploads\/2015\/11\/verifica_strutturale_4-435x705.jpg 435w, https:\/\/promech-mc.com\/wp-content\/uploads\/2015\/11\/verifica_strutturale_4.jpg 446w\" sizes=\"auto, (max-width: 185px) 100vw, 185px\" \/><\/div><\/div><\/div><\/div><div class='flex_column av-fwfae6-cc44d36e6d08677c66235173e835f953 av_one_third  avia-builder-el-15  el_after_av_one_third  el_before_av_two_third  first flex_column_div column-top-margin'     ><style type=\"text\/css\" data-created_by=\"avia_inline_auto\" id=\"style-css-av-lix9a6l9-9beff3313a407374a660c71862d125c4\">\n.avia-image-container.av-lix9a6l9-9beff3313a407374a660c71862d125c4 img.avia_image{\nbox-shadow:none;\n}\n.avia-image-container.av-lix9a6l9-9beff3313a407374a660c71862d125c4 .av-image-caption-overlay-center{\ncolor:#ffffff;\n}\n<\/style>\n<div  class='avia-image-container av-lix9a6l9-9beff3313a407374a660c71862d125c4 av-styling- avia-align-center  avia-builder-el-16  avia-builder-el-no-sibling '   itemprop=\"image\" itemscope=\"itemscope\" itemtype=\"https:\/\/schema.org\/ImageObject\" ><div class=\"avia-image-container-inner\"><div class=\"avia-image-overlay-wrap\"><img loading=\"lazy\" decoding=\"async\" class='wp-image-10037 avia-img-lazy-loading-10037 avia_image ' src=\"https:\/\/promech-mc.com\/wp-content\/uploads\/2015\/11\/progetto_definitivo_2-300x230.jpg\" alt='progettazione macchinari e impianti2' title='progetto_definitivo_2'  height=\"230\" width=\"300\"  itemprop=\"thumbnailUrl\" srcset=\"https:\/\/promech-mc.com\/wp-content\/uploads\/2015\/11\/progetto_definitivo_2-300x230.jpg 300w, https:\/\/promech-mc.com\/wp-content\/uploads\/2015\/11\/progetto_definitivo_2-1030x791.jpg 1030w, https:\/\/promech-mc.com\/wp-content\/uploads\/2015\/11\/progetto_definitivo_2-705x542.jpg 705w, https:\/\/promech-mc.com\/wp-content\/uploads\/2015\/11\/progetto_definitivo_2-450x346.jpg 450w, https:\/\/promech-mc.com\/wp-content\/uploads\/2015\/11\/progetto_definitivo_2.jpg 1178w\" sizes=\"auto, (max-width: 300px) 100vw, 300px\" \/><\/div><\/div><\/div><\/div><div class='flex_column av-eofs7y-4bf90a70ca8a6ed7037b9700a44782cd av_two_third  avia-builder-el-17  el_after_av_one_third  el_before_av_two_third  flex_column_div column-top-margin'     ><section  class='av_textblock_section av-lix6i7vx-dc457ac9cebc666e1839bf6ca111eb4a'  itemscope=\"itemscope\" itemtype=\"https:\/\/schema.org\/CreativeWork\" ><div class='avia_textblock'  itemprop=\"text\" ><h2><a href=\"https:\/\/promech-mc.com\/de\/finale-designentwicklung\/\">FINALE DESIGNENTWICKLUNG<\/a><\/h2>\n<p>Alle technischen und funktionalen Spezifikationen und alle Komponenten sind definiert und der Entwurf ist bereit, w\u00e4hrend des Baus verwendet zu werden.<\/p>\n<\/div><\/section><\/div><div class='flex_column av-br9zn2-29727eac3f8ef5d39757b86462564e98 av_two_third  avia-builder-el-19  el_after_av_two_third  el_before_av_one_third  first flex_column_div column-top-margin'     ><section  class='av_textblock_section av-lix6xdbt-8591cfdd60c9725f4513b54a902bf97d'  itemscope=\"itemscope\" itemtype=\"https:\/\/schema.org\/CreativeWork\" ><div class='avia_textblock'  itemprop=\"text\" ><h2><a href=\"https:\/\/promech-mc.com\/de\/designstudie\/\">DESIGN-STUDIE<\/a><\/h2>\n<p>Der Markt verlangt nach Produkten, die auch \u00e4sthetisch ansprechend sind, und der moderne \u00e4sthetische Ansatz ist ein wirksamer Hebel zur F\u00f6rderung des Produkts.<\/p>\n<\/div><\/section><\/div><div class='flex_column av-a9ojri-62042ac59057d2cae976fd64ed297b92 av_one_third  avia-builder-el-21  el_after_av_two_third  el_before_av_one_third  flex_column_div column-top-margin'     ><style type=\"text\/css\" data-created_by=\"avia_inline_auto\" id=\"style-css-av-lix9bk6z-723555eb8cb251b7dfc46b981d8466af\">\n.avia-image-container.av-lix9bk6z-723555eb8cb251b7dfc46b981d8466af img.avia_image{\nbox-shadow:none;\n}\n.avia-image-container.av-lix9bk6z-723555eb8cb251b7dfc46b981d8466af .av-image-caption-overlay-center{\ncolor:#ffffff;\n}\n<\/style>\n<div  class='avia-image-container av-lix9bk6z-723555eb8cb251b7dfc46b981d8466af av-styling- avia-align-center  avia-builder-el-22  avia-builder-el-no-sibling '   itemprop=\"image\" itemscope=\"itemscope\" itemtype=\"https:\/\/schema.org\/ImageObject\" ><div class=\"avia-image-container-inner\"><div class=\"avia-image-overlay-wrap\"><img loading=\"lazy\" decoding=\"async\" class='wp-image-10705 avia-img-lazy-loading-10705 avia_image ' src=\"https:\/\/promech-mc.com\/wp-content\/uploads\/2022\/07\/image-3-187x300.jpg\" alt='progettazione macchinari settore medico' title='image'  height=\"300\" width=\"187\"  itemprop=\"thumbnailUrl\" srcset=\"https:\/\/promech-mc.com\/wp-content\/uploads\/2022\/07\/image-3-187x300.jpg 187w, https:\/\/promech-mc.com\/wp-content\/uploads\/2022\/07\/image-3.jpg 319w\" sizes=\"auto, (max-width: 187px) 100vw, 187px\" \/><\/div><\/div><\/div><\/div><div class='flex_column av-9qj18e-0c5f7e3b234a2b62790dd7f2f126df6c av_one_third  avia-builder-el-23  el_after_av_one_third  el_before_av_two_third  first flex_column_div column-top-margin'     ><style type=\"text\/css\" data-created_by=\"avia_inline_auto\" id=\"style-css-av-lix9e3k0-83b56f8474ea8c2a18126e2353150d34\">\n.avia-image-container.av-lix9e3k0-83b56f8474ea8c2a18126e2353150d34 img.avia_image{\nbox-shadow:none;\n}\n.avia-image-container.av-lix9e3k0-83b56f8474ea8c2a18126e2353150d34 .av-image-caption-overlay-center{\ncolor:#ffffff;\n}\n<\/style>\n<div  class='avia-image-container av-lix9e3k0-83b56f8474ea8c2a18126e2353150d34 av-styling- avia-align-center  avia-builder-el-24  avia-builder-el-no-sibling '   itemprop=\"image\" itemscope=\"itemscope\" itemtype=\"https:\/\/schema.org\/ImageObject\" ><div class=\"avia-image-container-inner\"><div class=\"avia-image-overlay-wrap\"><img loading=\"lazy\" decoding=\"async\" class='wp-image-14930 avia-img-lazy-loading-14930 avia_image ' src=\"https:\/\/promech-mc.com\/wp-content\/uploads\/2023\/06\/doc-tecnica-censor-300x236.png\" alt='documentazione tecnica' title='doc tecnica censor'  height=\"236\" width=\"300\"  itemprop=\"thumbnailUrl\" srcset=\"https:\/\/promech-mc.com\/wp-content\/uploads\/2023\/06\/doc-tecnica-censor-300x236.png 300w, https:\/\/promech-mc.com\/wp-content\/uploads\/2023\/06\/doc-tecnica-censor-768x604.png 768w, https:\/\/promech-mc.com\/wp-content\/uploads\/2023\/06\/doc-tecnica-censor-705x554.png 705w, https:\/\/promech-mc.com\/wp-content\/uploads\/2023\/06\/doc-tecnica-censor.png 832w\" sizes=\"auto, (max-width: 300px) 100vw, 300px\" \/><\/div><\/div><\/div><\/div><div class='flex_column av-82uyzi-eae102e202528d49c026bd6f9ed8c28a av_two_third  avia-builder-el-25  el_after_av_one_third  el_before_av_two_third  flex_column_div column-top-margin'     ><section  class='av_textblock_section av-lix7f6h7-8864578b3d07be218d2aceb06f8a1bff'  itemscope=\"itemscope\" itemtype=\"https:\/\/schema.org\/CreativeWork\" ><div class='avia_textblock'  itemprop=\"text\" ><h2><a href=\"https:\/\/promech-mc.com\/de\/erstellung-der-technischen-dokumentation\/\">ERSTELLUNG DER TECHNISCHEN DOKUMENTATION<\/a><\/h2>\n<p>Die Definition von Produktionsprozessen und St\u00fccklisten, die Erstellung von Explosionszeichnungen f\u00fcr Montage- und Ersatzteile sowie die Beratung bei der Erstellung des technischen Dossiers bilden eine erg\u00e4nzende Phase des Projekts.<\/p>\n<\/div><\/section><\/div><div class='flex_column av-64ilv2-d5ed5b9557199a1c9fce4268f697ef1b av_two_third  avia-builder-el-27  el_after_av_two_third  el_before_av_one_third  first flex_column_div column-top-margin'     ><section  class='av_textblock_section av-lix7i5uc-67fe9f4d87bcf3ad5228867ce86c9063'  itemscope=\"itemscope\" itemtype=\"https:\/\/schema.org\/CreativeWork\" ><div class='avia_textblock'  itemprop=\"text\" ><h2><a href=\"https:\/\/promech-mc.com\/de\/elektrischen-anlagen\/\">PLANUNG VON INDUSTRIELLEN ELEKTRISCHEN ANLAGEN<\/a><\/h2>\n<p>Um ein umfassenderes Angebot zu gew\u00e4hrleisten, erstellt Promech-MC die f\u00fcr den Bau und die Wartung von elektrischen Anlagen erforderlichen Schaltpl\u00e4ne von Industrieanlagen und Maschinen.<\/p>\n<\/div><\/section><\/div><div class='flex_column av-418k4u-56a3ebcc5ab3f8091605faa66f91bd89 av_one_third  avia-builder-el-29  el_after_av_two_third  el_before_av_hr  flex_column_div column-top-margin'     ><style type=\"text\/css\" data-created_by=\"avia_inline_auto\" id=\"style-css-av-lix9kcb7-7ebea36c65e7d85fa9acba526719262f\">\n.avia-image-container.av-lix9kcb7-7ebea36c65e7d85fa9acba526719262f img.avia_image{\nbox-shadow:none;\n}\n.avia-image-container.av-lix9kcb7-7ebea36c65e7d85fa9acba526719262f .av-image-caption-overlay-center{\ncolor:#ffffff;\n}\n<\/style>\n<div  class='avia-image-container av-lix9kcb7-7ebea36c65e7d85fa9acba526719262f av-styling- avia-align-center  avia-builder-el-30  avia-builder-el-no-sibling '   itemprop=\"image\" itemscope=\"itemscope\" itemtype=\"https:\/\/schema.org\/ImageObject\" ><div class=\"avia-image-container-inner\"><div class=\"avia-image-overlay-wrap\"><img loading=\"lazy\" decoding=\"async\" class='wp-image-14300 avia-img-lazy-loading-14300 avia_image ' src=\"https:\/\/promech-mc.com\/wp-content\/uploads\/2023\/04\/schemi-elettrici-3-300x212.webp\" alt='schema impianto elettrico' title='schemi elettrici 3'  height=\"212\" width=\"300\"  itemprop=\"thumbnailUrl\" srcset=\"https:\/\/promech-mc.com\/wp-content\/uploads\/2023\/04\/schemi-elettrici-3-300x212.webp 300w, https:\/\/promech-mc.com\/wp-content\/uploads\/2023\/04\/schemi-elettrici-3-1030x729.webp 1030w, https:\/\/promech-mc.com\/wp-content\/uploads\/2023\/04\/schemi-elettrici-3-768x543.webp 768w, https:\/\/promech-mc.com\/wp-content\/uploads\/2023\/04\/schemi-elettrici-3-260x185.webp 260w, https:\/\/promech-mc.com\/wp-content\/uploads\/2023\/04\/schemi-elettrici-3-705x499.webp 705w, https:\/\/promech-mc.com\/wp-content\/uploads\/2023\/04\/schemi-elettrici-3.webp 1286w\" sizes=\"auto, (max-width: 300px) 100vw, 300px\" \/><\/div><\/div><\/div><\/div><div  class='hr av-2adm32-c39b556c4bf955bcae6debb0adaf9649 hr-default  avia-builder-el-31  el_after_av_one_third  el_before_av_textblock '><span class='hr-inner '><span class=\"hr-inner-style\"><\/span><\/span><\/div><\/p>\n<section  class='av_textblock_section av-lix7sl8y-871db4c6e77c3fbadbfbee8b059eacc4'  itemscope=\"itemscope\" itemtype=\"https:\/\/schema.org\/CreativeWork\" ><div class='avia_textblock'  itemprop=\"text\" ><h4 style=\"text-align: center;\">Setzen Sie sich mit uns in Verbindung und wir werden alle Ihre Fragen oder Vorschl\u00e4ge beantworten.<\/h4>\n<\/div><\/section>\n<div  class='avia-button-wrap av-lix7t17y-66befb92b4626a8ec3f42efab716674c-wrap avia-button-center  avia-builder-el-33  el_after_av_textblock  el_before_av_social_share '>\n<style type=\"text\/css\" data-created_by=\"avia_inline_auto\" id=\"style-css-av-lix7t17y-66befb92b4626a8ec3f42efab716674c\">\n#top #wrap_all .avia-button.av-lix7t17y-66befb92b4626a8ec3f42efab716674c{\nfont-size:19px;\n-webkit-transition:all 0.4s ease-in-out;\n-moz-transition:all 0.4s ease-in-out;\n-ms-transition:all 0.4s ease-in-out;\n-o-transition:all 0.4s ease-in-out;\ntransition:all 0.4s ease-in-out;\n}\n<\/style>\n<a href='https:\/\/promech-mc.com\/de\/kontakt-uns\/'  class='avia-button av-lix7t17y-66befb92b4626a8ec3f42efab716674c avia-icon_select-no avia-size-medium avia-position-center avia-color-theme-color'  ><span class='avia_iconbox_title' >KONTAKT<\/span><\/a><\/div>\n<div  class='av-social-sharing-box av-lix9ymax-e361d5d811f63e4c3b452790adb49b9f av-social-sharing-box-icon-simple  avia-builder-el-34  el_after_av_button  avia-builder-el-last  av-social-sharing-box-same-width av-social-sharing-center'><div class=\"av-share-box\"><ul class=\"av-share-box-list noLightbox\"><li class='av-share-link av-social-link-linkedin' ><a target=\"_blank\" aria-label=\"Link to LinkedIn\" href='https:\/\/www.linkedin.com\/company\/promech-mc-srls\/' aria-hidden='false' data-av_icon='\ue8fc' data-av_iconfont='entypo-fontello' title='' data-avia-related-tooltip='Link to LinkedIn' rel=\"noopener\"><span class='avia_hidden_link_text'>Link to LinkedIn<\/span><\/a><\/li><\/ul><\/div><\/div>\n","protected":false},"excerpt":{"rendered":"","protected":false},"author":1,"featured_media":0,"parent":0,"menu_order":0,"comment_status":"open","ping_status":"open","template":"","meta":{"footnotes":""},"class_list":["post-10137","page","type-page","status-publish","hentry"],"_links":{"self":[{"href":"https:\/\/promech-mc.com\/de\/wp-json\/wp\/v2\/pages\/10137","targetHints":{"allow":["GET"]}}],"collection":[{"href":"https:\/\/promech-mc.com\/de\/wp-json\/wp\/v2\/pages"}],"about":[{"href":"https:\/\/promech-mc.com\/de\/wp-json\/wp\/v2\/types\/page"}],"author":[{"embeddable":true,"href":"https:\/\/promech-mc.com\/de\/wp-json\/wp\/v2\/users\/1"}],"replies":[{"embeddable":true,"href":"https:\/\/promech-mc.com\/de\/wp-json\/wp\/v2\/comments?post=10137"}],"version-history":[{"count":22,"href":"https:\/\/promech-mc.com\/de\/wp-json\/wp\/v2\/pages\/10137\/revisions"}],"predecessor-version":[{"id":15349,"href":"https:\/\/promech-mc.com\/de\/wp-json\/wp\/v2\/pages\/10137\/revisions\/15349"}],"wp:attachment":[{"href":"https:\/\/promech-mc.com\/de\/wp-json\/wp\/v2\/media?parent=10137"}],"curies":[{"name":"wp","href":"https:\/\/api.w.org\/{rel}","templated":true}]}}