{"id":10133,"date":"2015-11-22T23:07:35","date_gmt":"2015-11-22T22:07:35","guid":{"rendered":"https:\/\/promech-mc.com\/pharmazeutische-maschinen\/"},"modified":"2024-06-06T13:31:26","modified_gmt":"2024-06-06T11:31:26","slug":"pharmazeutische-maschinen","status":"publish","type":"page","link":"https:\/\/promech-mc.com\/de\/pharmazeutische-maschinen\/","title":{"rendered":"Pharmazeutische maschinen"},"content":{"rendered":"\n<style type=\"text\/css\" data-created_by=\"avia_inline_auto\" id=\"style-css-av-5eg1pf-ce48ac289b868cc6897a8a60d72bbb1a\">\n.flex_column.av-5eg1pf-ce48ac289b868cc6897a8a60d72bbb1a{\n-webkit-border-radius:0px 0px 0px 0px;\n-moz-border-radius:0px 0px 0px 0px;\nborder-radius:0px 0px 0px 0px;\npadding:0px 0px 0px 0px;\n}\n<\/style>\n<div class='flex_column av-5eg1pf-ce48ac289b868cc6897a8a60d72bbb1a av_one_full  avia-builder-el-0  avia-builder-el-no-sibling  first flex_column_div av-zero-column-padding '     ><p>\n<style type=\"text\/css\" data-created_by=\"avia_inline_auto\" id=\"style-css-av-4nnywz-71997b902cb162c351a7b42bff2100b2\">\n#top .av-special-heading.av-4nnywz-71997b902cb162c351a7b42bff2100b2{\npadding-bottom:10px;\n}\nbody .av-special-heading.av-4nnywz-71997b902cb162c351a7b42bff2100b2 .av-special-heading-tag .heading-char{\nfont-size:25px;\n}\n.av-special-heading.av-4nnywz-71997b902cb162c351a7b42bff2100b2 .av-subheading{\nfont-size:15px;\n}\n<\/style>\n<div  class='av-special-heading av-4nnywz-71997b902cb162c351a7b42bff2100b2 av-special-heading-h1  avia-builder-el-1  el_before_av_textblock  avia-builder-el-first '><h1 class='av-special-heading-tag'  itemprop=\"headline\"  >Hochproduktive Maschinen f\u00fcr die Pharma- und Kosmetikindustrie<\/h1><div class=\"special-heading-border\"><div class=\"special-heading-inner-border\"><\/div><\/div><\/div><br \/>\n<section  class='av_textblock_section av-1yhdub-34e3cf7004b8748e43faf50e147fe5c1'  itemscope=\"itemscope\" itemtype=\"https:\/\/schema.org\/CreativeWork\" ><div class='avia_textblock'  itemprop=\"text\" ><p>Unsere Erfahrung in der pharmazeutischen Industrie beginnt im Jahr 1998, f\u00fcr wichtige lokal Unternehmen.<\/p>\n<p>Wir haben uns mit der Entwicklung von automatischen und halbautomatischen Tubenf\u00fcllmaschinen mit 1 ode mehreren Farben, Einzel- und Doppelfarben besch\u00e4ftigt, wir haben verschiedene Arten von Abf\u00fcllsystemen und verschiedene L\u00f6sungen f\u00fcr D\u00fcsen f\u00fcr Pasten und Fl\u00fcssigkeiten entwickelt.<\/p>\n<p>Wir haben auch Funktionsgruppen f\u00fcr Kartoniermaschinen entwickelt.<\/p>\n<p>Wir haben Anlagen zum F\u00fcllen, Verschlissen und Verpacken von Sahnebeh\u00e4ltern konzipiert, Misch- und Umf\u00fcllanlagen mit verschiedenen Pumpentypen entwickelt.<\/p>\n<p>Wir haben Formmaschinen f\u00fcr Fl\u00e4schchen, Karpulen und Flaschen, Funktionsgruppen f\u00fcr die Behandlung und Verarbeitung der geformten Produkte, Systeme f\u00fcr den Transfer von Glasbeh\u00e4ltern, Gruppen f\u00fcr die Bedruckung, visuelle Kontrolle, Sterilisation, Reinigung, Silikonisierung und Kontrolle der Spritzen entwickelt.<\/p>\n<p>Wir haben an Maschinen f\u00fcr die Konifizierung von Aluminium- und Stahlbeh\u00e4ltern gearbeitet, an hochproduktiven Maschinen f\u00fcr die Herstellung von Stahlflaschen oder Beh\u00e4ltern, die haupts\u00e4chlich f\u00fcr Getr\u00e4nke oder Kosmetika verwendet werden.<\/p>\n<\/div><\/section><br \/>\n\n<style type=\"text\/css\" data-created_by=\"avia_inline_auto\" id=\"style-css-av-l5gmc1c3-42698c5eda6f95ec651e7aeae4ecffb3\">\n#top .avia-gallery.av-l5gmc1c3-42698c5eda6f95ec651e7aeae4ecffb3 .avia-gallery-thumb a{\nwidth:25%;\n}\n<\/style>\n<div  class='avia-gallery av-l5gmc1c3-42698c5eda6f95ec651e7aeae4ecffb3 avia_animate_when_visible  avia-builder-el-3  el_after_av_textblock  avia-builder-el-last  avia_lazyload avia-gallery-animate avia-gallery-1'  itemprop=\"image\" itemscope=\"itemscope\" itemtype=\"https:\/\/schema.org\/ImageObject\" ><meta itemprop=\"contentURL\" content=\"https:\/\/promech-mc.com\/de\/pharmazeutische-maschinen\/\"><div class='avia-gallery-thumb'><a href=\"https:\/\/promech-mc.com\/wp-content\/uploads\/2022\/07\/Cattura-l.jpg\" data-srcset=\"https:\/\/promech-mc.com\/wp-content\/uploads\/2022\/07\/Cattura-l.jpg 578w, https:\/\/promech-mc.com\/wp-content\/uploads\/2022\/07\/Cattura-l-300x226.jpg 300w\" data-sizes=\"(max-width: 578px) 100vw, 578px\" data-rel='gallery-1' data-prev-img='https:\/\/promech-mc.com\/wp-content\/uploads\/2022\/07\/Cattura-l-495x400.jpg' class='first_thumb lightbox ' data-onclick='1' title='Syringes Shaping Machine'  itemprop=\"thumbnailUrl\"  ><img loading=\"lazy\" decoding=\"async\" class=\"wp-image-10558 avia-img-lazy-loading-10558\"  data-avia-tooltip='Syringes Shaping Machine' src=\"https:\/\/promech-mc.com\/wp-content\/uploads\/2022\/07\/Cattura-l-495x400.jpg\" width=\"495\" height=\"400\"  title='Cattura-l' alt='macchinari farmaceutici' \/><div class='big-prev-fake'><img loading=\"lazy\" decoding=\"async\" class=\"wp-image-10558 avia-img-lazy-loading-10558\"  width=\"495\" height=\"400\" src=\"https:\/\/promech-mc.com\/wp-content\/uploads\/2022\/07\/Cattura-l-495x400.jpg\" title='Cattura-l' alt='macchinari farmaceutici' \/><\/div><\/a><a href=\"https:\/\/promech-mc.com\/wp-content\/uploads\/2022\/07\/siliconatrice-25-01-15-1030x586.jpg\" data-srcset=\"https:\/\/promech-mc.com\/wp-content\/uploads\/2022\/07\/siliconatrice-25-01-15-1030x586.jpg 1030w, https:\/\/promech-mc.com\/wp-content\/uploads\/2022\/07\/siliconatrice-25-01-15-300x171.jpg 300w, https:\/\/promech-mc.com\/wp-content\/uploads\/2022\/07\/siliconatrice-25-01-15-768x437.jpg 768w, https:\/\/promech-mc.com\/wp-content\/uploads\/2022\/07\/siliconatrice-25-01-15-1536x874.jpg 1536w, https:\/\/promech-mc.com\/wp-content\/uploads\/2022\/07\/siliconatrice-25-01-15-1500x854.jpg 1500w, https:\/\/promech-mc.com\/wp-content\/uploads\/2022\/07\/siliconatrice-25-01-15-705x401.jpg 705w, https:\/\/promech-mc.com\/wp-content\/uploads\/2022\/07\/siliconatrice-25-01-15.jpg 1608w\" data-sizes=\"(max-width: 1030px) 100vw, 1030px\" data-rel='gallery-1' data-prev-img='https:\/\/promech-mc.com\/wp-content\/uploads\/2022\/07\/siliconatrice-25-01-15-495x400.jpg' class='lightbox ' data-onclick='2' title='Siliconising Machine'  itemprop=\"thumbnailUrl\"  ><img loading=\"lazy\" decoding=\"async\" class=\"wp-image-10561 avia-img-lazy-loading-10561\"  data-avia-tooltip='Siliconising Machine' src=\"https:\/\/promech-mc.com\/wp-content\/uploads\/2022\/07\/siliconatrice-25-01-15-495x400.jpg\" width=\"495\" height=\"400\"  title='siliconatrice 25-01-15' alt='progettazione macchinari farmaceutici' srcset=\"https:\/\/promech-mc.com\/wp-content\/uploads\/2022\/07\/siliconatrice-25-01-15-495x400.jpg 495w, https:\/\/promech-mc.com\/wp-content\/uploads\/2022\/07\/siliconatrice-25-01-15-845x684.jpg 845w\" sizes=\"auto, (max-width: 495px) 100vw, 495px\" \/><div class='big-prev-fake'><img loading=\"lazy\" decoding=\"async\" class=\"wp-image-10561 avia-img-lazy-loading-10561\"  width=\"495\" height=\"400\" src=\"https:\/\/promech-mc.com\/wp-content\/uploads\/2022\/07\/siliconatrice-25-01-15-495x400.jpg\" title='siliconatrice 25-01-15' alt='progettazione macchinari farmaceutici' srcset=\"https:\/\/promech-mc.com\/wp-content\/uploads\/2022\/07\/siliconatrice-25-01-15-495x400.jpg 495w, https:\/\/promech-mc.com\/wp-content\/uploads\/2022\/07\/siliconatrice-25-01-15-845x684.jpg 845w\" sizes=\"auto, (max-width: 495px) 100vw, 495px\" \/><\/div><\/a><a href=\"https:\/\/promech-mc.com\/wp-content\/uploads\/2024\/06\/controllo-dimesionamento6.png\" data-srcset=\"https:\/\/promech-mc.com\/wp-content\/uploads\/2024\/06\/controllo-dimesionamento6.png 473w, https:\/\/promech-mc.com\/wp-content\/uploads\/2024\/06\/controllo-dimesionamento6-300x218.png 300w\" data-sizes=\"(max-width: 473px) 100vw, 473px\" data-rel='gallery-1' data-prev-img='https:\/\/promech-mc.com\/wp-content\/uploads\/2024\/06\/controllo-dimesionamento6.png' class='lightbox ' data-onclick='3' title='Dimensional Control Line'  itemprop=\"thumbnailUrl\"  ><img loading=\"lazy\" decoding=\"async\" class=\"wp-image-15307 avia-img-lazy-loading-15307\"  data-avia-tooltip='Dimensional Control Line' src=\"https:\/\/promech-mc.com\/wp-content\/uploads\/2024\/06\/controllo-dimesionamento6.png\" width=\"473\" height=\"344\"  title='controllo dimesionamento6' alt='' srcset=\"https:\/\/promech-mc.com\/wp-content\/uploads\/2024\/06\/controllo-dimesionamento6.png 473w, https:\/\/promech-mc.com\/wp-content\/uploads\/2024\/06\/controllo-dimesionamento6-300x218.png 300w\" sizes=\"auto, (max-width: 473px) 100vw, 473px\" \/><div class='big-prev-fake'><img loading=\"lazy\" decoding=\"async\" class=\"wp-image-15307 avia-img-lazy-loading-15307\"  width=\"473\" height=\"344\" src=\"https:\/\/promech-mc.com\/wp-content\/uploads\/2024\/06\/controllo-dimesionamento6.png\" title='controllo dimesionamento6' alt='' srcset=\"https:\/\/promech-mc.com\/wp-content\/uploads\/2024\/06\/controllo-dimesionamento6.png 473w, https:\/\/promech-mc.com\/wp-content\/uploads\/2024\/06\/controllo-dimesionamento6-300x218.png 300w\" sizes=\"auto, (max-width: 473px) 100vw, 473px\" \/><\/div><\/a><a href=\"https:\/\/promech-mc.com\/wp-content\/uploads\/2024\/06\/controllo-dimensioni.png\" data-srcset=\"https:\/\/promech-mc.com\/wp-content\/uploads\/2024\/06\/controllo-dimensioni.png 550w, https:\/\/promech-mc.com\/wp-content\/uploads\/2024\/06\/controllo-dimensioni-300x190.png 300w\" data-sizes=\"(max-width: 550px) 100vw, 550px\" data-rel='gallery-1' data-prev-img='https:\/\/promech-mc.com\/wp-content\/uploads\/2024\/06\/controllo-dimensioni-495x349.png' class='lightbox ' data-onclick='4' title='Dimensional Control Line'  itemprop=\"thumbnailUrl\"  ><img loading=\"lazy\" decoding=\"async\" class=\"wp-image-15311 avia-img-lazy-loading-15311\"  data-avia-tooltip='Dimensional Control Line' src=\"https:\/\/promech-mc.com\/wp-content\/uploads\/2024\/06\/controllo-dimensioni-495x349.png\" width=\"495\" height=\"349\"  title='controllo dimensioni' alt='' \/><div class='big-prev-fake'><img loading=\"lazy\" decoding=\"async\" class=\"wp-image-15311 avia-img-lazy-loading-15311\"  width=\"495\" height=\"349\" src=\"https:\/\/promech-mc.com\/wp-content\/uploads\/2024\/06\/controllo-dimensioni-495x349.png\" title='controllo dimensioni' alt='' \/><\/div><\/a><\/div><\/div><\/p><\/div>\n","protected":false},"excerpt":{"rendered":"","protected":false},"author":1,"featured_media":0,"parent":0,"menu_order":0,"comment_status":"closed","ping_status":"closed","template":"","meta":{"footnotes":""},"class_list":["post-10133","page","type-page","status-publish","hentry"],"_links":{"self":[{"href":"https:\/\/promech-mc.com\/de\/wp-json\/wp\/v2\/pages\/10133","targetHints":{"allow":["GET"]}}],"collection":[{"href":"https:\/\/promech-mc.com\/de\/wp-json\/wp\/v2\/pages"}],"about":[{"href":"https:\/\/promech-mc.com\/de\/wp-json\/wp\/v2\/types\/page"}],"author":[{"embeddable":true,"href":"https:\/\/promech-mc.com\/de\/wp-json\/wp\/v2\/users\/1"}],"replies":[{"embeddable":true,"href":"https:\/\/promech-mc.com\/de\/wp-json\/wp\/v2\/comments?post=10133"}],"version-history":[{"count":14,"href":"https:\/\/promech-mc.com\/de\/wp-json\/wp\/v2\/pages\/10133\/revisions"}],"predecessor-version":[{"id":15317,"href":"https:\/\/promech-mc.com\/de\/wp-json\/wp\/v2\/pages\/10133\/revisions\/15317"}],"wp:attachment":[{"href":"https:\/\/promech-mc.com\/de\/wp-json\/wp\/v2\/media?parent=10133"}],"curies":[{"name":"wp","href":"https:\/\/api.w.org\/{rel}","templated":true}]}}