{"id":10130,"date":"2015-11-22T23:03:59","date_gmt":"2015-11-22T22:03:59","guid":{"rendered":"https:\/\/promech-mc.com\/medizinische-gerate\/"},"modified":"2023-04-27T15:23:14","modified_gmt":"2023-04-27T13:23:14","slug":"medizinische-gerate","status":"publish","type":"page","link":"https:\/\/promech-mc.com\/de\/medizinische-gerate\/","title":{"rendered":"Medizinische gerate"},"content":{"rendered":"\n<style type=\"text\/css\" data-created_by=\"avia_inline_auto\" id=\"style-css-av-5sq8i7-08d6923df30300cbe8e0b225c0541f24\">\n.flex_column.av-5sq8i7-08d6923df30300cbe8e0b225c0541f24{\n-webkit-border-radius:0px 0px 0px 0px;\n-moz-border-radius:0px 0px 0px 0px;\nborder-radius:0px 0px 0px 0px;\npadding:0px 0px 0px 0px;\n}\n<\/style>\n<div class='flex_column av-5sq8i7-08d6923df30300cbe8e0b225c0541f24 av_one_full  avia-builder-el-0  avia-builder-el-no-sibling  first flex_column_div av-zero-column-padding '     ><p>\n<style type=\"text\/css\" data-created_by=\"avia_inline_auto\" id=\"style-css-av-435su7-28bc9b8d9d87aeb27566eb50144e1f42\">\n#top .av-special-heading.av-435su7-28bc9b8d9d87aeb27566eb50144e1f42{\npadding-bottom:10px;\n}\nbody .av-special-heading.av-435su7-28bc9b8d9d87aeb27566eb50144e1f42 .av-special-heading-tag .heading-char{\nfont-size:25px;\n}\n.av-special-heading.av-435su7-28bc9b8d9d87aeb27566eb50144e1f42 .av-subheading{\nfont-size:15px;\n}\n<\/style>\n<div  class='av-special-heading av-435su7-28bc9b8d9d87aeb27566eb50144e1f42 av-special-heading-h1  avia-builder-el-1  el_before_av_textblock  avia-builder-el-first '><h1 class='av-special-heading-tag'  itemprop=\"headline\"  >Medizinische gerate<\/h1><div class=\"special-heading-border\"><div class=\"special-heading-inner-border\"><\/div><\/div><\/div><br \/>\n<section  class='av_textblock_section av-9rta7-fe7d2009e74450f104be0d3badd8531e'  itemscope=\"itemscope\" itemtype=\"https:\/\/schema.org\/CreativeWork\" ><div class='avia_textblock'  itemprop=\"text\" ><p>Im Laufe der Jahre hat unser Unternehmen wichtige Kooperationen mit mehreren Unternehmen aus dem medizinischen Bereich aufgebaut. Dank unserer Erfahrung in der Entwicklung medizinischer Ger\u00e4te konnten wir verschiedene medizinische Ger\u00e4te entwerfen, die den Anforderungen von Fachleuten und Einrichtungen im Gesundheitswesen entsprechen.<\/p>\n<p>Wir konzentrierten uns auf die Entwicklung manueller und automatischer Systeme f\u00fcr die schnelle Gewebeverarbeitung unter Verwendung konventioneller und Mikrowellensysteme. Unser Team hat erfolgreich Gewebeverarbeitungsmaschinen mit ultraschnellem Einfrieren, F\u00e4rbeger\u00e4te und Objekttr\u00e4gerprozessoren entwickelt, die sich in der Branche gro\u00dfer Beliebtheit erfreuen.<\/p>\n<p>Dar\u00fcber hinaus haben wir ideale Maschinen, Ger\u00e4te und Arbeitsbereiche f\u00fcr die pr\u00e4analytische Gewebeverarbeitung geschaffen. Unsere Systeme sind so konzipiert, dass sie eine pr\u00e4zise Vakuumversiegelung von Proben mit und ohne Fixiermittelzufuhr gew\u00e4hrleisten.<br \/>\nUm unser Angebot weiter auszubauen, haben wir auch f\u00fcr medizinische Anwendungen geeignete Daten- und Bilderfassungssysteme entwickelt und Arbeitsbereiche f\u00fcr die Probenvorbereitung und Bildaufnahme eingerichtet. Dar\u00fcber hinaus haben wir Ger\u00e4te zur Handhabung von Biopsiekassetten und Funktionsgruppen mobiler R\u00f6ntgenger\u00e4te entwickelt.<\/p>\n<p>Unsere st\u00e4ndige Konzentration auf die Entwicklung medizinischer Ger\u00e4te hat uns zu einem zuverl\u00e4ssigen Partner f\u00fcr Gesundheitsdienstleister gemacht. Wir sind weiterhin bestrebt, L\u00f6sungen anzubieten, die den sich wandelnden Anforderungen des medizinischen Sektors gerecht werden.<\/p>\n<\/div><\/section><br \/>\n\n<style type=\"text\/css\" data-created_by=\"avia_inline_auto\" id=\"style-css-av-l59kgxj6-1278cd81917acfc3fd7b9eb3d72a63e3\">\n#top .avia-gallery.av-l59kgxj6-1278cd81917acfc3fd7b9eb3d72a63e3 .avia-gallery-thumb a{\nwidth:25%;\n}\n<\/style>\n<div  class='avia-gallery av-l59kgxj6-1278cd81917acfc3fd7b9eb3d72a63e3 avia_animate_when_visible  avia-builder-el-3  el_after_av_textblock  avia-builder-el-last  avia_lazyload avia-gallery-animate avia-gallery-1'  itemprop=\"image\" itemscope=\"itemscope\" itemtype=\"https:\/\/schema.org\/ImageObject\" ><meta itemprop=\"contentURL\" content=\"https:\/\/promech-mc.com\/de\/medizinische-gerate\/\"><div class='avia-gallery-thumb'><a href=\"https:\/\/promech-mc.com\/wp-content\/uploads\/2022\/07\/rx.jpg\" data-srcset=\"https:\/\/promech-mc.com\/wp-content\/uploads\/2022\/07\/rx.jpg 597w, https:\/\/promech-mc.com\/wp-content\/uploads\/2022\/07\/rx-251x300.jpg 251w, https:\/\/promech-mc.com\/wp-content\/uploads\/2022\/07\/rx-589x705.jpg 589w\" data-sizes=\"(max-width: 597px) 100vw, 597px\" data-rel='gallery-1' data-prev-img='https:\/\/promech-mc.com\/wp-content\/uploads\/2022\/07\/rx-495x400.jpg' class='first_thumb lightbox ' data-onclick='1' title='C-Arm for Radiography'  itemprop=\"thumbnailUrl\"  ><img loading=\"lazy\" decoding=\"async\" class=\"wp-image-10571 avia-img-lazy-loading-10571\"  data-avia-tooltip='C-Arm for Radiography' src=\"https:\/\/promech-mc.com\/wp-content\/uploads\/2022\/07\/rx-495x400.jpg\" width=\"495\" height=\"400\"  title='rx' alt='braccio radiografia' \/><div class='big-prev-fake'><img loading=\"lazy\" decoding=\"async\" class=\"wp-image-10571 avia-img-lazy-loading-10571\"  width=\"495\" height=\"400\" src=\"https:\/\/promech-mc.com\/wp-content\/uploads\/2022\/07\/rx-495x400.jpg\" title='rx' alt='braccio radiografia' \/><\/div><\/a><a href=\"https:\/\/promech-mc.com\/wp-content\/uploads\/2022\/07\/image-1.jpg\" data-srcset=\"https:\/\/promech-mc.com\/wp-content\/uploads\/2022\/07\/image-1.jpg 430w, https:\/\/promech-mc.com\/wp-content\/uploads\/2022\/07\/image-1-300x290.jpg 300w, https:\/\/promech-mc.com\/wp-content\/uploads\/2022\/07\/image-1-36x36.jpg 36w\" data-sizes=\"(max-width: 430px) 100vw, 430px\" data-rel='gallery-1' data-prev-img='https:\/\/promech-mc.com\/wp-content\/uploads\/2022\/07\/image-1-430x400.jpg' class='lightbox ' data-onclick='2' title='image (1)'  itemprop=\"thumbnailUrl\"  ><img loading=\"lazy\" decoding=\"async\" class=\"wp-image-10646 avia-img-lazy-loading-10646\"   src=\"https:\/\/promech-mc.com\/wp-content\/uploads\/2022\/07\/image-1-430x400.jpg\" width=\"430\" height=\"400\"  title='image (1)' alt='settore medico' \/><div class='big-prev-fake'><img loading=\"lazy\" decoding=\"async\" class=\"wp-image-10646 avia-img-lazy-loading-10646\"  width=\"430\" height=\"400\" src=\"https:\/\/promech-mc.com\/wp-content\/uploads\/2022\/07\/image-1-430x400.jpg\" title='image (1)' alt='settore medico' \/><\/div><\/a><a href=\"https:\/\/promech-mc.com\/wp-content\/uploads\/2022\/07\/image-2-1.jpg\" data-srcset=\"https:\/\/promech-mc.com\/wp-content\/uploads\/2022\/07\/image-2-1.jpg 256w, https:\/\/promech-mc.com\/wp-content\/uploads\/2022\/07\/image-2-1-176x300.jpg 176w\" data-sizes=\"(max-width: 256px) 100vw, 256px\" data-rel='gallery-1' data-prev-img='https:\/\/promech-mc.com\/wp-content\/uploads\/2022\/07\/image-2-1-256x400.jpg' class='lightbox ' data-onclick='3' title='Automatic Histological Processor'  itemprop=\"thumbnailUrl\"  ><img loading=\"lazy\" decoding=\"async\" class=\"wp-image-10702 avia-img-lazy-loading-10702\"  data-avia-tooltip='Automatic Histological Processor' src=\"https:\/\/promech-mc.com\/wp-content\/uploads\/2022\/07\/image-2-1-256x400.jpg\" width=\"256\" height=\"400\"  title='image (2)' alt='macchinari settore medico' \/><div class='big-prev-fake'><img loading=\"lazy\" decoding=\"async\" class=\"wp-image-10702 avia-img-lazy-loading-10702\"  width=\"256\" height=\"400\" src=\"https:\/\/promech-mc.com\/wp-content\/uploads\/2022\/07\/image-2-1-256x400.jpg\" title='image (2)' alt='macchinari settore medico' \/><\/div><\/a><a href=\"https:\/\/promech-mc.com\/wp-content\/uploads\/2022\/07\/image-3.jpg\" data-srcset=\"https:\/\/promech-mc.com\/wp-content\/uploads\/2022\/07\/image-3.jpg 319w, https:\/\/promech-mc.com\/wp-content\/uploads\/2022\/07\/image-3-187x300.jpg 187w\" data-sizes=\"(max-width: 319px) 100vw, 319px\" data-rel='gallery-1' data-prev-img='https:\/\/promech-mc.com\/wp-content\/uploads\/2022\/07\/image-3-319x400.jpg' class='lightbox ' data-onclick='4' title='Automatic Histological Processor'  itemprop=\"thumbnailUrl\"  ><img loading=\"lazy\" decoding=\"async\" class=\"wp-image-10705 avia-img-lazy-loading-10705\"  data-avia-tooltip='Automatic Histological Processor' src=\"https:\/\/promech-mc.com\/wp-content\/uploads\/2022\/07\/image-3-319x400.jpg\" width=\"319\" height=\"400\"  title='image' alt='progettazione macchinari settore medico' \/><div class='big-prev-fake'><img loading=\"lazy\" decoding=\"async\" class=\"wp-image-10705 avia-img-lazy-loading-10705\"  width=\"319\" height=\"400\" src=\"https:\/\/promech-mc.com\/wp-content\/uploads\/2022\/07\/image-3-319x400.jpg\" title='image' alt='progettazione macchinari settore medico' \/><\/div><\/a><\/div><\/div><\/p><\/div>\n","protected":false},"excerpt":{"rendered":"","protected":false},"author":1,"featured_media":0,"parent":0,"menu_order":0,"comment_status":"closed","ping_status":"closed","template":"","meta":{"footnotes":""},"class_list":["post-10130","page","type-page","status-publish","hentry"],"_links":{"self":[{"href":"https:\/\/promech-mc.com\/de\/wp-json\/wp\/v2\/pages\/10130","targetHints":{"allow":["GET"]}}],"collection":[{"href":"https:\/\/promech-mc.com\/de\/wp-json\/wp\/v2\/pages"}],"about":[{"href":"https:\/\/promech-mc.com\/de\/wp-json\/wp\/v2\/types\/page"}],"author":[{"embeddable":true,"href":"https:\/\/promech-mc.com\/de\/wp-json\/wp\/v2\/users\/1"}],"replies":[{"embeddable":true,"href":"https:\/\/promech-mc.com\/de\/wp-json\/wp\/v2\/comments?post=10130"}],"version-history":[{"count":19,"href":"https:\/\/promech-mc.com\/de\/wp-json\/wp\/v2\/pages\/10130\/revisions"}],"predecessor-version":[{"id":14865,"href":"https:\/\/promech-mc.com\/de\/wp-json\/wp\/v2\/pages\/10130\/revisions\/14865"}],"wp:attachment":[{"href":"https:\/\/promech-mc.com\/de\/wp-json\/wp\/v2\/media?parent=10130"}],"curies":[{"name":"wp","href":"https:\/\/api.w.org\/{rel}","templated":true}]}}