{"id":10112,"date":"2015-11-22T23:02:03","date_gmt":"2015-11-22T22:02:03","guid":{"rendered":"https:\/\/promech-mc.com\/energie-und-anlagen\/"},"modified":"2023-04-27T14:50:37","modified_gmt":"2023-04-27T12:50:37","slug":"energie-und-anlagen","status":"publish","type":"page","link":"https:\/\/promech-mc.com\/de\/energie-und-anlagen\/","title":{"rendered":"Energie und Anlagen"},"content":{"rendered":"\n<style type=\"text\/css\" data-created_by=\"avia_inline_auto\" id=\"style-css-av-5tcb97-1067e493d5559aaa95cebbe0c28a7fcd\">\n.flex_column.av-5tcb97-1067e493d5559aaa95cebbe0c28a7fcd{\n-webkit-border-radius:0px 0px 0px 0px;\n-moz-border-radius:0px 0px 0px 0px;\nborder-radius:0px 0px 0px 0px;\npadding:0px 0px 0px 0px;\n}\n<\/style>\n<div class='flex_column av-5tcb97-1067e493d5559aaa95cebbe0c28a7fcd av_one_full  avia-builder-el-0  el_before_av_textblock  avia-builder-el-first  first flex_column_div av-zero-column-padding '     ><style type=\"text\/css\" data-created_by=\"avia_inline_auto\" id=\"style-css-av-3y5rcr-9860d64ada4be7939a88ec28f645230e\">\n#top .av-special-heading.av-3y5rcr-9860d64ada4be7939a88ec28f645230e{\npadding-bottom:10px;\n}\nbody .av-special-heading.av-3y5rcr-9860d64ada4be7939a88ec28f645230e .av-special-heading-tag .heading-char{\nfont-size:25px;\n}\n.av-special-heading.av-3y5rcr-9860d64ada4be7939a88ec28f645230e .av-subheading{\nfont-size:15px;\n}\n<\/style>\n<div  class='av-special-heading av-3y5rcr-9860d64ada4be7939a88ec28f645230e av-special-heading-h1  avia-builder-el-1  avia-builder-el-no-sibling '><h1 class='av-special-heading-tag'  itemprop=\"headline\"  >Energie und Anlagen<\/h1><div class=\"special-heading-border\"><div class=\"special-heading-inner-border\"><\/div><\/div><\/div><\/div>\n<section  class='av_textblock_section av-31i4tn-80d4d2729aee569ffe65ec2b0f146ac5'  itemscope=\"itemscope\" itemtype=\"https:\/\/schema.org\/CreativeWork\" ><div class='avia_textblock'  itemprop=\"text\" ><p>Promech MC verf\u00fcgt \u00fcber Erfahrung in der Entwicklung verschiedener Anwendungen f\u00fcr den Energiesektor, \u00d6l- und Gasanlagen, Grabenaushubmaschinen f\u00fcr die Verlegung von Kabeln und Rohren sowie Maschinen f\u00fcr die Verlegung von Hochspannungskabeln.<\/p>\n<h3 class=\"western\">\u00d6l- und Gasanlagen<\/h3>\n<p align=\"LEFT\">Im Laufe der Jahre ist unsere Erfahrung in der Konstruktion von Skids f\u00fcr Offshore- und Onshore-\u00d6l- und Gasanwendungen erheblich gewachsen. Unser Team hat erfolgreich zahlreiche Skids entworfen und implementiert, die f\u00fcr den reibungslosen Betrieb von \u00d6l- und Gasanlagen unerl\u00e4sslich sind.<\/p>\n<p align=\"LEFT\">Diese Skids k\u00f6nnen f\u00fcr eine Vielzahl von Zwecken eingesetzt werden, unter anderem f\u00fcr die Behandlung, Filtration und Probenahme von gasf\u00f6rmigen und fl\u00fcssigen Medien. Unsere Kufen werden mit Blick auf die spezifischen Bed\u00fcrfnisse unserer Kunden entwickelt, und wir achten darauf, dass jede Kufe ma\u00dfgeschneidert ist, um ihre einzigartigen Anforderungen zu erf\u00fcllen. Unsere Erfahrung und unser Wissen in diesem Bereich erm\u00f6glichen es uns, Skids zu entwickeln, die nicht nur effizient, sondern auch kosteng\u00fcnstig sind.<\/p>\n<p align=\"LEFT\">Wir legen gro\u00dfen Wert auf Sicherheit und Zuverl\u00e4ssigkeit und arbeiten eng mit unseren Kunden zusammen, um sicherzustellen, dass jedes Skid den h\u00f6chsten Standards entspricht. Unser Expertenteam setzt die neuesten Technologien und bew\u00e4hrten Verfahren ein, um sicherzustellen, dass unsere Kufen auch den h\u00e4rtesten Bedingungen standhalten.<\/p>\n<p align=\"LEFT\">Ganz gleich, ob es sich um einen neuen Skid oder eine Modifikation eines bestehenden handelt, unser Team von qualifizierten Fachleuten kann Skids entwerfen, die den h\u00f6chsten Anforderungen an Qualit\u00e4t und Zuverl\u00e4ssigkeit entsprechen. Unser Engagement f\u00fcr Innovation und Spitzenleistungen zeichnet uns als f\u00fchrendes Unternehmen im Bereich der Konstruktion von Skids f\u00fcr \u00d6l- und Gasanlagen aus.<\/p>\n<h3 class=\"western\">Bespannung von Kabeln<\/h3>\n<p>Ein gro\u00dfer Teil der Ressourcen unseres Unternehmens ist der mechanischen Konstruktion von Maschinen f\u00fcr die Verlegung von Hochspannungskabeln gewidmet. Unser Team hat sich aktiv an der Konzeption und Entwicklung verschiedener Maschinen, Baugruppen und Anlagen beteiligt, die das Verlegen von Hochspannungskabeln erleichtern.<br \/>\nWir haben eine breite Palette von Ger\u00e4ten entwickelt, darunter Winden, Bremsen, statische und selbstfahrende Ger\u00e4te, die alle auf die besonderen Anforderungen der Branche zugeschnitten sind. Unser Beitrag zum Bau von Eisenbahnwaggons, die f\u00fcr die Elektrifizierung von Bahnstrecken ausger\u00fcstet sind, zeugt von unserem Engagement f\u00fcr Innovation und Spitzenleistungen im mechanisches Konstruktion.<br \/>\nUnser Expertenteam verf\u00fcgt \u00fcber das Wissen und die Erfahrung, um selbst f\u00fcr die komplexesten Herausforderungen im Bereich der Hochspannungskabelmaschinen modernste L\u00f6sungen anzubieten. Unser st\u00e4ndiges Engagement in dieser Branche hat uns zu einem zuverl\u00e4ssigen Partner f\u00fcr unsere Kunden gemacht, und wir investieren weiterhin in Forschung und Entwicklung, um immer einen Schritt voraus zu sein.<\/p>\n<h3 class=\"western\">Trencher<\/h3>\n<p>Wir haben Grabenfr\u00e4sen f\u00fcr den Grabenaushub entworfen und an deren Entwicklung teilgenommen; wir haben mehrere Grabenfr\u00e4sen, Anbauger\u00e4te und F\u00f6rderb\u00e4nder f\u00fcr wiedergewonnenes Material entwickelt.<br \/>\nWir waren an der Realisierung von Auslasskan\u00e4len f\u00fcr Turbinengeneratoren beteiligt.<\/p>\n<\/div><\/section>\n\n<style type=\"text\/css\" data-created_by=\"avia_inline_auto\" id=\"style-css-av-l59kcow1-b7b6436cd20b369a229a9ec4a6baea7c\">\n#top .avia-gallery.av-l59kcow1-b7b6436cd20b369a229a9ec4a6baea7c .avia-gallery-thumb a{\nwidth:25%;\n}\n<\/style>\n<div  class='avia-gallery av-l59kcow1-b7b6436cd20b369a229a9ec4a6baea7c avia_animate_when_visible  avia-builder-el-3  el_after_av_textblock  avia-builder-el-last  avia_lazyload avia-gallery-animate avia-gallery-1'  itemprop=\"image\" itemscope=\"itemscope\" itemtype=\"https:\/\/schema.org\/ImageObject\" ><meta itemprop=\"contentURL\" content=\"https:\/\/promech-mc.com\/de\/energie-und-anlagen\/\"><div class='avia-gallery-thumb'><a href=\"https:\/\/promech-mc.com\/wp-content\/uploads\/2022\/07\/Skia-040020-1030x457.jpg\" data-srcset=\"https:\/\/promech-mc.com\/wp-content\/uploads\/2022\/07\/Skia-040020-1030x457.jpg 1030w, https:\/\/promech-mc.com\/wp-content\/uploads\/2022\/07\/Skia-040020-300x133.jpg 300w, https:\/\/promech-mc.com\/wp-content\/uploads\/2022\/07\/Skia-040020-768x341.jpg 768w, https:\/\/promech-mc.com\/wp-content\/uploads\/2022\/07\/Skia-040020-1536x681.jpg 1536w, https:\/\/promech-mc.com\/wp-content\/uploads\/2022\/07\/Skia-040020-1500x665.jpg 1500w, https:\/\/promech-mc.com\/wp-content\/uploads\/2022\/07\/Skia-040020-705x313.jpg 705w, https:\/\/promech-mc.com\/wp-content\/uploads\/2022\/07\/Skia-040020.jpg 1862w\" data-sizes=\"(max-width: 1030px) 100vw, 1030px\" data-rel='gallery-1' data-prev-img='https:\/\/promech-mc.com\/wp-content\/uploads\/2022\/07\/Skia-040020-495x400.jpg' class='first_thumb lightbox ' data-onclick='1' title='Skid '  itemprop=\"thumbnailUrl\"  ><img loading=\"lazy\" decoding=\"async\" class=\"wp-image-10543 avia-img-lazy-loading-10543\"  data-avia-tooltip='Skid ' src=\"https:\/\/promech-mc.com\/wp-content\/uploads\/2022\/07\/Skia-040020-495x400.jpg\" width=\"495\" height=\"400\"  title='Skia 040020' alt='skid oil &amp; gas' srcset=\"https:\/\/promech-mc.com\/wp-content\/uploads\/2022\/07\/Skia-040020-495x400.jpg 495w, https:\/\/promech-mc.com\/wp-content\/uploads\/2022\/07\/Skia-040020-845x684.jpg 845w\" sizes=\"auto, (max-width: 495px) 100vw, 495px\" \/><div class='big-prev-fake'><img loading=\"lazy\" decoding=\"async\" class=\"wp-image-10543 avia-img-lazy-loading-10543\"  width=\"495\" height=\"400\" src=\"https:\/\/promech-mc.com\/wp-content\/uploads\/2022\/07\/Skia-040020-495x400.jpg\" title='Skia 040020' alt='skid oil &amp; gas' srcset=\"https:\/\/promech-mc.com\/wp-content\/uploads\/2022\/07\/Skia-040020-495x400.jpg 495w, https:\/\/promech-mc.com\/wp-content\/uploads\/2022\/07\/Skia-040020-845x684.jpg 845w\" sizes=\"auto, (max-width: 495px) 100vw, 495px\" \/><\/div><\/a><a href=\"https:\/\/promech-mc.com\/wp-content\/uploads\/2022\/07\/Gruppo-compressore-skia-055.20.png\" data-srcset=\"https:\/\/promech-mc.com\/wp-content\/uploads\/2022\/07\/Gruppo-compressore-skia-055.20.png 660w, https:\/\/promech-mc.com\/wp-content\/uploads\/2022\/07\/Gruppo-compressore-skia-055.20-300x297.png 300w, https:\/\/promech-mc.com\/wp-content\/uploads\/2022\/07\/Gruppo-compressore-skia-055.20-80x80.png 80w, https:\/\/promech-mc.com\/wp-content\/uploads\/2022\/07\/Gruppo-compressore-skia-055.20-36x36.png 36w\" data-sizes=\"(max-width: 660px) 100vw, 660px\" data-rel='gallery-1' data-prev-img='https:\/\/promech-mc.com\/wp-content\/uploads\/2022\/07\/Gruppo-compressore-skia-055.20-495x400.png' class='lightbox ' data-onclick='2' title='Skid Compressor'  itemprop=\"thumbnailUrl\"  ><img loading=\"lazy\" decoding=\"async\" class=\"wp-image-10540 avia-img-lazy-loading-10540\"  data-avia-tooltip='Skid Compressor' src=\"https:\/\/promech-mc.com\/wp-content\/uploads\/2022\/07\/Gruppo-compressore-skia-055.20-495x400.png\" width=\"495\" height=\"400\"  title='Gruppo compressore skia 055.20' alt='Gruppo compressore skid' \/><div class='big-prev-fake'><img loading=\"lazy\" decoding=\"async\" class=\"wp-image-10540 avia-img-lazy-loading-10540\"  width=\"495\" height=\"400\" src=\"https:\/\/promech-mc.com\/wp-content\/uploads\/2022\/07\/Gruppo-compressore-skia-055.20-495x400.png\" title='Gruppo compressore skia 055.20' alt='Gruppo compressore skid' \/><\/div><\/a><a href=\"https:\/\/promech-mc.com\/wp-content\/uploads\/2022\/07\/image.jpg\" data-srcset=\"https:\/\/promech-mc.com\/wp-content\/uploads\/2022\/07\/image.jpg 447w, https:\/\/promech-mc.com\/wp-content\/uploads\/2022\/07\/image-300x237.jpg 300w\" data-sizes=\"(max-width: 447px) 100vw, 447px\" data-rel='gallery-1' data-prev-img='https:\/\/promech-mc.com\/wp-content\/uploads\/2022\/07\/image.jpg' class='lightbox ' data-onclick='3' title='Skid Compressor'  itemprop=\"thumbnailUrl\"  ><img loading=\"lazy\" decoding=\"async\" class=\"wp-image-10650 avia-img-lazy-loading-10650\"  data-avia-tooltip='Skid Compressor' src=\"https:\/\/promech-mc.com\/wp-content\/uploads\/2022\/07\/image.jpg\" width=\"447\" height=\"353\"  title='image' alt='impianti oli &amp; gas' srcset=\"https:\/\/promech-mc.com\/wp-content\/uploads\/2022\/07\/image.jpg 447w, https:\/\/promech-mc.com\/wp-content\/uploads\/2022\/07\/image-300x237.jpg 300w\" sizes=\"auto, (max-width: 447px) 100vw, 447px\" \/><div class='big-prev-fake'><img loading=\"lazy\" decoding=\"async\" class=\"wp-image-10650 avia-img-lazy-loading-10650\"  width=\"447\" height=\"353\" src=\"https:\/\/promech-mc.com\/wp-content\/uploads\/2022\/07\/image.jpg\" title='image' alt='impianti oli &amp; gas' srcset=\"https:\/\/promech-mc.com\/wp-content\/uploads\/2022\/07\/image.jpg 447w, https:\/\/promech-mc.com\/wp-content\/uploads\/2022\/07\/image-300x237.jpg 300w\" sizes=\"auto, (max-width: 447px) 100vw, 447px\" \/><\/div><\/a><a href=\"https:\/\/promech-mc.com\/wp-content\/uploads\/2022\/07\/image-1-2.jpg\" data-srcset=\"https:\/\/promech-mc.com\/wp-content\/uploads\/2022\/07\/image-1-2.jpg 565w, https:\/\/promech-mc.com\/wp-content\/uploads\/2022\/07\/image-1-2-300x199.jpg 300w\" data-sizes=\"(max-width: 565px) 100vw, 565px\" data-rel='gallery-1' data-prev-img='https:\/\/promech-mc.com\/wp-content\/uploads\/2022\/07\/image-1-2-495x374.jpg' class='lightbox ' data-onclick='4' title='Skid Compressor'  itemprop=\"thumbnailUrl\"  ><img loading=\"lazy\" decoding=\"async\" class=\"wp-image-10677 avia-img-lazy-loading-10677\"  data-avia-tooltip='Skid Compressor' src=\"https:\/\/promech-mc.com\/wp-content\/uploads\/2022\/07\/image-1-2-495x374.jpg\" width=\"495\" height=\"374\"  title='image (1)' alt='impianti oil &amp; gas' \/><div class='big-prev-fake'><img loading=\"lazy\" decoding=\"async\" class=\"wp-image-10677 avia-img-lazy-loading-10677\"  width=\"495\" height=\"374\" src=\"https:\/\/promech-mc.com\/wp-content\/uploads\/2022\/07\/image-1-2-495x374.jpg\" title='image (1)' alt='impianti oil &amp; gas' \/><\/div><\/a><\/div><\/div>\n","protected":false},"excerpt":{"rendered":"","protected":false},"author":1,"featured_media":0,"parent":0,"menu_order":0,"comment_status":"closed","ping_status":"closed","template":"","meta":{"footnotes":""},"class_list":["post-10112","page","type-page","status-publish","hentry"],"_links":{"self":[{"href":"https:\/\/promech-mc.com\/de\/wp-json\/wp\/v2\/pages\/10112","targetHints":{"allow":["GET"]}}],"collection":[{"href":"https:\/\/promech-mc.com\/de\/wp-json\/wp\/v2\/pages"}],"about":[{"href":"https:\/\/promech-mc.com\/de\/wp-json\/wp\/v2\/types\/page"}],"author":[{"embeddable":true,"href":"https:\/\/promech-mc.com\/de\/wp-json\/wp\/v2\/users\/1"}],"replies":[{"embeddable":true,"href":"https:\/\/promech-mc.com\/de\/wp-json\/wp\/v2\/comments?post=10112"}],"version-history":[{"count":22,"href":"https:\/\/promech-mc.com\/de\/wp-json\/wp\/v2\/pages\/10112\/revisions"}],"predecessor-version":[{"id":14816,"href":"https:\/\/promech-mc.com\/de\/wp-json\/wp\/v2\/pages\/10112\/revisions\/14816"}],"wp:attachment":[{"href":"https:\/\/promech-mc.com\/de\/wp-json\/wp\/v2\/media?parent=10112"}],"curies":[{"name":"wp","href":"https:\/\/api.w.org\/{rel}","templated":true}]}}