{"id":10102,"date":"2017-11-10T11:10:43","date_gmt":"2017-11-10T10:10:43","guid":{"rendered":"https:\/\/promech-mc.com\/allgemeine-lieferbedingungen\/"},"modified":"2022-06-24T14:52:00","modified_gmt":"2022-06-24T12:52:00","slug":"allgemeine-lieferbedingungen","status":"publish","type":"page","link":"https:\/\/promech-mc.com\/de\/allgemeine-lieferbedingungen\/","title":{"rendered":"Allgemeine lieferbedingungen"},"content":{"rendered":"\n<style type=\"text\/css\" data-created_by=\"avia_inline_auto\" id=\"style-css-av-6fr2is-a275f7f6838f83b091ad323ac68088d8\">\n.flex_column.av-6fr2is-a275f7f6838f83b091ad323ac68088d8{\n-webkit-border-radius:0px 0px 0px 0px;\n-moz-border-radius:0px 0px 0px 0px;\nborder-radius:0px 0px 0px 0px;\npadding:0px 0px 0px 0px;\n}\n<\/style>\n<div class='flex_column av-6fr2is-a275f7f6838f83b091ad323ac68088d8 av_one_full  avia-builder-el-0  avia-builder-el-no-sibling  first flex_column_div av-zero-column-padding '     ><p>\n<style type=\"text\/css\" data-created_by=\"avia_inline_auto\" id=\"style-css-av-3sz2qc-55589428cdf79d49313708badc719d1b\">\n#top .av-special-heading.av-3sz2qc-55589428cdf79d49313708badc719d1b{\npadding-bottom:40px;\n}\nbody .av-special-heading.av-3sz2qc-55589428cdf79d49313708badc719d1b .av-special-heading-tag .heading-char{\nfont-size:25px;\n}\n.av-special-heading.av-3sz2qc-55589428cdf79d49313708badc719d1b .av-subheading{\nfont-size:15px;\n}\n<\/style>\n<div  class='av-special-heading av-3sz2qc-55589428cdf79d49313708badc719d1b av-special-heading-h3  avia-builder-el-1  el_before_av_textblock  avia-builder-el-first '><h3 class='av-special-heading-tag'  itemprop=\"headline\"  >Allgemeine lieferbedingungen<\/h3><div class=\"special-heading-border\"><div class=\"special-heading-inner-border\"><\/div><\/div><\/div><br \/>\n<section  class='av_textblock_section av-2hg984-fe37e2328c175d6e59b18108bae85192'  itemscope=\"itemscope\" itemtype=\"https:\/\/schema.org\/CreativeWork\" ><div class='avia_textblock'  itemprop=\"text\" ><h4><strong>1- Allgemeine Informationen:<\/strong><\/h4>\n<p>Ziel dieses Dokument ist es, die Bedingungen f\u00fcr die Durchf\u00fchrung und Verwaltung einer Bestellung zu definieren.<br \/>\nDieses Dokument ist als integraler Bestandteil des Angebots zu betrachten; die Annahme des Angebots setzt die Annahme dieses Dokument vorause, sofern nicht anders vereinbart und im Angebot ausdr\u00fccklich angegeben.<\/p>\n<h4><strong>2- Bestellung:<\/strong><\/h4>\n<p>Die Bestellung besteht aud Auftrag, in dem die Punkte und Bedingungen des Angebots vollst\u00e4ndig aufgef\u00fchrt sind und\/oder auf die Angebotsnummer ausdr\u00fccklich Bezug genommen wird.<br \/>\nEventuelle Anh\u00e4nge, die die Lieferung beschreiben.<br \/>\nDie eingegangene Bestellung gilt als von Promech-MC s.r.l.s. angennomen<br \/>\nwenn nicht innerhalb von 10 Tagen nach Eingang der Bestellung schriftlich eine gegenteilige Mitteilung erfolgt.<\/p>\n<h4><strong>3- Preise:<\/strong><\/h4>\n<p>Die angegebenen Preise verstehen sich ohne Mehrwertsteuer und beziehen sich auf die beschiebene Lieferung, unter Ausschluss aller nicht genannten leistungen, und gelten, sofern nicht anders vereinbart, ab Werk (EXW).<\/p>\n<h4><strong>4- Lieferbedingungen:<\/strong><\/h4>\n<p>Die im Angebot angegebenen Lieferzeiten werden so weit wie m\u00f6glich eingehalten, sind jedoch als Richtwerte zu verstehen und nicht verbindlich.<br \/>\nPromech-MC s.r.l.s. \u00fcbernimmt daher kleinerlei Haftung f\u00fcr Sch\u00e4den, die sich aus etwaigen Verz\u00f6gerungen ergeben, und beh\u00e4lt sich das Recht vor, in folgenden F\u00e4llen die Lieferfrist zu verl\u00e4ngern oder vom vertrag zur\u00fcckzutreten, ohne zu einer Entsch\u00e4digung verpflichtet zu sein:<\/p>\n<p>a) Ursachen h\u00f6herer Gewalt: Streiks, boykotte, Aussperrungen, Br\u00e4nde, Krieg, Aufruhr und Revolutionen, Sch\u00e4den durch Naturkatastrophen an unseren Einrichtungen oder denen unserer Lieferanten, Requisitionen, Embargos, Stromausf\u00e4lle, Verz\u00f6gerungen bei der Lieferung von Bauteilen oder Rohstoffen, Verlust und\/oder Zerst\u00f6rung w\u00e4hrend des Transports.<br \/>\nb) Fehler oder Verz\u00f6gerungen seitens des Auftraggebers bei der \u00dcbermittlung von Informationen, die f\u00fcr die Ausf\u00fchrung des Auftrags erforderlich sind.<br \/>\nc) Nichteinhaltung der Zahlungsbedingungen durch den Kunden.<br \/>\nd) \u00c4nderungen und\/oder Erg\u00e4nzungen der bestellung, die nach deren Eingang vorgenommen werden.<br \/>\nDie Lieferung gilt als erfolgt, wenn sie dem Kunden zur Verf\u00fcgung gestellt wird.<\/p>\n<h4><strong>5- Transport:<\/strong><\/h4>\n<p>Die Lieferung von Waren gilt immer als EXW, es sei denn, es wurde etwas anderes vereinbart und in der Bestellung angegeben.<br \/>\nDer Transport erfolgt auf Kosten und Gefahr des Kundes. Etwaige Beanstandungen bez\u00fcglich des Zustands der Verpackung, der Menge, der Anzahl oder der \u00e4u\u00dferen Merkmale der Produkte (offensichtliche M\u00e4ngel) sind stets sofort bei Erhalt der ware dem Spediteur\/Fahrer mitzuteilen, auf dem Begleitdokument (Quittung mit Vorbehalt) zu vermerken und von diesem gegenzuzeichnen.<br \/>\nBeanstandungen wegen Nicht\u00fcbereinstimmungen und\/oder M\u00e4ngeln, die zum Zeitpunkt der Lieferung nicht erkennbar sind (versteckte M\u00e4ngel), m\u00fcssen innerhalb von 8 (acht) Tagen nach dem Empfangsdatum schriftlich mitgeteilt werden.<br \/>\nEs wird davon ausgegangen, dass Beanstandungen oder Streitigkeiten Waren oder andere Lieferungen auszusetzen oder anderwitig zu verz\u00f6gern.<\/p>\n<h4><strong>6- Zahlungen:<\/strong><\/h4>\n<p>Die zwischen den Parteien vereinbarten Zahlungsbedingungen gelten als wesentlich, verbindlich und unabdingbar.<br \/>\nBei Zahlungsverzug gegen\u00fcber dem vereinbarten Termin hat der Kunde Verzugszinsen in H\u00f6he des geltenden amtlichen Diskontsatzes zuz\u00fcglich drei Prozentpunkten zu zahlen.<br \/>\nBei Nichtzahlung beh\u00e4lt sich Promech-MC s.r.l.s. das Recht vor, weitere Lieferungen ohne Vorank\u00fcndigung auszusetzen und den laufenden Auftrag, der noch nicht oder nur teilweise geliefert wurde, als stoniert zu betrachten.<br \/>\nJeder Zahlungsverzug, der nicht unverz\u00fcglich durch spezifische Einw\u00e4nde des Kunden begr\u00fcndet und von Promech-MC s.r.l.s. akzeptiert wird, f\u00fchrt in jedem Fall zum Erl\u00f6schen der Gew\u00e4hrleistungsklauseln zugunsten des Kunden, und Promech-MC s.r.l.s. wird von allen Verpflichtungen, die sie zu erf\u00fcllen hat, befreit, insbesondere von den Verpflichtungen zur Fertigstellung, Inbetriebnahme, Schulung und Wartung.<\/p>\n<h4><strong>7- Garantie:<\/strong><\/h4>\n<p>Garantiearbeiten k\u00f6nnen an bereits gelieferten Zeichnungen und Entw\u00fcrfen durchgef\u00fchrt werden, sofern die folgenden Voraussetzungen erf\u00fcllt sind:<\/p>\n<p>a) dass jede festgestellte Anomalie schriftlich unter Angabe des Produkttypes und des betreffenden Auftrags gemeldet wird;<br \/>\nb) dass keine \u00c4nderungen, Eingriffe oder Manipulationen am urspr\u00fcnglichen Entwurf von Promech-MC s.r.l.s. durch Dritte oder durch den Kunden vorgenommen wurden;<br \/>\nc) dass jeder Arbeitsgang im Rahmen seiner Kompetenz und von qualifiziertem Personal durchgef\u00fchrt wurde;<br \/>\nd) dass eventuelle Fehlfunktionen wiederholt und schriftlich dokumentieren werden;<br \/>\ne) dass eventuelle Fehlfunktionen wiederholt und schriftlich dokumentieren werden;<br \/>\nf) dass der Kunde mit seinen Zahlungen auf dem Laufenden ist.<br \/>\nDie Garantie umfasst nicht: Dienstleistungen, die nicht unter die oben genannten Anforderungen fallen, Demontage und Wiedermontage von Komponenten, Transportkosten, Reisekosten.<br \/>\nDie Garantiearbeiten am Produkt verl\u00e4ngern nicht die oben genannten normalen Garantiezeiten.<\/p>\n<h4><strong>8- Aussetzung oder Annulierung der Bestellung:<\/strong><\/h4>\n<p>Der laufende Auftrag kann vom Kunden durch schriftliche Mitteilung per Einschreiben mit R\u00fcckschein unter Einhaltung einer Frist von 10 Tagen ausgesetzt oder storniert werden.<br \/>\nMit der Annullierung des Auftrags gelten die sich aus dem Auftraf selbst ergebenden Verpflichtungen, mit Ausnahme der Geheimhaltung und des Schutzes des geistigen Eigentums, als aufgehoben.<br \/>\nZum Zeitpunkt der Annulierung hat der Kunde Promech-MC s.r.l.s. die bis dahin angefallenen Kosten zu zahlen, zuz\u00fcglich der durch die Annnulierung entstandenen Auslagen wie Reise-, Mobilisierungs-, und Demobilisierungskosten usw., die Promech-MC s.r.l.s. und\/oder ihren Mitarbeitern oder Subunternehmern entstanden sind.<br \/>\nDie Zahlungsmodalit\u00e4ten sind in der Bestellung festgelegt.<\/p>\n<h4><strong>9- Geheimhaltung und geistiges Eigentum:<\/strong><\/h4>\n<p>Zeichnungen, Unterlagen, Daten und Informationen, die von den Parteien zur Verf\u00fcgung gestellt werden und f\u00fcr die Ausf\u00fchrungdes Auftrags erforderlich sind, bleiben vertraulich und d\u00fcrfen nicht f\u00fcr andere Zwecke als die Ausf\u00fchrung des auftrags verwendet werden.<br \/>\nKeine der Parteien darf die vorgenannten Informationen ohne schriftliche Zustimmung der anderen Partei an Dritte weitergeben.<br \/>\nDiese verpfichtung gilt f\u00fcr einen Zeitraum von zehn (10) Jahren ab dem Datum der Bestellung.<br \/>\nDie zur Lieferung geh\u00f6renden technischen Unterlagen und Zeichnungen gehen in das Eingentum des Kunden \u00fcber, der sich verpflichtet, sie geheim zu halten und nicht weiterzugeben, w\u00e4hrend die Software und die Konstruktionmerkmale des zu lifernden systems eigentum der Originalhersteller und von Promech-MC s.r.l.s. im Rahmen ihrer Zust\u00e4ndigkeit sind und bleiben.<\/p>\n<h4><strong>10- Beilegung von Streitigkeiten:<\/strong><\/h4>\n<p>Im Falle von Streitigkeiten zwischen den Parteien im Zusammenhang mit der Ausf\u00fchrung, Auslegung oder Beendigung des Auftrags verpflichten sich die Parteien, einen Vermittlungsversuch gem\u00e4\u00df dem Gesetzes Dekret Nr. 28 vom 4. M\u00e4rz 2010 zu unternehmen.<br \/>\nSollte dies nicht m\u00f6glich sein, ist der ausschlie\u00dfliche Gerichtstand Bergamo (Italien).<br \/>\nDas Recht von Promech-MC s.r.l.s., gerichtliche Schritte einzuleiten, um die Zahlung der ausgestellten Rechnungen zu erwirken, bleibt in jedem Fall unber\u00fchr, wenn der Kunde es vers\u00e4umt hat, dem Lieferanten innerhalb der im Angebot festlegten Zahlungsfrist per Einschreiben mit R\u00fcckschein schriftlich und spezifische Einw\u00e4nde bez\u00fcglich der Lieferung oder des Teils der Lieferung, der durch die ausstehenden Rechnungen abdeckt ist, zuzusenden, und dieser sie akzeptiert hat.<br \/>\nIn diesem Fall kann der kunde keine Einw\u00e4nde oder Streitigkeiten, auch nicht vor Gericht, geltend machen, bevor<br \/>\ner die Rechnungen und die damir verbundenen Kosten, wie z. B. die Verzugszinsen und die Kosten eines eventuellen Kontrollverfahrens, vollst\u00e4ndig bezahlt hat. Der vorliegende Vertrag unterliegt dem italienischen Recht.<\/p>\n<p>Der vorliegende Vertrag unterliegt dem italienischen Recht.<\/p>\n<\/div><\/section><\/p><\/div>\n","protected":false},"excerpt":{"rendered":"","protected":false},"author":1,"featured_media":0,"parent":0,"menu_order":0,"comment_status":"closed","ping_status":"closed","template":"","meta":{"footnotes":""},"class_list":["post-10102","page","type-page","status-publish","hentry"],"_links":{"self":[{"href":"https:\/\/promech-mc.com\/de\/wp-json\/wp\/v2\/pages\/10102","targetHints":{"allow":["GET"]}}],"collection":[{"href":"https:\/\/promech-mc.com\/de\/wp-json\/wp\/v2\/pages"}],"about":[{"href":"https:\/\/promech-mc.com\/de\/wp-json\/wp\/v2\/types\/page"}],"author":[{"embeddable":true,"href":"https:\/\/promech-mc.com\/de\/wp-json\/wp\/v2\/users\/1"}],"replies":[{"embeddable":true,"href":"https:\/\/promech-mc.com\/de\/wp-json\/wp\/v2\/comments?post=10102"}],"version-history":[{"count":2,"href":"https:\/\/promech-mc.com\/de\/wp-json\/wp\/v2\/pages\/10102\/revisions"}],"predecessor-version":[{"id":10104,"href":"https:\/\/promech-mc.com\/de\/wp-json\/wp\/v2\/pages\/10102\/revisions\/10104"}],"wp:attachment":[{"href":"https:\/\/promech-mc.com\/de\/wp-json\/wp\/v2\/media?parent=10102"}],"curies":[{"name":"wp","href":"https:\/\/api.w.org\/{rel}","templated":true}]}}