{"id":10075,"date":"2015-08-04T10:03:23","date_gmt":"2015-08-04T08:03:23","guid":{"rendered":"https:\/\/promech-mc.com\/das-unternehmen\/"},"modified":"2023-04-07T12:44:48","modified_gmt":"2023-04-07T10:44:48","slug":"das-unternehmen","status":"publish","type":"page","link":"https:\/\/promech-mc.com\/de\/das-unternehmen\/","title":{"rendered":"Unternehmen"},"content":{"rendered":"\n<style type=\"text\/css\" data-created_by=\"avia_inline_auto\" id=\"style-css-av-1x6v6m-5069e0e33b74f0b1b2c3d9dc5185e7de\">\n#top .av-special-heading.av-1x6v6m-5069e0e33b74f0b1b2c3d9dc5185e7de{\npadding-bottom:30px;\n}\nbody .av-special-heading.av-1x6v6m-5069e0e33b74f0b1b2c3d9dc5185e7de .av-special-heading-tag .heading-char{\nfont-size:25px;\n}\n.av-special-heading.av-1x6v6m-5069e0e33b74f0b1b2c3d9dc5185e7de .av-subheading{\nfont-size:15px;\n}\n<\/style>\n<div  class='av-special-heading av-1x6v6m-5069e0e33b74f0b1b2c3d9dc5185e7de av-special-heading-h1  avia-builder-el-0  el_before_av_hr  avia-builder-el-first  av-thin-font'><h1 class='av-special-heading-tag'  itemprop=\"headline\"  ><strong>Promech-mc<\/strong> Mechanisches Konstruktionsb\u00fcro<\/h1><div class=\"special-heading-border\"><div class=\"special-heading-inner-border\"><\/div><\/div><\/div>\n\n<style type=\"text\/css\" data-created_by=\"avia_inline_auto\" id=\"style-css-av-lg6ezx24-b11b6ac3e71654339e47c9f0b07e6096\">\n#top .hr.av-lg6ezx24-b11b6ac3e71654339e47c9f0b07e6096{\nmargin-top:5px;\nmargin-bottom:5px;\n}\n.hr.av-lg6ezx24-b11b6ac3e71654339e47c9f0b07e6096 .hr-inner{\nwidth:100%;\n}\n<\/style>\n<div  class='hr av-lg6ezx24-b11b6ac3e71654339e47c9f0b07e6096 hr-custom  avia-builder-el-1  el_after_av_heading  el_before_av_one_full  hr-center hr-icon-no'><span class='hr-inner inner-border-av-border-thin'><span class=\"hr-inner-style\"><\/span><\/span><\/div>\n\n<style type=\"text\/css\" data-created_by=\"avia_inline_auto\" id=\"style-css-av-b7tz66-e047133ddf342a7140f3a5aef3181e01\">\n.flex_column.av-b7tz66-e047133ddf342a7140f3a5aef3181e01{\n-webkit-border-radius:0px 0px 0px 0px;\n-moz-border-radius:0px 0px 0px 0px;\nborder-radius:0px 0px 0px 0px;\npadding:0px 0px 0px 0px;\n}\n<\/style>\n<div class='flex_column av-b7tz66-e047133ddf342a7140f3a5aef3181e01 av_one_full  avia-builder-el-2  el_after_av_hr  el_before_av_one_full  first flex_column_div av-zero-column-padding '     ><style type=\"text\/css\" data-created_by=\"avia_inline_auto\" id=\"style-css-av-9cchr2-24f1103c9261e078d6697d03e87f8720\">\n.avia-image-container.av-9cchr2-24f1103c9261e078d6697d03e87f8720 img.avia_image{\nbox-shadow:none;\n}\n.avia-image-container.av-9cchr2-24f1103c9261e078d6697d03e87f8720 .av-image-caption-overlay-center{\ncolor:#ffffff;\n}\n<\/style>\n<div  class='avia-image-container av-9cchr2-24f1103c9261e078d6697d03e87f8720 av-styling- av-hover-grow avia-align-left  avia-builder-el-3  avia-builder-el-no-sibling '   itemprop=\"image\" itemscope=\"itemscope\" itemtype=\"https:\/\/schema.org\/ImageObject\" ><div class=\"avia-image-container-inner\"><div class=\"avia-image-overlay-wrap\"><img decoding=\"async\" class='wp-image-10067 avia-img-lazy-loading-not-10067 avia_image ' src=\"https:\/\/promech-mc.com\/wp-content\/uploads\/2021\/02\/studio_progettazione_meccanica-1500x666.jpg\" alt='' title='studio progettazione meccanica'  height=\"666\" width=\"1500\"  itemprop=\"thumbnailUrl\" srcset=\"https:\/\/promech-mc.com\/wp-content\/uploads\/2021\/02\/studio_progettazione_meccanica-1500x666.jpg 1500w, https:\/\/promech-mc.com\/wp-content\/uploads\/2021\/02\/studio_progettazione_meccanica-300x133.jpg 300w, https:\/\/promech-mc.com\/wp-content\/uploads\/2021\/02\/studio_progettazione_meccanica-1030x457.jpg 1030w, https:\/\/promech-mc.com\/wp-content\/uploads\/2021\/02\/studio_progettazione_meccanica-768x341.jpg 768w, https:\/\/promech-mc.com\/wp-content\/uploads\/2021\/02\/studio_progettazione_meccanica-1536x682.jpg 1536w, https:\/\/promech-mc.com\/wp-content\/uploads\/2021\/02\/studio_progettazione_meccanica-705x313.jpg 705w, https:\/\/promech-mc.com\/wp-content\/uploads\/2021\/02\/studio_progettazione_meccanica.jpg 1600w\" sizes=\"(max-width: 1500px) 100vw, 1500px\" \/><\/div><\/div><\/div><\/div>\n\n<style type=\"text\/css\" data-created_by=\"avia_inline_auto\" id=\"style-css-av-7umju6-8e6dc5ede435fcb4656eb9ac6c03e1b8\">\n.flex_column.av-7umju6-8e6dc5ede435fcb4656eb9ac6c03e1b8{\n-webkit-border-radius:0px 0px 0px 0px;\n-moz-border-radius:0px 0px 0px 0px;\nborder-radius:0px 0px 0px 0px;\npadding:0px 0px 0px 0px;\n}\n<\/style>\n<div class='flex_column av-7umju6-8e6dc5ede435fcb4656eb9ac6c03e1b8 av_one_full  avia-builder-el-4  el_after_av_one_full  avia-builder-el-last  first flex_column_div av-zero-column-padding column-top-margin'     ><section  class='av_textblock_section av-5l8lfy-f42cce037ad2692d9c831d92c5ea0722'  itemscope=\"itemscope\" itemtype=\"https:\/\/schema.org\/CreativeWork\" ><div class='avia_textblock'  itemprop=\"text\" ><h2>Promech MC Srls<\/h2>\n<p><strong>Promech MC Srls wurde 2014<\/strong> in Bergamo mit dem Ziel gegr\u00fcndet, auf die wachsenden Anforderungen im Bereich des <strong>mechanisches Konstruktion<\/strong> zu reagieren, das mit den <strong>neuesten Technologien<\/strong> entwickelt wird.<\/p>\n<p>Unser Kerngesch\u00e4ft ist der <strong>Mechanische Konstruktion und die Automatisierung von Maschinen und Industrieanlagen<\/strong> mit besonderem Know-how in der Verpackungs-, \u00d6l- und Gas-, Klebstoff-, Medizin-, Pharma- und Kosmetikindustrie.<\/p>\n<p>Unser <strong>Konstruktionsb\u00fcro<\/strong> f\u00fcr Mechanik besteht aus einem Team von <strong>Ingenieuren, Technikern, Konstrukteuren und Zeichnern<\/strong>, die \u00fcber vertikales Fachwissen verf\u00fcgen und in der Lage sind, auch die komplexesten Anforderungen und Forschungs- und Entwicklungsbed\u00fcrfnisse im Bereich Mechanik und Industrie zu erf\u00fcllen.<\/p>\n<p>Die angebotenen Dienstleistungen sind die ideale L\u00f6sung f\u00fcr die Bew\u00e4ltigung von Arbeitsspitzen und f\u00fcr das Outsourcing von technischen B\u00fcroarbeiten sowie f\u00fcr die technische und ingenieurtechnische Beratung.<\/p>\n<p>Das Hauptziel ist es, <strong>bei der Entwicklung neuer Maschinen und Implantate<\/strong> den tats\u00e4chlichen Bed\u00fcrfnissen des Kunden ein H\u00f6chstmass an Aufmerksamkeit zu schenken,<strong>wobei besonderes Augenmerk auf die rechtzeitige Planung und das Budget gelegt wird.<\/strong><br \/>\nDas Unternehmen ist so organisiert, dass es den Anwender w\u00e4hrend <strong>des gesamten Industriedesignprozesses von der Machbarkeitsstudie bis zur Umsetzung unterst\u00fctzt.<\/strong><\/p>\n<\/div><\/section><br \/>\n<div  class='avia-button-wrap av-lg576tt0-fa2888fd82f57d3ee6dcccc785f69bc2-wrap avia-button-center  avia-builder-el-6  el_after_av_textblock  el_before_av_hr '>\n<style type=\"text\/css\" data-created_by=\"avia_inline_auto\" id=\"style-css-av-lg576tt0-fa2888fd82f57d3ee6dcccc785f69bc2\">\n#top #wrap_all .avia-button.av-lg576tt0-fa2888fd82f57d3ee6dcccc785f69bc2{\nfont-size:16px;\nborder-style:none;\n-webkit-transition:all 0.4s ease-in-out;\n-moz-transition:all 0.4s ease-in-out;\n-ms-transition:all 0.4s ease-in-out;\n-o-transition:all 0.4s ease-in-out;\ntransition:all 0.4s ease-in-out;\n}\n<\/style>\n<a href='https:\/\/promech-mc.com\/de\/skills\/'  class='avia-button av-lg576tt0-fa2888fd82f57d3ee6dcccc785f69bc2 avia-icon_select-yes-left-icon avia-size-medium avia-position-center avia-color-theme-color'  ><span class='avia_button_icon avia_button_icon_left' aria-hidden='true' data-av_icon='\ue855' data-av_iconfont='entypo-fontello'><\/span><span class='avia_iconbox_title' >Unsere Dienstleistungen<\/span><\/a><\/div><br \/>\n<div  class='hr av-3jempq-ea2f3fdde2eb3789a0d366f19374564e hr-default  avia-builder-el-7  el_after_av_button  el_before_av_textblock '><span class='hr-inner '><span class=\"hr-inner-style\"><\/span><\/span><\/div><br \/>\n\n<style type=\"text\/css\" data-created_by=\"avia_inline_auto\" id=\"style-css-av-33rcxq-bd42917044449d1e6905eecea22e990b\">\n#top .av_textblock_section.av-33rcxq-bd42917044449d1e6905eecea22e990b .avia_textblock{\nfont-size:14px;\n}\n<\/style>\n<section  class='av_textblock_section av-33rcxq-bd42917044449d1e6905eecea22e990b'  itemscope=\"itemscope\" itemtype=\"https:\/\/schema.org\/CreativeWork\" ><div class='avia_textblock'  itemprop=\"text\" ><p><strong><a href=\"https:\/\/promech-mc.com\/de\/allgemeine-lieferbedingungen\/\">Condizioni generali di fornitura<\/a><\/strong><\/p>\n<\/div><\/section><\/p><\/div>\n","protected":false},"excerpt":{"rendered":"","protected":false},"author":1,"featured_media":0,"parent":0,"menu_order":0,"comment_status":"closed","ping_status":"open","template":"","meta":{"footnotes":""},"class_list":["post-10075","page","type-page","status-publish","hentry"],"_links":{"self":[{"href":"https:\/\/promech-mc.com\/de\/wp-json\/wp\/v2\/pages\/10075","targetHints":{"allow":["GET"]}}],"collection":[{"href":"https:\/\/promech-mc.com\/de\/wp-json\/wp\/v2\/pages"}],"about":[{"href":"https:\/\/promech-mc.com\/de\/wp-json\/wp\/v2\/types\/page"}],"author":[{"embeddable":true,"href":"https:\/\/promech-mc.com\/de\/wp-json\/wp\/v2\/users\/1"}],"replies":[{"embeddable":true,"href":"https:\/\/promech-mc.com\/de\/wp-json\/wp\/v2\/comments?post=10075"}],"version-history":[{"count":21,"href":"https:\/\/promech-mc.com\/de\/wp-json\/wp\/v2\/pages\/10075\/revisions"}],"predecessor-version":[{"id":14740,"href":"https:\/\/promech-mc.com\/de\/wp-json\/wp\/v2\/pages\/10075\/revisions\/14740"}],"wp:attachment":[{"href":"https:\/\/promech-mc.com\/de\/wp-json\/wp\/v2\/media?parent=10075"}],"curies":[{"name":"wp","href":"https:\/\/api.w.org\/{rel}","templated":true}]}}